{"id":7766,"date":"2022-12-17T11:48:34","date_gmt":"2022-12-17T11:48:34","guid":{"rendered":"https:\/\/www.excavatorenginepart.com\/?post_type=product&#038;p=7766"},"modified":"2022-12-17T11:48:53","modified_gmt":"2022-12-17T11:48:53","slug":"281-15-12720-bulldozer-parts-accessories-backing-plate","status":"publish","type":"product","link":"https:\/\/www.excavatorenginepart.com\/es\/product\/281-15-12720-bulldozer-parts-accessories-backing-plate\/","title":{"rendered":"281-15-12720 accesorios para bulldozer placa de apoyo"},"content":{"rendered":"<p><strong>281-15-12720 accesorios para bulldozer placa de apoyo<\/strong><\/p>\n<p><img fetchpriority=\"high\" decoding=\"async\" class=\"alignnone size-medium wp-image-7767\" src=\"https:\/\/www.excavatorenginepart.com\/wp-content\/uploads\/2022\/12\/281-15-12720-bulldozer-parts-accessories-backing-plate-300x300.jpg\" alt=\"\" width=\"300\" height=\"300\" srcset=\"https:\/\/www.excavatorenginepart.com\/wp-content\/uploads\/2022\/12\/281-15-12720-bulldozer-parts-accessories-backing-plate-300x300.jpg 300w, https:\/\/www.excavatorenginepart.com\/wp-content\/uploads\/2022\/12\/281-15-12720-bulldozer-parts-accessories-backing-plate-150x150.jpg 150w, https:\/\/www.excavatorenginepart.com\/wp-content\/uploads\/2022\/12\/281-15-12720-bulldozer-parts-accessories-backing-plate.jpg 600w\" sizes=\"(max-width: 300px) 100vw, 300px\" \/><\/p>\n<p>Placa de transmisi\u00f3n para maquinaria de construcci\u00f3n 281-15-12720 para bulldozer SD22<\/p>\n<p><img decoding=\"async\" class=\"alignnone size-medium wp-image-7769\" src=\"https:\/\/www.excavatorenginepart.com\/wp-content\/uploads\/2022\/12\/Construction-machinery-transmission-PLATE-281-15-12720-for-SD22-bulldozer-300x300.jpg\" alt=\"\" width=\"300\" height=\"300\" srcset=\"https:\/\/www.excavatorenginepart.com\/wp-content\/uploads\/2022\/12\/Construction-machinery-transmission-PLATE-281-15-12720-for-SD22-bulldozer-300x300.jpg 300w, https:\/\/www.excavatorenginepart.com\/wp-content\/uploads\/2022\/12\/Construction-machinery-transmission-PLATE-281-15-12720-for-SD22-bulldozer-150x150.jpg 150w, https:\/\/www.excavatorenginepart.com\/wp-content\/uploads\/2022\/12\/Construction-machinery-transmission-PLATE-281-15-12720-for-SD22-bulldozer.jpg 600w\" sizes=\"(max-width: 300px) 100vw, 300px\" \/><\/p>\n<p>281-15-12720 para Bulldozer D85 D155 D65 Piezas de repuesto de transmisi\u00f3n<\/p>\n<p><img decoding=\"async\" class=\"alignnone size-medium wp-image-7768\" src=\"https:\/\/www.excavatorenginepart.com\/wp-content\/uploads\/2022\/12\/281-15-12720-for-Bulldozer-D85-D155-D65-Transmission-spare-parts-300x300.jpg\" alt=\"\" width=\"300\" height=\"300\" srcset=\"https:\/\/www.excavatorenginepart.com\/wp-content\/uploads\/2022\/12\/281-15-12720-for-Bulldozer-D85-D155-D65-Transmission-spare-parts-300x300.jpg 300w, https:\/\/www.excavatorenginepart.com\/wp-content\/uploads\/2022\/12\/281-15-12720-for-Bulldozer-D85-D155-D65-Transmission-spare-parts-150x150.jpg 150w, https:\/\/www.excavatorenginepart.com\/wp-content\/uploads\/2022\/12\/281-15-12720-for-Bulldozer-D85-D155-D65-Transmission-spare-parts.jpg 600w\" sizes=\"(max-width: 300px) 100vw, 300px\" \/><\/p>\n<p>D85A-18 D85P-18 D85A-12 D155A-1 D155A-2 Bulldozer Plato de embrague de la transmisi\u00f3n 281-15-12720<\/p>\n<p><img loading=\"lazy\" decoding=\"async\" class=\"alignnone size-medium wp-image-7770\" src=\"https:\/\/www.excavatorenginepart.com\/wp-content\/uploads\/2022\/12\/D85A-18-D85P-18-D85A-12-D155A-1-D155A-2-Bulldozer-Transmission-Clutch-Plate-281-15-12720-300x300.jpg\" alt=\"\" width=\"300\" height=\"300\" srcset=\"https:\/\/www.excavatorenginepart.com\/wp-content\/uploads\/2022\/12\/D85A-18-D85P-18-D85A-12-D155A-1-D155A-2-Bulldozer-Transmission-Clutch-Plate-281-15-12720-300x300.jpg 300w, https:\/\/www.excavatorenginepart.com\/wp-content\/uploads\/2022\/12\/D85A-18-D85P-18-D85A-12-D155A-1-D155A-2-Bulldozer-Transmission-Clutch-Plate-281-15-12720-150x150.jpg 150w, https:\/\/www.excavatorenginepart.com\/wp-content\/uploads\/2022\/12\/D85A-18-D85P-18-D85A-12-D155A-1-D155A-2-Bulldozer-Transmission-Clutch-Plate-281-15-12720.jpg 600w\" sizes=\"(max-width: 300px) 100vw, 300px\" \/><\/p>\n<p><strong>Piezas de bulldozer<\/strong><\/p>\n<p>Sistemas el\u00e9ctricos y de refrigeraci\u00f3n <br \/>\nAlternador y montaje <br \/>\nUnidad de control del sistema de cebado autom\u00e1tico<br \/>\nVentilador de refrigeraci\u00f3n y accionamiento del ventilador<br \/>\nResistencia a la corrosi\u00f3n y montaje<br \/>\nDinamo y montaje <br \/>\nRegulador y rel\u00e9 de seguridad<br \/>\nMotor de arranque<br \/>\nBomba de agua y tuber\u00edas<br \/>\nBloque de cilindros <br \/>\nAccionamiento del alternador (para alternador de 50 A)<br \/>\nAccionamiento del alternador(#24805-)<br \/>\n\u00c1rbol de levas y taqu\u00e9<br \/>\nCig\u00fce\u00f1al y amortiguador de vibraciones <br \/>\nBloque de cilindros<br \/>\nToma de fuerza del volante y carcasa del volante <br \/>\nCaja de cambios y soporte delantero <br \/>\nC\u00e1rter de aceite<br \/>\nPist\u00f3n Y Biela<br \/>\nCulata <br \/>\nFiltro de aire y prefiltro<br \/>\nColector de admisi\u00f3n de aire y la conexi\u00f3n (Tbg Spec.)(#20000-)<br \/>\nLiberaci\u00f3n por compresi\u00f3n<br \/>\nCulata<br \/>\nColector de escape y silenciador<br \/>\nBalanc\u00edn y carcasa <br \/>\nColector de agua del turbocompresor y termostato<br \/>\nSistema de combustible<br \/>\nSistema de cebado autom\u00e1tico<br \/>\nTemporizador autom\u00e1tico<br \/>\nFiltro de combustible<br \/>\nBomba de inyecci\u00f3n de combustible<br \/>\nBoquilla de combustible y tubo de derrame<br \/>\nImprimaci\u00f3n manual<br \/>\nPortaboquillas<br \/>\nTermostatos y tuber\u00edas <br \/>\nSeparador de agua y tuber\u00eda<br \/>\nSistema de aceite lubricante<br \/>\nFiltro de aceite bypass y montaje<br \/>\nTuber\u00edas de aceite lubricante del \u00e1rbol de levas<br \/>\nLubricaci\u00f3n del filtro de aceite y montaje<br \/>\nEnfriador de aceite lubricante<br \/>\nFiltro De Aceite Lubricante Y Montaje<br \/>\nSoporte del filtro de aceite lubricante<br \/>\nBomba de aceite lubricante<br \/>\nFiltro de aceite lubricante<br \/>\nTomas de fuerza Tuber\u00edas de aceite lubricante<br \/>\nTuber\u00edas de aceite lubricante del turbocompresor<br \/>\nPiezas opcionales <br \/>\nConexi\u00f3n de admisi\u00f3n de aire y filtro de aire (Espec. terreno fr\u00edo)<br \/>\nColector de admisi\u00f3n de aire y postenfriador (Espec. terreno fr\u00edo)<br \/>\nArranque con \u00e9ter (Espec. terreno fr\u00edo)<br \/>\nFiltro de combustible y montaje (Cold Terrain Spec.<br \/>\nTapa del balanc\u00edn (Espec. terreno fr\u00edo)<br \/>\nNamifold de agua y termostato <br \/>\nTuber\u00edas de la bomba de agua <br \/>\nHerramienta y kit <br \/>\nPiezas relacionadas con el motor y el sistema el\u00e9ctrico <br \/>\nInterruptor de bater\u00eda y Rely<br \/>\nTuber\u00edas de filtro de derivaci\u00f3n<br \/>\nPalanca de liberaci\u00f3n de la compresi\u00f3n<br \/>\nPedal decelerador<br \/>\nSistema el\u00e9ctrico<br \/>\nPiezas relacionadas con el motor <br \/>\nPalanca de control de combustible<br \/>\nVarillaje de control de combustible<br \/>\nTuber\u00edas de combustible<br \/>\nDep\u00f3sito de combustible<br \/>\nPanel de instrumentos<br \/>\nEnfriador de aceite<br \/>\nTanque de alimentaci\u00f3n apagado<br \/>\nTuerca y protector del ventilador del radiador<br \/>\nMontaje del radiador<br \/>\nTuber\u00edas de radiador<br \/>\nRadiador<br \/>\nCalentador de cohetes<br \/>\nGuardia <br \/>\nProtector inferior <br \/>\nCabina<br \/>\nCompresor y panel de control<br \/>\nPiezas relacionadas con el compresor<br \/>\nUnidad condensadora <br \/>\nPiezas relacionadas con el refrigerador<br \/>\nTuber\u00edas de refrigeraci\u00f3n<br \/>\nUnidad de refrigeraci\u00f3n<br \/>\nSoporte de cilindro<br \/>\nCubierta del salpicadero<br \/>\nBarra de tracci\u00f3n<br \/>\nSoporte del motor y salpicadero<br \/>\nTapa lateral del motor<br \/>\nBarra ecualizadora<br \/>\nFender<br \/>\nPlaca de suelo<br \/>\nMuebles en cabina <br \/>\nTuber\u00edas de calefacci\u00f3n <br \/>\nMarcas y placas<br \/>\nAsientos del operador<br \/>\nProtector de radiador<br \/>\nTapa trasera<br \/>\nSoporte Rops<br \/>\nMontaje en cabina Rops <br \/>\nAyuda<\/p>\n<p><strong>Recambios recomendados para cajas de cambios\u00a0<\/strong><\/p>\n<table class=\"has-title all magic-7\">\n<tbody>\n<tr>\n<td colspan=\"2\" rowspan=\"1\">\n<div class=\"magic-8\">\n<div class=\"magic-5\" data-spm-anchor-id=\"0.0.0.i8.5a9e4f05meEqGe\"><b data-spm-anchor-id=\"0.0.0.i15.5a9e4f05meEqGe\">Piezas de la caja de cambios<\/b><\/div>\n<\/div>\n<\/td>\n<\/tr>\n<tr>\n<td colspan=\"1\" rowspan=\"1\">\n<div class=\"magic-11\"><span class=\"magic-12\">engranaje<\/span><\/div>\n<\/td>\n<td colspan=\"1\" rowspan=\"1\">\n<div class=\"magic-13\"><span class=\"magic-12\">154-01-12230<\/span><\/div>\n<\/td>\n<\/tr>\n<tr>\n<td colspan=\"1\" rowspan=\"1\">\n<div class=\"magic-11\"><span class=\"magic-12\">engranaje<\/span><\/div>\n<\/td>\n<td colspan=\"1\" rowspan=\"1\">\n<div class=\"magic-13\"><span class=\"magic-12\">154-01-12410<\/span><\/div>\n<\/td>\n<\/tr>\n<tr>\n<td colspan=\"1\" rowspan=\"1\">\n<div class=\"magic-11\"><span class=\"magic-12\">Alojamiento del rodamiento<\/span><\/div>\n<\/td>\n<td colspan=\"1\" rowspan=\"1\">\n<div class=\"magic-13\"><span class=\"magic-12\">154-01-12440<\/span><\/div>\n<\/td>\n<\/tr>\n<tr>\n<td colspan=\"1\" rowspan=\"1\">\n<div class=\"magic-11\"><span class=\"magic-12\">portada<\/span><\/div>\n<\/td>\n<td colspan=\"1\" rowspan=\"1\">\n<div class=\"magic-13\"><span class=\"magic-12\">154-01-12250<\/span><\/div>\n<\/td>\n<\/tr>\n<tr>\n<td colspan=\"1\" rowspan=\"1\">\n<div class=\"magic-11\"><span class=\"magic-12\">Cerradura<\/span><\/div>\n<\/td>\n<td colspan=\"1\" rowspan=\"1\">\n<div class=\"magic-13\"><span class=\"magic-12\">01658-16823<\/span><\/div>\n<\/td>\n<\/tr>\n<tr>\n<td colspan=\"1\" rowspan=\"1\">\n<div class=\"magic-11\"><span class=\"magic-12\">Tuerca<\/span><\/div>\n<\/td>\n<td colspan=\"1\" rowspan=\"1\">\n<div class=\"magic-13\"><span class=\"magic-12\">01530-06814<\/span><\/div>\n<\/td>\n<\/tr>\n<tr>\n<td colspan=\"1\" rowspan=\"1\">\n<div class=\"magic-11\"><span class=\"magic-12\">clave<\/span><\/div>\n<\/td>\n<td colspan=\"1\" rowspan=\"1\">\n<div class=\"magic-13\"><span class=\"magic-12\">04000-02050\u00a0<\/span><\/div>\n<\/td>\n<\/tr>\n<tr>\n<td colspan=\"1\" rowspan=\"1\">\n<div class=\"magic-11\"><span class=\"magic-12\">Tubo<\/span><\/div>\n<\/td>\n<td colspan=\"1\" rowspan=\"1\">\n<div class=\"magic-13\"><span class=\"magic-12\">154-01-1253<\/span><\/div>\n<\/td>\n<\/tr>\n<tr>\n<td colspan=\"1\" rowspan=\"1\">\n<div class=\"magic-11\"><span class=\"magic-12\">Tubo<\/span><\/div>\n<\/td>\n<td colspan=\"1\" rowspan=\"1\">\n<div class=\"magic-13\"><span class=\"magic-12\">154-01-12541<\/span><\/div>\n<\/td>\n<\/tr>\n<tr>\n<td colspan=\"1\" rowspan=\"1\">\n<div class=\"magic-11\"><span class=\"magic-12\">Tubo<\/span><\/div>\n<\/td>\n<td colspan=\"1\" rowspan=\"1\">\n<div class=\"magic-13\"><span class=\"magic-12\">154-01-12552<\/span><\/div>\n<\/td>\n<\/tr>\n<tr>\n<td colspan=\"1\" rowspan=\"1\">\n<div class=\"magic-11\"><span class=\"magic-12\">Junta de tubo<\/span><\/div>\n<\/td>\n<td colspan=\"1\" rowspan=\"1\">\n<div class=\"magic-13\"><span class=\"magic-12\">6631-11-5820<\/span><\/div>\n<\/td>\n<\/tr>\n<tr>\n<td colspan=\"1\" rowspan=\"1\">\n<div class=\"magic-11\"><span class=\"magic-12\">brida<\/span><\/div>\n<\/td>\n<td colspan=\"1\" rowspan=\"1\">\n<div class=\"magic-13\"><span class=\"magic-12\">6693-12-5530<\/span><\/div>\n<\/td>\n<\/tr>\n<tr>\n<td colspan=\"1\" rowspan=\"1\">\n<div class=\"magic-11\"><span class=\"magic-12\">Junta de estanqueidad<\/span><\/div>\n<\/td>\n<td colspan=\"1\" rowspan=\"1\">\n<div class=\"magic-13\"><span class=\"magic-12\">6112-135250<\/span><\/div>\n<\/td>\n<\/tr>\n<tr>\n<td colspan=\"1\" rowspan=\"1\">\n<div class=\"magic-11\"><span class=\"magic-12\">cintur\u00f3n<\/span><\/div>\n<\/td>\n<td colspan=\"1\" rowspan=\"1\">\n<div class=\"magic-13\"><span class=\"magic-12\">6657-11-5590<\/span><\/div>\n<\/td>\n<\/tr>\n<tr>\n<td colspan=\"1\" rowspan=\"1\">\n<div class=\"magic-11\"><span class=\"magic-12\">Silenciador<\/span><\/div>\n<\/td>\n<td colspan=\"1\" rowspan=\"1\">\n<div class=\"magic-13\"><span class=\"magic-12\">6711-11-5711<\/span><\/div>\n<\/td>\n<\/tr>\n<tr>\n<td colspan=\"1\" rowspan=\"1\">\n<div class=\"magic-11\"><span class=\"magic-12\">tubo de escape<\/span><\/div>\n<\/td>\n<td colspan=\"1\" rowspan=\"1\">\n<div class=\"magic-13\"><span class=\"magic-12\">6711-11-5750<\/span><\/div>\n<\/td>\n<\/tr>\n<tr>\n<td colspan=\"1\" rowspan=\"1\">\n<div class=\"magic-11\"><span class=\"magic-12\">Lluvia<\/span><\/div>\n<\/td>\n<td colspan=\"1\" rowspan=\"1\">\n<div class=\"magic-13\"><span class=\"magic-12\">6711-11-5781<\/span><\/div>\n<\/td>\n<\/tr>\n<tr>\n<td colspan=\"1\" rowspan=\"1\">\n<div class=\"magic-11\"><span class=\"magic-12\">Engranaje de accionamiento de la bomba<\/span><\/div>\n<\/td>\n<td colspan=\"1\" rowspan=\"1\">\n<div class=\"magic-13\"><span class=\"magic-12\">6623-31-1371<\/span><\/div>\n<\/td>\n<\/tr>\n<tr>\n<td colspan=\"1\" rowspan=\"1\">\n<div class=\"magic-11\"><span class=\"magic-12\">Tornillo<\/span><\/div>\n<\/td>\n<td colspan=\"1\" rowspan=\"1\">\n<div class=\"magic-13\"><span class=\"magic-12\">6710-23-4120<\/span><\/div>\n<\/td>\n<\/tr>\n<tr>\n<td colspan=\"1\" rowspan=\"1\">\n<div class=\"magic-11\"><span class=\"magic-12\">Tornillo<\/span><\/div>\n<\/td>\n<td colspan=\"1\" rowspan=\"1\">\n<div class=\"magic-13\"><span class=\"magic-12\">6710-23-4140<\/span><\/div>\n<\/td>\n<\/tr>\n<tr>\n<td colspan=\"1\" rowspan=\"1\">\n<div class=\"magic-11\"><span class=\"magic-12\">Soporte trasero<\/span><\/div>\n<\/td>\n<td colspan=\"1\" rowspan=\"1\">\n<div class=\"magic-13\"><span class=\"magic-12\">6691-23-4710<\/span><\/div>\n<\/td>\n<\/tr>\n<tr>\n<td colspan=\"1\" rowspan=\"1\">\n<div class=\"magic-11\"><span class=\"magic-12\">Eje loco<\/span><\/div>\n<\/td>\n<td colspan=\"1\" rowspan=\"1\">\n<div class=\"magic-13\"><span class=\"magic-12\">6691-21-4310\u00a0<\/span><\/div>\n<\/td>\n<\/tr>\n<tr>\n<td colspan=\"1\" rowspan=\"1\">\n<div class=\"magic-11\"><span class=\"magic-12\" data-spm-anchor-id=\"0.0.0.i207.5a9e4f05meEqGe\">Engranaje loco<\/span><\/div>\n<\/td>\n<td colspan=\"1\" rowspan=\"1\">\n<div class=\"magic-13\"><span class=\"magic-12\">6691-21-4321<\/span><\/div>\n<\/td>\n<\/tr>\n<tr>\n<td colspan=\"1\" rowspan=\"1\">\n<div class=\"magic-11\"><span class=\"magic-12\">Acolchado<\/span><\/div>\n<\/td>\n<td colspan=\"1\" rowspan=\"1\">\n<div class=\"magic-13\"><span class=\"magic-12\">6623-21-4330<\/span><\/div>\n<\/td>\n<\/tr>\n<tr>\n<td colspan=\"1\" rowspan=\"1\">\n<div class=\"magic-11\"><span class=\"magic-12\">Alojamiento del rodamiento<\/span><\/div>\n<\/td>\n<td colspan=\"1\" rowspan=\"1\">\n<div class=\"magic-13\"><span class=\"magic-12\">6691-21-4120\u00a0<\/span><\/div>\n<\/td>\n<\/tr>\n<tr>\n<td colspan=\"1\" rowspan=\"1\">\n<div class=\"magic-11\"><span class=\"magic-12\">Engranaje de accionamiento de la bomba<\/span><\/div>\n<\/td>\n<td colspan=\"1\" rowspan=\"1\">\n<div class=\"magic-13\"><span class=\"magic-12\">6691-21-4160<\/span><\/div>\n<\/td>\n<\/tr>\n<tr>\n<td colspan=\"1\" rowspan=\"1\">\n<div class=\"magic-11\"><span class=\"magic-12\">\u00a0Eje motriz de la bomba<\/span><\/div>\n<\/td>\n<td colspan=\"1\" rowspan=\"1\">\n<div class=\"magic-13\"><span class=\"magic-12\">6691-21-4170<\/span><\/div>\n<\/td>\n<\/tr>\n<tr>\n<td colspan=\"1\" rowspan=\"1\">\n<div class=\"magic-11\"><span class=\"magic-12\">clave<\/span><\/div>\n<\/td>\n<td colspan=\"1\" rowspan=\"1\">\n<div class=\"magic-13\"><span class=\"magic-12\">04000-01850\u00a0<\/span><\/div>\n<\/td>\n<\/tr>\n<tr>\n<td colspan=\"1\" rowspan=\"1\">\n<div class=\"magic-11\"><span class=\"magic-12\">\u00a0Engranaje de accionamiento de la bomba<\/span><\/div>\n<\/td>\n<td colspan=\"1\" rowspan=\"1\">\n<div class=\"magic-13\"><span class=\"magic-12\">6710-23-4520<\/span><\/div>\n<\/td>\n<\/tr>\n<tr>\n<td colspan=\"1\" rowspan=\"1\">\n<div class=\"magic-11\"><span class=\"magic-12\">eje<\/span><\/div>\n<\/td>\n<td colspan=\"1\" rowspan=\"1\">\n<div class=\"magic-13\"><span class=\"magic-12\">6691-23-4311<\/span><\/div>\n<\/td>\n<\/tr>\n<tr>\n<td colspan=\"1\" rowspan=\"1\">\n<div class=\"magic-11\"><span class=\"magic-12\">Tubo<\/span><\/div>\n<\/td>\n<td colspan=\"1\" rowspan=\"1\">\n<div class=\"magic-13\"><span class=\"magic-12\">6691-53-9510<\/span><\/div>\n<\/td>\n<\/tr>\n<tr>\n<td colspan=\"1\" rowspan=\"1\">\n<div class=\"magic-11\"><span class=\"magic-12\">Aspa del ventilador<\/span><\/div>\n<\/td>\n<td colspan=\"1\" rowspan=\"1\">\n<div class=\"magic-13\"><span class=\"magic-12\">600-643-1060a<\/span><\/div>\n<\/td>\n<\/tr>\n<tr>\n<td colspan=\"1\" rowspan=\"1\">\n<div class=\"magic-11\"><span class=\"magic-12\">acoplamiento universal<\/span><\/div>\n<\/td>\n<td colspan=\"1\" rowspan=\"1\">\n<div class=\"magic-13\"><span class=\"magic-12\">154-20-10002<\/span><\/div>\n<\/td>\n<\/tr>\n<tr>\n<td colspan=\"1\" rowspan=\"1\">\n<div class=\"magic-11\"><span class=\"magic-12\">engranaje<\/span><\/div>\n<\/td>\n<td colspan=\"1\" rowspan=\"1\">\n<div class=\"magic-13\"><span class=\"magic-12\">195-13-14111<\/span><\/div>\n<\/td>\n<\/tr>\n<tr>\n<td colspan=\"1\" rowspan=\"1\">\n<div class=\"magic-11\"><span class=\"magic-12\">engranaje<\/span><\/div>\n<\/td>\n<td colspan=\"1\" rowspan=\"1\">\n<div class=\"magic-13\"><span class=\"magic-12\">154-13-41141<\/span><\/div>\n<\/td>\n<\/tr>\n<tr>\n<td colspan=\"1\" rowspan=\"1\">\n<div class=\"magic-11\"><span class=\"magic-12\">turbina<\/span><\/div>\n<\/td>\n<td colspan=\"1\" rowspan=\"1\">\n<div class=\"magic-13\"><span class=\"magic-12\">154-13-41510<\/span><\/div>\n<\/td>\n<\/tr>\n<tr>\n<td colspan=\"1\" rowspan=\"1\">\n<div class=\"magic-11\"><span class=\"magic-12\">Rueda de la bomba<\/span><\/div>\n<\/td>\n<td colspan=\"1\" rowspan=\"1\">\n<div class=\"magic-13\"><span class=\"magic-12\">154-13-41123<\/span><\/div>\n<\/td>\n<\/tr>\n<tr>\n<td colspan=\"1\" rowspan=\"1\">\n<div class=\"magic-11\"><span class=\"magic-12\">Rueda gu\u00eda<\/span><\/div>\n<\/td>\n<td colspan=\"1\" rowspan=\"1\">\n<div class=\"magic-13\"><span class=\"magic-12\">154-13-42110<\/span><\/div>\n<\/td>\n<\/tr>\n<tr>\n<td colspan=\"1\" rowspan=\"1\">\n<div class=\"magic-11\"><span class=\"magic-12\">Caja<\/span><\/div>\n<\/td>\n<td colspan=\"1\" rowspan=\"1\">\n<div class=\"magic-13\"><span class=\"magic-12\">154-15-21111a<\/span><\/div>\n<\/td>\n<\/tr>\n<tr>\n<td colspan=\"1\" rowspan=\"1\">\n<div class=\"magic-11\"><span class=\"magic-12\">precinto<\/span><\/div>\n<\/td>\n<td colspan=\"1\" rowspan=\"1\">\n<div class=\"magic-13\"><span class=\"magic-12\">154-15-21121<\/span><\/div>\n<\/td>\n<\/tr>\n<tr>\n<td colspan=\"1\" rowspan=\"1\">\n<div class=\"magic-11\"><span class=\"magic-12\">V\u00e1lvula de engrase<\/span><\/div>\n<\/td>\n<td colspan=\"1\" rowspan=\"1\">\n<div class=\"magic-13\"><span class=\"magic-12\">154-15-34000<\/span><\/div>\n<\/td>\n<\/tr>\n<\/tbody>\n<\/table>\n<p>M\u00e1s informaci\u00f3n, Contacto\u00a0<\/p>\n<p><span style=\"color: #ff0000;\"><strong>WhatsApp, Wechat : 0086 15553722299\u00a0<\/strong><\/span><\/p>","protected":false},"excerpt":{"rendered":"<p>281-15-12720 bulldozer parts accessories backing plate Construction machinery transmission PLATE 281-15-12720 for SD22 bulldozer 281-15-12720 for Bulldozer D85 D155 D65 Transmission spare parts D85A-18 D85P-18 D85A-12 D155A-1 D155A-2 Bulldozer Transmission Clutch Plate 281-15-12720 Bulldozer parts Cooling And Electrical Systems Alternator And Mounting Auto Priming System Control Unit Cooling Fan And Fan Drive Corrosion Resistor And [&hellip;]<\/p>","protected":false},"featured_media":7767,"menu_order":0,"comment_status":"closed","ping_status":"closed","template":"","meta":{"_seopress_robots_primary_cat":"","_seopress_titles_title":"","_seopress_titles_desc":"","_seopress_robots_index":"","om_disable_all_campaigns":false,"_mi_skip_tracking":false,"_monsterinsights_sitenote_active":false,"_monsterinsights_sitenote_note":"","_monsterinsights_sitenote_category":0},"product_cat":[],"product_tag":[],"product_category":[121],"class_list":{"0":"post-7766","1":"product","2":"type-product","3":"status-publish","4":"has-post-thumbnail","6":"product_category-shantui-bulldozer-part","8":"first","9":"instock","10":"shipping-taxable","11":"product-type-simple"},"acf":[],"_links":{"self":[{"href":"https:\/\/www.excavatorenginepart.com\/es\/wp-json\/wp\/v2\/product\/7766","targetHints":{"allow":["GET"]}}],"collection":[{"href":"https:\/\/www.excavatorenginepart.com\/es\/wp-json\/wp\/v2\/product"}],"about":[{"href":"https:\/\/www.excavatorenginepart.com\/es\/wp-json\/wp\/v2\/types\/product"}],"replies":[{"embeddable":true,"href":"https:\/\/www.excavatorenginepart.com\/es\/wp-json\/wp\/v2\/comments?post=7766"}],"wp:featuredmedia":[{"embeddable":true,"href":"https:\/\/www.excavatorenginepart.com\/es\/wp-json\/wp\/v2\/media\/7767"}],"wp:attachment":[{"href":"https:\/\/www.excavatorenginepart.com\/es\/wp-json\/wp\/v2\/media?parent=7766"}],"wp:term":[{"taxonomy":"product_cat","embeddable":true,"href":"https:\/\/www.excavatorenginepart.com\/es\/wp-json\/wp\/v2\/product_cat?post=7766"},{"taxonomy":"product_tag","embeddable":true,"href":"https:\/\/www.excavatorenginepart.com\/es\/wp-json\/wp\/v2\/product_tag?post=7766"},{"taxonomy":"product_category","embeddable":true,"href":"https:\/\/www.excavatorenginepart.com\/es\/wp-json\/wp\/v2\/product_category?post=7766"}],"curies":[{"name":"wp","href":"https:\/\/api.w.org\/{rel}","templated":true}]}}