{"id":7688,"date":"2022-12-16T02:17:19","date_gmt":"2022-12-16T02:17:19","guid":{"rendered":"https:\/\/www.excavatorenginepart.com\/?post_type=product&#038;p=7688"},"modified":"2022-12-16T03:10:37","modified_gmt":"2022-12-16T03:10:37","slug":"shantui-sd32-transmission-assembly-175-15-00226-with-gear-and-valve","status":"publish","type":"product","link":"https:\/\/www.excavatorenginepart.com\/es\/product\/shantui-sd32-transmission-assembly-175-15-00226-with-gear-and-valve\/","title":{"rendered":"Conjunto de transmisi\u00f3n Shantui SD32 175-15-00226 con engranaje y v\u00e1lvula"},"content":{"rendered":"<p><strong>Conjunto de transmisi\u00f3n Shantui SD32 175-15-00226 con engranaje y v\u00e1lvula<\/strong><\/p>\n<p><img fetchpriority=\"high\" decoding=\"async\" class=\"alignnone size-medium wp-image-7693\" src=\"https:\/\/www.excavatorenginepart.com\/wp-content\/uploads\/2022\/12\/Shantui-SD32-Transmission-Assembly-175-15-00026-with-Gear-and-Valve-300x300.jpg\" alt=\"\" width=\"300\" height=\"300\" srcset=\"https:\/\/www.excavatorenginepart.com\/wp-content\/uploads\/2022\/12\/Shantui-SD32-Transmission-Assembly-175-15-00026-with-Gear-and-Valve-300x300.jpg 300w, https:\/\/www.excavatorenginepart.com\/wp-content\/uploads\/2022\/12\/Shantui-SD32-Transmission-Assembly-175-15-00026-with-Gear-and-Valve-150x150.jpg 150w, https:\/\/www.excavatorenginepart.com\/wp-content\/uploads\/2022\/12\/Shantui-SD32-Transmission-Assembly-175-15-00026-with-Gear-and-Valve.jpg 600w\" sizes=\"(max-width: 300px) 100vw, 300px\" \/><\/p>\n<p>Shantui SD32 Bulldozer Conjunto de transmisi\u00f3n 175-15-00226<\/p>\n<p><img decoding=\"async\" class=\"alignnone size-medium wp-image-7692\" src=\"https:\/\/www.excavatorenginepart.com\/wp-content\/uploads\/2022\/12\/Shantui-SD32-Bulldozer-Transmission-Assembly-175-15-00026-300x300.jpg\" alt=\"\" width=\"300\" height=\"300\" srcset=\"https:\/\/www.excavatorenginepart.com\/wp-content\/uploads\/2022\/12\/Shantui-SD32-Bulldozer-Transmission-Assembly-175-15-00026-300x300.jpg 300w, https:\/\/www.excavatorenginepart.com\/wp-content\/uploads\/2022\/12\/Shantui-SD32-Bulldozer-Transmission-Assembly-175-15-00026-150x150.jpg 150w, https:\/\/www.excavatorenginepart.com\/wp-content\/uploads\/2022\/12\/Shantui-SD32-Bulldozer-Transmission-Assembly-175-15-00026.jpg 600w\" sizes=\"(max-width: 300px) 100vw, 300px\" \/><\/p>\n<p>Conjunto de transmisi\u00f3n Shantui D155A 175-15-00226<\/p>\n<p><img decoding=\"async\" class=\"alignnone size-medium wp-image-7691\" src=\"https:\/\/www.excavatorenginepart.com\/wp-content\/uploads\/2022\/12\/Shantui-D155A-Transmission-Assembly-175-15-00026-300x300.jpg\" alt=\"\" width=\"300\" height=\"300\" srcset=\"https:\/\/www.excavatorenginepart.com\/wp-content\/uploads\/2022\/12\/Shantui-D155A-Transmission-Assembly-175-15-00026-300x300.jpg 300w, https:\/\/www.excavatorenginepart.com\/wp-content\/uploads\/2022\/12\/Shantui-D155A-Transmission-Assembly-175-15-00026-150x150.jpg 150w, https:\/\/www.excavatorenginepart.com\/wp-content\/uploads\/2022\/12\/Shantui-D155A-Transmission-Assembly-175-15-00026.jpg 600w\" sizes=\"(max-width: 300px) 100vw, 300px\" \/><\/p>\n<p>Shantui SD32 Bulldozer Conjunto de transmisi\u00f3n 175-15-00226<\/p>\n<p><img loading=\"lazy\" decoding=\"async\" class=\"alignnone size-medium wp-image-7690\" src=\"https:\/\/www.excavatorenginepart.com\/wp-content\/uploads\/2022\/12\/SD32-Bulldozer-Transmission-175-15-00026-with-Gear-and-Valve-300x300.jpg\" alt=\"\" width=\"300\" height=\"300\" srcset=\"https:\/\/www.excavatorenginepart.com\/wp-content\/uploads\/2022\/12\/SD32-Bulldozer-Transmission-175-15-00026-with-Gear-and-Valve-300x300.jpg 300w, https:\/\/www.excavatorenginepart.com\/wp-content\/uploads\/2022\/12\/SD32-Bulldozer-Transmission-175-15-00026-with-Gear-and-Valve-150x150.jpg 150w, https:\/\/www.excavatorenginepart.com\/wp-content\/uploads\/2022\/12\/SD32-Bulldozer-Transmission-175-15-00026-with-Gear-and-Valve.jpg 600w\" sizes=\"(max-width: 300px) 100vw, 300px\" \/><\/p>\n<p>175-15-00226 transmisi\u00f3n torqflow Transmisi\u00f3n Power shift<\/p>\n<p><img loading=\"lazy\" decoding=\"async\" class=\"alignnone size-medium wp-image-7689\" src=\"https:\/\/www.excavatorenginepart.com\/wp-content\/uploads\/2022\/12\/175-15-00026-torqflow-transmission-Power-shift-transmission-300x300.jpg\" alt=\"\" width=\"300\" height=\"300\" srcset=\"https:\/\/www.excavatorenginepart.com\/wp-content\/uploads\/2022\/12\/175-15-00026-torqflow-transmission-Power-shift-transmission-300x300.jpg 300w, https:\/\/www.excavatorenginepart.com\/wp-content\/uploads\/2022\/12\/175-15-00026-torqflow-transmission-Power-shift-transmission-150x150.jpg 150w, https:\/\/www.excavatorenginepart.com\/wp-content\/uploads\/2022\/12\/175-15-00026-torqflow-transmission-Power-shift-transmission.jpg 600w\" sizes=\"(max-width: 300px) 100vw, 300px\" \/><\/p>\n<p><strong>Datos esenciales<\/strong><\/p>\n<p>Garant\u00eda:1 a\u00f1o<br \/>\nIndustrias aplicables:Talleres de reparaci\u00f3n de maquinaria, obras de construcci\u00f3n <br \/>\nLugar de origen: Shandong, China<br \/>\nMarca:SHANTUI<br \/>\nDisposici\u00f3n del engranaje: planetario<br \/>\nPar de salida:800~100000N.m<br \/>\nVelocidad de entrada:1400rpm<br \/>\nVelocidad de salida:14-280rpm<br \/>\nNombre del producto:caja de engranajes<br \/>\nn\u00famero de pieza:175-15-00226<br \/>\nTipo:OEM<br \/>\nMarca:SHANTUI<br \/>\nEmbalaje:en caja de madera<br \/>\nTiempo de garant\u00eda:1 a\u00f1o<br \/>\nPeso neto:1010kg<br \/>\nTama\u00f1o del embalaje:93cm*75cm*108cm<br \/>\nModelo:D155A-1<br \/>\nPlazo de entrega: 3 d\u00edas despu\u00e9s de confirmar el pedido<br \/>\nCertificaci\u00f3n:EPA<\/p>\n<p><strong>Descripci\u00f3n del producto<\/strong><\/p>\n<table class=\"all magic-7\">\n<tbody>\n<tr>\n<td colspan=\"1\" rowspan=\"1\">\n<div class=\"magic-8\" data-spm-anchor-id=\"a2700.details.0.i24.63d0193ctb5Ivx\">Nombre de la pieza<\/div>\n<\/td>\n<td colspan=\"4\" rowspan=\"1\">\n<div class=\"magic-9\" data-spm-anchor-id=\"a2700.details.0.i25.63d0193ctb5Ivx\">shantui SD32 bulldozer conjunto de transmisi\u00f3n 175-15-00226<\/div>\n<\/td>\n<\/tr>\n<tr>\n<td colspan=\"1\" rowspan=\"1\">\n<div class=\"magic-8\">N\u00famero de pieza<\/div>\n<\/td>\n<td colspan=\"4\" rowspan=\"1\">\n<div class=\"magic-9\">\u00a0175-15-00226<\/div>\n<\/td>\n<\/tr>\n<tr>\n<td colspan=\"1\" rowspan=\"1\">\n<div class=\"magic-8\">Condici\u00f3n<\/div>\n<\/td>\n<td colspan=\"4\" rowspan=\"1\">\n<div class=\"magic-9\">100% nuevo y original<\/div>\n<\/td>\n<\/tr>\n<tr>\n<td colspan=\"1\" rowspan=\"1\">\n<div class=\"magic-8\">Aplicar maquinaria<\/div>\n<\/td>\n<td colspan=\"4\" rowspan=\"1\">\n<div class=\"magic-9\">bulldozer shantui SD32\u00a0<\/div>\n<\/td>\n<\/tr>\n<tr>\n<td colspan=\"1\" rowspan=\"1\">\n<div class=\"magic-8\">Marca:<\/div>\n<\/td>\n<td colspan=\"4\" rowspan=\"1\">\n<div class=\"magic-9\">original<\/div>\n<\/td>\n<\/tr>\n<tr>\n<td colspan=\"1\" rowspan=\"1\">\n<div class=\"magic-8\">Garant\u00eda<\/div>\n<\/td>\n<td colspan=\"4\" rowspan=\"1\">\n<div class=\"magic-9\">6 meses<\/div>\n<\/td>\n<\/tr>\n<tr>\n<td colspan=\"1\" rowspan=\"1\">\n<div class=\"magic-8\">Plazo de entrega<\/div>\n<\/td>\n<td colspan=\"4\" rowspan=\"1\">\n<div class=\"magic-12\">en funci\u00f3n de la cantidad<\/div>\n<\/td>\n<\/tr>\n<\/tbody>\n<\/table>\n<p align=\"justify\"><strong><span data-spm-anchor-id=\"a2700.details.0.i5.54f650bbeK7N1z\">Piezas de motor<\/span><\/strong><\/p>\n<p>Pist\u00f3n y biela, cig\u00fce\u00f1al, filtro de aceite, filtro de aire, ret\u00e9n de aceite, enfriador de aceite, radiador, inyector, motor de arranque, turbocompresor, cilindro de bloque, engranaje, kit de juntas, etc.<\/p>\n<p>\u00a0<strong>Piezas hidr\u00e1ulicas<\/strong><\/p>\n<p>Bombas hidr\u00e1ulicas, V\u00e1lvulas hidr\u00e1ulicas, Cilindros hidr\u00e1ulicos, Kit de retenes de aceite, Junta t\u00f3rica, Pist\u00f3n piloto, Placa de v\u00e1lvula, Transmisi\u00f3n final, Grupo de bloques de cilindros, Retenedor, Biela de control, etc.<\/p>\n<p>\u00a0<strong>Piezas estructurales<\/strong><\/p>\n<p>Cabina, brazo de la pluma, cuchara, dientes de la cuchara, fresa, cuchilla de corte, refrigerador de aceite, radiador, accesorios, etc.<\/p>\n<p><strong>Piezas del tren de rodaje<\/strong><\/p>\n<p>Bulldozer y excavadora Eslab\u00f3n de oruga, conjunto de zapata de oruga, polea gu\u00eda, rodillo de oruga, rodillo portador, rueda dentada,<\/p>\n<p>Ajustador de carril, almohadilla de carril, etc.<\/p>\n<p>Piezas de repuesto para pala cargadora LG916 LG933L LG938L L938F LG946L L948 L948F LG952N LG952H LG953N LG979 :ZL30G, LW300KN,ZL50G,ZL50GN, LW500KN,SL30W,SL50W ,SEM916D,SEM956 ETC<br \/>\nRetroexcavadora: WZ30-25, XT870<br \/>\nBulldozer sobre orugas :SD22.SD32,SD16,SD42 ,D85,D8,D155,D375<\/p>\n<p>Motoniveladora: GR135, GR1653, GR1803, GR2153, GR3003<\/p>\n<p>Excavadoras: XE35U, XE55D, XE135D, XE150D, XE215, XE235, XE470D,XE700,XE900,PC200,PC400,PC800,PC1250,EC240,EC290,E330,E340ETC.<\/p>\n<p>SD08 111-15-00000<\/p>\n<p align=\"left\">SD11 122-15-A0000<\/p>\n<p align=\"left\">SD13 10Y-15-00000<\/p>\n<p align=\"left\" data-spm-anchor-id=\"a2700.details.0.i10.34d281b2Y635Ro\">SD16 16Y-15-00000<\/p>\n<p align=\"left\">SD22 154-15-31000<\/p>\n<p align=\"left\">SD23 154-15-41002<\/p>\n<p align=\"left\">SD32 175-15-00226<\/p>\n<p>Para m\u00e1s informaci\u00f3n, p\u00f3ngase en contacto con nosotros.\u00a0<\/p>\n<p><span style=\"color: #ff0000;\"><strong>WhatsApp, Wechat : 0086 15553722299\u00a0<\/strong><\/span><\/p>","protected":false},"excerpt":{"rendered":"<p>Shantui SD32 Transmission Assembly 175-15-00226 with Gear and Valve Shantui SD32 Bulldozer Transmission Assembly 175-15-00226 Shantui D155A Transmission Assembly 175-15-00226 Shantui SD32 Bulldozer Transmission Assembly 175-15-00226 175-15-00226 torqflow transmission Power shift transmission Essential details Warranty:1 year Applicable Industries:Machinery Repair Shops, Construction works Place of Origin:Shandong, China Brand Name:SHANTUI Gearing Arrangement:Planetary Output Torque:800~100000N.m Input Speed:1400rpm Output [&hellip;]<\/p>","protected":false},"featured_media":7693,"menu_order":0,"comment_status":"closed","ping_status":"closed","template":"","meta":{"_seopress_robots_primary_cat":"","_seopress_titles_title":"","_seopress_titles_desc":"","_seopress_robots_index":"","om_disable_all_campaigns":false,"_mi_skip_tracking":false,"_monsterinsights_sitenote_active":false,"_monsterinsights_sitenote_note":"","_monsterinsights_sitenote_category":0},"product_cat":[],"product_tag":[],"product_category":[121],"class_list":{"0":"post-7688","1":"product","2":"type-product","3":"status-publish","4":"has-post-thumbnail","6":"product_category-shantui-bulldozer-part","8":"first","9":"instock","10":"shipping-taxable","11":"product-type-simple"},"acf":[],"_links":{"self":[{"href":"https:\/\/www.excavatorenginepart.com\/es\/wp-json\/wp\/v2\/product\/7688","targetHints":{"allow":["GET"]}}],"collection":[{"href":"https:\/\/www.excavatorenginepart.com\/es\/wp-json\/wp\/v2\/product"}],"about":[{"href":"https:\/\/www.excavatorenginepart.com\/es\/wp-json\/wp\/v2\/types\/product"}],"replies":[{"embeddable":true,"href":"https:\/\/www.excavatorenginepart.com\/es\/wp-json\/wp\/v2\/comments?post=7688"}],"wp:featuredmedia":[{"embeddable":true,"href":"https:\/\/www.excavatorenginepart.com\/es\/wp-json\/wp\/v2\/media\/7693"}],"wp:attachment":[{"href":"https:\/\/www.excavatorenginepart.com\/es\/wp-json\/wp\/v2\/media?parent=7688"}],"wp:term":[{"taxonomy":"product_cat","embeddable":true,"href":"https:\/\/www.excavatorenginepart.com\/es\/wp-json\/wp\/v2\/product_cat?post=7688"},{"taxonomy":"product_tag","embeddable":true,"href":"https:\/\/www.excavatorenginepart.com\/es\/wp-json\/wp\/v2\/product_tag?post=7688"},{"taxonomy":"product_category","embeddable":true,"href":"https:\/\/www.excavatorenginepart.com\/es\/wp-json\/wp\/v2\/product_category?post=7688"}],"curies":[{"name":"wp","href":"https:\/\/api.w.org\/{rel}","templated":true}]}}