{"id":7654,"date":"2022-12-15T09:35:55","date_gmt":"2022-12-15T09:35:55","guid":{"rendered":"https:\/\/www.excavatorenginepart.com\/?post_type=product&#038;p=7654"},"modified":"2022-12-15T09:38:40","modified_gmt":"2022-12-15T09:38:40","slug":"shantui-sd32-bulldozer-final-drive-gear-175-27-31255","status":"publish","type":"product","link":"https:\/\/www.excavatorenginepart.com\/es\/product\/shantui-sd32-bulldozer-final-drive-gear-175-27-31255\/","title":{"rendered":"Shantui SD32 bulldozer engranaje de transmisi\u00f3n final 175-27-31255"},"content":{"rendered":"<p><strong>Shantui SD32 bulldozer engranaje de transmisi\u00f3n final 175-27-31255<\/strong><\/p>\n<p><img fetchpriority=\"high\" decoding=\"async\" class=\"alignnone size-medium wp-image-7659\" src=\"https:\/\/www.excavatorenginepart.com\/wp-content\/uploads\/2022\/12\/Shantui-SD32-bulldozer-final-drive-gear-175-27-31255-300x300.jpg\" alt=\"\" width=\"300\" height=\"300\" srcset=\"https:\/\/www.excavatorenginepart.com\/wp-content\/uploads\/2022\/12\/Shantui-SD32-bulldozer-final-drive-gear-175-27-31255-300x300.jpg 300w, https:\/\/www.excavatorenginepart.com\/wp-content\/uploads\/2022\/12\/Shantui-SD32-bulldozer-final-drive-gear-175-27-31255-150x150.jpg 150w, https:\/\/www.excavatorenginepart.com\/wp-content\/uploads\/2022\/12\/Shantui-SD32-bulldozer-final-drive-gear-175-27-31255.jpg 600w\" sizes=\"(max-width: 300px) 100vw, 300px\" \/><\/p>\n<p>175-27-31255 Engranaje de transmisi\u00f3n final de bulldozer SD32<\/p>\n<p><img decoding=\"async\" class=\"alignnone size-medium wp-image-7655\" src=\"https:\/\/www.excavatorenginepart.com\/wp-content\/uploads\/2022\/12\/175-27-31255-SD32-bulldozer-final-drive-gear-300x300.jpg\" alt=\"\" width=\"300\" height=\"300\" srcset=\"https:\/\/www.excavatorenginepart.com\/wp-content\/uploads\/2022\/12\/175-27-31255-SD32-bulldozer-final-drive-gear-300x300.jpg 300w, https:\/\/www.excavatorenginepart.com\/wp-content\/uploads\/2022\/12\/175-27-31255-SD32-bulldozer-final-drive-gear-150x150.jpg 150w, https:\/\/www.excavatorenginepart.com\/wp-content\/uploads\/2022\/12\/175-27-31255-SD32-bulldozer-final-drive-gear.jpg 600w\" sizes=\"(max-width: 300px) 100vw, 300px\" \/><\/p>\n<p>Engranaje de transmisi\u00f3n final del bulldozer D155 175-27-31255<\/p>\n<p><img decoding=\"async\" class=\"alignnone size-medium wp-image-7656\" src=\"https:\/\/www.excavatorenginepart.com\/wp-content\/uploads\/2022\/12\/D155-bulldozer-final-drive-gear-175-27-31255-300x300.jpg\" alt=\"\" width=\"300\" height=\"300\" srcset=\"https:\/\/www.excavatorenginepart.com\/wp-content\/uploads\/2022\/12\/D155-bulldozer-final-drive-gear-175-27-31255-300x300.jpg 300w, https:\/\/www.excavatorenginepart.com\/wp-content\/uploads\/2022\/12\/D155-bulldozer-final-drive-gear-175-27-31255-150x150.jpg 150w, https:\/\/www.excavatorenginepart.com\/wp-content\/uploads\/2022\/12\/D155-bulldozer-final-drive-gear-175-27-31255.jpg 600w\" sizes=\"(max-width: 300px) 100vw, 300px\" \/><\/p>\n<p>Piezas de repuesto para el tren de rodaje de bulldozers de maquinaria de movimiento de tierras<\/p>\n<p>engranaje de transmisi\u00f3n final 175-27-31255 para SHANTUI SD32<\/p>\n<p><img loading=\"lazy\" decoding=\"async\" class=\"alignnone size-medium wp-image-7657\" src=\"https:\/\/www.excavatorenginepart.com\/wp-content\/uploads\/2022\/12\/Earth-moving-machinery-bulldozer-undercarriage-spare-parts-final-drive-gear-175-27-31255-for-SHANTUI-SD32-300x300.jpg\" alt=\"\" width=\"300\" height=\"300\" srcset=\"https:\/\/www.excavatorenginepart.com\/wp-content\/uploads\/2022\/12\/Earth-moving-machinery-bulldozer-undercarriage-spare-parts-final-drive-gear-175-27-31255-for-SHANTUI-SD32-300x300.jpg 300w, https:\/\/www.excavatorenginepart.com\/wp-content\/uploads\/2022\/12\/Earth-moving-machinery-bulldozer-undercarriage-spare-parts-final-drive-gear-175-27-31255-for-SHANTUI-SD32-150x150.jpg 150w, https:\/\/www.excavatorenginepart.com\/wp-content\/uploads\/2022\/12\/Earth-moving-machinery-bulldozer-undercarriage-spare-parts-final-drive-gear-175-27-31255-for-SHANTUI-SD32.jpg 600w\" sizes=\"(max-width: 300px) 100vw, 300px\" \/><\/p>\n<p>SHANTUI Bulldozer engranaje de transmisi\u00f3n final D80 D85 SD22 SD32<\/p>\n<p>175-27-31362 195-27-12435 154-27-12110 Anillo del engranaje de transmisi\u00f3n final<\/p>\n<p><img loading=\"lazy\" decoding=\"async\" class=\"alignnone size-medium wp-image-7658\" src=\"https:\/\/www.excavatorenginepart.com\/wp-content\/uploads\/2022\/12\/SHANTUI-Bulldozer-Final-Drive-Gear-D80-D85-SD22-SD32-175-27-31362-195-27-12435-154-27-12110-Final-Drive-Gear-Ring-300x300.jpg\" alt=\"\" width=\"300\" height=\"300\" srcset=\"https:\/\/www.excavatorenginepart.com\/wp-content\/uploads\/2022\/12\/SHANTUI-Bulldozer-Final-Drive-Gear-D80-D85-SD22-SD32-175-27-31362-195-27-12435-154-27-12110-Final-Drive-Gear-Ring-300x300.jpg 300w, https:\/\/www.excavatorenginepart.com\/wp-content\/uploads\/2022\/12\/SHANTUI-Bulldozer-Final-Drive-Gear-D80-D85-SD22-SD32-175-27-31362-195-27-12435-154-27-12110-Final-Drive-Gear-Ring-150x150.jpg 150w, https:\/\/www.excavatorenginepart.com\/wp-content\/uploads\/2022\/12\/SHANTUI-Bulldozer-Final-Drive-Gear-D80-D85-SD22-SD32-175-27-31362-195-27-12435-154-27-12110-Final-Drive-Gear-Ring.jpg 600w\" sizes=\"(max-width: 300px) 100vw, 300px\" \/><\/p>\n<p><span style=\"background-color: #0000ff;\"><strong>Especificaci\u00f3n<\/strong><\/span><\/p>\n<table class=\"has-title all magic-4\">\n<tbody>\n<tr>\n<td style=\"width: 109.438px;\" colspan=\"1\" rowspan=\"1\">\n<div class=\"magic-5\" data-spm-anchor-id=\"a2700.details.0.i6.552c73aayZpCvg\">Nombre del producto<\/div>\n<\/td>\n<td style=\"width: 122.15px;\" colspan=\"1\" rowspan=\"1\">\n<div class=\"magic-6\">engranaje impulsor<\/div>\n<\/td>\n<\/tr>\n<tr>\n<td style=\"width: 109.438px;\" colspan=\"1\" rowspan=\"1\">\n<div class=\"magic-5\">N\u00famero de pieza<\/div>\n<\/td>\n<td style=\"width: 122.15px;\" colspan=\"1\" rowspan=\"1\">\n<div class=\"magic-6\">175-27-31255<\/div>\n<\/td>\n<\/tr>\n<tr>\n<td style=\"width: 109.438px;\" colspan=\"1\" rowspan=\"1\">\n<div class=\"magic-5\">Aplicaci\u00f3n<\/div>\n<\/td>\n<td style=\"width: 122.15px;\" colspan=\"1\" rowspan=\"1\">\n<div class=\"magic-6\">Bulldozer<\/div>\n<\/td>\n<\/tr>\n<tr>\n<td style=\"width: 109.438px;\" colspan=\"1\" rowspan=\"1\">\n<div class=\"magic-5\">Modelo de m\u00e1quina<\/div>\n<\/td>\n<td style=\"width: 122.15px;\" colspan=\"1\" rowspan=\"1\">\n<div class=\"magic-6\">SD32<\/div>\n<\/td>\n<\/tr>\n<tr>\n<td style=\"width: 109.438px;\" colspan=\"1\" rowspan=\"1\">\n<div class=\"magic-5\">Condici\u00f3n<\/div>\n<\/td>\n<td style=\"width: 122.15px;\" colspan=\"1\" rowspan=\"1\">\n<div class=\"magic-6\" data-spm-anchor-id=\"a2700.details.0.i7.552c73aayZpCvg\">100% Nuevo<\/div>\n<\/td>\n<\/tr>\n<tr>\n<td style=\"width: 109.438px;\" colspan=\"1\" rowspan=\"1\">\n<div class=\"magic-5\">Calidad<\/div>\n<\/td>\n<td style=\"width: 122.15px;\" colspan=\"1\" rowspan=\"1\">\n<div class=\"magic-6\">Alta calidad<\/div>\n<\/td>\n<\/tr>\n<tr>\n<td style=\"width: 109.438px;\" colspan=\"1\" rowspan=\"1\">\n<div class=\"magic-5\">Embalaje<\/div>\n<\/td>\n<td style=\"width: 122.15px;\" colspan=\"1\" rowspan=\"1\">\n<div class=\"magic-6\">estuche de madera<\/div>\n<\/td>\n<\/tr>\n<tr>\n<td style=\"width: 109.438px;\" colspan=\"1\" rowspan=\"1\">\n<div class=\"magic-5\">MOQ<\/div>\n<\/td>\n<td style=\"width: 122.15px;\" colspan=\"1\" rowspan=\"1\">\n<div class=\"magic-6\">1 unidad<\/div>\n<\/td>\n<\/tr>\n<\/tbody>\n<\/table>\n<p><span style=\"background-color: #0000ff;\"><strong>Productos<\/strong><\/span><\/p>\n<table style=\"width: 45.677%; height: 360px;\" border=\"1\">\n<tbody>\n<tr style=\"height: 24px;\">\n<td style=\"height: 24px;\" data-spm-anchor-id=\"a2700.details.0.i7.371e2849YAaCrj\">Kits de liners<\/td>\n<td style=\"height: 24px;\">Motor de arranque<\/td>\n<td style=\"height: 24px;\">Bomba hidr\u00e1ulica<\/td>\n<\/tr>\n<tr style=\"height: 24px;\">\n<td style=\"height: 24px;\">Culata y bloque<\/td>\n<td style=\"height: 24px;\">Alternador<\/td>\n<td style=\"height: 24px;\">Bomba de engranajes<\/td>\n<\/tr>\n<tr style=\"height: 48px;\">\n<td style=\"height: 48px;\">Cig\u00fce\u00f1al y \u00e1rbol de levas<\/td>\n<td style=\"height: 48px;\">Motor del regulador<\/td>\n<td style=\"height: 48px;\">Radiador<\/td>\n<\/tr>\n<tr style=\"height: 48px;\">\n<td style=\"height: 48px;\">Junta de revisi\u00f3n<\/td>\n<td style=\"height: 48px;\">Monitor y controlador<\/td>\n<td style=\"height: 48px;\">Rodamientos y engranajes<\/td>\n<\/tr>\n<tr style=\"height: 24px;\">\n<td style=\"height: 24px;\">Turbocompresor<\/td>\n<td style=\"height: 24px;\">ECU<\/td>\n<td style=\"height: 24px;\">V\u00e1lvula piloto<\/td>\n<\/tr>\n<tr style=\"height: 24px;\">\n<td style=\"height: 24px;\">Bomba de agua<\/td>\n<td style=\"height: 24px;\">V\u00e1lvula solenoide<\/td>\n<td style=\"height: 24px;\">V\u00e1lvula de pie<\/td>\n<\/tr>\n<tr style=\"height: 24px;\">\n<td style=\"height: 24px;\">Inyector de combustible<\/td>\n<td style=\"height: 24px;\">Sensores<\/td>\n<td style=\"height: 24px;\">Piezas de goma<\/td>\n<\/tr>\n<tr style=\"height: 24px;\">\n<td style=\"height: 24px;\">Bomba de combustible<\/td>\n<td style=\"height: 24px;\">Mazo de cables<\/td>\n<td style=\"height: 24px;\">Tubo flexible<\/td>\n<\/tr>\n<tr style=\"height: 24px;\">\n<td style=\"height: 24px;\">Bomba de aceite<\/td>\n<td style=\"height: 24px;\">Interruptor de encendido<\/td>\n<td style=\"height: 24px;\">Elemento filtrante<\/td>\n<\/tr>\n<tr style=\"height: 48px;\">\n<td style=\"height: 48px;\">Aspa del ventilador<\/td>\n<td style=\"height: 48px;\">Tapa del enfriador de aceite<\/td>\n<td style=\"height: 48px;\">N\u00facleo del enfriador de aceite<\/td>\n<\/tr>\n<tr style=\"height: 24px;\">\n<td style=\"height: 24px;\">Compresor<\/td>\n<td style=\"height: 24px;\">Evaporador<\/td>\n<td style=\"height: 24px;\">Motor del soplador<\/td>\n<\/tr>\n<tr style=\"height: 24px;\">\n<td style=\"height: 24px;\">Radiador<\/td>\n<td style=\"height: 24px;\">Man\u00f3metro<\/td>\n<td style=\"height: 24px;\">\u00a0<\/td>\n<\/tr>\n<\/tbody>\n<\/table>\n<p><span style=\"background-color: #0000ff;\"><strong>Descripci\u00f3n del producto<\/strong><\/span><\/p>\n<table style=\"width: 51.1562%;\" border=\"0\" width=\"506\" cellspacing=\"0\" cellpadding=\"0\">\n<tbody>\n<tr>\n<td style=\"width: 28.3465%;\" valign=\"bottom\" width=\"141\">\n<p align=\"left\"><span data-spm-anchor-id=\"a2700.details.0.i7.18686166vdqYEW\">Modelo de m\u00e1quina<\/span><\/p>\n<\/td>\n<td style=\"width: 71.2598%;\" valign=\"bottom\" width=\"358\">\n<p align=\"left\">SD32<\/p>\n<\/td>\n<\/tr>\n<tr>\n<td style=\"width: 28.3465%;\" valign=\"bottom\" width=\"141\">\n<p align=\"left\">N\u00famero de pieza<\/p>\n<\/td>\n<td style=\"width: 71.2598%;\" valign=\"bottom\" width=\"358\">\n<p align=\"left\">175-27-31255<\/p>\n<\/td>\n<\/tr>\n<tr>\n<td style=\"width: 28.3465%;\" valign=\"bottom\" width=\"141\">\n<p align=\"left\">Nombre de la pieza<\/p>\n<\/td>\n<td style=\"width: 71.2598%;\" valign=\"bottom\" width=\"358\">\n<p align=\"left\">placa<\/p>\n<\/td>\n<\/tr>\n<tr>\n<td style=\"width: 28.3465%;\" valign=\"bottom\" width=\"141\">\n<p align=\"left\">Stock<\/p>\n<\/td>\n<td style=\"width: 71.2598%;\" valign=\"bottom\" width=\"358\">\n<p align=\"left\">Disponible<\/p>\n<\/td>\n<\/tr>\n<tr>\n<td style=\"width: 28.3465%;\" valign=\"bottom\" width=\"141\">\n<p align=\"left\">Peso KG<\/p>\n<\/td>\n<td style=\"width: 71.2598%;\" valign=\"bottom\" width=\"358\">\n<p align=\"left\">54 kg<\/p>\n<\/td>\n<\/tr>\n<tr>\n<td style=\"width: 28.3465%;\" valign=\"bottom\" width=\"141\">\n<p align=\"left\">Descripci\u00f3n<\/p>\n<\/td>\n<td style=\"width: 71.2598%;\" valign=\"bottom\" width=\"358\">\n<p align=\"left\">NUEVO Original<\/p>\n<\/td>\n<\/tr>\n<tr>\n<td style=\"width: 28.3465%;\" valign=\"bottom\" width=\"141\">\n<p align=\"left\">Disponible Ventajas otros modelos<\/p>\n<\/td>\n<td style=\"width: 71.2598%;\" valign=\"bottom\" width=\"358\">\n<p align=\"left\">SD32\u00a0<\/p>\n<\/td>\n<\/tr>\n<tr>\n<td style=\"width: 28.3465%;\" valign=\"bottom\" width=\"141\">\n<p align=\"left\">Forma de entrega<\/p>\n<\/td>\n<td style=\"width: 71.2598%;\" valign=\"bottom\" width=\"358\">\n<p align=\"left\">Por mar, por aire o por v\u00eda r\u00e1pida, a su elecci\u00f3n<\/p>\n<\/td>\n<\/tr>\n<tr>\n<td style=\"width: 28.3465%;\" valign=\"bottom\" width=\"141\">\n<p align=\"left\">Forma de pago<\/p>\n<\/td>\n<td style=\"width: 71.2598%;\" valign=\"bottom\" width=\"358\">\n<p align=\"left\">100%TT<\/p>\n<\/td>\n<\/tr>\n<tr>\n<td style=\"width: 28.3465%;\" valign=\"bottom\" width=\"141\">\n<p align=\"left\">Puerto de carga<\/p>\n<\/td>\n<td style=\"width: 71.2598%;\" valign=\"bottom\" width=\"358\">\n<p align=\"left\">Qingdao o seg\u00fan sus necesidades<\/p>\n<\/td>\n<\/tr>\n<tr>\n<td style=\"width: 28.3465%;\" valign=\"bottom\" width=\"141\">\n<p align=\"left\">Marca y LOGO<\/p>\n<\/td>\n<td style=\"width: 71.2598%;\" valign=\"bottom\" width=\"358\">\n<p align=\"left\">SHANTUI, OEM o seg\u00fan su petici\u00f3n<\/p>\n<\/td>\n<\/tr>\n<tr>\n<td style=\"width: 28.3465%;\" valign=\"bottom\" width=\"141\">\n<p align=\"left\">Detalles del embalaje<\/p>\n<\/td>\n<td style=\"width: 71.2598%;\" valign=\"bottom\" width=\"358\">\n<p align=\"left\">caja de madera\/palets o seg\u00fan sus necesidades<\/p>\n<\/td>\n<\/tr>\n<\/tbody>\n<\/table>\n<p>Para m\u00e1s informaci\u00f3n, p\u00f3ngase en contacto con nosotros.\u00a0<\/p>\n<p><span style=\"color: #ff0000;\"><strong>WhatsApp, Wechat : 0086 15553722299<\/strong><\/span><\/p>","protected":false},"excerpt":{"rendered":"<p>Shantui SD32 bulldozer final drive gear 175-27-31255 175-27-31255 SD32 bulldozer final drive gear D155 bulldozer final drive gear 175-27-31255 Earth-moving machinery bulldozer undercarriage spare parts final drive gear 175-27-31255 for SHANTUI SD32 SHANTUI Bulldozer Final Drive Gear D80 D85 SD22 SD32 175-27-31362 195-27-12435 154-27-12110 Final Drive Gear Ring Specification Product name drive gear Part number [&hellip;]<\/p>","protected":false},"featured_media":7655,"menu_order":0,"comment_status":"closed","ping_status":"closed","template":"","meta":{"_seopress_robots_primary_cat":"","_seopress_titles_title":"","_seopress_titles_desc":"","_seopress_robots_index":"","om_disable_all_campaigns":false,"_mi_skip_tracking":false,"_monsterinsights_sitenote_active":false,"_monsterinsights_sitenote_note":"","_monsterinsights_sitenote_category":0},"product_cat":[],"product_tag":[],"product_category":[121],"class_list":{"0":"post-7654","1":"product","2":"type-product","3":"status-publish","4":"has-post-thumbnail","6":"product_category-shantui-bulldozer-part","8":"first","9":"instock","10":"shipping-taxable","11":"product-type-simple"},"acf":[],"_links":{"self":[{"href":"https:\/\/www.excavatorenginepart.com\/es\/wp-json\/wp\/v2\/product\/7654","targetHints":{"allow":["GET"]}}],"collection":[{"href":"https:\/\/www.excavatorenginepart.com\/es\/wp-json\/wp\/v2\/product"}],"about":[{"href":"https:\/\/www.excavatorenginepart.com\/es\/wp-json\/wp\/v2\/types\/product"}],"replies":[{"embeddable":true,"href":"https:\/\/www.excavatorenginepart.com\/es\/wp-json\/wp\/v2\/comments?post=7654"}],"wp:featuredmedia":[{"embeddable":true,"href":"https:\/\/www.excavatorenginepart.com\/es\/wp-json\/wp\/v2\/media\/7655"}],"wp:attachment":[{"href":"https:\/\/www.excavatorenginepart.com\/es\/wp-json\/wp\/v2\/media?parent=7654"}],"wp:term":[{"taxonomy":"product_cat","embeddable":true,"href":"https:\/\/www.excavatorenginepart.com\/es\/wp-json\/wp\/v2\/product_cat?post=7654"},{"taxonomy":"product_tag","embeddable":true,"href":"https:\/\/www.excavatorenginepart.com\/es\/wp-json\/wp\/v2\/product_tag?post=7654"},{"taxonomy":"product_category","embeddable":true,"href":"https:\/\/www.excavatorenginepart.com\/es\/wp-json\/wp\/v2\/product_category?post=7654"}],"curies":[{"name":"wp","href":"https:\/\/api.w.org\/{rel}","templated":true}]}}