{"id":7333,"date":"2022-12-06T08:47:06","date_gmt":"2022-12-06T08:47:06","guid":{"rendered":"https:\/\/www.excavatorenginepart.com\/?post_type=product&#038;p=7333"},"modified":"2022-12-06T08:54:01","modified_gmt":"2022-12-06T08:54:01","slug":"shantui-sd32-universal-joint-coupling-plate-175-15-42151","status":"publish","type":"product","link":"https:\/\/www.excavatorenginepart.com\/es\/product\/shantui-sd32-universal-joint-coupling-plate-175-15-42151\/","title":{"rendered":"Placa de acoplamiento de junta universal Shantui SD32 175-15-42151"},"content":{"rendered":"<p>Shantui SD32 Universal Joint Coupling Plate 175-15-42151 Was Connecting Bulldozer Transmission\u00a0<\/p>\n<p>And Torque Converter. Ensure the power transmission.\u00a0<\/p>\n<p><strong>Placa de acoplamiento de junta universal Shantui SD32 175-15-42151<\/strong><\/p>\n<p><img fetchpriority=\"high\" decoding=\"async\" class=\"alignnone size-medium wp-image-7337\" src=\"https:\/\/www.excavatorenginepart.com\/wp-content\/uploads\/2022\/12\/Shantui-SD32-universal-joint-coupling-plate-300x210.png\" alt=\"SD32 Placa de acoplamiento \" width=\"300\" height=\"210\" srcset=\"https:\/\/www.excavatorenginepart.com\/wp-content\/uploads\/2022\/12\/Shantui-SD32-universal-joint-coupling-plate-300x210.png 300w, https:\/\/www.excavatorenginepart.com\/wp-content\/uploads\/2022\/12\/Shantui-SD32-universal-joint-coupling-plate.png 641w\" sizes=\"(max-width: 300px) 100vw, 300px\" \/><\/p>\n<p>bulldozer d155c-1 coupling 175-15-42151<\/p>\n<p><img decoding=\"async\" class=\"alignnone size-medium wp-image-7336\" src=\"https:\/\/www.excavatorenginepart.com\/wp-content\/uploads\/2022\/12\/bulldozer-d155c-1-coupling-175-15-4215-300x206.png\" alt=\"Bulldozer coupling \" width=\"300\" height=\"206\" srcset=\"https:\/\/www.excavatorenginepart.com\/wp-content\/uploads\/2022\/12\/bulldozer-d155c-1-coupling-175-15-4215-300x206.png 300w, https:\/\/www.excavatorenginepart.com\/wp-content\/uploads\/2022\/12\/bulldozer-d155c-1-coupling-175-15-4215.png 645w\" sizes=\"(max-width: 300px) 100vw, 300px\" \/><\/p>\n<p>175-15-42151 Flange Bulldozer Spare Parts<\/p>\n<p><img decoding=\"async\" class=\"alignnone size-medium wp-image-7335\" src=\"https:\/\/www.excavatorenginepart.com\/wp-content\/uploads\/2022\/12\/175-15-42151-Flange-Bulldozer-Spare-Parts-300x212.png\" alt=\"Bulldozer flange\" width=\"300\" height=\"212\" srcset=\"https:\/\/www.excavatorenginepart.com\/wp-content\/uploads\/2022\/12\/175-15-42151-Flange-Bulldozer-Spare-Parts-300x212.png 300w, https:\/\/www.excavatorenginepart.com\/wp-content\/uploads\/2022\/12\/175-15-42151-Flange-Bulldozer-Spare-Parts.png 638w\" sizes=\"(max-width: 300px) 100vw, 300px\" \/><\/p>\n<p>175-15-42151 Bulldozer Parts Accessories Flange<\/p>\n<p><img loading=\"lazy\" decoding=\"async\" class=\"alignnone size-medium wp-image-7334\" src=\"https:\/\/www.excavatorenginepart.com\/wp-content\/uploads\/2022\/12\/175-15-42151-Bulldozer-Parts-Accessories-Flange-300x176.png\" alt=\"175-15-42151\" width=\"300\" height=\"176\" srcset=\"https:\/\/www.excavatorenginepart.com\/wp-content\/uploads\/2022\/12\/175-15-42151-Bulldozer-Parts-Accessories-Flange-300x176.png 300w, https:\/\/www.excavatorenginepart.com\/wp-content\/uploads\/2022\/12\/175-15-42151-Bulldozer-Parts-Accessories-Flange.png 599w\" sizes=\"(max-width: 300px) 100vw, 300px\" \/><\/p>\n<p><strong>Las ventajas de nuestra empresa<\/strong><\/p>\n<p>Podemos suministrar <a href=\"http:\/\/www.kpdiesel.com\">Piezas de motores diesel<\/a> :<br \/>\n<a href=\"https:\/\/www.excavatorenginepart.com\/es\/product-category\/cummins-diesel-engine\/\">Motores diesel: <\/a>Motor diesel Cummins, motor diesel Weichai, motor diesel Shangchai, motor diesel Komatsu, motor diesel Yanmar.<\/p>\n<p><a href=\"https:\/\/www.excavatorenginepart.com\/es\/product-category\/deutz-engine-part\/\">Piezas del motor:<\/a> Pieza de motor Cummins, pieza de motor Deutz, pieza de motor Volvo, pieza de motor Caterpiller, pieza de motor Kubota, pieza de motor Yanmar, pieza de motor Isuzu, pieza de motor Mitsubishi, pieza de motor Perkins, pieza de motor Komatsu, pieza de motor Wechai, pieza de motor Shangchai, pieza de motor Yuchai.<\/p>\n<p><a href=\"https:\/\/www.excavatorenginepart.com\/es\/product-category\/shantui-bulldozer-part\/\">Piezas de bulldozer:<\/a> Shantui bulldozer parte, Shanghai pengpu bulldozer parte, HBXG bulldozer parte, Liugong Bulldozer parte, Tianjin Yishan bulldozer parte.<\/p>\n<p><a href=\"https:\/\/www.excavatorenginepart.com\/es\/product-category\/sdlg-loader-parts\/\">Piezas de la cargadora:<\/a> Piezas para cargadoras SDLG, piezas para cargadoras Liugong, piezas para cargadoras XCMG, piezas para cargadoras Lonking, piezas para cargadoras XGMA.<\/p>\n<p><a href=\"https:\/\/www.excavatorenginepart.com\/es\/product-category\/dse-controller\/\">Piezas del generador:<\/a> Controlador DSE, Controlador ComAp, Controlador Woodward, Controlador de velocidad Cummins, Controlador de velocidad GAC, AVR de generador, Actuadores de motor, Sensores de motor, Medidores de motor.<\/p>\n<p><a href=\"https:\/\/www.excavatorenginepart.com\/es\/product-category\/excavator-hydraulic-pump\/\">Piezas de excavadoras<\/a>: Piezas del motor de la excavadora, piezas del tren de rodaje de la excavadora, transmisi\u00f3n final de la excavadora, v\u00e1lvula principal de la excavadora, bomba hidr\u00e1ulica de la excavadora.<\/p>\n<p>Para m\u00e1s informaci\u00f3n, p\u00f3ngase en contacto con nosotros.\u00a0<\/p>\n<p><strong><span style=\"color: #ff0000;\">WhatsApp, Wechat : 0086 15553722299\u00a0<\/span><\/strong><\/p>\n<p>&nbsp;<\/p>\n<p>&nbsp;<\/p>\n<p>&nbsp;<\/p>","protected":false},"excerpt":{"rendered":"<p>Shantui SD32 Universal Joint Coupling Plate 175-15-42151 Was Connecting Bulldozer Transmission\u00a0 And Torque Converter. Ensure the power transmission.\u00a0 Shantui SD32 Universal Joint Coupling Plate 175-15-42151 bulldozer d155c-1 coupling 175-15-42151 175-15-42151 Flange Bulldozer Spare Parts 175-15-42151 Bulldozer Parts Accessories Flange Our company advantage products We Can Supplied Diesel Engine Parts : Diesel Engines: Cummins diesel engine, [&hellip;]<\/p>","protected":false},"featured_media":7337,"menu_order":0,"comment_status":"closed","ping_status":"closed","template":"","meta":{"_seopress_robots_primary_cat":"","_seopress_titles_title":"","_seopress_titles_desc":"","_seopress_robots_index":"","om_disable_all_campaigns":false,"_mi_skip_tracking":false,"_monsterinsights_sitenote_active":false,"_monsterinsights_sitenote_note":"","_monsterinsights_sitenote_category":0},"product_cat":[],"product_tag":[],"product_category":[121],"class_list":{"0":"post-7333","1":"product","2":"type-product","3":"status-publish","4":"has-post-thumbnail","6":"product_category-shantui-bulldozer-part","8":"first","9":"instock","10":"shipping-taxable","11":"product-type-simple"},"acf":[],"_links":{"self":[{"href":"https:\/\/www.excavatorenginepart.com\/es\/wp-json\/wp\/v2\/product\/7333","targetHints":{"allow":["GET"]}}],"collection":[{"href":"https:\/\/www.excavatorenginepart.com\/es\/wp-json\/wp\/v2\/product"}],"about":[{"href":"https:\/\/www.excavatorenginepart.com\/es\/wp-json\/wp\/v2\/types\/product"}],"replies":[{"embeddable":true,"href":"https:\/\/www.excavatorenginepart.com\/es\/wp-json\/wp\/v2\/comments?post=7333"}],"wp:featuredmedia":[{"embeddable":true,"href":"https:\/\/www.excavatorenginepart.com\/es\/wp-json\/wp\/v2\/media\/7337"}],"wp:attachment":[{"href":"https:\/\/www.excavatorenginepart.com\/es\/wp-json\/wp\/v2\/media?parent=7333"}],"wp:term":[{"taxonomy":"product_cat","embeddable":true,"href":"https:\/\/www.excavatorenginepart.com\/es\/wp-json\/wp\/v2\/product_cat?post=7333"},{"taxonomy":"product_tag","embeddable":true,"href":"https:\/\/www.excavatorenginepart.com\/es\/wp-json\/wp\/v2\/product_tag?post=7333"},{"taxonomy":"product_category","embeddable":true,"href":"https:\/\/www.excavatorenginepart.com\/es\/wp-json\/wp\/v2\/product_category?post=7333"}],"curies":[{"name":"wp","href":"https:\/\/api.w.org\/{rel}","templated":true}]}}