{"id":7302,"date":"2022-12-03T12:40:34","date_gmt":"2022-12-03T12:40:34","guid":{"rendered":"https:\/\/www.excavatorenginepart.com\/?post_type=product&#038;p=7302"},"modified":"2022-12-03T14:39:50","modified_gmt":"2022-12-03T14:39:50","slug":"wholesale-diesel-engine-spare-parts-isx15-qsx15-crankshaft-position-sensor-5491994","status":"publish","type":"product","link":"https:\/\/www.excavatorenginepart.com\/es\/product\/wholesale-diesel-engine-spare-parts-isx15-qsx15-crankshaft-position-sensor-5491994\/","title":{"rendered":"QSX15 ISX15 X15 diesel engine crankshaft position sensor 5491994"},"content":{"rendered":"<p>Wholesale Diesel engine spare parts ISX15 QSX15 crankshaft position sensor 5491994<\/p>\n<p><strong>QSX15 ISX15 X15 diesel engine crankshaft position sensor 5491994<\/strong><\/p>\n<p><img fetchpriority=\"high\" decoding=\"async\" class=\"alignnone size-medium wp-image-7303\" src=\"https:\/\/www.excavatorenginepart.com\/wp-content\/uploads\/2022\/12\/5491944-Excavator-Accessories-Crankshaft-sensor-for-CUMMINS-HYUNDAI-X15-QSX15-ISX15-300x225.png\" alt=\"\" width=\"300\" height=\"225\" srcset=\"https:\/\/www.excavatorenginepart.com\/wp-content\/uploads\/2022\/12\/5491944-Excavator-Accessories-Crankshaft-sensor-for-CUMMINS-HYUNDAI-X15-QSX15-ISX15-300x225.png 300w, https:\/\/www.excavatorenginepart.com\/wp-content\/uploads\/2022\/12\/5491944-Excavator-Accessories-Crankshaft-sensor-for-CUMMINS-HYUNDAI-X15-QSX15-ISX15-768x576.png 768w, https:\/\/www.excavatorenginepart.com\/wp-content\/uploads\/2022\/12\/5491944-Excavator-Accessories-Crankshaft-sensor-for-CUMMINS-HYUNDAI-X15-QSX15-ISX15.png 800w\" sizes=\"(max-width: 300px) 100vw, 300px\" \/><\/p>\n<p>5491944 Excavator Accessories Crankshaft sensor for CUMMINS HYUNDAI X15 QSX15 ISX15<\/p>\n<p><img decoding=\"async\" class=\"alignnone size-medium wp-image-7304\" src=\"https:\/\/www.excavatorenginepart.com\/wp-content\/uploads\/2022\/12\/CCEC-machinery-engine-parts-X15-ISX15-QSX15-position-sensor-5491994-300x225.png\" alt=\"\" width=\"300\" height=\"225\" srcset=\"https:\/\/www.excavatorenginepart.com\/wp-content\/uploads\/2022\/12\/CCEC-machinery-engine-parts-X15-ISX15-QSX15-position-sensor-5491994-300x225.png 300w, https:\/\/www.excavatorenginepart.com\/wp-content\/uploads\/2022\/12\/CCEC-machinery-engine-parts-X15-ISX15-QSX15-position-sensor-5491994-768x576.png 768w, https:\/\/www.excavatorenginepart.com\/wp-content\/uploads\/2022\/12\/CCEC-machinery-engine-parts-X15-ISX15-QSX15-position-sensor-5491994.png 800w\" sizes=\"(max-width: 300px) 100vw, 300px\" \/><\/p>\n<p>CCEC machinery engine parts X15 ISX15 QSX15 position sensor 5491994<\/p>\n<p><img decoding=\"async\" class=\"alignnone size-medium wp-image-7305\" src=\"https:\/\/www.excavatorenginepart.com\/wp-content\/uploads\/2022\/12\/QSX15-ISX15-X15-diesel-engine-crankshaft-position-sensor-5491994-300x225.png\" alt=\"\" width=\"300\" height=\"225\" srcset=\"https:\/\/www.excavatorenginepart.com\/wp-content\/uploads\/2022\/12\/QSX15-ISX15-X15-diesel-engine-crankshaft-position-sensor-5491994-300x225.png 300w, https:\/\/www.excavatorenginepart.com\/wp-content\/uploads\/2022\/12\/QSX15-ISX15-X15-diesel-engine-crankshaft-position-sensor-5491994-768x576.png 768w, https:\/\/www.excavatorenginepart.com\/wp-content\/uploads\/2022\/12\/QSX15-ISX15-X15-diesel-engine-crankshaft-position-sensor-5491994.png 800w\" sizes=\"(max-width: 300px) 100vw, 300px\" \/><\/p>\n<p>Wholesale Diesel engine spare parts ISX15 QSX15 crankshaft position sensor 5491994<\/p>\n<p><strong>Las ventajas de nuestra empresa<\/strong><\/p>\n<p>Podemos suministrar <a href=\"http:\/\/www.kpdiesel.com\">Piezas de motores diesel<\/a> :<br \/>\n<a href=\"https:\/\/www.excavatorenginepart.com\/es\/product-category\/cummins-diesel-engine\/\">Motores diesel: <\/a>Motor diesel Cummins, motor diesel Weichai, motor diesel Shangchai, motor diesel Komatsu, motor diesel Yanmar.<\/p>\n<p><a href=\"https:\/\/www.excavatorenginepart.com\/es\/product-category\/deutz-engine-part\/\">Piezas del motor:<\/a> Pieza de motor Cummins, pieza de motor Deutz, pieza de motor Volvo, pieza de motor Caterpiller, pieza de motor Kubota, pieza de motor Yanmar, pieza de motor Isuzu, pieza de motor Mitsubishi, pieza de motor Perkins, pieza de motor Komatsu, pieza de motor Wechai, pieza de motor Shangchai, pieza de motor Yuchai.<\/p>\n<p><a href=\"https:\/\/www.excavatorenginepart.com\/es\/product-category\/shantui-bulldozer-part\/\">Piezas de bulldozer:<\/a> Shantui bulldozer parte, Shanghai pengpu bulldozer parte, HBXG bulldozer parte, Liugong Bulldozer parte, Tianjin Yishan bulldozer parte.<\/p>\n<p><a href=\"https:\/\/www.excavatorenginepart.com\/es\/product-category\/sdlg-loader-parts\/\">Piezas de la cargadora:<\/a> Piezas para cargadoras SDLG, piezas para cargadoras Liugong, piezas para cargadoras XCMG, piezas para cargadoras Lonking, piezas para cargadoras XGMA.<\/p>\n<p><a href=\"https:\/\/www.excavatorenginepart.com\/es\/product-category\/dse-controller\/\">Piezas del generador:<\/a> Controlador DSE, Controlador ComAp, Controlador Woodward, Controlador de velocidad Cummins, Controlador de velocidad GAC, AVR de generador, Actuadores de motor, Sensores de motor, Medidores de motor.<\/p>\n<p><a href=\"https:\/\/www.excavatorenginepart.com\/es\/product-category\/excavator-hydraulic-pump\/\">Piezas de excavadoras<\/a>: Piezas del motor de la excavadora, piezas del tren de rodaje de la excavadora, transmisi\u00f3n final de la excavadora, v\u00e1lvula principal de la excavadora, bomba hidr\u00e1ulica de la excavadora.<\/p>\n<p>Para m\u00e1s informaci\u00f3n, p\u00f3ngase en contacto con nosotros.\u00a0<\/p>\n<p><span style=\"color: #ff0000;\"><strong>WhatsApp, Wechat : 0086 15553722299\u00a0<\/strong><\/span><\/p>","protected":false},"excerpt":{"rendered":"<p>Wholesale Diesel engine spare parts ISX15 QSX15 crankshaft position sensor 5491994 QSX15 ISX15 X15 diesel engine crankshaft position sensor 5491994 5491944 Excavator Accessories Crankshaft sensor for CUMMINS HYUNDAI X15 QSX15 ISX15 CCEC machinery engine parts X15 ISX15 QSX15 position sensor 5491994 Wholesale Diesel engine spare parts ISX15 QSX15 crankshaft position sensor 5491994 Our company advantage [&hellip;]<\/p>","protected":false},"featured_media":7303,"menu_order":0,"comment_status":"closed","ping_status":"closed","template":"","meta":{"_seopress_robots_primary_cat":"","_seopress_titles_title":"","_seopress_titles_desc":"","_seopress_robots_index":"","om_disable_all_campaigns":false,"_mi_skip_tracking":false,"_monsterinsights_sitenote_active":false,"_monsterinsights_sitenote_note":"","_monsterinsights_sitenote_category":0},"product_cat":[],"product_tag":[],"product_category":[115],"class_list":{"0":"post-7302","1":"product","2":"type-product","3":"status-publish","4":"has-post-thumbnail","6":"product_category-cummins-engine-part","8":"first","9":"instock","10":"shipping-taxable","11":"product-type-simple"},"acf":[],"_links":{"self":[{"href":"https:\/\/www.excavatorenginepart.com\/es\/wp-json\/wp\/v2\/product\/7302","targetHints":{"allow":["GET"]}}],"collection":[{"href":"https:\/\/www.excavatorenginepart.com\/es\/wp-json\/wp\/v2\/product"}],"about":[{"href":"https:\/\/www.excavatorenginepart.com\/es\/wp-json\/wp\/v2\/types\/product"}],"replies":[{"embeddable":true,"href":"https:\/\/www.excavatorenginepart.com\/es\/wp-json\/wp\/v2\/comments?post=7302"}],"wp:featuredmedia":[{"embeddable":true,"href":"https:\/\/www.excavatorenginepart.com\/es\/wp-json\/wp\/v2\/media\/7303"}],"wp:attachment":[{"href":"https:\/\/www.excavatorenginepart.com\/es\/wp-json\/wp\/v2\/media?parent=7302"}],"wp:term":[{"taxonomy":"product_cat","embeddable":true,"href":"https:\/\/www.excavatorenginepart.com\/es\/wp-json\/wp\/v2\/product_cat?post=7302"},{"taxonomy":"product_tag","embeddable":true,"href":"https:\/\/www.excavatorenginepart.com\/es\/wp-json\/wp\/v2\/product_tag?post=7302"},{"taxonomy":"product_category","embeddable":true,"href":"https:\/\/www.excavatorenginepart.com\/es\/wp-json\/wp\/v2\/product_category?post=7302"}],"curies":[{"name":"wp","href":"https:\/\/api.w.org\/{rel}","templated":true}]}}