{"id":7290,"date":"2022-12-03T02:40:09","date_gmt":"2022-12-03T02:40:09","guid":{"rendered":"https:\/\/www.excavatorenginepart.com\/?post_type=product&#038;p=7290"},"modified":"2022-12-04T07:04:55","modified_gmt":"2022-12-04T07:04:55","slug":"cummins-ism11-qsm11-isx15-qsx15-cm570-module-electronic-control-3408501","status":"publish","type":"product","link":"https:\/\/www.excavatorenginepart.com\/es\/product\/cummins-ism11-qsm11-isx15-qsx15-cm570-module-electronic-control-3408501\/","title":{"rendered":"Cummins ISM11 QSM11 ISX15 QSX15 CM570 Module Electronic Control 3408501"},"content":{"rendered":"<p>Cummins ISM11 QSM11 ISX15 QSX15 CM570 Module Electronic Control 3408501<\/p>\n<p>Cummins ISM11 QSM11 ISX15 QSX15 CM570 Module Electronic Control 3408501<\/p>\n<p><img fetchpriority=\"high\" decoding=\"async\" class=\"alignnone size-medium wp-image-7292\" src=\"https:\/\/www.excavatorenginepart.com\/wp-content\/uploads\/2022\/12\/Cummins-ISM11-QSM11-ISX15-QSX15-CM570-Module-Electronic-Control-3408501-300x225.jpg\" alt=\"\" width=\"300\" height=\"225\" srcset=\"https:\/\/www.excavatorenginepart.com\/wp-content\/uploads\/2022\/12\/Cummins-ISM11-QSM11-ISX15-QSX15-CM570-Module-Electronic-Control-3408501-300x225.jpg 300w, https:\/\/www.excavatorenginepart.com\/wp-content\/uploads\/2022\/12\/Cummins-ISM11-QSM11-ISX15-QSX15-CM570-Module-Electronic-Control-3408501-768x576.jpg 768w, https:\/\/www.excavatorenginepart.com\/wp-content\/uploads\/2022\/12\/Cummins-ISM11-QSM11-ISX15-QSX15-CM570-Module-Electronic-Control-3408501.jpg 800w\" sizes=\"(max-width: 300px) 100vw, 300px\" \/><\/p>\n<p>3408501 ELECTRONIC CONTROL MODULE QSM11 ISM11 ECM Diesel Engine parts for Cummins<\/p>\n<p><img decoding=\"async\" class=\"alignnone size-medium wp-image-7291\" src=\"https:\/\/www.excavatorenginepart.com\/wp-content\/uploads\/2022\/12\/3408501-ELECTRONIC-CONTROL-MODULE-QSM11-ISM11-ECM-Diesel-Engine-parts-for-Cummins-300x225.jpg\" alt=\"\" width=\"300\" height=\"225\" srcset=\"https:\/\/www.excavatorenginepart.com\/wp-content\/uploads\/2022\/12\/3408501-ELECTRONIC-CONTROL-MODULE-QSM11-ISM11-ECM-Diesel-Engine-parts-for-Cummins-300x225.jpg 300w, https:\/\/www.excavatorenginepart.com\/wp-content\/uploads\/2022\/12\/3408501-ELECTRONIC-CONTROL-MODULE-QSM11-ISM11-ECM-Diesel-Engine-parts-for-Cummins-768x576.jpg 768w, https:\/\/www.excavatorenginepart.com\/wp-content\/uploads\/2022\/12\/3408501-ELECTRONIC-CONTROL-MODULE-QSM11-ISM11-ECM-Diesel-Engine-parts-for-Cummins.jpg 800w\" sizes=\"(max-width: 300px) 100vw, 300px\" \/><\/p>\n<p>Diesel Engine Electronic Control Module ECM 3408501 For CUMMINS ISX15 QSX15 Engine<\/p>\n<p><img decoding=\"async\" class=\"alignnone size-medium wp-image-7293\" src=\"https:\/\/www.excavatorenginepart.com\/wp-content\/uploads\/2022\/12\/Diesel-Engine-Electronic-Control-Module-ECM-3408501-For-CUMMINS-ISX15-QSX15-Engine-300x225.jpg\" alt=\"\" width=\"300\" height=\"225\" srcset=\"https:\/\/www.excavatorenginepart.com\/wp-content\/uploads\/2022\/12\/Diesel-Engine-Electronic-Control-Module-ECM-3408501-For-CUMMINS-ISX15-QSX15-Engine-300x225.jpg 300w, https:\/\/www.excavatorenginepart.com\/wp-content\/uploads\/2022\/12\/Diesel-Engine-Electronic-Control-Module-ECM-3408501-For-CUMMINS-ISX15-QSX15-Engine-768x576.jpg 768w, https:\/\/www.excavatorenginepart.com\/wp-content\/uploads\/2022\/12\/Diesel-Engine-Electronic-Control-Module-ECM-3408501-For-CUMMINS-ISX15-QSX15-Engine.jpg 800w\" sizes=\"(max-width: 300px) 100vw, 300px\" \/><\/p>\n<p>Excavator R400-5 R400-7 R500-5 R500-7 ISX ECM 3408501 Engine Controller<\/p>\n<p><strong>Las ventajas de nuestra empresa<\/strong><\/p>\n<p>Podemos suministrar <a href=\"http:\/\/www.kpdiesel.com\">Piezas de motores diesel<\/a> :<br \/>\n<a href=\"https:\/\/www.excavatorenginepart.com\/es\/product-category\/cummins-diesel-engine\/\">Motores diesel: <\/a>Motor diesel Cummins, motor diesel Weichai, motor diesel Shangchai, motor diesel Komatsu, motor diesel Yanmar.<\/p>\n<p><a href=\"https:\/\/www.excavatorenginepart.com\/es\/product-category\/deutz-engine-part\/\">Piezas del motor:<\/a> Pieza de motor Cummins, pieza de motor Deutz, pieza de motor Volvo, pieza de motor Caterpiller, pieza de motor Kubota, pieza de motor Yanmar, pieza de motor Isuzu, pieza de motor Mitsubishi, pieza de motor Perkins, pieza de motor Komatsu, pieza de motor Wechai, pieza de motor Shangchai, pieza de motor Yuchai.<\/p>\n<p><a href=\"https:\/\/www.excavatorenginepart.com\/es\/product-category\/shantui-bulldozer-part\/\">Piezas de bulldozer:<\/a> Shantui bulldozer parte, Shanghai pengpu bulldozer parte, HBXG bulldozer parte, Liugong Bulldozer parte, Tianjin Yishan bulldozer parte.<\/p>\n<p><a href=\"https:\/\/www.excavatorenginepart.com\/es\/product-category\/sdlg-loader-parts\/\">Piezas de la cargadora:<\/a> Piezas para cargadoras SDLG, piezas para cargadoras Liugong, piezas para cargadoras XCMG, piezas para cargadoras Lonking, piezas para cargadoras XGMA.<\/p>\n<p><a href=\"https:\/\/www.excavatorenginepart.com\/es\/product-category\/dse-controller\/\">Piezas del generador:<\/a> Controlador DSE, Controlador ComAp, Controlador Woodward, Controlador de velocidad Cummins, Controlador de velocidad GAC, AVR de generador, Actuadores de motor, Sensores de motor, Medidores de motor.<\/p>\n<p><a href=\"https:\/\/www.excavatorenginepart.com\/es\/product-category\/excavator-hydraulic-pump\/\">Piezas de excavadoras<\/a>: Piezas del motor de la excavadora, piezas del tren de rodaje de la excavadora, transmisi\u00f3n final de la excavadora, v\u00e1lvula principal de la excavadora, bomba hidr\u00e1ulica de la excavadora.<\/p>\n<p>Para m\u00e1s informaci\u00f3n, p\u00f3ngase en contacto con nosotros.\u00a0<\/p>\n<p><strong><span style=\"color: #ff0000;\">WhatsApp, Wechat : 0086 15553722299\u00a0<\/span><\/strong><\/p>\n<p>&nbsp;<\/p>\n<p>&nbsp;<\/p>","protected":false},"excerpt":{"rendered":"<p>Cummins ISM11 QSM11 ISX15 QSX15 CM570 Module Electronic Control 3408501 Cummins ISM11 QSM11 ISX15 QSX15 CM570 Module Electronic Control 3408501 3408501 ELECTRONIC CONTROL MODULE QSM11 ISM11 ECM Diesel Engine parts for Cummins Diesel Engine Electronic Control Module ECM 3408501 For CUMMINS ISX15 QSX15 Engine Excavator R400-5 R400-7 R500-5 R500-7 ISX ECM 3408501 Engine Controller Our [&hellip;]<\/p>","protected":false},"featured_media":7292,"menu_order":0,"comment_status":"closed","ping_status":"closed","template":"","meta":{"_seopress_robots_primary_cat":"","_seopress_titles_title":"","_seopress_titles_desc":"","_seopress_robots_index":"","om_disable_all_campaigns":false,"_mi_skip_tracking":false,"_monsterinsights_sitenote_active":false,"_monsterinsights_sitenote_note":"","_monsterinsights_sitenote_category":0},"product_cat":[],"product_tag":[],"product_category":[115],"class_list":{"0":"post-7290","1":"product","2":"type-product","3":"status-publish","4":"has-post-thumbnail","6":"product_category-cummins-engine-part","8":"first","9":"instock","10":"shipping-taxable","11":"product-type-simple"},"acf":[],"_links":{"self":[{"href":"https:\/\/www.excavatorenginepart.com\/es\/wp-json\/wp\/v2\/product\/7290","targetHints":{"allow":["GET"]}}],"collection":[{"href":"https:\/\/www.excavatorenginepart.com\/es\/wp-json\/wp\/v2\/product"}],"about":[{"href":"https:\/\/www.excavatorenginepart.com\/es\/wp-json\/wp\/v2\/types\/product"}],"replies":[{"embeddable":true,"href":"https:\/\/www.excavatorenginepart.com\/es\/wp-json\/wp\/v2\/comments?post=7290"}],"wp:featuredmedia":[{"embeddable":true,"href":"https:\/\/www.excavatorenginepart.com\/es\/wp-json\/wp\/v2\/media\/7292"}],"wp:attachment":[{"href":"https:\/\/www.excavatorenginepart.com\/es\/wp-json\/wp\/v2\/media?parent=7290"}],"wp:term":[{"taxonomy":"product_cat","embeddable":true,"href":"https:\/\/www.excavatorenginepart.com\/es\/wp-json\/wp\/v2\/product_cat?post=7290"},{"taxonomy":"product_tag","embeddable":true,"href":"https:\/\/www.excavatorenginepart.com\/es\/wp-json\/wp\/v2\/product_tag?post=7290"},{"taxonomy":"product_category","embeddable":true,"href":"https:\/\/www.excavatorenginepart.com\/es\/wp-json\/wp\/v2\/product_category?post=7290"}],"curies":[{"name":"wp","href":"https:\/\/api.w.org\/{rel}","templated":true}]}}