{"id":7285,"date":"2022-12-03T01:31:28","date_gmt":"2022-12-03T01:31:28","guid":{"rendered":"https:\/\/www.excavatorenginepart.com\/?post_type=product&#038;p=7285"},"modified":"2022-12-04T07:08:13","modified_gmt":"2022-12-04T07:08:13","slug":"cummins-engine-m11-ism11-nta855-ecm-controller-3408303","status":"publish","type":"product","link":"https:\/\/www.excavatorenginepart.com\/es\/product\/cummins-engine-m11-ism11-nta855-ecm-controller-3408303\/","title":{"rendered":"Motor Cummins M11 ISM11 NTA855 Controlador ECM 3408303"},"content":{"rendered":"<p>ECU ECM m\u00f3dulo controlador electr\u00f3nico 3408303 Podemos proporcionar OEM y Oringinal .\u00a0<\/p>\n<p><strong>Motor Cummins M11 ISM11 NTA855 Controlador ECM 3408303<\/strong><\/p>\n<p><img fetchpriority=\"high\" decoding=\"async\" class=\"alignnone size-medium wp-image-7286\" src=\"https:\/\/www.excavatorenginepart.com\/wp-content\/uploads\/2022\/12\/Cummins-Engine-M11-ISM11-NTA855-ECM-Controller-3408303-300x225.png\" alt=\"\" width=\"300\" height=\"225\" srcset=\"https:\/\/www.excavatorenginepart.com\/wp-content\/uploads\/2022\/12\/Cummins-Engine-M11-ISM11-NTA855-ECM-Controller-3408303-300x225.png 300w, https:\/\/www.excavatorenginepart.com\/wp-content\/uploads\/2022\/12\/Cummins-Engine-M11-ISM11-NTA855-ECM-Controller-3408303-768x576.png 768w, https:\/\/www.excavatorenginepart.com\/wp-content\/uploads\/2022\/12\/Cummins-Engine-M11-ISM11-NTA855-ECM-Controller-3408303.png 800w\" sizes=\"(max-width: 300px) 100vw, 300px\" \/><\/p>\n<p>Genuine ECU ECM m\u00f3dulo controlador electr\u00f3nico 3408303<\/p>\n<p><img decoding=\"async\" class=\"alignnone size-medium wp-image-7287\" src=\"https:\/\/www.excavatorenginepart.com\/wp-content\/uploads\/2022\/12\/Genuine-ECU-ECM-electronic-controller-module-3408303-300x225.png\" alt=\"\" width=\"300\" height=\"225\" srcset=\"https:\/\/www.excavatorenginepart.com\/wp-content\/uploads\/2022\/12\/Genuine-ECU-ECM-electronic-controller-module-3408303-300x225.png 300w, https:\/\/www.excavatorenginepart.com\/wp-content\/uploads\/2022\/12\/Genuine-ECU-ECM-electronic-controller-module-3408303-768x576.png 768w, https:\/\/www.excavatorenginepart.com\/wp-content\/uploads\/2022\/12\/Genuine-ECU-ECM-electronic-controller-module-3408303.png 800w\" sizes=\"(max-width: 300px) 100vw, 300px\" \/><\/p>\n<p>N14 M\u00f3dulo de Control Electr\u00f3nico 3408303 ECM 3408303 para cummins<\/p>\n<p><img decoding=\"async\" class=\"alignnone size-medium wp-image-7288\" src=\"https:\/\/www.excavatorenginepart.com\/wp-content\/uploads\/2022\/12\/N14-Electronic-Control-Module-3408303-ECM-3408303-for-cummins-300x225.png\" alt=\"\" width=\"300\" height=\"225\" srcset=\"https:\/\/www.excavatorenginepart.com\/wp-content\/uploads\/2022\/12\/N14-Electronic-Control-Module-3408303-ECM-3408303-for-cummins-300x225.png 300w, https:\/\/www.excavatorenginepart.com\/wp-content\/uploads\/2022\/12\/N14-Electronic-Control-Module-3408303-ECM-3408303-for-cummins-768x576.png 768w, https:\/\/www.excavatorenginepart.com\/wp-content\/uploads\/2022\/12\/N14-Electronic-Control-Module-3408303-ECM-3408303-for-cummins.png 800w\" sizes=\"(max-width: 300px) 100vw, 300px\" \/><\/p>\n<p><strong>Las ventajas de nuestra empresa<\/strong><\/p>\n<p>Podemos suministrar <a href=\"http:\/\/www.kpdiesel.com\">Piezas de motores diesel<\/a> :<br \/>\n<a href=\"https:\/\/www.excavatorenginepart.com\/es\/product-category\/cummins-diesel-engine\/\">Motores diesel: <\/a>Motor diesel Cummins, motor diesel Weichai, motor diesel Shangchai, motor diesel Komatsu, motor diesel Yanmar.<\/p>\n<p><a href=\"https:\/\/www.excavatorenginepart.com\/es\/product-category\/deutz-engine-part\/\">Piezas del motor:<\/a> Pieza de motor Cummins, pieza de motor Deutz, pieza de motor Volvo, pieza de motor Caterpiller, pieza de motor Kubota, pieza de motor Yanmar, pieza de motor Isuzu, pieza de motor Mitsubishi, pieza de motor Perkins, pieza de motor Komatsu, pieza de motor Wechai, pieza de motor Shangchai, pieza de motor Yuchai.<\/p>\n<p><a href=\"https:\/\/www.excavatorenginepart.com\/es\/product-category\/shantui-bulldozer-part\/\">Piezas de bulldozer:<\/a> Shantui bulldozer parte, Shanghai pengpu bulldozer parte, HBXG bulldozer parte, Liugong Bulldozer parte, Tianjin Yishan bulldozer parte.<\/p>\n<p><a href=\"https:\/\/www.excavatorenginepart.com\/es\/product-category\/sdlg-loader-parts\/\">Piezas de la cargadora:<\/a> Piezas para cargadoras SDLG, piezas para cargadoras Liugong, piezas para cargadoras XCMG, piezas para cargadoras Lonking, piezas para cargadoras XGMA.<\/p>\n<p><a href=\"https:\/\/www.excavatorenginepart.com\/es\/product-category\/dse-controller\/\">Piezas del generador:<\/a> Controlador DSE, Controlador ComAp, Controlador Woodward, Controlador de velocidad Cummins, Controlador de velocidad GAC, AVR de generador, Actuadores de motor, Sensores de motor, Medidores de motor.<\/p>\n<p><a href=\"https:\/\/www.excavatorenginepart.com\/es\/product-category\/excavator-hydraulic-pump\/\">Piezas de excavadoras<\/a>: Piezas del motor de la excavadora, piezas del tren de rodaje de la excavadora, transmisi\u00f3n final de la excavadora, v\u00e1lvula principal de la excavadora, bomba hidr\u00e1ulica de la excavadora.<\/p>\n<p>Para m\u00e1s informaci\u00f3n, p\u00f3ngase en contacto con nosotros.\u00a0<\/p>\n<p><strong><span style=\"color: #ff0000;\">WhatsApp, Wechat : 0086 15553722299\u00a0<\/span><\/strong><\/p>","protected":false},"excerpt":{"rendered":"<p>ECU ECM electronic controller module 3408303 We Can Provide OEM And Oringinal .\u00a0 Cummins Engine M11 ISM11 NTA855 ECM Controller 3408303 Genuine ECU ECM electronic controller module 3408303 N14 Electronic Control Module 3408303 ECM 3408303 for cummins Our company advantage products We Can Supplied Diesel Engine Parts : Diesel Engines: Cummins diesel engine, Weichai diesel [&hellip;]<\/p>","protected":false},"featured_media":7287,"menu_order":0,"comment_status":"closed","ping_status":"closed","template":"","meta":{"_seopress_robots_primary_cat":"","_seopress_titles_title":"","_seopress_titles_desc":"","_seopress_robots_index":"","om_disable_all_campaigns":false,"_mi_skip_tracking":false,"_monsterinsights_sitenote_active":false,"_monsterinsights_sitenote_note":"","_monsterinsights_sitenote_category":0},"product_cat":[],"product_tag":[],"product_category":[115],"class_list":{"0":"post-7285","1":"product","2":"type-product","3":"status-publish","4":"has-post-thumbnail","6":"product_category-cummins-engine-part","8":"first","9":"instock","10":"shipping-taxable","11":"product-type-simple"},"acf":[],"_links":{"self":[{"href":"https:\/\/www.excavatorenginepart.com\/es\/wp-json\/wp\/v2\/product\/7285","targetHints":{"allow":["GET"]}}],"collection":[{"href":"https:\/\/www.excavatorenginepart.com\/es\/wp-json\/wp\/v2\/product"}],"about":[{"href":"https:\/\/www.excavatorenginepart.com\/es\/wp-json\/wp\/v2\/types\/product"}],"replies":[{"embeddable":true,"href":"https:\/\/www.excavatorenginepart.com\/es\/wp-json\/wp\/v2\/comments?post=7285"}],"wp:featuredmedia":[{"embeddable":true,"href":"https:\/\/www.excavatorenginepart.com\/es\/wp-json\/wp\/v2\/media\/7287"}],"wp:attachment":[{"href":"https:\/\/www.excavatorenginepart.com\/es\/wp-json\/wp\/v2\/media?parent=7285"}],"wp:term":[{"taxonomy":"product_cat","embeddable":true,"href":"https:\/\/www.excavatorenginepart.com\/es\/wp-json\/wp\/v2\/product_cat?post=7285"},{"taxonomy":"product_tag","embeddable":true,"href":"https:\/\/www.excavatorenginepart.com\/es\/wp-json\/wp\/v2\/product_tag?post=7285"},{"taxonomy":"product_category","embeddable":true,"href":"https:\/\/www.excavatorenginepart.com\/es\/wp-json\/wp\/v2\/product_category?post=7285"}],"curies":[{"name":"wp","href":"https:\/\/api.w.org\/{rel}","templated":true}]}}