{"id":7251,"date":"2022-12-01T08:37:14","date_gmt":"2022-12-01T08:37:14","guid":{"rendered":"https:\/\/www.excavatorenginepart.com\/?post_type=product&#038;p=7251"},"modified":"2022-12-07T12:16:16","modified_gmt":"2022-12-07T12:16:16","slug":"kmx15rb-main-valve-for-sany-heavy-sy215-excavator","status":"publish","type":"product","link":"https:\/\/www.excavatorenginepart.com\/es\/product\/kmx15rb-main-valve-for-sany-heavy-sy215-excavator\/","title":{"rendered":"V\u00e1lvula principal KMX15RB para excavadora pesada Sany SY215"},"content":{"rendered":"<p>KMX15RB Main Valve for Sany Heavy SY215 Excavator was fitting on Sany SY23 ,SY245 Excavator\u00a0<\/p>\n<p>We can provide OEM And Origninal Sany Excavator Spare Parts.\u00a0<\/p>\n<p>V\u00e1lvula principal KMX15RB para excavadora pesada Sany SY215<\/p>\n<p><img fetchpriority=\"high\" decoding=\"async\" class=\"alignnone size-medium wp-image-7252\" src=\"https:\/\/www.excavatorenginepart.com\/wp-content\/uploads\/2022\/12\/KMX15RB-Main-Valve-for-Sany-Heavy-SY215-Excavator-300x300.jpg\" alt=\"\" width=\"300\" height=\"300\" srcset=\"https:\/\/www.excavatorenginepart.com\/wp-content\/uploads\/2022\/12\/KMX15RB-Main-Valve-for-Sany-Heavy-SY215-Excavator-300x300.jpg 300w, https:\/\/www.excavatorenginepart.com\/wp-content\/uploads\/2022\/12\/KMX15RB-Main-Valve-for-Sany-Heavy-SY215-Excavator-1024x1024.jpg 1024w, https:\/\/www.excavatorenginepart.com\/wp-content\/uploads\/2022\/12\/KMX15RB-Main-Valve-for-Sany-Heavy-SY215-Excavator-150x150.jpg 150w, https:\/\/www.excavatorenginepart.com\/wp-content\/uploads\/2022\/12\/KMX15RB-Main-Valve-for-Sany-Heavy-SY215-Excavator-768x768.jpg 768w, https:\/\/www.excavatorenginepart.com\/wp-content\/uploads\/2022\/12\/KMX15RB-Main-Valve-for-Sany-Heavy-SY215-Excavator.jpg 1078w\" sizes=\"(max-width: 300px) 100vw, 300px\" \/> \u00a0\u00a0<\/p>\n<p>KMX15RB Main Valve for Sany Heavy SY245 Excavator<\/p>\n<p><img decoding=\"async\" class=\"alignnone size-medium wp-image-7254\" src=\"https:\/\/www.excavatorenginepart.com\/wp-content\/uploads\/2022\/12\/KMX15RB-Main-Valve-for-Sany-Heavy-SY305-Excavator-300x300.jpg\" alt=\"\" width=\"300\" height=\"300\" srcset=\"https:\/\/www.excavatorenginepart.com\/wp-content\/uploads\/2022\/12\/KMX15RB-Main-Valve-for-Sany-Heavy-SY305-Excavator-300x300.jpg 300w, https:\/\/www.excavatorenginepart.com\/wp-content\/uploads\/2022\/12\/KMX15RB-Main-Valve-for-Sany-Heavy-SY305-Excavator-150x150.jpg 150w, https:\/\/www.excavatorenginepart.com\/wp-content\/uploads\/2022\/12\/KMX15RB-Main-Valve-for-Sany-Heavy-SY305-Excavator-768x768.jpg 768w, https:\/\/www.excavatorenginepart.com\/wp-content\/uploads\/2022\/12\/KMX15RB-Main-Valve-for-Sany-Heavy-SY305-Excavator.jpg 983w\" sizes=\"(max-width: 300px) 100vw, 300px\" \/><\/p>\n<p>KMX15RB Main Valve for Sany Heavy SY305 Excavator<\/p>\n<p><img decoding=\"async\" class=\"alignnone size-medium wp-image-7253\" src=\"https:\/\/www.excavatorenginepart.com\/wp-content\/uploads\/2022\/12\/KMX15RB-Main-Valve-for-Sany-Heavy-SY245-Excavator-225x300.jpg\" alt=\"\" width=\"225\" height=\"300\" srcset=\"https:\/\/www.excavatorenginepart.com\/wp-content\/uploads\/2022\/12\/KMX15RB-Main-Valve-for-Sany-Heavy-SY245-Excavator-225x300.jpg 225w, https:\/\/www.excavatorenginepart.com\/wp-content\/uploads\/2022\/12\/KMX15RB-Main-Valve-for-Sany-Heavy-SY245-Excavator-767x1024.jpg 767w, https:\/\/www.excavatorenginepart.com\/wp-content\/uploads\/2022\/12\/KMX15RB-Main-Valve-for-Sany-Heavy-SY245-Excavator-768x1025.jpg 768w, https:\/\/www.excavatorenginepart.com\/wp-content\/uploads\/2022\/12\/KMX15RB-Main-Valve-for-Sany-Heavy-SY245-Excavator.jpg 886w\" sizes=\"(max-width: 225px) 100vw, 225px\" \/><\/p>\n<p>KMX15RB Main Valve for Sany Heavy SY345 Excavator<\/p>\n<p><img fetchpriority=\"high\" decoding=\"async\" class=\"alignnone size-medium wp-image-7252\" src=\"https:\/\/www.excavatorenginepart.com\/wp-content\/uploads\/2022\/12\/KMX15RB-Main-Valve-for-Sany-Heavy-SY215-Excavator-300x300.jpg\" alt=\"\" width=\"300\" height=\"300\" srcset=\"https:\/\/www.excavatorenginepart.com\/wp-content\/uploads\/2022\/12\/KMX15RB-Main-Valve-for-Sany-Heavy-SY215-Excavator-300x300.jpg 300w, https:\/\/www.excavatorenginepart.com\/wp-content\/uploads\/2022\/12\/KMX15RB-Main-Valve-for-Sany-Heavy-SY215-Excavator-1024x1024.jpg 1024w, https:\/\/www.excavatorenginepart.com\/wp-content\/uploads\/2022\/12\/KMX15RB-Main-Valve-for-Sany-Heavy-SY215-Excavator-150x150.jpg 150w, https:\/\/www.excavatorenginepart.com\/wp-content\/uploads\/2022\/12\/KMX15RB-Main-Valve-for-Sany-Heavy-SY215-Excavator-768x768.jpg 768w, https:\/\/www.excavatorenginepart.com\/wp-content\/uploads\/2022\/12\/KMX15RB-Main-Valve-for-Sany-Heavy-SY215-Excavator.jpg 1078w\" sizes=\"(max-width: 300px) 100vw, 300px\" \/><\/p>\n<p><strong>Las ventajas de nuestra empresa<\/strong><\/p>\n<p>Podemos suministrar <a href=\"http:\/\/www.kpdiesel.com\">Piezas de motores diesel<\/a> :<br \/>\n<a href=\"https:\/\/www.excavatorenginepart.com\/es\/product-category\/cummins-diesel-engine\/\">Motores diesel: <\/a>Motor diesel Cummins, motor diesel Weichai, motor diesel Shangchai, motor diesel Komatsu, motor diesel Yanmar.<\/p>\n<p><a href=\"https:\/\/www.excavatorenginepart.com\/es\/product-category\/deutz-engine-part\/\">Piezas del motor:<\/a> Pieza de motor Cummins, pieza de motor Deutz, pieza de motor Volvo, pieza de motor Caterpiller, pieza de motor Kubota, pieza de motor Yanmar, pieza de motor Isuzu, pieza de motor Mitsubishi, pieza de motor Perkins, pieza de motor Komatsu, pieza de motor Wechai, pieza de motor Shangchai, pieza de motor Yuchai.<\/p>\n<p><a href=\"https:\/\/www.excavatorenginepart.com\/es\/product-category\/shantui-bulldozer-part\/\">Piezas de bulldozer:<\/a> Shantui bulldozer parte, Shanghai pengpu bulldozer parte, HBXG bulldozer parte, Liugong Bulldozer parte, Tianjin Yishan bulldozer parte.<\/p>\n<p><a href=\"https:\/\/www.excavatorenginepart.com\/es\/product-category\/sdlg-loader-parts\/\">Piezas de la cargadora:<\/a> Piezas para cargadoras SDLG, piezas para cargadoras Liugong, piezas para cargadoras XCMG, piezas para cargadoras Lonking, piezas para cargadoras XGMA.<\/p>\n<p><a href=\"https:\/\/www.excavatorenginepart.com\/es\/product-category\/dse-controller\/\">Piezas del generador:<\/a> Controlador DSE, Controlador ComAp, Controlador Woodward, Controlador de velocidad Cummins, Controlador de velocidad GAC, AVR de generador, Actuadores de motor, Sensores de motor, Medidores de motor.<\/p>\n<p><a href=\"https:\/\/www.excavatorenginepart.com\/es\/product-category\/excavator-hydraulic-pump\/\">Piezas de excavadoras<\/a>: Piezas del motor de la excavadora, piezas del tren de rodaje de la excavadora, transmisi\u00f3n final de la excavadora, v\u00e1lvula principal de la excavadora, bomba hidr\u00e1ulica de la excavadora.<\/p>\n<p>Para m\u00e1s informaci\u00f3n, p\u00f3ngase en contacto con nosotros.\u00a0<\/p>\n<p><strong><span style=\"color: #ff0000;\">WhatsApp, Wechat : 0086 15553722299\u00a0<\/span><\/strong><\/p>\n<p>&nbsp;<\/p>\n<p>&nbsp;<\/p>","protected":false},"excerpt":{"rendered":"<p>KMX15RB Main Valve for Sany Heavy SY215 Excavator was fitting on Sany SY23 ,SY245 Excavator\u00a0 We can provide OEM And Origninal Sany Excavator Spare Parts.\u00a0 KMX15RB Main Valve for Sany Heavy SY215 Excavator \u00a0\u00a0 KMX15RB Main Valve for Sany Heavy SY245 Excavator KMX15RB Main Valve for Sany Heavy SY305 Excavator KMX15RB Main Valve for Sany [&hellip;]<\/p>","protected":false},"featured_media":7252,"menu_order":0,"comment_status":"closed","ping_status":"closed","template":"","meta":{"_seopress_robots_primary_cat":"","_seopress_titles_title":"","_seopress_titles_desc":"","_seopress_robots_index":"","om_disable_all_campaigns":false,"_mi_skip_tracking":false,"_monsterinsights_sitenote_active":false,"_monsterinsights_sitenote_note":"","_monsterinsights_sitenote_category":0},"product_cat":[],"product_tag":[],"product_category":[143],"class_list":{"0":"post-7251","1":"product","2":"type-product","3":"status-publish","4":"has-post-thumbnail","6":"product_category-sany-excavator-parts","8":"first","9":"instock","10":"shipping-taxable","11":"product-type-simple"},"acf":[],"_links":{"self":[{"href":"https:\/\/www.excavatorenginepart.com\/es\/wp-json\/wp\/v2\/product\/7251","targetHints":{"allow":["GET"]}}],"collection":[{"href":"https:\/\/www.excavatorenginepart.com\/es\/wp-json\/wp\/v2\/product"}],"about":[{"href":"https:\/\/www.excavatorenginepart.com\/es\/wp-json\/wp\/v2\/types\/product"}],"replies":[{"embeddable":true,"href":"https:\/\/www.excavatorenginepart.com\/es\/wp-json\/wp\/v2\/comments?post=7251"}],"wp:featuredmedia":[{"embeddable":true,"href":"https:\/\/www.excavatorenginepart.com\/es\/wp-json\/wp\/v2\/media\/7252"}],"wp:attachment":[{"href":"https:\/\/www.excavatorenginepart.com\/es\/wp-json\/wp\/v2\/media?parent=7251"}],"wp:term":[{"taxonomy":"product_cat","embeddable":true,"href":"https:\/\/www.excavatorenginepart.com\/es\/wp-json\/wp\/v2\/product_cat?post=7251"},{"taxonomy":"product_tag","embeddable":true,"href":"https:\/\/www.excavatorenginepart.com\/es\/wp-json\/wp\/v2\/product_tag?post=7251"},{"taxonomy":"product_category","embeddable":true,"href":"https:\/\/www.excavatorenginepart.com\/es\/wp-json\/wp\/v2\/product_category?post=7251"}],"curies":[{"name":"wp","href":"https:\/\/api.w.org\/{rel}","templated":true}]}}