{"id":7075,"date":"2022-05-05T02:05:35","date_gmt":"2022-05-05T02:05:35","guid":{"rendered":"https:\/\/www.excavatorenginepart.com\/?post_type=product&#038;p=7075"},"modified":"2022-12-04T07:28:15","modified_gmt":"2022-12-04T07:28:15","slug":"komatsu-pc300-7-excavator-pressure-sensor-206-06-61130","status":"publish","type":"product","link":"https:\/\/www.excavatorenginepart.com\/es\/product\/komatsu-pc300-7-excavator-pressure-sensor-206-06-61130\/","title":{"rendered":"Sensor de presi\u00f3n de excavadora Komatsu PC300-7 206-06-61130"},"content":{"rendered":"<p>komastu Pressure Sensor 206-06-61130 original and Replacement available .\u00a0<\/p>\n<p><strong>Pressure Sensor 206-06-61130\u00a0<\/strong>is used for\u00a0\u00a0<strong>Komatsu\u00a0PC200-7 PC300-7 Excavator<\/strong>\u00a0,\u00a0Oil pressure sensor installed in the engine of the main oil path, when the engine running, pressure measurement device to detect the oil pressure, the pressure signal into electrical signals sent to the signal processing circuit, a voltage amplification and current amplifier, through the pressure signal of signal lines will be enlarged to connect to the oil pressure indicator, and change the oil pressure indicator inside by the current ratio of 2 coil, thus indicating the engine oil pressure.The pressure signal amplified by voltage and current is compared with the alarm voltage set in the alarm circuit. When the voltage is lower than the alarm voltage, the alarm circuit will output the alarm signal and light the alarm lamp through the alarm line. \u00a0<\/p>\n<p><strong>Pressure Sensor 206-06-61130<\/strong>\u00a0Specifications\u00a0<\/p>\n<p>Place of Origin:\u00a0\u00a0Janpan<br \/>\nBrand Name: Komatsu<br \/>\nExcavator Model Number:\u00a0PC300-7 \u00a0PC200-7<br \/>\nType:Pressure Switch Sensor\u00a0<br \/>\nEngine Application: S6D107 SA6D114 \u00a0Komatsu Engines<br \/>\nPart no:\u00a0\u00a0<span id=\"__kindeditor_bookmark_start_46__\"><\/span>206-06-61130<span id=\"__kindeditor_bookmark_end_47__\"><\/span><br \/>\nWEIGHT: 0.4\u00a0KG<\/p>\n<p><img fetchpriority=\"high\" decoding=\"async\" class=\"alignnone wp-image-7077 size-full\" src=\"https:\/\/www.excavatorenginepart.com\/wp-content\/uploads\/2022\/05\/Komatsu-PC300-7-Excavator-Pressure-Sensor-206-06-61130-01.jpg\" alt=\"\" width=\"536\" height=\"503\" srcset=\"https:\/\/www.excavatorenginepart.com\/wp-content\/uploads\/2022\/05\/Komatsu-PC300-7-Excavator-Pressure-Sensor-206-06-61130-01.jpg 536w, https:\/\/www.excavatorenginepart.com\/wp-content\/uploads\/2022\/05\/Komatsu-PC300-7-Excavator-Pressure-Sensor-206-06-61130-01-300x282.jpg 300w\" sizes=\"(max-width: 536px) 100vw, 536px\" \/><\/p>\n<p><strong>PC200 excavator pressure switch 206-06-61130<\/strong><\/p>\n<p><img decoding=\"async\" class=\"alignnone wp-image-7078 size-full\" src=\"https:\/\/www.excavatorenginepart.com\/wp-content\/uploads\/2022\/05\/Komatsu-PC300-7-Excavator-Pressure-Sensor-206-06-61130-02.jpg\" alt=\"\" width=\"535\" height=\"524\" srcset=\"https:\/\/www.excavatorenginepart.com\/wp-content\/uploads\/2022\/05\/Komatsu-PC300-7-Excavator-Pressure-Sensor-206-06-61130-02.jpg 535w, https:\/\/www.excavatorenginepart.com\/wp-content\/uploads\/2022\/05\/Komatsu-PC300-7-Excavator-Pressure-Sensor-206-06-61130-02-300x294.jpg 300w\" sizes=\"(max-width: 535px) 100vw, 535px\" \/><\/p>\n<p><strong>PC300-8 PC350-8 Excavator Hydraulic Pressure Switch 24V 206-06-61130<\/strong><\/p>\n<p><img decoding=\"async\" class=\"alignnone wp-image-7079 size-full\" src=\"https:\/\/www.excavatorenginepart.com\/wp-content\/uploads\/2022\/05\/Komatsu-PC300-7-Excavator-Pressure-Sensor-206-06-61130-03.jpg\" alt=\"\" width=\"535\" height=\"502\" srcset=\"https:\/\/www.excavatorenginepart.com\/wp-content\/uploads\/2022\/05\/Komatsu-PC300-7-Excavator-Pressure-Sensor-206-06-61130-03.jpg 535w, https:\/\/www.excavatorenginepart.com\/wp-content\/uploads\/2022\/05\/Komatsu-PC300-7-Excavator-Pressure-Sensor-206-06-61130-03-300x281.jpg 300w\" sizes=\"(max-width: 535px) 100vw, 535px\" \/><\/p>\n<p>Pressure switch used in excavator parts loader accessories 206-06-61130<\/p>\n<p><strong>Las ventajas de nuestra empresa<\/strong><\/p>\n<p>Podemos suministrar <a href=\"http:\/\/www.kpdiesel.com\">Piezas de motores diesel<\/a> :<br \/>\n<a href=\"https:\/\/www.excavatorenginepart.com\/es\/product-category\/cummins-diesel-engine\/\">Motores diesel: <\/a>Motor diesel Cummins, motor diesel Weichai, motor diesel Shangchai, motor diesel Komatsu, motor diesel Yanmar.<\/p>\n<p><a href=\"https:\/\/www.excavatorenginepart.com\/es\/product-category\/deutz-engine-part\/\">Piezas del motor:<\/a> Pieza de motor Cummins, pieza de motor Deutz, pieza de motor Volvo, pieza de motor Caterpiller, pieza de motor Kubota, pieza de motor Yanmar, pieza de motor Isuzu, pieza de motor Mitsubishi, pieza de motor Perkins, pieza de motor Komatsu, pieza de motor Wechai, pieza de motor Shangchai, pieza de motor Yuchai.<\/p>\n<p><a href=\"https:\/\/www.excavatorenginepart.com\/es\/product-category\/shantui-bulldozer-part\/\">Piezas de bulldozer:<\/a> Shantui bulldozer parte, Shanghai pengpu bulldozer parte, HBXG bulldozer parte, Liugong Bulldozer parte, Tianjin Yishan bulldozer parte.<\/p>\n<p><a href=\"https:\/\/www.excavatorenginepart.com\/es\/product-category\/sdlg-loader-parts\/\">Piezas de la cargadora:<\/a> Piezas para cargadoras SDLG, piezas para cargadoras Liugong, piezas para cargadoras XCMG, piezas para cargadoras Lonking, piezas para cargadoras XGMA.<\/p>\n<p><a href=\"https:\/\/www.excavatorenginepart.com\/es\/product-category\/dse-controller\/\">Piezas del generador:<\/a> Controlador DSE, Controlador ComAp, Controlador Woodward, Controlador de velocidad Cummins, Controlador de velocidad GAC, AVR de generador, Actuadores de motor, Sensores de motor, Medidores de motor.<\/p>\n<p><a href=\"https:\/\/www.excavatorenginepart.com\/es\/product-category\/excavator-hydraulic-pump\/\">Piezas de excavadoras<\/a>: Piezas del motor de la excavadora, piezas del tren de rodaje de la excavadora, transmisi\u00f3n final de la excavadora, v\u00e1lvula principal de la excavadora, bomba hidr\u00e1ulica de la excavadora.<\/p>\n<p>Para m\u00e1s informaci\u00f3n, p\u00f3ngase en contacto con nosotros.\u00a0<\/p>\n<p><strong><span style=\"color: #ff0000;\">WhatsApp, Wechat : 0086 15553722299\u00a0<\/span><\/strong><\/p>\n<p>&nbsp;<\/p>\n<p>&nbsp;<\/p>","protected":false},"excerpt":{"rendered":"<p>komastu Pressure Sensor 206-06-61130 original and Replacement available .\u00a0 Pressure Sensor 206-06-61130\u00a0is used for\u00a0\u00a0Komatsu\u00a0PC200-7 PC300-7 Excavator\u00a0,\u00a0Oil pressure sensor installed in the engine of the main oil path, when the engine running, pressure measurement device to detect the oil pressure, the pressure signal into electrical signals sent to the signal processing circuit, a voltage amplification and [&hellip;]<\/p>","protected":false},"featured_media":7076,"menu_order":0,"comment_status":"closed","ping_status":"closed","template":"","meta":{"_seopress_robots_primary_cat":"","_seopress_titles_title":"","_seopress_titles_desc":"","_seopress_robots_index":"","om_disable_all_campaigns":false,"_mi_skip_tracking":false,"_monsterinsights_sitenote_active":false,"_monsterinsights_sitenote_note":"","_monsterinsights_sitenote_category":0},"product_cat":[],"product_tag":[],"product_category":[134],"class_list":{"0":"post-7075","1":"product","2":"type-product","3":"status-publish","4":"has-post-thumbnail","6":"product_category-komtatsu-engine-part","8":"first","9":"instock","10":"shipping-taxable","11":"product-type-simple"},"acf":[],"_links":{"self":[{"href":"https:\/\/www.excavatorenginepart.com\/es\/wp-json\/wp\/v2\/product\/7075","targetHints":{"allow":["GET"]}}],"collection":[{"href":"https:\/\/www.excavatorenginepart.com\/es\/wp-json\/wp\/v2\/product"}],"about":[{"href":"https:\/\/www.excavatorenginepart.com\/es\/wp-json\/wp\/v2\/types\/product"}],"replies":[{"embeddable":true,"href":"https:\/\/www.excavatorenginepart.com\/es\/wp-json\/wp\/v2\/comments?post=7075"}],"wp:featuredmedia":[{"embeddable":true,"href":"https:\/\/www.excavatorenginepart.com\/es\/wp-json\/wp\/v2\/media\/7076"}],"wp:attachment":[{"href":"https:\/\/www.excavatorenginepart.com\/es\/wp-json\/wp\/v2\/media?parent=7075"}],"wp:term":[{"taxonomy":"product_cat","embeddable":true,"href":"https:\/\/www.excavatorenginepart.com\/es\/wp-json\/wp\/v2\/product_cat?post=7075"},{"taxonomy":"product_tag","embeddable":true,"href":"https:\/\/www.excavatorenginepart.com\/es\/wp-json\/wp\/v2\/product_tag?post=7075"},{"taxonomy":"product_category","embeddable":true,"href":"https:\/\/www.excavatorenginepart.com\/es\/wp-json\/wp\/v2\/product_category?post=7075"}],"curies":[{"name":"wp","href":"https:\/\/api.w.org\/{rel}","templated":true}]}}