{"id":7717,"date":"2022-12-16T08:55:05","date_gmt":"2022-12-16T08:55:05","guid":{"rendered":"https:\/\/www.excavatorenginepart.com\/?post_type=product&#038;p=7717"},"modified":"2022-12-16T09:08:04","modified_gmt":"2022-12-16T09:08:04","slug":"dongfeng-cummins-qsb4-5-diesel-engine-assembly","status":"publish","type":"product","link":"https:\/\/www.excavatorenginepart.com\/de_de\/product\/dongfeng-cummins-qsb4-5-diesel-motor-zusammenbau\/","title":{"rendered":"Dongfeng Cummins QSB4.5-Dieselmotor-Baugruppe"},"content":{"rendered":"<p><strong>Dongfeng Cummins QSB4.5-Dieselmotor-Baugruppe<\/strong><\/p>\n<p><img fetchpriority=\"high\" decoding=\"async\" class=\"alignnone size-medium wp-image-7718\" src=\"https:\/\/www.excavatorenginepart.com\/wp-content\/uploads\/2022\/12\/4-cylinders-110HP-QSB4.5-C-QSB4.5-C110-QSB4.5-machines-engine-for-construction-300x300.jpg\" alt=\"\" width=\"300\" height=\"300\" srcset=\"https:\/\/www.excavatorenginepart.com\/wp-content\/uploads\/2022\/12\/4-cylinders-110HP-QSB4.5-C-QSB4.5-C110-QSB4.5-machines-engine-for-construction-300x300.jpg 300w, https:\/\/www.excavatorenginepart.com\/wp-content\/uploads\/2022\/12\/4-cylinders-110HP-QSB4.5-C-QSB4.5-C110-QSB4.5-machines-engine-for-construction-150x150.jpg 150w, https:\/\/www.excavatorenginepart.com\/wp-content\/uploads\/2022\/12\/4-cylinders-110HP-QSB4.5-C-QSB4.5-C110-QSB4.5-machines-engine-for-construction.jpg 600w\" sizes=\"(max-width: 300px) 100vw, 300px\" \/><\/p>\n<p>4 Zylinder 110HP QSB4.5-C QSB4.5-C110 QSB4.5 Maschinen Motor f\u00fcr Bau<\/p>\n<p>\u00a0<img decoding=\"async\" class=\"alignnone size-medium wp-image-7722\" src=\"https:\/\/www.excavatorenginepart.com\/wp-content\/uploads\/2022\/12\/QSB4.5-diesel-engine-assembly-machinery-engine-160hp-USA-made-300x300.jpg\" alt=\"\" width=\"300\" height=\"300\" srcset=\"https:\/\/www.excavatorenginepart.com\/wp-content\/uploads\/2022\/12\/QSB4.5-diesel-engine-assembly-machinery-engine-160hp-USA-made-300x300.jpg 300w, https:\/\/www.excavatorenginepart.com\/wp-content\/uploads\/2022\/12\/QSB4.5-diesel-engine-assembly-machinery-engine-160hp-USA-made-150x150.jpg 150w, https:\/\/www.excavatorenginepart.com\/wp-content\/uploads\/2022\/12\/QSB4.5-diesel-engine-assembly-machinery-engine-160hp-USA-made.jpg 600w\" sizes=\"(max-width: 300px) 100vw, 300px\" \/><\/p>\n<p>Cummins Dieselmotor Qsb3.3 Qsb4.5 Qsb6.7 Qsm11 Nta855 Qsx15 Modell<\/p>\n<p><img decoding=\"async\" class=\"alignnone size-medium wp-image-7721\" src=\"https:\/\/www.excavatorenginepart.com\/wp-content\/uploads\/2022\/12\/QSB-QSB4.5-Engine-QSB4.5-C160-30-From-Cummins-QSB4.5-C160-30-Diesel-Engine-119KW-2200rmin-300x300.jpg\" alt=\"\" width=\"300\" height=\"300\" srcset=\"https:\/\/www.excavatorenginepart.com\/wp-content\/uploads\/2022\/12\/QSB-QSB4.5-Engine-QSB4.5-C160-30-From-Cummins-QSB4.5-C160-30-Diesel-Engine-119KW-2200rmin-300x300.jpg 300w, https:\/\/www.excavatorenginepart.com\/wp-content\/uploads\/2022\/12\/QSB-QSB4.5-Engine-QSB4.5-C160-30-From-Cummins-QSB4.5-C160-30-Diesel-Engine-119KW-2200rmin-150x150.jpg 150w, https:\/\/www.excavatorenginepart.com\/wp-content\/uploads\/2022\/12\/QSB-QSB4.5-Engine-QSB4.5-C160-30-From-Cummins-QSB4.5-C160-30-Diesel-Engine-119KW-2200rmin.jpg 600w\" sizes=\"(max-width: 300px) 100vw, 300px\" \/><\/p>\n<p>QSB QSB4.5 Motor QSB4.5-C160-30 von Cummins QSB4.5-C160-30 Dieselmotor 119KW 2200rmin<\/p>\n<p><img loading=\"lazy\" decoding=\"async\" class=\"alignnone size-medium wp-image-7720\" src=\"https:\/\/www.excavatorenginepart.com\/wp-content\/uploads\/2022\/12\/Dongfeng-Cummins-QSB4.5-diesel-engine-assembly-300x300.jpg\" alt=\"\" width=\"300\" height=\"300\" srcset=\"https:\/\/www.excavatorenginepart.com\/wp-content\/uploads\/2022\/12\/Dongfeng-Cummins-QSB4.5-diesel-engine-assembly-300x300.jpg 300w, https:\/\/www.excavatorenginepart.com\/wp-content\/uploads\/2022\/12\/Dongfeng-Cummins-QSB4.5-diesel-engine-assembly-150x150.jpg 150w, https:\/\/www.excavatorenginepart.com\/wp-content\/uploads\/2022\/12\/Dongfeng-Cummins-QSB4.5-diesel-engine-assembly.jpg 600w\" sizes=\"(max-width: 300px) 100vw, 300px\" \/><\/p>\n<p>QSB4.5 Dieselmotor Montage Maschinen Motor 160hp USA gemacht<\/p>\n<p><img loading=\"lazy\" decoding=\"async\" class=\"alignnone size-medium wp-image-7720\" src=\"https:\/\/www.excavatorenginepart.com\/wp-content\/uploads\/2022\/12\/Dongfeng-Cummins-QSB4.5-diesel-engine-assembly-300x300.jpg\" alt=\"\" width=\"300\" height=\"300\" srcset=\"https:\/\/www.excavatorenginepart.com\/wp-content\/uploads\/2022\/12\/Dongfeng-Cummins-QSB4.5-diesel-engine-assembly-300x300.jpg 300w, https:\/\/www.excavatorenginepart.com\/wp-content\/uploads\/2022\/12\/Dongfeng-Cummins-QSB4.5-diesel-engine-assembly-150x150.jpg 150w, https:\/\/www.excavatorenginepart.com\/wp-content\/uploads\/2022\/12\/Dongfeng-Cummins-QSB4.5-diesel-engine-assembly.jpg 600w\" sizes=\"(max-width: 300px) 100vw, 300px\" \/><\/p>\n<p><strong>Wesentliche Details<\/strong><\/p>\n<p>Anwendbare Industrien:Bauarbeiten, LKW<br \/>\nZustand:Neu<br \/>\nSchlaganfall:4 Schlaganfall<br \/>\nZylinder:Multizylinder<br \/>\nCold Style:Wassergek\u00fchlt<br \/>\nStart:Elektrischer Start<br \/>\nHerkunftsort:Chongqing, China<br \/>\nMarkenname:SCDC<br \/>\nDimension(L*W*H):1020*920*1120mm<br \/>\nGewicht:480<br \/>\nGarantie:1 Jahr, 1 Jahr oder 1500 Stunden<br \/>\nVerdr\u00e4ngung:4.5L<br \/>\nEmissionsnorm:IMO II<br \/>\nNennleistung\/Drehzahl:82kw\/2200rpm<br \/>\nMaschinenpr\u00fcfbericht:Wird mitgeliefert<br \/>\nVideo-Ausgangsinspektion:Vorausgesetzt<br \/>\nMarketing Typ:Gew\u00f6hnliches Produkt<br \/>\nGarantie f\u00fcr Kernkomponenten: 1 Jahr<br \/>\nKernkomponenten:Motor<br \/>\nWichtigste Verkaufsargumente:Konkurrenzf\u00e4higer Preis<br \/>\nLeistung:82kw<br \/>\nProduktbezeichnung:4 Zylinder 110HP QSB4.5-C QSB4.5-C110 QSB4.5 Maschinen Motor<br \/>\nAnwendung:Baumaschinen<br \/>\nBohrung * Hub:107 * 124mm<br \/>\nAnsaugung:Turboaufgeladen\/nachgek\u00fchlt<br \/>\nKonfiguration:4-Zylinder-Reihen-Dieselmotor mit 4 Takten<br \/>\nKomprimierungsverh\u00e4ltnis:17,3:1<br \/>\nMotork\u00fchlung: K\u00fchlgebl\u00e4se und K\u00fchler<br \/>\nMotor-Nennleistung &amp; Drehzahl:82kw\/2200rpm<\/p>\n<p><strong>Beschreibung des Vorhabens<\/strong><\/p>\n<table class=\"has-title all magic-13\">\n<tbody>\n<tr>\n<td colspan=\"1\" rowspan=\"1\">\n<div class=\"magic-14\" data-spm-anchor-id=\"a2700.details.0.i10.6d463f39pBaev9\"><b data-spm-anchor-id=\"a2700.details.0.i11.6d463f39pBaev9\">Name des Produkts<\/b><\/div>\n<\/td>\n<td colspan=\"1\" rowspan=\"1\">\n<div class=\"magic-15\">Hei\u00dfer Verkauf 4 Zylinder 110HP QSB4.5-C QSB4.5-C110 QSB4.5 Maschinen Motor f\u00fcr Bau<\/div>\n<\/td>\n<\/tr>\n<tr>\n<td colspan=\"1\" rowspan=\"1\">\n<div class=\"magic-14\"><b>Beschreibung<\/b><\/div>\n<\/td>\n<td colspan=\"1\" rowspan=\"1\">\n<div class=\"magic-15\">4 Zylinder in Reihe, Wasserk\u00fchlung, 4-Takt, Turboaufladung und Ladeluftk\u00fchlung<\/div>\n<\/td>\n<\/tr>\n<tr>\n<td colspan=\"1\" rowspan=\"1\">\n<div class=\"magic-14\"><b>Leistung &amp; RPM bewerten<\/b><\/div>\n<\/td>\n<td colspan=\"1\" rowspan=\"1\">\n<div class=\"magic-15\">82kw\/ 2200U\/min<\/div>\n<\/td>\n<\/tr>\n<tr>\n<td colspan=\"1\" rowspan=\"1\">\n<div class=\"magic-14\"><b>Bohrung &amp; Hub<\/b><\/div>\n<\/td>\n<td colspan=\"1\" rowspan=\"1\">\n<div class=\"magic-15\" data-spm-anchor-id=\"a2700.details.0.i12.6d463f39pBaev9\">107*124<\/div>\n<\/td>\n<\/tr>\n<tr>\n<td colspan=\"1\" rowspan=\"1\">\n<div class=\"magic-14\"><b>Verdr\u00e4ngung<\/b><\/div>\n<\/td>\n<td colspan=\"1\" rowspan=\"1\">\n<div class=\"magic-15\">4.5L<\/div>\n<\/td>\n<\/tr>\n<tr>\n<td colspan=\"1\" rowspan=\"1\">\n<div class=\"magic-14\"><b>Garantie<\/b><\/div>\n<\/td>\n<td colspan=\"1\" rowspan=\"1\">\n<div class=\"magic-15\">1 Jahr<\/div>\n<\/td>\n<\/tr>\n<tr>\n<td colspan=\"1\" rowspan=\"1\">\n<div class=\"magic-14\"><b>Lieferung<\/b><\/div>\n<\/td>\n<td colspan=\"1\" rowspan=\"1\">\n<div class=\"magic-15\">Auf dem Seeweg, in der Luft, per Express<\/div>\n<\/td>\n<\/tr>\n<tr>\n<td colspan=\"1\" rowspan=\"1\">\n<div class=\"magic-14\"><b>Paket<\/b><\/div>\n<\/td>\n<td colspan=\"1\" rowspan=\"1\">\n<div class=\"magic-15\">1. Neutral verpacken<br \/>\n2, als Kundenanforderung<\/div>\n<\/td>\n<\/tr>\n<tr>\n<td colspan=\"1\" rowspan=\"1\">\n<div class=\"magic-14\"><b>Futures<\/b><\/div>\n<\/td>\n<td colspan=\"1\" rowspan=\"1\">\n<div class=\"magic-15\">1 , Robuster und zuverl\u00e4ssiger<br \/>\n2, hohe Drehmomentabgabe, daher hohe Durchzugskraft<br \/>\n3 , G\u00e4nge sind gro\u00df<br \/>\n4 , hohe Kraftstoffeffizienz<br \/>\n5 , Servicebedarf ist weniger h\u00e4ufig<\/div>\n<\/td>\n<\/tr>\n<\/tbody>\n<\/table>\n<p>Mehr Informationen, bitte kontaktieren Sie uns.\u00a0<\/p>\n<p><span style=\"color: #ff0000;\"><strong>WhatsApp, Wechat: 00 8615553722299\u00a0<\/strong><\/span><\/p>","protected":false},"excerpt":{"rendered":"<p>Dongfeng Cummins QSB4.5 diesel engine assembly 4 cylinders 110HP QSB4.5-C QSB4.5-C110 QSB4.5 machines engine for construction \u00a0 Cummins Diesel Engine Qsb3.3 Qsb4.5 Qsb6.7 Qsm11 Nta855 Qsx15 Model QSB QSB4.5 Engine QSB4.5-C160-30 From Cummins QSB4.5-C160-30 Diesel Engine 119KW 2200rmin QSB4.5 diesel engine assembly machinery engine 160hp USA made Essential details Applicable Industries:Construction works , truck Condition:New [&hellip;]<\/p>","protected":false},"featured_media":7719,"menu_order":0,"comment_status":"closed","ping_status":"closed","template":"","meta":{"_seopress_robots_primary_cat":"","_seopress_titles_title":"","_seopress_titles_desc":"","_seopress_robots_index":"","om_disable_all_campaigns":false,"_mi_skip_tracking":false,"_monsterinsights_sitenote_active":false,"_monsterinsights_sitenote_note":"","_monsterinsights_sitenote_category":0},"product_cat":[],"product_tag":[],"product_category":[107],"class_list":{"0":"post-7717","1":"product","2":"type-product","3":"status-publish","4":"has-post-thumbnail","6":"product_category-cummins-diesel-engine","8":"first","9":"instock","10":"shipping-taxable","11":"product-type-simple"},"acf":[],"_links":{"self":[{"href":"https:\/\/www.excavatorenginepart.com\/de_de\/wp-json\/wp\/v2\/product\/7717","targetHints":{"allow":["GET"]}}],"collection":[{"href":"https:\/\/www.excavatorenginepart.com\/de_de\/wp-json\/wp\/v2\/product"}],"about":[{"href":"https:\/\/www.excavatorenginepart.com\/de_de\/wp-json\/wp\/v2\/types\/product"}],"replies":[{"embeddable":true,"href":"https:\/\/www.excavatorenginepart.com\/de_de\/wp-json\/wp\/v2\/comments?post=7717"}],"wp:featuredmedia":[{"embeddable":true,"href":"https:\/\/www.excavatorenginepart.com\/de_de\/wp-json\/wp\/v2\/media\/7719"}],"wp:attachment":[{"href":"https:\/\/www.excavatorenginepart.com\/de_de\/wp-json\/wp\/v2\/media?parent=7717"}],"wp:term":[{"taxonomy":"product_cat","embeddable":true,"href":"https:\/\/www.excavatorenginepart.com\/de_de\/wp-json\/wp\/v2\/product_cat?post=7717"},{"taxonomy":"product_tag","embeddable":true,"href":"https:\/\/www.excavatorenginepart.com\/de_de\/wp-json\/wp\/v2\/product_tag?post=7717"},{"taxonomy":"product_category","embeddable":true,"href":"https:\/\/www.excavatorenginepart.com\/de_de\/wp-json\/wp\/v2\/product_category?post=7717"}],"curies":[{"name":"wp","href":"https:\/\/api.w.org\/{rel}","templated":true}]}}