{"id":7695,"date":"2022-12-16T03:31:57","date_gmt":"2022-12-16T03:31:57","guid":{"rendered":"https:\/\/www.excavatorenginepart.com\/?post_type=product&#038;p=7695"},"modified":"2022-12-16T03:38:54","modified_gmt":"2022-12-16T03:38:54","slug":"shantui-bulldozer-spare-parts-sd22-torqflow-transmission-154-15-31000","status":"publish","type":"product","link":"https:\/\/www.excavatorenginepart.com\/de_de\/product\/shantui-bulldozer-spare-parts-sd22-torqflow-transmission-154-15-31000\/","title":{"rendered":"Shantui Bulldozer Ersatzteile SD22 Torqflow Getriebe 154-15-31000"},"content":{"rendered":"<p><strong>Shantui Bulldozer Ersatzteile SD22 Torqflow Getriebe 154-15-31000<\/strong><\/p>\n<p><img fetchpriority=\"high\" decoding=\"async\" class=\"alignnone size-medium wp-image-7700\" src=\"https:\/\/www.excavatorenginepart.com\/wp-content\/uploads\/2022\/12\/Shantui-Bulldozer-Spare-Parts-SD22-Torqflow-Transmission-154-15-31000-300x300.jpg\" alt=\"\" width=\"300\" height=\"300\" srcset=\"https:\/\/www.excavatorenginepart.com\/wp-content\/uploads\/2022\/12\/Shantui-Bulldozer-Spare-Parts-SD22-Torqflow-Transmission-154-15-31000-300x300.jpg 300w, https:\/\/www.excavatorenginepart.com\/wp-content\/uploads\/2022\/12\/Shantui-Bulldozer-Spare-Parts-SD22-Torqflow-Transmission-154-15-31000-150x150.jpg 150w, https:\/\/www.excavatorenginepart.com\/wp-content\/uploads\/2022\/12\/Shantui-Bulldozer-Spare-Parts-SD22-Torqflow-Transmission-154-15-31000.jpg 600w\" sizes=\"(max-width: 300px) 100vw, 300px\" \/><\/p>\n<p><strong>Shantui Bulldozer Ersatzteile SD22 Torqflow Getriebe 154-15-31000 mit Ventil<\/strong><\/p>\n<p><img decoding=\"async\" class=\"alignnone size-medium wp-image-7699\" src=\"https:\/\/www.excavatorenginepart.com\/wp-content\/uploads\/2022\/12\/Shantui-Bulldozer-Spare-Parts-SD22-Torqflow-Transmission-154-15-31000-2-300x300.jpg\" alt=\"\" width=\"300\" height=\"300\" srcset=\"https:\/\/www.excavatorenginepart.com\/wp-content\/uploads\/2022\/12\/Shantui-Bulldozer-Spare-Parts-SD22-Torqflow-Transmission-154-15-31000-2-300x300.jpg 300w, https:\/\/www.excavatorenginepart.com\/wp-content\/uploads\/2022\/12\/Shantui-Bulldozer-Spare-Parts-SD22-Torqflow-Transmission-154-15-31000-2-150x150.jpg 150w, https:\/\/www.excavatorenginepart.com\/wp-content\/uploads\/2022\/12\/Shantui-Bulldozer-Spare-Parts-SD22-Torqflow-Transmission-154-15-31000-2.jpg 600w\" sizes=\"(max-width: 300px) 100vw, 300px\" \/><\/p>\n<p>SHANTUI Bulldozer SD22 Getriebeteile Getriebegeh\u00e4use 154-15-31000<\/p>\n<p><img decoding=\"async\" class=\"alignnone size-medium wp-image-7698\" src=\"https:\/\/www.excavatorenginepart.com\/wp-content\/uploads\/2022\/12\/SHANTUI-bulldozer-SD22-transmission-parts-gear-box-154-15-31000-300x300.jpg\" alt=\"\" width=\"300\" height=\"300\" srcset=\"https:\/\/www.excavatorenginepart.com\/wp-content\/uploads\/2022\/12\/SHANTUI-bulldozer-SD22-transmission-parts-gear-box-154-15-31000-300x300.jpg 300w, https:\/\/www.excavatorenginepart.com\/wp-content\/uploads\/2022\/12\/SHANTUI-bulldozer-SD22-transmission-parts-gear-box-154-15-31000-150x150.jpg 150w, https:\/\/www.excavatorenginepart.com\/wp-content\/uploads\/2022\/12\/SHANTUI-bulldozer-SD22-transmission-parts-gear-box-154-15-31000.jpg 600w\" sizes=\"(max-width: 300px) 100vw, 300px\" \/><\/p>\n<p>SHANTUI Bulldozer Teile SD22 Getriebe 154-15-31000<\/p>\n<p><img loading=\"lazy\" decoding=\"async\" class=\"alignnone size-medium wp-image-7697\" src=\"https:\/\/www.excavatorenginepart.com\/wp-content\/uploads\/2022\/12\/SHANTUI-bulldozer-parts-SD22-transmission-gearbox-154-15-31000-300x300.jpg\" alt=\"\" width=\"300\" height=\"300\" srcset=\"https:\/\/www.excavatorenginepart.com\/wp-content\/uploads\/2022\/12\/SHANTUI-bulldozer-parts-SD22-transmission-gearbox-154-15-31000-300x300.jpg 300w, https:\/\/www.excavatorenginepart.com\/wp-content\/uploads\/2022\/12\/SHANTUI-bulldozer-parts-SD22-transmission-gearbox-154-15-31000-150x150.jpg 150w, https:\/\/www.excavatorenginepart.com\/wp-content\/uploads\/2022\/12\/SHANTUI-bulldozer-parts-SD22-transmission-gearbox-154-15-31000.jpg 600w\" sizes=\"(max-width: 300px) 100vw, 300px\" \/><\/p>\n<p>Bulldozer SD22 SD23 TY220 TY320B Getriebe Getriebeeinheit 154-15-31000<\/p>\n<p><img loading=\"lazy\" decoding=\"async\" class=\"alignnone size-medium wp-image-7696\" src=\"https:\/\/www.excavatorenginepart.com\/wp-content\/uploads\/2022\/12\/Bulldozer-SD22-SD23-TY220-TY320B-Transmission-Gearbox-Assy-154-15-31000-300x300.jpg\" alt=\"\" width=\"300\" height=\"300\" srcset=\"https:\/\/www.excavatorenginepart.com\/wp-content\/uploads\/2022\/12\/Bulldozer-SD22-SD23-TY220-TY320B-Transmission-Gearbox-Assy-154-15-31000-300x300.jpg 300w, https:\/\/www.excavatorenginepart.com\/wp-content\/uploads\/2022\/12\/Bulldozer-SD22-SD23-TY220-TY320B-Transmission-Gearbox-Assy-154-15-31000-150x150.jpg 150w, https:\/\/www.excavatorenginepart.com\/wp-content\/uploads\/2022\/12\/Bulldozer-SD22-SD23-TY220-TY320B-Transmission-Gearbox-Assy-154-15-31000.jpg 600w\" sizes=\"(max-width: 300px) 100vw, 300px\" \/><\/p>\n<p>Shantui Bulldozer-Getriebe 16Y-15-0000 154-15-31000 154-15-41002 175-15-00226<\/p>\n<p><span style=\"color: #ff0000;\"><strong>WhatsApp, Wechat: 0086 15553722299\u00a0<\/strong><\/span><br \/>\n<strong>Wesentliche Details<\/strong><\/p>\n<p>Zustand:Neu<br \/>\nAnwendbare Industrien: Hotels, Bekleidungsgesch\u00e4fte, Baumaterialien, Maschinenreparaturen, Produktionsanlagen, Lebensmittel- und Getr\u00e4nkefabriken, Bauernh\u00f6fe, Restaurants, Hausgebrauch, Einzelhandel, Lebensmittelgesch\u00e4fte, Druckereien, Bauarbeiten, Energie und Bergbau, Lebensmittel- und Getr\u00e4nkegesch\u00e4fte, andere, Werbeunternehmen<br \/>\nVideo-Ausgangsinspektion:Vorausgesetzt<br \/>\nMaschinenpr\u00fcfbericht:Wird mitgeliefert<br \/>\nMarketing Typ:Gew\u00f6hnliches Produkt<br \/>\nHerkunftsort:China<br \/>\nMarkenname:Shantui<br \/>\nGarantie:1 Jahr<br \/>\nMarke:Shantui<br \/>\nModel:SD16\/SD22\/SD23\/SD32<br \/>\nVerpackung:Holzkiste<br \/>\nName:Ersatzteil<br \/>\nService nach der Garantie: Technischer Video-Support, Online-Support, Ersatzteile, Wartungs- und Reparaturservice vor Ort<br \/>\nKundendienst:Technische Videounterst\u00fctzung, Online-Unterst\u00fctzung<\/p>\n<p><strong>Spezifikation<\/strong><\/p>\n<table class=\"has-title all magic-13\">\n<tbody>\n<tr>\n<td colspan=\"1\" rowspan=\"1\">\n<div class=\"magic-14\" data-spm-anchor-id=\"a2700.details.0.i5.6c8b7975VKbtOF\">Artikel<\/div>\n<\/td>\n<td colspan=\"1\" rowspan=\"1\">\n<div class=\"magic-15\">SHANTUI BULLDOZER ERSATZTEILE<\/div>\n<\/td>\n<\/tr>\n<tr>\n<td colspan=\"1\" rowspan=\"1\">\n<div class=\"magic-14\">Name des Teils<\/div>\n<\/td>\n<td colspan=\"1\" rowspan=\"1\">\n<div class=\"magic-15\">Getriebekasten\u00a0<\/div>\n<\/td>\n<\/tr>\n<tr>\n<td colspan=\"1\" rowspan=\"1\">\n<div class=\"magic-14\">Zustand<\/div>\n<\/td>\n<td colspan=\"1\" rowspan=\"1\">\n<div class=\"magic-15\">Neu<\/div>\n<\/td>\n<\/tr>\n<tr>\n<td colspan=\"1\" rowspan=\"1\">\n<div class=\"magic-14\">Markenname<\/div>\n<\/td>\n<td colspan=\"1\" rowspan=\"1\">\n<div class=\"magic-15\">SHANTUI<\/div>\n<\/td>\n<\/tr>\n<tr>\n<td colspan=\"1\" rowspan=\"1\">\n<div class=\"magic-14\">Ort der Herkunft<\/div>\n<\/td>\n<td colspan=\"1\" rowspan=\"1\">\n<div class=\"magic-15\">China<\/div>\n<\/td>\n<\/tr>\n<tr>\n<td colspan=\"1\" rowspan=\"1\">\n<div class=\"magic-14\">Teil Nr.<\/div>\n<\/td>\n<td colspan=\"1\" rowspan=\"1\">\n<div class=\"magic-15\">154-15-31000<\/div>\n<\/td>\n<\/tr>\n<tr>\n<td colspan=\"1\" rowspan=\"1\">\n<div class=\"magic-14\">Qualit\u00e4t<\/div>\n<\/td>\n<td colspan=\"1\" rowspan=\"1\">\n<div class=\"magic-15\" data-spm-anchor-id=\"a2700.details.0.i6.6c8b7975VKbtOF\">Original&amp;Original Fabrik&amp;OEM<\/div>\n<\/td>\n<\/tr>\n<tr>\n<td colspan=\"1\" rowspan=\"1\">\n<div class=\"magic-14\">Lieferfrist<\/div>\n<\/td>\n<td colspan=\"1\" rowspan=\"1\">\n<div class=\"magic-15\">1-3 Tage<\/div>\n<\/td>\n<\/tr>\n<tr>\n<td colspan=\"1\" rowspan=\"1\">\n<div class=\"magic-14\">Bewerben bei<\/div>\n<\/td>\n<td colspan=\"1\" rowspan=\"1\">\n<div class=\"magic-15\">Shantui-Maschinen<\/div>\n<\/td>\n<\/tr>\n<\/tbody>\n<\/table>\n<p><strong>Beschreibung des Produkts<\/strong><\/p>\n<table class=\"has-title all magic-16\" style=\"width: 100%;\">\n<tbody>\n<tr>\n<td style=\"width: 8.44221%;\" colspan=\"1\" rowspan=\"1\">\n<div class=\"magic-17\" data-spm-anchor-id=\"a2700.details.0.i8.496a39e1DM6OvW\"><b><span style=\"font-family: \u6977\u4f53;\" data-spm-anchor-id=\"a2700.siteadmin.0.i15.45033333XGuQmB\">Teil Nummer<\/span><\/b><\/div>\n<\/td>\n<td style=\"width: 14.2714%;\" colspan=\"1\" rowspan=\"1\">\n<div class=\"magic-18\"><b><span style=\"font-family: \u6977\u4f53;\">Modell<\/span><\/b><\/div>\n<\/td>\n<td style=\"width: 76.5829%;\" colspan=\"1\" rowspan=\"1\">\n<div class=\"magic-19\"><b><span style=\"font-family: \u6977\u4f53;\">Beschreibung<\/span><\/b><\/div>\n<\/td>\n<\/tr>\n<tr>\n<td style=\"width: 8.44221%;\" colspan=\"1\" rowspan=\"1\">\n<div class=\"magic-17\">SD13<\/div>\n<\/td>\n<td style=\"width: 14.2714%;\" colspan=\"1\" rowspan=\"1\">\n<div class=\"magic-18\">10Y-15-00000<\/div>\n<\/td>\n<td style=\"width: 76.5829%;\" colspan=\"1\" rowspan=\"1\">\n<div class=\"magic-19\">shantui sd16 sd22 sd23 sd32 bulldozer getriebe zahnradkasten montage 16Y-15-0000 154-15-31000 154-15-41002 175-15-00226<\/div>\n<\/td>\n<\/tr>\n<tr>\n<td style=\"width: 8.44221%;\" colspan=\"1\" rowspan=\"1\">\n<div class=\"magic-17\">sd16<\/div>\n<\/td>\n<td style=\"width: 14.2714%;\" colspan=\"1\" rowspan=\"1\">\n<div class=\"magic-18\">16Y-15-0000<\/div>\n<\/td>\n<td style=\"width: 76.5829%;\" colspan=\"1\" rowspan=\"1\">\n<div class=\"magic-19\">shantui sd16 sd22 sd23 sd32 bulldozer getriebe zahnradkasten montage 16Y-15-0000 154-15-31000 154-15-41002 175-15-00226<\/div>\n<\/td>\n<\/tr>\n<tr>\n<td style=\"width: 8.44221%;\" colspan=\"1\" rowspan=\"1\">\n<div class=\"magic-17\">sd22<\/div>\n<\/td>\n<td style=\"width: 14.2714%;\" colspan=\"1\" rowspan=\"1\">\n<div class=\"magic-18\">154-15-31000<\/div>\n<\/td>\n<td style=\"width: 76.5829%;\" colspan=\"1\" rowspan=\"1\">\n<div class=\"magic-19\">shantui sd16 sd22 sd23 sd32 bulldozer getriebe zahnradkasten montage 16Y-15-0000 154-15-31000 154-15-41002 175-15-00226<\/div>\n<\/td>\n<\/tr>\n<tr>\n<td style=\"width: 8.44221%;\" colspan=\"1\" rowspan=\"1\">\n<div class=\"magic-17\">sd23<\/div>\n<\/td>\n<td style=\"width: 14.2714%;\" colspan=\"1\" rowspan=\"1\">\n<div class=\"magic-18\">154-15-41002<\/div>\n<\/td>\n<td style=\"width: 76.5829%;\" colspan=\"1\" rowspan=\"1\">\n<div class=\"magic-19\" data-spm-anchor-id=\"a2700.details.0.i9.496a39e1DM6OvW\">shantui sd16 sd22 sd23 sd32 bulldozer getriebe zahnradkasten montage 16Y-15-0000 154-15-31000 154-15-41002 175-15-00226<\/div>\n<\/td>\n<\/tr>\n<tr>\n<td style=\"width: 8.44221%;\" colspan=\"1\" rowspan=\"1\">\n<div class=\"magic-17\">sd32<\/div>\n<\/td>\n<td style=\"width: 14.2714%;\" colspan=\"1\" rowspan=\"1\">\n<div class=\"magic-18\">175-15-00226<\/div>\n<\/td>\n<td style=\"width: 76.5829%;\" colspan=\"1\" rowspan=\"1\">\n<div class=\"magic-19\">shantui sd16 sd22 sd23 sd32 bulldozer getriebe zahnradkasten montage 16Y-15-0000 154-15-31000 154-15-41002 175-15-00226<\/div>\n<\/td>\n<\/tr>\n<tr>\n<td style=\"width: 8.44221%;\" colspan=\"1\" rowspan=\"1\">\n<div class=\"magic-17\"><span style=\"font-family: \u6977\u4f53;\">sd13<\/span><\/div>\n<\/td>\n<td style=\"width: 14.2714%;\" colspan=\"1\" rowspan=\"1\">\n<div class=\"magic-18\"><span style=\"font-family: \u6977\u4f53;\">10Y-11B-00000<\/span><\/div>\n<\/td>\n<td style=\"width: 76.5829%;\" colspan=\"1\" rowspan=\"1\">\n<div class=\"magic-19\"><span style=\"font-family: \u6977\u4f53;\">shantui SD13 sd16 sd22 sd23 sd32 Drehmomentwandler yj380 yj409 16Y-11-00000 154-13-41002 175-13-21007<\/span><\/div>\n<\/td>\n<\/tr>\n<tr>\n<td style=\"width: 8.44221%;\" colspan=\"1\" rowspan=\"1\">\n<div class=\"magic-17\"><span style=\"font-family: \u6977\u4f53;\">sd16<\/span><\/div>\n<\/td>\n<td style=\"width: 14.2714%;\" colspan=\"1\" rowspan=\"1\">\n<div class=\"magic-18\"><span style=\"font-family: \u6977\u4f53;\">yj380\/16Y-11-00000<\/span><\/div>\n<\/td>\n<td style=\"width: 76.5829%;\" colspan=\"1\" rowspan=\"1\">\n<div class=\"magic-19\"><span style=\"font-family: \u6977\u4f53;\">shantui SD13 sd16 sd22 sd23 sd32 Drehmomentwandler yj380 yj409 16Y-11-00000 154-13-41002 175-13-21007<\/span><\/div>\n<\/td>\n<\/tr>\n<tr>\n<td style=\"width: 8.44221%;\" colspan=\"1\" rowspan=\"1\">\n<div class=\"magic-17\"><span style=\"font-family: \u6977\u4f53;\">sd22<\/span><\/div>\n<\/td>\n<td style=\"width: 14.2714%;\" colspan=\"1\" rowspan=\"1\">\n<div class=\"magic-18\"><span style=\"font-family: \u6977\u4f53;\">yj409\/ 154-13-41002<\/span><\/div>\n<\/td>\n<td style=\"width: 76.5829%;\" colspan=\"1\" rowspan=\"1\">\n<div class=\"magic-19\"><span style=\"font-family: \u6977\u4f53;\">shantui SD13 sd16 sd22 sd23 sd32 Drehmomentwandler yj380 yj409 16Y-11-00000 154-13-41002 175-13-21007<\/span><\/div>\n<\/td>\n<\/tr>\n<tr>\n<td style=\"width: 8.44221%;\" colspan=\"1\" rowspan=\"1\">\n<div class=\"magic-17\"><span style=\"font-family: \u6977\u4f53;\">sd32<\/span><\/div>\n<\/td>\n<td style=\"width: 14.2714%;\" colspan=\"1\" rowspan=\"1\">\n<div class=\"magic-18\"><span style=\"font-family: \u6977\u4f53;\">175-13-21007<\/span><\/div>\n<\/td>\n<td style=\"width: 76.5829%;\" colspan=\"1\" rowspan=\"1\">\n<div class=\"magic-19\"><span style=\"font-family: \u6977\u4f53;\" data-spm-anchor-id=\"a2700.siteadmin.0.i6.56f73333801RQH\">shantui SD13 sd16 sd22 sd23 sd32 Drehmomentwandler yj380 yj409 16Y-11-00000 154-13-41002 175-13-21007<\/span><\/div>\n<\/td>\n<\/tr>\n<\/tbody>\n<\/table>","protected":false},"excerpt":{"rendered":"<p>Shantui Bulldozer Spare Parts SD22 Torqflow Transmission 154-15-31000 Shantui Bulldozer Spare Parts SD22 Torqflow Transmission 154-15-31000 with Valve SHANTUI bulldozer SD22 transmission parts gear box 154-15-31000 SHANTUI bulldozer parts SD22 transmission gearbox 154-15-31000 Bulldozer SD22 SD23 TY220 TY320B Transmission Gearbox Ass&#8217;y 154-15-31000 shantui bulldozer gearbox transmission assy 16Y-15-0000 154-15-31000 154-15-41002 175-15-00226 WhatsApp, Wechat : 0086 [&hellip;]<\/p>","protected":false},"featured_media":7697,"menu_order":0,"comment_status":"closed","ping_status":"closed","template":"","meta":{"_seopress_robots_primary_cat":"","_seopress_titles_title":"","_seopress_titles_desc":"","_seopress_robots_index":"","om_disable_all_campaigns":false,"_mi_skip_tracking":false,"_monsterinsights_sitenote_active":false,"_monsterinsights_sitenote_note":"","_monsterinsights_sitenote_category":0},"product_cat":[],"product_tag":[],"product_category":[121],"class_list":{"0":"post-7695","1":"product","2":"type-product","3":"status-publish","4":"has-post-thumbnail","6":"product_category-shantui-bulldozer-part","8":"first","9":"instock","10":"shipping-taxable","11":"product-type-simple"},"acf":[],"_links":{"self":[{"href":"https:\/\/www.excavatorenginepart.com\/de_de\/wp-json\/wp\/v2\/product\/7695","targetHints":{"allow":["GET"]}}],"collection":[{"href":"https:\/\/www.excavatorenginepart.com\/de_de\/wp-json\/wp\/v2\/product"}],"about":[{"href":"https:\/\/www.excavatorenginepart.com\/de_de\/wp-json\/wp\/v2\/types\/product"}],"replies":[{"embeddable":true,"href":"https:\/\/www.excavatorenginepart.com\/de_de\/wp-json\/wp\/v2\/comments?post=7695"}],"wp:featuredmedia":[{"embeddable":true,"href":"https:\/\/www.excavatorenginepart.com\/de_de\/wp-json\/wp\/v2\/media\/7697"}],"wp:attachment":[{"href":"https:\/\/www.excavatorenginepart.com\/de_de\/wp-json\/wp\/v2\/media?parent=7695"}],"wp:term":[{"taxonomy":"product_cat","embeddable":true,"href":"https:\/\/www.excavatorenginepart.com\/de_de\/wp-json\/wp\/v2\/product_cat?post=7695"},{"taxonomy":"product_tag","embeddable":true,"href":"https:\/\/www.excavatorenginepart.com\/de_de\/wp-json\/wp\/v2\/product_tag?post=7695"},{"taxonomy":"product_category","embeddable":true,"href":"https:\/\/www.excavatorenginepart.com\/de_de\/wp-json\/wp\/v2\/product_category?post=7695"}],"curies":[{"name":"wp","href":"https:\/\/api.w.org\/{rel}","templated":true}]}}