{"id":7688,"date":"2022-12-16T02:17:19","date_gmt":"2022-12-16T02:17:19","guid":{"rendered":"https:\/\/www.excavatorenginepart.com\/?post_type=product&#038;p=7688"},"modified":"2022-12-16T03:10:37","modified_gmt":"2022-12-16T03:10:37","slug":"shantui-sd32-transmission-assembly-175-15-00226-with-gear-and-valve","status":"publish","type":"product","link":"https:\/\/www.excavatorenginepart.com\/de_de\/product\/shantui-sd32-transmission-assembly-175-15-00226-with-gear-and-valve\/","title":{"rendered":"Shantui SD32 Getriebebaugruppe 175-15-00226 mit Getriebe und Ventil"},"content":{"rendered":"<p><strong>Shantui SD32 Getriebebaugruppe 175-15-00226 mit Getriebe und Ventil<\/strong><\/p>\n<p><img fetchpriority=\"high\" decoding=\"async\" class=\"alignnone size-medium wp-image-7693\" src=\"https:\/\/www.excavatorenginepart.com\/wp-content\/uploads\/2022\/12\/Shantui-SD32-Transmission-Assembly-175-15-00026-with-Gear-and-Valve-300x300.jpg\" alt=\"\" width=\"300\" height=\"300\" srcset=\"https:\/\/www.excavatorenginepart.com\/wp-content\/uploads\/2022\/12\/Shantui-SD32-Transmission-Assembly-175-15-00026-with-Gear-and-Valve-300x300.jpg 300w, https:\/\/www.excavatorenginepart.com\/wp-content\/uploads\/2022\/12\/Shantui-SD32-Transmission-Assembly-175-15-00026-with-Gear-and-Valve-150x150.jpg 150w, https:\/\/www.excavatorenginepart.com\/wp-content\/uploads\/2022\/12\/Shantui-SD32-Transmission-Assembly-175-15-00026-with-Gear-and-Valve.jpg 600w\" sizes=\"(max-width: 300px) 100vw, 300px\" \/><\/p>\n<p>Shantui SD32 Bulldozer Getriebebaugruppe 175-15-00226<\/p>\n<p><img decoding=\"async\" class=\"alignnone size-medium wp-image-7692\" src=\"https:\/\/www.excavatorenginepart.com\/wp-content\/uploads\/2022\/12\/Shantui-SD32-Bulldozer-Transmission-Assembly-175-15-00026-300x300.jpg\" alt=\"\" width=\"300\" height=\"300\" srcset=\"https:\/\/www.excavatorenginepart.com\/wp-content\/uploads\/2022\/12\/Shantui-SD32-Bulldozer-Transmission-Assembly-175-15-00026-300x300.jpg 300w, https:\/\/www.excavatorenginepart.com\/wp-content\/uploads\/2022\/12\/Shantui-SD32-Bulldozer-Transmission-Assembly-175-15-00026-150x150.jpg 150w, https:\/\/www.excavatorenginepart.com\/wp-content\/uploads\/2022\/12\/Shantui-SD32-Bulldozer-Transmission-Assembly-175-15-00026.jpg 600w\" sizes=\"(max-width: 300px) 100vw, 300px\" \/><\/p>\n<p>Shantui D155A Getriebebaugruppe 175-15-00226<\/p>\n<p><img decoding=\"async\" class=\"alignnone size-medium wp-image-7691\" src=\"https:\/\/www.excavatorenginepart.com\/wp-content\/uploads\/2022\/12\/Shantui-D155A-Transmission-Assembly-175-15-00026-300x300.jpg\" alt=\"\" width=\"300\" height=\"300\" srcset=\"https:\/\/www.excavatorenginepart.com\/wp-content\/uploads\/2022\/12\/Shantui-D155A-Transmission-Assembly-175-15-00026-300x300.jpg 300w, https:\/\/www.excavatorenginepart.com\/wp-content\/uploads\/2022\/12\/Shantui-D155A-Transmission-Assembly-175-15-00026-150x150.jpg 150w, https:\/\/www.excavatorenginepart.com\/wp-content\/uploads\/2022\/12\/Shantui-D155A-Transmission-Assembly-175-15-00026.jpg 600w\" sizes=\"(max-width: 300px) 100vw, 300px\" \/><\/p>\n<p>Shantui SD32 Bulldozer Getriebebaugruppe 175-15-00226<\/p>\n<p><img loading=\"lazy\" decoding=\"async\" class=\"alignnone size-medium wp-image-7690\" src=\"https:\/\/www.excavatorenginepart.com\/wp-content\/uploads\/2022\/12\/SD32-Bulldozer-Transmission-175-15-00026-with-Gear-and-Valve-300x300.jpg\" alt=\"\" width=\"300\" height=\"300\" srcset=\"https:\/\/www.excavatorenginepart.com\/wp-content\/uploads\/2022\/12\/SD32-Bulldozer-Transmission-175-15-00026-with-Gear-and-Valve-300x300.jpg 300w, https:\/\/www.excavatorenginepart.com\/wp-content\/uploads\/2022\/12\/SD32-Bulldozer-Transmission-175-15-00026-with-Gear-and-Valve-150x150.jpg 150w, https:\/\/www.excavatorenginepart.com\/wp-content\/uploads\/2022\/12\/SD32-Bulldozer-Transmission-175-15-00026-with-Gear-and-Valve.jpg 600w\" sizes=\"(max-width: 300px) 100vw, 300px\" \/><\/p>\n<p>175-15-00226 torqflow transmission Lastschaltgetriebe<\/p>\n<p><img loading=\"lazy\" decoding=\"async\" class=\"alignnone size-medium wp-image-7689\" src=\"https:\/\/www.excavatorenginepart.com\/wp-content\/uploads\/2022\/12\/175-15-00026-torqflow-transmission-Power-shift-transmission-300x300.jpg\" alt=\"\" width=\"300\" height=\"300\" srcset=\"https:\/\/www.excavatorenginepart.com\/wp-content\/uploads\/2022\/12\/175-15-00026-torqflow-transmission-Power-shift-transmission-300x300.jpg 300w, https:\/\/www.excavatorenginepart.com\/wp-content\/uploads\/2022\/12\/175-15-00026-torqflow-transmission-Power-shift-transmission-150x150.jpg 150w, https:\/\/www.excavatorenginepart.com\/wp-content\/uploads\/2022\/12\/175-15-00026-torqflow-transmission-Power-shift-transmission.jpg 600w\" sizes=\"(max-width: 300px) 100vw, 300px\" \/><\/p>\n<p><strong>Wesentliche Details<\/strong><\/p>\n<p>Garantie:1 Jahr<br \/>\nAnwendbare Branchen: Maschinenreparaturwerkst\u00e4tten, Bauarbeiten <br \/>\nHerkunftsort:Shandong, China<br \/>\nMarkenname:SHANTUI<br \/>\nAnordnung des Getriebes:Planetengetriebe<br \/>\nAusgangsdrehmoment:800~100000N.m<br \/>\nEingangsdrehzahl:1400rpm<br \/>\nAusgangsgeschwindigkeit:14-280rpm<br \/>\nProduktname:Getriebe<br \/>\nTeilenummer:175-15-00226<br \/>\nTyp:OEM<br \/>\nMarke:SHANTUI<br \/>\nVerpackung: in Holzkiste<br \/>\nGarantiezeit:1 Jahr<br \/>\nGewicht netto:1010kg<br \/>\nVerpackungsgr\u00f6\u00dfe:93cm*75cm*108cm<br \/>\nModell:D155A-1<br \/>\nLieferzeit: innerhalb von 3 Tagen nach Auftragsbest\u00e4tigung<br \/>\nZertifizierung:EPA<\/p>\n<p><strong>Beschreibung des Produkts<\/strong><\/p>\n<table class=\"all magic-7\">\n<tbody>\n<tr>\n<td colspan=\"1\" rowspan=\"1\">\n<div class=\"magic-8\" data-spm-anchor-id=\"a2700.details.0.i24.63d0193ctb5Ivx\">Teil Name<\/div>\n<\/td>\n<td colspan=\"4\" rowspan=\"1\">\n<div class=\"magic-9\" data-spm-anchor-id=\"a2700.details.0.i25.63d0193ctb5Ivx\">shantui SD32 Planierraupe Getriebe 175-15-00226<\/div>\n<\/td>\n<\/tr>\n<tr>\n<td colspan=\"1\" rowspan=\"1\">\n<div class=\"magic-8\">Teil Nummer<\/div>\n<\/td>\n<td colspan=\"4\" rowspan=\"1\">\n<div class=\"magic-9\">\u00a0175-15-00226<\/div>\n<\/td>\n<\/tr>\n<tr>\n<td colspan=\"1\" rowspan=\"1\">\n<div class=\"magic-8\">Zustand<\/div>\n<\/td>\n<td colspan=\"4\" rowspan=\"1\">\n<div class=\"magic-9\">100% neu und echt<\/div>\n<\/td>\n<\/tr>\n<tr>\n<td colspan=\"1\" rowspan=\"1\">\n<div class=\"magic-8\">Maschinen anwenden<\/div>\n<\/td>\n<td colspan=\"4\" rowspan=\"1\">\n<div class=\"magic-9\">Shantui SD32 Planierraupe\u00a0<\/div>\n<\/td>\n<\/tr>\n<tr>\n<td colspan=\"1\" rowspan=\"1\">\n<div class=\"magic-8\">Markenname:<\/div>\n<\/td>\n<td colspan=\"4\" rowspan=\"1\">\n<div class=\"magic-9\">Original<\/div>\n<\/td>\n<\/tr>\n<tr>\n<td colspan=\"1\" rowspan=\"1\">\n<div class=\"magic-8\">Garantie<\/div>\n<\/td>\n<td colspan=\"4\" rowspan=\"1\">\n<div class=\"magic-9\">6 Monate<\/div>\n<\/td>\n<\/tr>\n<tr>\n<td colspan=\"1\" rowspan=\"1\">\n<div class=\"magic-8\">Lieferfrist<\/div>\n<\/td>\n<td colspan=\"4\" rowspan=\"1\">\n<div class=\"magic-12\">nach der Menge<\/div>\n<\/td>\n<\/tr>\n<\/tbody>\n<\/table>\n<p align=\"justify\"><strong><span data-spm-anchor-id=\"a2700.details.0.i5.54f650bbeK7N1z\">Motorenteile<\/span><\/strong><\/p>\n<p>Kolben und Pleuel, Kurbelwelle, \u00d6lfilter, Luftfilter, \u00d6ldichtung, \u00d6lk\u00fchler, K\u00fchler, Einspritzd\u00fcse, Anlasser, Turbolader, Zylinderblock, Getriebe, Dichtungssatz usw.<\/p>\n<p>\u00a0<strong>Hydraulische Teile<\/strong><\/p>\n<p>Hydraulikpumpen, Hydraulikventile, Hydraulikzylinder, \u00d6ldichtungssatz, O-Ring, Steuerkolben, Ventilplatte, Endantrieb, Zylinderblockgruppe, Halterung, Steuerstange, etc.<\/p>\n<p>\u00a0<strong>Strukturelle Teile<\/strong><\/p>\n<p>Kabine, Auslegerarm, Schaufel, Schaufelz\u00e4hne, Fr\u00e4serbohrer, Schneidmesser, \u00d6lk\u00fchler, K\u00fchler, Anbauger\u00e4te, etc.<\/p>\n<p><strong>Teile des Fahrgestells<\/strong><\/p>\n<p>Bulldozer&amp;Bagger Raupenglied, Raupenschuhgruppe, Umlenkrolle, Laufrolle, Tr\u00e4gerrolle, Sprocket,<\/p>\n<p>Spureinsteller, Spureinlage, etc.<\/p>\n<p>Ersatzteile f\u00fcr Radlader LG916 LG933L LG938L L938F LG946L L948 L948F LG952N LG952H LG953N LG979 :ZL30G, LW300KN,ZL50G,ZL50GN, LW500KN,SL30W,SL50W ,SEM916D,SEM956 ETC<br \/>\nBaggerlader: WZ30-25, XT870<br \/>\nPlanierraupe :SD22.SD32,SD16,SD42 ,D85,D8,D155,D375<\/p>\n<p>Motor-Grader: GR135, GR1653, GR1803, GR2153, GR3003<\/p>\n<p>Bagger: XE35U, XE55D, XE135D, XE150D, XE215, XE235, XE470D,XE700,XE900,PC200,PC400,PC800,PC1250,EC240,EC290,E330,E340ETC.<\/p>\n<p>SD08 111-15-00000<\/p>\n<p align=\"left\">SD11 122-15-A0000<\/p>\n<p align=\"left\">SD13 10Y-15-00000<\/p>\n<p align=\"left\" data-spm-anchor-id=\"a2700.details.0.i10.34d281b2Y635Ro\">SD16 16Y-15-00000<\/p>\n<p align=\"left\">SD22 154-15-31000<\/p>\n<p align=\"left\">SD23 154-15-41002<\/p>\n<p align=\"left\">SD32 175-15-00226<\/p>\n<p>Mehr Informationen, bitte kontaktieren Sie uns.\u00a0<\/p>\n<p><span style=\"color: #ff0000;\"><strong>WhatsApp, Wechat: 0086 15553722299\u00a0<\/strong><\/span><\/p>","protected":false},"excerpt":{"rendered":"<p>Shantui SD32 Transmission Assembly 175-15-00226 with Gear and Valve Shantui SD32 Bulldozer Transmission Assembly 175-15-00226 Shantui D155A Transmission Assembly 175-15-00226 Shantui SD32 Bulldozer Transmission Assembly 175-15-00226 175-15-00226 torqflow transmission Power shift transmission Essential details Warranty:1 year Applicable Industries:Machinery Repair Shops, Construction works Place of Origin:Shandong, China Brand Name:SHANTUI Gearing Arrangement:Planetary Output Torque:800~100000N.m Input Speed:1400rpm Output [&hellip;]<\/p>","protected":false},"featured_media":7693,"menu_order":0,"comment_status":"closed","ping_status":"closed","template":"","meta":{"_seopress_robots_primary_cat":"","_seopress_titles_title":"","_seopress_titles_desc":"","_seopress_robots_index":"","om_disable_all_campaigns":false,"_mi_skip_tracking":false,"_monsterinsights_sitenote_active":false,"_monsterinsights_sitenote_note":"","_monsterinsights_sitenote_category":0},"product_cat":[],"product_tag":[],"product_category":[121],"class_list":{"0":"post-7688","1":"product","2":"type-product","3":"status-publish","4":"has-post-thumbnail","6":"product_category-shantui-bulldozer-part","8":"first","9":"instock","10":"shipping-taxable","11":"product-type-simple"},"acf":[],"_links":{"self":[{"href":"https:\/\/www.excavatorenginepart.com\/de_de\/wp-json\/wp\/v2\/product\/7688","targetHints":{"allow":["GET"]}}],"collection":[{"href":"https:\/\/www.excavatorenginepart.com\/de_de\/wp-json\/wp\/v2\/product"}],"about":[{"href":"https:\/\/www.excavatorenginepart.com\/de_de\/wp-json\/wp\/v2\/types\/product"}],"replies":[{"embeddable":true,"href":"https:\/\/www.excavatorenginepart.com\/de_de\/wp-json\/wp\/v2\/comments?post=7688"}],"wp:featuredmedia":[{"embeddable":true,"href":"https:\/\/www.excavatorenginepart.com\/de_de\/wp-json\/wp\/v2\/media\/7693"}],"wp:attachment":[{"href":"https:\/\/www.excavatorenginepart.com\/de_de\/wp-json\/wp\/v2\/media?parent=7688"}],"wp:term":[{"taxonomy":"product_cat","embeddable":true,"href":"https:\/\/www.excavatorenginepart.com\/de_de\/wp-json\/wp\/v2\/product_cat?post=7688"},{"taxonomy":"product_tag","embeddable":true,"href":"https:\/\/www.excavatorenginepart.com\/de_de\/wp-json\/wp\/v2\/product_tag?post=7688"},{"taxonomy":"product_category","embeddable":true,"href":"https:\/\/www.excavatorenginepart.com\/de_de\/wp-json\/wp\/v2\/product_category?post=7688"}],"curies":[{"name":"wp","href":"https:\/\/api.w.org\/{rel}","templated":true}]}}