{"id":7043,"date":"2022-04-29T09:02:40","date_gmt":"2022-04-29T09:02:40","guid":{"rendered":"https:\/\/www.excavatorenginepart.com\/?post_type=product&#038;p=7043"},"modified":"2022-05-06T08:18:24","modified_gmt":"2022-05-06T08:18:24","slug":"electric-diesel-fuel-pump-r1401-51350-for-bobcat-excavator","status":"publish","type":"product","link":"https:\/\/www.excavatorenginepart.com\/de_de\/product\/electric-diesel-fuel-pump-r1401-51350-for-bobcat-excavator\/","title":{"rendered":"Elektrische Dieselkraftstoffpumpe R1401-51350 f\u00fcr Bobcat Bagger"},"content":{"rendered":"<p>12V Elektrische Dieselkraftstoffpumpe R1401-51350 f\u00fcr Bobcat Bagger\u00a0<\/p>\n<p>Elektrische Dieselkraftstoffpumpe R1401-51350 passt auf\u00a0<strong>Kubota V2203 Motoren<\/strong>Die Spannung betr\u00e4gt 12V\/24V, Dieser Motor wird verwendet f\u00fcr\u00a0<strong>SDLG Baggermotor<\/strong><strong>,\u00a0<\/strong>Die Funktion der \u00d6lf\u00f6rderpumpe besteht darin, die Zirkulation des Diesel\u00f6ls im Niederdruck-\u00d6lkreislauf zu gew\u00e4hrleisten und die Einspritzpumpe mit einer ausreichenden Menge und einem bestimmten Druck mit Kraftstoff zu versorgen. Die \u00d6lf\u00f6rdermenge sollte das 3-4-fache der maximalen \u00d6leinspritzmenge bei Volllast betragen.Der Exzenter auf der Nockenwelle der Einspritzpumpe dr\u00fcckt \u00fcber die Rolle und die Schubstange auf den Kolben, wodurch das Ansaugr\u00fcckschlagventil und das Verst\u00e4rkerventil ge\u00f6ffnet werden, w\u00e4hrend die Kolbenfeder zusammengedr\u00fcckt wird.Wenn der Exzenter \u00fcber die Rolle rollt, dr\u00fcckt die Feder den Kolben nach oben, woraufhin sich die R\u00fcckschlagventile \u00f6ffnen und die beiden anderen schlie\u00dfen.Nockenwelle jede Umdrehung, \u00d6lpumpe zweimal.Wenn der \u00d6ldruck auf der Druckleitung mehr als die Federkraft steigt, bleibt der Kolben im unteren Teil der \u00d6lpumpe und liefert weiterhin \u00d6l, nachdem der \u00d6ldruck sinkt.<\/p>\n<p>Elektrische Dieselkraftstoffpumpe R1401-51350 Spezifikationen\u00a0<\/p>\n<p>Herkunftsort: China<br \/>\nMarkenname: Kubota\u00a0<br \/>\nModell Nummer: R1401-54350 R1401-51352<br \/>\nAufbau: Zahnradpumpe<br \/>\nVerwendung: \u00d6l<br \/>\nAnwendung:  Bobcat 435 Bagger\u00a0<br \/>\nDruck:Hoher Druck<br \/>\nGr\u00f6\u00dfe:Standardgr\u00f6\u00dfe<br \/>\nName des Teils: Dieselkraftstoffpumpe R1401-51352 R1401-51350 f\u00fcr M108 Bobcat 435<br \/>\nAbmessungen: 6,3 x 4,2 x 3,7 Zoll<br \/>\nGewicht:0,35 kg<br \/>\nTheorie: Axialflusspumpe<\/p>\n<p><img fetchpriority=\"high\" decoding=\"async\" class=\"alignnone wp-image-7045 size-full\" src=\"https:\/\/www.excavatorenginepart.com\/wp-content\/uploads\/2022\/04\/Electric-Diesel-Fuel-Pump-R1401-51350-for-Bobcat-Excavator-01.jpg\" alt=\"\" width=\"534\" height=\"403\" srcset=\"https:\/\/www.excavatorenginepart.com\/wp-content\/uploads\/2022\/04\/Electric-Diesel-Fuel-Pump-R1401-51350-for-Bobcat-Excavator-01.jpg 534w, https:\/\/www.excavatorenginepart.com\/wp-content\/uploads\/2022\/04\/Electric-Diesel-Fuel-Pump-R1401-51350-for-Bobcat-Excavator-01-300x226.jpg 300w\" sizes=\"(max-width: 534px) 100vw, 534px\" \/><\/p>\n<p><strong>Gro\u00dfhandel Kubota Kraftstoffpumpe R1401-51350 f\u00fcr D772 D1105<\/strong><\/p>\n<p><img decoding=\"async\" class=\"alignnone wp-image-7046 size-full\" src=\"https:\/\/www.excavatorenginepart.com\/wp-content\/uploads\/2022\/04\/Electric-Diesel-Fuel-Pump-R1401-51350-for-Bobcat-Excavator-02.jpg\" alt=\"\" width=\"536\" height=\"544\" srcset=\"https:\/\/www.excavatorenginepart.com\/wp-content\/uploads\/2022\/04\/Electric-Diesel-Fuel-Pump-R1401-51350-for-Bobcat-Excavator-02.jpg 536w, https:\/\/www.excavatorenginepart.com\/wp-content\/uploads\/2022\/04\/Electric-Diesel-Fuel-Pump-R1401-51350-for-Bobcat-Excavator-02-296x300.jpg 296w\" sizes=\"(max-width: 536px) 100vw, 536px\" \/><\/p>\n<p>Nachr\u00fcstbare Kubota Kraftstoffpumpe 16851-52030 f\u00fcr Z482 D722 V2203<\/p>\n<p><img decoding=\"async\" class=\"alignnone wp-image-7047 size-full\" src=\"https:\/\/www.excavatorenginepart.com\/wp-content\/uploads\/2022\/04\/Electric-Diesel-Fuel-Pump-R1401-51350-for-Bobcat-Excavator-03.jpg\" alt=\"\" width=\"536\" height=\"534\" srcset=\"https:\/\/www.excavatorenginepart.com\/wp-content\/uploads\/2022\/04\/Electric-Diesel-Fuel-Pump-R1401-51350-for-Bobcat-Excavator-03.jpg 536w, https:\/\/www.excavatorenginepart.com\/wp-content\/uploads\/2022\/04\/Electric-Diesel-Fuel-Pump-R1401-51350-for-Bobcat-Excavator-03-300x300.jpg 300w, https:\/\/www.excavatorenginepart.com\/wp-content\/uploads\/2022\/04\/Electric-Diesel-Fuel-Pump-R1401-51350-for-Bobcat-Excavator-03-150x150.jpg 150w\" sizes=\"(max-width: 536px) 100vw, 536px\" \/><\/p>\n<p>Kubota Elektrische Kraftstoffpumpe R1401-51350<\/p>","protected":false},"excerpt":{"rendered":"<p>12V Electric Diesel Fuel Pump R1401-51350 for Bobcat Excavator\u00a0 Electric Diesel Fuel Pump R1401-51350\u00a0is fitting on\u00a0Kubota V2203 engines, The voltage is 12V\/24V, \u00a0This engine is used for\u00a0SDLG excavator engine,\u00a0The function of the oil delivery pump is to ensure the circulation of diesel oil in the low-pressure oil circuit, and supply sufficient quantity and certain pressure [&hellip;]<\/p>","protected":false},"featured_media":7044,"menu_order":0,"comment_status":"closed","ping_status":"closed","template":"","meta":{"_seopress_robots_primary_cat":"","_seopress_titles_title":"","_seopress_titles_desc":"","_seopress_robots_index":"","om_disable_all_campaigns":false,"_mi_skip_tracking":false,"_monsterinsights_sitenote_active":false,"_monsterinsights_sitenote_note":"","_monsterinsights_sitenote_category":0},"product_cat":[],"product_tag":[],"product_category":[117],"class_list":{"0":"post-7043","1":"product","2":"type-product","3":"status-publish","4":"has-post-thumbnail","6":"product_category-kubota-engine-part","8":"first","9":"instock","10":"shipping-taxable","11":"product-type-simple"},"acf":[],"_links":{"self":[{"href":"https:\/\/www.excavatorenginepart.com\/de_de\/wp-json\/wp\/v2\/product\/7043","targetHints":{"allow":["GET"]}}],"collection":[{"href":"https:\/\/www.excavatorenginepart.com\/de_de\/wp-json\/wp\/v2\/product"}],"about":[{"href":"https:\/\/www.excavatorenginepart.com\/de_de\/wp-json\/wp\/v2\/types\/product"}],"replies":[{"embeddable":true,"href":"https:\/\/www.excavatorenginepart.com\/de_de\/wp-json\/wp\/v2\/comments?post=7043"}],"wp:featuredmedia":[{"embeddable":true,"href":"https:\/\/www.excavatorenginepart.com\/de_de\/wp-json\/wp\/v2\/media\/7044"}],"wp:attachment":[{"href":"https:\/\/www.excavatorenginepart.com\/de_de\/wp-json\/wp\/v2\/media?parent=7043"}],"wp:term":[{"taxonomy":"product_cat","embeddable":true,"href":"https:\/\/www.excavatorenginepart.com\/de_de\/wp-json\/wp\/v2\/product_cat?post=7043"},{"taxonomy":"product_tag","embeddable":true,"href":"https:\/\/www.excavatorenginepart.com\/de_de\/wp-json\/wp\/v2\/product_tag?post=7043"},{"taxonomy":"product_category","embeddable":true,"href":"https:\/\/www.excavatorenginepart.com\/de_de\/wp-json\/wp\/v2\/product_category?post=7043"}],"curies":[{"name":"wp","href":"https:\/\/api.w.org\/{rel}","templated":true}]}}