{"id":7001,"date":"2022-04-29T07:35:46","date_gmt":"2022-04-29T07:35:46","guid":{"rendered":"https:\/\/www.excavatorenginepart.com\/?post_type=product&#038;p=7001"},"modified":"2022-05-06T08:19:46","modified_gmt":"2022-05-06T08:19:46","slug":"cummins-engine-part-fuel-injector-pump-3165797","status":"publish","type":"product","link":"https:\/\/www.excavatorenginepart.com\/de_de\/product\/cummins-motor-teil-kraftstoffeinspritzpumpe-3165797\/","title":{"rendered":"Cummins Motorteil Kraftstoffeinspritzpumpe 3165797"},"content":{"rendered":"<p>Cummins Motorteil Kraftstoffeinspritzpumpe 3165797\u00a0<\/p>\n<p>Die Motorpumpe ist das Herzst\u00fcck der\u00a0<strong>Kraftstoffsystem eines Cummins-Dieselmotors<\/strong>\u00a0,\u00a0<strong>Einspritzpumpe<\/strong>\u00a0ist PT-System von Cummins, 3165797 ist neues Modell der Pumpe, passend auf Shantui Bulldozer SD22 Bulldozer-Motor, k\u00f6nnen wir neue echte Cummins-Kraftstoffpumpe mit original Cummins-Paket und Logo, die Details bitte \u00fcberpr\u00fcfen follwong geliefert.\u00a0<\/p>\n<p>Kraftstoffeinspritzpumpe 3165797 Spezifikationen\u00a0<\/p>\n<p>Ort der Herkunft: Chongqing, China (Festland)<br \/>\nMarkenname: CCEC<br \/>\nModellnummer: 3165797<br \/>\nTheorie: Strahlpumpe<br \/>\nAufbau: Kolbenpumpe<br \/>\nVerwendung: \u00d6l, Schiffsmotor\/Baumaschinen\/Generatorsatz\/Bulldozer<br \/>\nLeistung: 120KW-650KW<br \/>\nStandard oder Nicht-Standard: Standard<br \/>\nKraftstoff:Diesel<br \/>\nDruck: Hoher Druck<br \/>\nAnwendung: Dieselmotor<br \/>\nMaterial: Aluminium<br \/>\nZertifikat: ISO9001:2008<br \/>\nFarbe: Grau<br \/>\nNettogewicht: 10.5Kg<br \/>\nMOQ: 1 St\u00fcck<\/p>\n<p><img fetchpriority=\"high\" decoding=\"async\" class=\"alignnone wp-image-7003 size-full\" src=\"https:\/\/www.excavatorenginepart.com\/wp-content\/uploads\/2022\/04\/Cummins-engine-part-fuel-injector-pump-3165797-01.jpg\" alt=\"\" width=\"531\" height=\"497\" srcset=\"https:\/\/www.excavatorenginepart.com\/wp-content\/uploads\/2022\/04\/Cummins-engine-part-fuel-injector-pump-3165797-01.jpg 531w, https:\/\/www.excavatorenginepart.com\/wp-content\/uploads\/2022\/04\/Cummins-engine-part-fuel-injector-pump-3165797-01-300x281.jpg 300w\" sizes=\"(max-width: 531px) 100vw, 531px\" \/><\/p>\n<p>Cummins Kraftstoffpumpe 3165797<\/p>\n<p><img decoding=\"async\" class=\"alignnone wp-image-7004 size-full\" src=\"https:\/\/www.excavatorenginepart.com\/wp-content\/uploads\/2022\/04\/Cummins-engine-part-fuel-injector-pump-3165797-02.jpg\" alt=\"\" width=\"531\" height=\"493\" srcset=\"https:\/\/www.excavatorenginepart.com\/wp-content\/uploads\/2022\/04\/Cummins-engine-part-fuel-injector-pump-3165797-02.jpg 531w, https:\/\/www.excavatorenginepart.com\/wp-content\/uploads\/2022\/04\/Cummins-engine-part-fuel-injector-pump-3165797-02-300x279.jpg 300w\" sizes=\"(max-width: 531px) 100vw, 531px\" \/><\/p>\n<p>PT Kraftstoffsystempumpe 3165797<\/p>\n<p><img decoding=\"async\" class=\"alignnone wp-image-7006 size-full\" src=\"https:\/\/www.excavatorenginepart.com\/wp-content\/uploads\/2022\/04\/Cummins-engine-part-fuel-injector-pump-3165797-03-1.jpg\" alt=\"\" width=\"527\" height=\"500\" srcset=\"https:\/\/www.excavatorenginepart.com\/wp-content\/uploads\/2022\/04\/Cummins-engine-part-fuel-injector-pump-3165797-03-1.jpg 527w, https:\/\/www.excavatorenginepart.com\/wp-content\/uploads\/2022\/04\/Cummins-engine-part-fuel-injector-pump-3165797-03-1-300x285.jpg 300w\" sizes=\"(max-width: 527px) 100vw, 527px\" \/><\/p>\n<p>Abmessungen von Filterelementen in Kraftstoffpumpen und Einspritzd\u00fcsen<\/p>\n<p>1. 146483 Bildschirm: 30 x 250 Mesh allgemeinen gewellten Monel Metall-Bildschirm, aus zwei Arten von Metall-Filamente, Durchmesser des Drahtes ist 15,0079 [15.0.201] und 15,0043 [15.0.109], f\u00fcr Heiz\u00f6l-Filterung nach der Zahnradpumpe auf der PT Kraftstoffpumpe verwendet.<\/p>\n<p>2. 3090769 Sieb: 80 x 700 Maschen diagonales holl\u00e4ndisches Gewebe, Nickel 200 Metallsieb besteht aus zwei Metallf\u00e4den mit Durchmessern von 15,004 [15.0.10] und 15,003 [15.0.076] f\u00fcr Kraftstofffilter vor dem Absperrventil an der PT-Kraftstoffpumpe.\u00a0<\/p>\n<p>3. 3008706 Sieb: Dicke.026-.030[0.66-0.76], oberes Sieb: 200 Maschen, Drahtdurchmesser: [.0.053], inneres Sieb: 40 Maschen\/Zoll, Drahtdurchmesser: 0,0,25], f\u00fcr Motoreinspritzd\u00fcsen der Serien N, K, M11.\u00a0<\/p>\n<p>4. 3005499 Filter: dick.024-.028[0.61-0.71], 60 Maschen\/Zoll, Drahtdurchmesser [0.16], Maschenweite [0.0.25], einlagig, f\u00fcr Motorinjektor der Serien K und M11.<\/p>","protected":false},"excerpt":{"rendered":"<p>Cummins engine part fuel injector pump 3165797\u00a0 Engine pump is the heart of\u00a0Cummins diesel engine fuel system\u00a0,\u00a0fuel injector pump\u00a0is PT system of cummins,\u00a0 3165797 is new model of pump ,fitting on Shantui bulldozer SD22 bulldozer engine , we can supplied new genuine cummins fuel pump with original cummins package and logo ,the details please check [&hellip;]<\/p>","protected":false},"featured_media":7002,"menu_order":0,"comment_status":"closed","ping_status":"closed","template":"","meta":{"_seopress_robots_primary_cat":"","_seopress_titles_title":"","_seopress_titles_desc":"","_seopress_robots_index":"","om_disable_all_campaigns":false,"_mi_skip_tracking":false,"_monsterinsights_sitenote_active":false,"_monsterinsights_sitenote_note":"","_monsterinsights_sitenote_category":0},"product_cat":[],"product_tag":[],"product_category":[115],"class_list":{"0":"post-7001","1":"product","2":"type-product","3":"status-publish","4":"has-post-thumbnail","6":"product_category-cummins-engine-part","8":"first","9":"instock","10":"shipping-taxable","11":"product-type-simple"},"acf":[],"_links":{"self":[{"href":"https:\/\/www.excavatorenginepart.com\/de_de\/wp-json\/wp\/v2\/product\/7001","targetHints":{"allow":["GET"]}}],"collection":[{"href":"https:\/\/www.excavatorenginepart.com\/de_de\/wp-json\/wp\/v2\/product"}],"about":[{"href":"https:\/\/www.excavatorenginepart.com\/de_de\/wp-json\/wp\/v2\/types\/product"}],"replies":[{"embeddable":true,"href":"https:\/\/www.excavatorenginepart.com\/de_de\/wp-json\/wp\/v2\/comments?post=7001"}],"wp:featuredmedia":[{"embeddable":true,"href":"https:\/\/www.excavatorenginepart.com\/de_de\/wp-json\/wp\/v2\/media\/7002"}],"wp:attachment":[{"href":"https:\/\/www.excavatorenginepart.com\/de_de\/wp-json\/wp\/v2\/media?parent=7001"}],"wp:term":[{"taxonomy":"product_cat","embeddable":true,"href":"https:\/\/www.excavatorenginepart.com\/de_de\/wp-json\/wp\/v2\/product_cat?post=7001"},{"taxonomy":"product_tag","embeddable":true,"href":"https:\/\/www.excavatorenginepart.com\/de_de\/wp-json\/wp\/v2\/product_tag?post=7001"},{"taxonomy":"product_category","embeddable":true,"href":"https:\/\/www.excavatorenginepart.com\/de_de\/wp-json\/wp\/v2\/product_category?post=7001"}],"curies":[{"name":"wp","href":"https:\/\/api.w.org\/{rel}","templated":true}]}}