{"id":6924,"date":"2022-04-29T02:42:04","date_gmt":"2022-04-29T02:42:04","guid":{"rendered":"https:\/\/www.excavatorenginepart.com\/?post_type=product&#038;p=6924"},"modified":"2022-05-06T08:22:47","modified_gmt":"2022-05-06T08:22:47","slug":"psvd2-21-kyb-hydraulic-pumps-for-kubota-excavator","status":"publish","type":"product","link":"https:\/\/www.excavatorenginepart.com\/de_de\/product\/psvd2-21-kyb-hydraulische-pumpen-fur-kubota-excavator\/","title":{"rendered":"PSVD2-21 KYB-Hydraulikpumpen f\u00fcr Kubota-Bagger"},"content":{"rendered":"<p>PSVD2-21 KYB KAYABA Hydraulische Kolben-Hauptpumpen f\u00fcr Kubota Minibagger<\/p>\n<p>Kolbenpumpe besteht aus Zylinderblock und Kolben, Kolben Hin- und Herbewegung in den Zylinderblock, \u00d6labsorption, wenn das Arbeitsvolumen erh\u00f6ht, das Arbeitsvolumen verringert die Stunde \u00d6l discharge.Use Stirnseite \u00d6lverteilung, Radiallast wird durch gro\u00dfe Lager um den Zylinderk\u00f6rper ausgeglichen, um die Neigung des Zylinderk\u00f6rpers zu begrenzen.due zu den geneigten Moment des Zylinderblocks, die Herstellung Genauigkeit ist erforderlich, um h\u00f6her zu sein, sonst ist es leicht, die Verteilerplatte zu besch\u00e4digen. Hohe Volumeneffizienz, kleine Leckage, kann unter hohem Druck arbeiten, meist f\u00fcr High-Power-Hydraulik-System verwendet;Aber die Struktur ist komplex, das Material und die Verarbeitung Genauigkeit Anfrage ist hoch, der Preis ist teuer, um die \u00d6lreinheit Anfrage ist high.Generell in Zahnradpumpe und Fl\u00fcgelzellenpumpe kann nicht die Anforderungen der Plungerpumpe.\u00a0<strong>KAYABA KPM Baureihe : MAG120.MAG150.MAG170.MAG200.MAG230 Hydraulische Pumpen.<\/strong><\/p>\n<p>Liste der anderen hydraulischen Hauptpumpen\u00a0<\/p>\n<table border=\"1\">\n<tbody>\n<tr>\n<td class=\"et7\" width=\"143\" height=\"32\">Pumpen-Serie<\/td>\n<td class=\"et7\" width=\"186\" height=\"32\">Cotrol Modell<\/td>\n<td class=\"et8\" width=\"284\" height=\"32\">Pumpe f\u00fcr Exvavator Moldel<\/td>\n<\/tr>\n<tr>\n<td class=\"et8\" rowspan=\"3\" width=\"143\" height=\"99\">K3V63DT<img decoding=\"async\" src=\"file:\/\/\/C:\/Users\/ADMINI~1\/AppData\/Local\/Temp\/ksohtml\/clip_image5137.png@watermark=2&amp;color=I0ZGRkZGRg%3D%3D&amp;type=ZHJvaWRzYW5zZmFsbGJhY2s%3D&amp;size=16&amp;p=5&amp;t=80&amp;text=ZXhjYXZhdG9yZW5naW5lcGFydC5ib3NzZ29vLmNvbQ%3D%3D\" width=\"1\" height=\"1\" \/><\/td>\n<td class=\"et8\" width=\"186\" height=\"33\">9N<\/td>\n<td class=\"et10\" rowspan=\"3\" width=\"284\" height=\"99\">Liugong 13T 15T Bagger\u00a0<br \/>\nVolvo EC140B<br \/>\nDoosan S130LC-V 150 Raupe<\/td>\n<\/tr>\n<tr>\n<td class=\"et8\" width=\"186\" height=\"33\">9C<\/td>\n<\/tr>\n<tr>\n<td class=\"et8\" width=\"186\" height=\"33\">HN<\/td>\n<\/tr>\n<tr>\n<td class=\"et8\" rowspan=\"3\" width=\"143\" height=\"198\">K3V112DT<\/td>\n<td class=\"et8\" width=\"186\" height=\"33\">9N<\/td>\n<td class=\"et10\" rowspan=\"3\" width=\"284\" height=\"198\">DH225LC-7,S225LC-V,\u00a0<br \/>\nS220LC-V,R215-7C,<br \/>\nR210LC-7, R210LC-7T, R225-7, RMX225, EC210, SE210LC-3, EC210B, MX255, EC240, EC240B<br \/>\nLiugong 20T Bagger 920\/922 210LV-7G, R2200LC-7,R2200LC-7C,<\/td>\n<\/tr>\n<tr>\n<td class=\"et8\" width=\"186\" height=\"33\">9C<\/td>\n<\/tr>\n<tr>\n<td class=\"et8\" width=\"186\" height=\"132\">HN<\/td>\n<\/tr>\n<tr>\n<td class=\"et8\" rowspan=\"5\" width=\"143\" height=\"165\">K3V112DTP<\/td>\n<td class=\"et8\" width=\"186\" height=\"33\">9N<\/td>\n<td class=\"et12\" rowspan=\"3\" width=\"284\" height=\"99\">Sanward Liugong 20T Bagger (nicht mit PTO),<br \/>\n\u00a0<\/td>\n<\/tr>\n<tr>\n<td class=\"et8\" width=\"186\" height=\"33\">9C<\/td>\n<\/tr>\n<tr>\n<td class=\"et8\" width=\"186\" height=\"33\">HN<\/td>\n<\/tr>\n<tr>\n<td class=\"et8\" width=\"186\" height=\"33\">9T<\/td>\n<td class=\"et15\" rowspan=\"2\" width=\"284\" height=\"66\">Sany Kobelco 200 210 Bagger\u00a0<\/td>\n<\/tr>\n<tr>\n<td class=\"et8\" width=\"186\" height=\"33\">YT<\/td>\n<\/tr>\n<tr>\n<td class=\"et8\" width=\"143\" height=\"33\">K3V140DT<\/td>\n<td class=\"et8\" width=\"186\" height=\"33\">9N<\/td>\n<td class=\"et17\" width=\"284\" height=\"33\">Volvo EC290 Bagger<\/td>\n<\/tr>\n<tr>\n<td class=\"et18\" rowspan=\"3\" width=\"143\" height=\"99\">K3V180DTP<br \/>\n(H)<\/td>\n<td class=\"et8\" width=\"186\" height=\"33\">9N<\/td>\n<td class=\"et17\" width=\"284\" height=\"33\">Volvo EC450 EC460 Bagger<\/td>\n<\/tr>\n<tr>\n<td class=\"et8\" width=\"186\" height=\"33\">9C<\/td>\n<td class=\"et17\" width=\"284\" height=\"33\">\u00a0<\/td>\n<\/tr>\n<tr>\n<td class=\"et8\" width=\"186\" height=\"33\">HN<\/td>\n<td class=\"et17\" width=\"284\" height=\"33\">\u00a0<\/td>\n<\/tr>\n<tr>\n<td class=\"et8\" width=\"143\" height=\"33\">K5V80DT<\/td>\n<td class=\"et8\" width=\"186\" height=\"33\">9C<\/td>\n<td class=\"et17\" width=\"284\" height=\"33\">Hyundai 160 Bagger<\/td>\n<\/tr>\n<tr>\n<td class=\"et8\" width=\"143\" height=\"33\">K5V80DTP<\/td>\n<td class=\"et8\" width=\"186\" height=\"33\">9N<\/td>\n<td class=\"et17\" width=\"284\" height=\"33\">\u00a0<\/td>\n<\/tr>\n<tr>\n<td class=\"et20\" width=\"143\" height=\"33\">K5V200DTH<br \/>\n(P)<\/td>\n<td class=\"et8\" width=\"186\" height=\"33\">9C<\/td>\n<td class=\"et17\" width=\"284\" height=\"33\">Hyundai 450 485 Bagger<\/td>\n<\/tr>\n<tr>\n<td class=\"et21\" width=\"143\" height=\"33\">F5X130CHB-10A-13A\/265-129-FRG11D<\/td>\n<td class=\"et8\" width=\"186\" height=\"33\">\u00a0<\/td>\n<td class=\"et12\" rowspan=\"2\" width=\"284\" height=\"66\">\u00a0<\/td>\n<\/tr>\n<tr>\n<td class=\"et22\" width=\"143\" height=\"33\">F5X180CHB-10A\/265-149-FRG14D<\/td>\n<td class=\"et8\" width=\"186\" height=\"33\">\u00a0<\/td>\n<\/tr>\n<\/tbody>\n<\/table>\n<p>Korea Kawasaki Pumpe Teileliste<\/p>\n<table border=\"1\">\n<tbody>\n<tr>\n<td class=\"et2\" width=\"260\" height=\"19\">Modell<\/td>\n<td class=\"et2\" width=\"268\" height=\"19\">Teile Name<\/td>\n<\/tr>\n<tr>\n<td class=\"et3\" width=\"260\" height=\"19\">ZX10LGRZ1-07A-V<\/td>\n<td class=\"et3\" width=\"268\" height=\"19\">10CC Pilotpumpe<\/td>\n<\/tr>\n<tr>\n<td class=\"et3\" width=\"260\" height=\"19\">ZX15LGRZ2-07A-V<\/td>\n<td class=\"et3\" width=\"268\" height=\"19\">15CC Pilotpumpe<\/td>\n<\/tr>\n<tr>\n<td class=\"et3\" width=\"260\" height=\"19\">ZX10LGRZ1-07A-V<\/td>\n<td class=\"et3\" width=\"268\" height=\"19\">10CC Pilotpumpe<\/td>\n<\/tr>\n<tr>\n<td class=\"et3\" width=\"260\" height=\"19\">K3V63<\/td>\n<td class=\"et3\" width=\"268\" height=\"19\">Neun-Loch-Positionierscheibe<\/td>\n<\/tr>\n<tr>\n<td class=\"et3\" width=\"260\" height=\"19\">K5V80<\/td>\n<td class=\"et3\" width=\"268\" height=\"19\">Neun-Loch-Positionierscheibe<\/td>\n<\/tr>\n<tr>\n<td class=\"et3\" width=\"260\" height=\"19\">K3V112<\/td>\n<td class=\"et3\" width=\"268\" height=\"19\">Neun-Loch-Positionierscheibe<\/td>\n<\/tr>\n<tr>\n<td class=\"et3\" width=\"260\" height=\"19\">K3V140\/180<\/td>\n<td class=\"et3\" width=\"268\" height=\"19\">Neun-Loch-Positionierscheibe<\/td>\n<\/tr>\n<tr>\n<td class=\"et3\" width=\"260\" height=\"19\">K5V200<\/td>\n<td class=\"et3\" width=\"268\" height=\"19\">Neun-Loch-Positionierscheibe<\/td>\n<\/tr>\n<tr>\n<td class=\"et3\" width=\"260\" height=\"19\">K3V63\/K5V80<\/td>\n<td class=\"et3\" width=\"268\" height=\"19\">Taumelscheibendichtung<\/td>\n<\/tr>\n<tr>\n<td class=\"et3\" width=\"260\" height=\"19\">K3V112<\/td>\n<td class=\"et3\" width=\"268\" height=\"19\">Taumelscheibendichtung<\/td>\n<\/tr>\n<tr>\n<td class=\"et3\" width=\"260\" height=\"19\">K3V140\/180<\/td>\n<td class=\"et3\" width=\"268\" height=\"19\">Taumelscheibendichtung<\/td>\n<\/tr>\n<tr>\n<td class=\"et3\" width=\"260\" height=\"19\">K3V63\/K5V80<\/td>\n<td class=\"et3\" width=\"268\" height=\"19\">Sph\u00e4risches Scharnier\u00a0<\/td>\n<\/tr>\n<tr>\n<td class=\"et3\" width=\"260\" height=\"19\">K3V112<\/td>\n<td class=\"et3\" width=\"268\" height=\"19\">Sph\u00e4risches Scharnier\u00a0<\/td>\n<\/tr>\n<tr>\n<td class=\"et3\" width=\"260\" height=\"19\">K3V140<\/td>\n<td class=\"et3\" width=\"268\" height=\"19\">Sph\u00e4risches Scharnier\u00a0<\/td>\n<\/tr>\n<tr>\n<td class=\"et3\" width=\"260\" height=\"19\">K3V180<\/td>\n<td class=\"et3\" width=\"268\" height=\"19\">Sph\u00e4risches Scharnier\u00a0<\/td>\n<\/tr>\n<tr>\n<td class=\"et3\" width=\"260\" height=\"19\">K3V63<\/td>\n<td class=\"et3\" width=\"268\" height=\"19\">Zylinder+Ventilplatte<\/td>\n<\/tr>\n<tr>\n<td class=\"et3\" width=\"260\" height=\"19\">K3V112<\/td>\n<td class=\"et3\" width=\"268\" height=\"19\">Zylinder+Ventilplatte<\/td>\n<\/tr>\n<tr>\n<td class=\"et3\" width=\"260\" height=\"19\">K5V140<\/td>\n<td class=\"et3\" width=\"268\" height=\"19\">Zylinder+Ventilplatte<\/td>\n<\/tr>\n<tr>\n<td class=\"et3\" width=\"260\" height=\"19\">K3V140<\/td>\n<td class=\"et3\" width=\"268\" height=\"19\">Zylinder+Ventilplatte<\/td>\n<\/tr>\n<tr>\n<td class=\"et3\" width=\"260\" height=\"19\">K3V180\/K5V200<\/td>\n<td class=\"et3\" width=\"268\" height=\"19\">Zylinder+Ventilplatte<\/td>\n<\/tr>\n<tr>\n<td class=\"et3\" width=\"260\" height=\"19\">K3V63\/K5V80<\/td>\n<td class=\"et3\" width=\"268\" height=\"19\">St\u00f6\u00dfel<\/td>\n<\/tr>\n<tr>\n<td class=\"et3\" width=\"260\" height=\"19\">K3V112<\/td>\n<td class=\"et3\" width=\"268\" height=\"19\">St\u00f6\u00dfel<\/td>\n<\/tr>\n<tr>\n<td class=\"et3\" width=\"260\" height=\"19\">K5V140<\/td>\n<td class=\"et3\" width=\"268\" height=\"19\">St\u00f6\u00dfel<\/td>\n<\/tr>\n<tr>\n<td class=\"et3\" width=\"260\" height=\"19\">K3V140<\/td>\n<td class=\"et3\" width=\"268\" height=\"19\">St\u00f6\u00dfel<\/td>\n<\/tr>\n<tr>\n<td class=\"et3\" width=\"260\" height=\"19\">K3V180<\/td>\n<td class=\"et3\" width=\"268\" height=\"19\">St\u00f6\u00dfel<\/td>\n<\/tr>\n<tr>\n<td class=\"et3\" width=\"260\" height=\"19\">K5V200<\/td>\n<td class=\"et3\" width=\"268\" height=\"19\">St\u00f6\u00dfel<\/td>\n<\/tr>\n<tr>\n<td class=\"et3\" width=\"260\" height=\"19\">K3V63\/K5V80<\/td>\n<td class=\"et3\" width=\"268\" height=\"19\">Taumelscheibe+ Taumelscheibensitz\u00a0<\/td>\n<\/tr>\n<tr>\n<td class=\"et3\" width=\"260\" height=\"19\">K3V112<\/td>\n<td class=\"et3\" width=\"268\" height=\"19\">Taumelscheibe+ Taumelscheibensitz\u00a0<\/td>\n<\/tr>\n<tr>\n<td class=\"et3\" width=\"260\" height=\"19\">K5V140<\/td>\n<td class=\"et3\" width=\"268\" height=\"19\">Taumelscheibe+ Taumelscheibensitz\u00a0<\/td>\n<\/tr>\n<tr>\n<td class=\"et3\" width=\"260\" height=\"19\">K3V140<\/td>\n<td class=\"et3\" width=\"268\" height=\"19\">Taumelscheibe+ Taumelscheibensitz\u00a0<\/td>\n<\/tr>\n<tr>\n<td class=\"et3\" width=\"260\" height=\"19\">K3V112DT<\/td>\n<td class=\"et3\" width=\"268\" height=\"19\">9N-Regelventil<\/td>\n<\/tr>\n<tr>\n<td class=\"et3\" width=\"260\" height=\"19\">K3V112DT<\/td>\n<td class=\"et3\" width=\"268\" height=\"19\">9C-Regelventil<\/td>\n<\/tr>\n<tr>\n<td class=\"et3\" width=\"260\" height=\"19\">K3V112DT<\/td>\n<td class=\"et3\" width=\"268\" height=\"19\">HN-Regelventil<\/td>\n<\/tr>\n<tr>\n<td class=\"et3\" width=\"260\" height=\"19\">K3V140DT<\/td>\n<td class=\"et3\" width=\"268\" height=\"19\">9C-Regelventil<\/td>\n<\/tr>\n<tr>\n<td class=\"et3\" width=\"260\" height=\"19\">K3V140DT<\/td>\n<td class=\"et3\" width=\"268\" height=\"19\">HN-Regelventil<\/td>\n<\/tr>\n<tr>\n<td class=\"et3\" width=\"260\" height=\"19\">K5V80S<\/td>\n<td class=\"et3\" width=\"268\" height=\"19\">0E Regelventil<\/td>\n<\/tr>\n<tr>\n<td class=\"et3\" width=\"260\" height=\"19\">K5V140S<\/td>\n<td class=\"et3\" width=\"268\" height=\"19\">0E Regelventil<\/td>\n<\/tr>\n<tr>\n<td class=\"et3\" width=\"260\" height=\"19\">K5V200S<\/td>\n<td class=\"et3\" width=\"268\" height=\"19\">0E Regelventil<\/td>\n<\/tr>\n<tr>\n<td class=\"et3\" width=\"260\" height=\"19\">K3V112S<\/td>\n<td class=\"et3\" width=\"268\" height=\"19\">0E Regelventil<\/td>\n<\/tr>\n<tr>\n<td class=\"et3\" width=\"260\" height=\"19\">K5V80DT<\/td>\n<td class=\"et3\" width=\"268\" height=\"19\">0E Regelventil<\/td>\n<\/tr>\n<tr>\n<td class=\"et3\" width=\"260\" height=\"19\">K3V112DT<\/td>\n<td class=\"et3\" width=\"268\" height=\"19\">5E-Regelventil<\/td>\n<\/tr>\n<tr>\n<td class=\"et3\" width=\"260\" height=\"19\">K5V140DT<\/td>\n<td class=\"et3\" width=\"268\" height=\"19\">5E-Regelventil<\/td>\n<\/tr>\n<tr>\n<td class=\"et3\" width=\"260\" height=\"19\">K3V112DT<\/td>\n<td class=\"et3\" width=\"268\" height=\"19\">1E Regulierventil<\/td>\n<\/tr>\n<tr>\n<td class=\"et3\" width=\"260\" height=\"19\">K5V140DT<\/td>\n<td class=\"et3\" width=\"268\" height=\"19\">1E Regulierventil<\/td>\n<\/tr>\n<tr>\n<td class=\"et3\" width=\"260\" height=\"19\">K3V112DT<\/td>\n<td class=\"et3\" width=\"268\" height=\"19\">9T-Regelventil<\/td>\n<\/tr>\n<tr>\n<td class=\"et3\" width=\"260\" height=\"19\">K3V112DT<\/td>\n<td class=\"et3\" width=\"268\" height=\"19\">YT-Regelventil<\/td>\n<\/tr>\n<tr>\n<td class=\"et3\" width=\"260\" height=\"19\">K5V140DT<\/td>\n<td class=\"et3\" width=\"268\" height=\"19\">9T-Regelventil<\/td>\n<\/tr>\n<tr>\n<td class=\"et3\" width=\"260\" height=\"19\">K5V140DT<\/td>\n<td class=\"et3\" width=\"268\" height=\"19\">YT-Regelventil<\/td>\n<\/tr>\n<tr>\n<td class=\"et3\" width=\"260\" height=\"19\">V0009277998KD<\/td>\n<td class=\"et3\" width=\"268\" height=\"19\">Proportionalventil<\/td>\n<\/tr>\n<tr>\n<td class=\"et3\" width=\"260\" height=\"19\">V9406235760KD<\/td>\n<td class=\"et3\" width=\"268\" height=\"19\">Proportionalventil<\/td>\n<\/tr>\n<tr>\n<td class=\"et3\" width=\"260\" height=\"19\">V9406285784KD<\/td>\n<td class=\"et3\" width=\"268\" height=\"19\">Proportionalventil<\/td>\n<\/tr>\n<\/tbody>\n<\/table>\n<p><img fetchpriority=\"high\" decoding=\"async\" class=\"alignnone wp-image-6926 size-full\" src=\"https:\/\/www.excavatorenginepart.com\/wp-content\/uploads\/2022\/04\/PSVD2-21-KYB-Hydraulic-Pumps-for-Kubota-Excavator-01.jpg\" alt=\"\" width=\"535\" height=\"499\" srcset=\"https:\/\/www.excavatorenginepart.com\/wp-content\/uploads\/2022\/04\/PSVD2-21-KYB-Hydraulic-Pumps-for-Kubota-Excavator-01.jpg 535w, https:\/\/www.excavatorenginepart.com\/wp-content\/uploads\/2022\/04\/PSVD2-21-KYB-Hydraulic-Pumps-for-Kubota-Excavator-01-300x280.jpg 300w\" sizes=\"(max-width: 535px) 100vw, 535px\" \/><\/p>\n<p>Bagger-Hauptpumpe,Vio55-Pumpengruppe, PSVD2-17E-23,PSVD2-21,PSVD2-27E,vio75,vio45,vio35,vio80,vio100<\/p>\n<p><img decoding=\"async\" class=\"alignnone wp-image-6927 size-full\" src=\"https:\/\/www.excavatorenginepart.com\/wp-content\/uploads\/2022\/04\/PSVD2-21-KYB-Hydraulic-Pumps-for-Kubota-Excavator-02.jpg\" alt=\"\" width=\"533\" height=\"499\" srcset=\"https:\/\/www.excavatorenginepart.com\/wp-content\/uploads\/2022\/04\/PSVD2-21-KYB-Hydraulic-Pumps-for-Kubota-Excavator-02.jpg 533w, https:\/\/www.excavatorenginepart.com\/wp-content\/uploads\/2022\/04\/PSVD2-21-KYB-Hydraulic-Pumps-for-Kubota-Excavator-02-300x281.jpg 300w\" sizes=\"(max-width: 533px) 100vw, 533px\" \/><\/p>\n<p>Kayaba Hydraulikpumpe, KYB Hauptpumpe, Zahnradpumpe, PSVD2-21E, PSVD2-21, PSVD2-16E, PSVD2-17E, PSVD2-21E-11<\/p>","protected":false},"excerpt":{"rendered":"<p>PSVD2-21 KYB KAYABA Hydraulic Piston Main\u00a0Pumps for Kubota Mini Excavator Piston pump is composed of cylinder block and plunger, plunger reciprocating movement in the cylinder block, oil absorption when the working volume increases, the working volume decreases the hour oil discharge.Use end face oil distribution,\u00a0Radial load is balanced by large bearings around the cylinder body [&hellip;]<\/p>","protected":false},"featured_media":6925,"menu_order":0,"comment_status":"closed","ping_status":"closed","template":"","meta":{"_seopress_robots_primary_cat":"","_seopress_titles_title":"","_seopress_titles_desc":"","_seopress_robots_index":"","om_disable_all_campaigns":false,"_mi_skip_tracking":false,"_monsterinsights_sitenote_active":false,"_monsterinsights_sitenote_note":"","_monsterinsights_sitenote_category":0},"product_cat":[],"product_tag":[],"product_category":[111],"class_list":{"0":"post-6924","1":"product","2":"type-product","3":"status-publish","4":"has-post-thumbnail","6":"product_category-excavator-hydraulic-pump","8":"first","9":"instock","10":"shipping-taxable","11":"product-type-simple"},"acf":[],"_links":{"self":[{"href":"https:\/\/www.excavatorenginepart.com\/de_de\/wp-json\/wp\/v2\/product\/6924","targetHints":{"allow":["GET"]}}],"collection":[{"href":"https:\/\/www.excavatorenginepart.com\/de_de\/wp-json\/wp\/v2\/product"}],"about":[{"href":"https:\/\/www.excavatorenginepart.com\/de_de\/wp-json\/wp\/v2\/types\/product"}],"replies":[{"embeddable":true,"href":"https:\/\/www.excavatorenginepart.com\/de_de\/wp-json\/wp\/v2\/comments?post=6924"}],"wp:featuredmedia":[{"embeddable":true,"href":"https:\/\/www.excavatorenginepart.com\/de_de\/wp-json\/wp\/v2\/media\/6925"}],"wp:attachment":[{"href":"https:\/\/www.excavatorenginepart.com\/de_de\/wp-json\/wp\/v2\/media?parent=6924"}],"wp:term":[{"taxonomy":"product_cat","embeddable":true,"href":"https:\/\/www.excavatorenginepart.com\/de_de\/wp-json\/wp\/v2\/product_cat?post=6924"},{"taxonomy":"product_tag","embeddable":true,"href":"https:\/\/www.excavatorenginepart.com\/de_de\/wp-json\/wp\/v2\/product_tag?post=6924"},{"taxonomy":"product_category","embeddable":true,"href":"https:\/\/www.excavatorenginepart.com\/de_de\/wp-json\/wp\/v2\/product_category?post=6924"}],"curies":[{"name":"wp","href":"https:\/\/api.w.org\/{rel}","templated":true}]}}