{"id":6813,"date":"2022-04-22T03:15:23","date_gmt":"2022-04-22T03:15:23","guid":{"rendered":"https:\/\/www.excavatorenginepart.com\/?post_type=product&#038;p=6813"},"modified":"2022-04-22T03:15:23","modified_gmt":"2022-04-22T03:15:23","slug":"sdlg-lg956-loader-part-steering-cylinder-4130000553","status":"publish","type":"product","link":"https:\/\/www.excavatorenginepart.com\/de_de\/product\/sdlg-lg956-loader-part-steering-cylinder-4130000553\/","title":{"rendered":"SDLG LG956 Laderteil Lenkzylinder 4130000553"},"content":{"rendered":"<p>SDLG LG956 Laderteil Lenkzylinder 4130000553\u00a0<\/p>\n<p><strong>Lenkungszylinder 4130000553<\/strong>\u00a0passt auf\u00a0<strong>SDLG LG956 LG953\u00a0<\/strong><strong>LG958 Radlader<\/strong>\u00a0. Ein Hydraulikzylinder ist ein\u00a0<strong>Hydraulikantrieb<\/strong>\u00a0Es ist einfach in der Struktur und zuverl\u00e4ssig im Betrieb.es ist weit verbreitet in hydraulischen Systemen von verschiedenen Maschinen verwendet werden, weil es verwendet werden kann, um hin- und hergehende Bewegung ohne Untersetzungsgetriebe zu realisieren, und hat keine \u00dcbertragung Spiel und glatte Bewegung.Die Ausgangskraft des Hydraulikzylinders ist direkt proportional zur wirksamen Fl\u00e4che des Kolbens und der Druckdifferenz auf beiden Seiten.der Hydraulikzylinder besteht im Wesentlichen aus Zylinderrohr und Zylinderdeckel, Kolben und Kolbenstange, Dichtungsvorrichtung, Puffervorrichtung und Entl\u00fcftungsvorrichtung.Puffervorrichtung und Entl\u00fcftungsvorrichtung h\u00e4ngen von der spezifischen Anwendung ab, andere Ger\u00e4te sind unerl\u00e4sslich.<\/p>\n<p>Lenkungszylinder 4130000553 Spezifikationen\u00a0<\/p>\n<p>SDLG Teil Nummer : 413000553\u00a0<\/p>\n<p>SDLG Par Name : Lenkungszylinder-Baugruppe\u00a0<\/p>\n<p>Zylindermodell: Hubkolbenzylinder\u00a0<\/p>\n<p>Garantie : 6 Monate\u00a0<\/p>\n<p>Gewicht der Einheit: 50kg\u00a0<\/p>\n<p><img fetchpriority=\"high\" decoding=\"async\" class=\"alignnone wp-image-6815 size-full\" src=\"https:\/\/www.excavatorenginepart.com\/wp-content\/uploads\/2022\/04\/SDLG-LG956-Loader-Part-Steering-Cylinder-4130000553-02.jpg\" alt=\"\" width=\"590\" height=\"552\" srcset=\"https:\/\/www.excavatorenginepart.com\/wp-content\/uploads\/2022\/04\/SDLG-LG956-Loader-Part-Steering-Cylinder-4130000553-02.jpg 590w, https:\/\/www.excavatorenginepart.com\/wp-content\/uploads\/2022\/04\/SDLG-LG956-Loader-Part-Steering-Cylinder-4130000553-02-300x281.jpg 300w\" sizes=\"(max-width: 590px) 100vw, 590px\" \/><\/p>\n<p><strong>Original Lenkzylinder Montage 4120001004 f\u00fcr LG933 LG936 LG938 WHEEL LOADER Ersatzteil<\/strong><strong>\u00a0<\/strong><\/p>","protected":false},"excerpt":{"rendered":"<p>SDLG LG956 Loader \u00a0Part Steering Cylinder 4130000553\u00a0 Steering Cylinder 4130000553\u00a0is fitting on\u00a0SDLG LG956 LG953\u00a0LG958 Wheel Loader\u00a0.\u00a0A hydraulic cylinder is a\u00a0hydraulic actuator\u00a0which converts hydraulic energy into mechanical energy and makes linear reciprocating motion (or oscillating motion).It is simple in structure and reliable in operation.It is widely used in hydraulic systems of various machines because it can [&hellip;]<\/p>","protected":false},"featured_media":6814,"menu_order":0,"comment_status":"closed","ping_status":"closed","template":"","meta":{"_seopress_robots_primary_cat":"","_seopress_titles_title":"","_seopress_titles_desc":"","_seopress_robots_index":"","om_disable_all_campaigns":false,"_mi_skip_tracking":false,"_monsterinsights_sitenote_active":false,"_monsterinsights_sitenote_note":"","_monsterinsights_sitenote_category":0},"product_cat":[],"product_tag":[],"product_category":[124],"class_list":{"0":"post-6813","1":"product","2":"type-product","3":"status-publish","4":"has-post-thumbnail","6":"product_category-sdlg-loader-parts","8":"first","9":"instock","10":"shipping-taxable","11":"product-type-simple"},"acf":[],"_links":{"self":[{"href":"https:\/\/www.excavatorenginepart.com\/de_de\/wp-json\/wp\/v2\/product\/6813","targetHints":{"allow":["GET"]}}],"collection":[{"href":"https:\/\/www.excavatorenginepart.com\/de_de\/wp-json\/wp\/v2\/product"}],"about":[{"href":"https:\/\/www.excavatorenginepart.com\/de_de\/wp-json\/wp\/v2\/types\/product"}],"replies":[{"embeddable":true,"href":"https:\/\/www.excavatorenginepart.com\/de_de\/wp-json\/wp\/v2\/comments?post=6813"}],"wp:featuredmedia":[{"embeddable":true,"href":"https:\/\/www.excavatorenginepart.com\/de_de\/wp-json\/wp\/v2\/media\/6814"}],"wp:attachment":[{"href":"https:\/\/www.excavatorenginepart.com\/de_de\/wp-json\/wp\/v2\/media?parent=6813"}],"wp:term":[{"taxonomy":"product_cat","embeddable":true,"href":"https:\/\/www.excavatorenginepart.com\/de_de\/wp-json\/wp\/v2\/product_cat?post=6813"},{"taxonomy":"product_tag","embeddable":true,"href":"https:\/\/www.excavatorenginepart.com\/de_de\/wp-json\/wp\/v2\/product_tag?post=6813"},{"taxonomy":"product_category","embeddable":true,"href":"https:\/\/www.excavatorenginepart.com\/de_de\/wp-json\/wp\/v2\/product_category?post=6813"}],"curies":[{"name":"wp","href":"https:\/\/api.w.org\/{rel}","templated":true}]}}