{"id":6697,"date":"2022-04-21T04:16:13","date_gmt":"2022-04-21T04:16:13","guid":{"rendered":"https:\/\/www.excavatorenginepart.com\/?post_type=product&#038;p=6697"},"modified":"2022-04-21T04:16:13","modified_gmt":"2022-04-21T04:16:13","slug":"used-cat-hydraulic-pumps-for-caterpillar-excavator","status":"publish","type":"product","link":"https:\/\/www.excavatorenginepart.com\/de_de\/product\/gebrauchte-kat-hydraulische-pumpen-fur-raupenbagger\/","title":{"rendered":"Gebrauchte Cat-Hydraulikpumpen f\u00fcr Caterpillar-Bagger"},"content":{"rendered":"<p>Gebrauchte Cat-Hydraulikpumpen f\u00fcr Caterpillar 330BL-Bagger\u00a0<\/p>\n<p>Vorr\u00e4tig\u00a0<strong>Gebrauchte Cat-Hydraulikpumpen f\u00fcr Caterpillar-Bagger\u00a0<\/strong>\u00a0.  Als das wichtigste K\u00fchlsystem von Maschinen, Kohlebergwerk Ausr\u00fcstung und Erd\u00f6l-Ausr\u00fcstung, kann es effektiv sch\u00fctzen den stabilen Betrieb des hydraulischen Systems.haupts\u00e4chlich f\u00fcr: Lader, Bagger, Kran, Bulldozer, Walze, Teilschnittmaschine, Workover-Maschine und andere Ger\u00e4te verwendet.<\/p>\n<p>Die hohe Nachfrage nach Ger\u00e4uschreduzierung, Reduzierung der W\u00e4rmestrahlung und Energieeinsparung bei Baumaschinenfahrzeugen hat die Ingenieure dazu veranlasst, verschiedene L\u00f6sungen f\u00fcr das K\u00fchlsystem der Fahrzeuge vorzuschlagen.auf der Grundlage der serienm\u00e4\u00dfigen Getriebemotoren hat der deutsche Hydraulikl\u00fcftermotor einen speziellen Hydraulikl\u00fcftermotor entwickelt, der den verschiedenen Anforderungen gerecht wird.diese Motoren sind f\u00fcr alle auf dem Markt befindlichen K\u00fchlermarken geeignet.\u00a0<\/p>\n<p>Gebrauchte Cat-Hydraulikpumpen f\u00fcr Caterpillar-Bagger Spezifikationen\u00a0<\/p>\n<p>Herkunftsort:  China (Festland)<br \/>\nMarkenname: Caterpillar Cat\u00a0<br \/>\nModellnummer: Katze 330C<br \/>\nAufbau: Kolbenpumpe<br \/>\nVerwendung: \u00d6l<br \/>\nAnwendung: Kryogenik<br \/>\nLeistung: Hydraulisch<br \/>\nDruck:Hoher Druck<br \/>\nProduktbezeichnung:L\u00fcftermotor Zahnradpumpe 225-4613 f\u00fcr Caterpillar Bagger CAT 330C<br \/>\nMaterial: Gusseisen<br \/>\nTyp: Hydraulische Aggregate<\/p>\n<p><img fetchpriority=\"high\" decoding=\"async\" class=\"alignnone wp-image-6699 size-full\" src=\"https:\/\/www.excavatorenginepart.com\/wp-content\/uploads\/2022\/04\/Used-Cat-Hydraulic-Pumps-For-Caterpillar-Excavator-2.jpg\" alt=\"\" width=\"718\" height=\"627\" srcset=\"https:\/\/www.excavatorenginepart.com\/wp-content\/uploads\/2022\/04\/Used-Cat-Hydraulic-Pumps-For-Caterpillar-Excavator-2.jpg 718w, https:\/\/www.excavatorenginepart.com\/wp-content\/uploads\/2022\/04\/Used-Cat-Hydraulic-Pumps-For-Caterpillar-Excavator-2-300x262.jpg 300w\" sizes=\"(max-width: 718px) 100vw, 718px\" \/><\/p>\n<p>HYDRAULISCHE GEBL\u00c4SEPUMPE 2254613 PUMPE CATERPILLAR 330D 336D CAT Dieselmotor<\/p>","protected":false},"excerpt":{"rendered":"<p>Used Cat Hydraulic Pumps For Caterpillar 330BL Excavator\u00a0 In stock\u00a0Used Cat Hydraulic Pumps For Caterpillar Excavator\u00a0\u00a0.\u00a0\u00a0As the main cooling system of engineering machinery, coal mine equipment and petroleum equipment, it can effectively protect the stable operation of hydraulic system.Mainly used for: loader, excavator, crane, bulldozer, roller, roadheader, workover machine and other equipment. The high demand [&hellip;]<\/p>","protected":false},"featured_media":6698,"menu_order":0,"comment_status":"closed","ping_status":"closed","template":"","meta":{"_seopress_robots_primary_cat":"","_seopress_titles_title":"","_seopress_titles_desc":"","_seopress_robots_index":"","om_disable_all_campaigns":false,"_mi_skip_tracking":false,"_monsterinsights_sitenote_active":false,"_monsterinsights_sitenote_note":"","_monsterinsights_sitenote_category":0},"product_cat":[],"product_tag":[],"product_category":[111],"class_list":{"0":"post-6697","1":"product","2":"type-product","3":"status-publish","4":"has-post-thumbnail","6":"product_category-excavator-hydraulic-pump","8":"first","9":"instock","10":"shipping-taxable","11":"product-type-simple"},"acf":[],"_links":{"self":[{"href":"https:\/\/www.excavatorenginepart.com\/de_de\/wp-json\/wp\/v2\/product\/6697","targetHints":{"allow":["GET"]}}],"collection":[{"href":"https:\/\/www.excavatorenginepart.com\/de_de\/wp-json\/wp\/v2\/product"}],"about":[{"href":"https:\/\/www.excavatorenginepart.com\/de_de\/wp-json\/wp\/v2\/types\/product"}],"replies":[{"embeddable":true,"href":"https:\/\/www.excavatorenginepart.com\/de_de\/wp-json\/wp\/v2\/comments?post=6697"}],"wp:featuredmedia":[{"embeddable":true,"href":"https:\/\/www.excavatorenginepart.com\/de_de\/wp-json\/wp\/v2\/media\/6698"}],"wp:attachment":[{"href":"https:\/\/www.excavatorenginepart.com\/de_de\/wp-json\/wp\/v2\/media?parent=6697"}],"wp:term":[{"taxonomy":"product_cat","embeddable":true,"href":"https:\/\/www.excavatorenginepart.com\/de_de\/wp-json\/wp\/v2\/product_cat?post=6697"},{"taxonomy":"product_tag","embeddable":true,"href":"https:\/\/www.excavatorenginepart.com\/de_de\/wp-json\/wp\/v2\/product_tag?post=6697"},{"taxonomy":"product_category","embeddable":true,"href":"https:\/\/www.excavatorenginepart.com\/de_de\/wp-json\/wp\/v2\/product_category?post=6697"}],"curies":[{"name":"wp","href":"https:\/\/api.w.org\/{rel}","templated":true}]}}