{"id":7946,"date":"2022-12-29T01:56:56","date_gmt":"2022-12-29T01:56:56","guid":{"rendered":"https:\/\/www.excavatorenginepart.com\/?post_type=product&#038;p=7946"},"modified":"2022-12-29T02:01:37","modified_gmt":"2022-12-29T02:01:37","slug":"ecu-275800-4302-d88a-010-800-electronic-control-unit-for-truck-crane","status":"publish","type":"product","link":"https:\/\/www.excavatorenginepart.com\/de\/product\/ecu-275800-4302-d88a-010-800-electronic-control-unit-for-truck-crane\/","title":{"rendered":"ECU 275800-4302 D88A-010-800 Elektronisches Steuerger\u00e4t f\u00fcr Autokran"},"content":{"rendered":"<p><strong>ECU 275800-4302 D88A-010-800 Elektronisches Steuerger\u00e4t f\u00fcr Autokran<\/strong><\/p>\n<p><img fetchpriority=\"high\" decoding=\"async\" class=\"alignnone size-medium wp-image-7947\" src=\"https:\/\/www.excavatorenginepart.com\/wp-content\/uploads\/2022\/12\/ECU-275800-4302-D88A-010-800-electronic-control-unit-for-truck-crane-300x300.jpg\" alt=\"\" width=\"300\" height=\"300\" srcset=\"https:\/\/www.excavatorenginepart.com\/wp-content\/uploads\/2022\/12\/ECU-275800-4302-D88A-010-800-electronic-control-unit-for-truck-crane-300x300.jpg 300w, https:\/\/www.excavatorenginepart.com\/wp-content\/uploads\/2022\/12\/ECU-275800-4302-D88A-010-800-electronic-control-unit-for-truck-crane-150x150.jpg 150w, https:\/\/www.excavatorenginepart.com\/wp-content\/uploads\/2022\/12\/ECU-275800-4302-D88A-010-800-electronic-control-unit-for-truck-crane.jpg 600w\" sizes=\"(max-width: 300px) 100vw, 300px\" \/><\/p>\n<p>Original PKW LKW ECU D88A-010-800 275800-4301 Dieselmotor Steuerger\u00e4t<\/p>\n<p>Computer-Modul ECM-Motor f\u00fcr Shangchai-Diesel<\/p>\n<p><img decoding=\"async\" class=\"alignnone size-medium wp-image-7949\" src=\"https:\/\/www.excavatorenginepart.com\/wp-content\/uploads\/2022\/12\/Genuine-Car-Truck-ECU-D88A-010-800-275800-4301-Diesel-Engine-Electronic-Control-Unit-Computer-Module-ECM-Motor-For-Shangchai-diesel-300x300.jpg\" alt=\"\" width=\"300\" height=\"300\" srcset=\"https:\/\/www.excavatorenginepart.com\/wp-content\/uploads\/2022\/12\/Genuine-Car-Truck-ECU-D88A-010-800-275800-4301-Diesel-Engine-Electronic-Control-Unit-Computer-Module-ECM-Motor-For-Shangchai-diesel-300x300.jpg 300w, https:\/\/www.excavatorenginepart.com\/wp-content\/uploads\/2022\/12\/Genuine-Car-Truck-ECU-D88A-010-800-275800-4301-Diesel-Engine-Electronic-Control-Unit-Computer-Module-ECM-Motor-For-Shangchai-diesel-150x150.jpg 150w, https:\/\/www.excavatorenginepart.com\/wp-content\/uploads\/2022\/12\/Genuine-Car-Truck-ECU-D88A-010-800-275800-4301-Diesel-Engine-Electronic-Control-Unit-Computer-Module-ECM-Motor-For-Shangchai-diesel.jpg 600w\" sizes=\"(max-width: 300px) 100vw, 300px\" \/><\/p>\n<p>Shangchai Motorersatzteile D88A-010-800 275800-4302 Motorsteuerger\u00e4t<\/p>\n<p><img decoding=\"async\" class=\"alignnone size-medium wp-image-7948\" src=\"https:\/\/www.excavatorenginepart.com\/wp-content\/uploads\/2022\/12\/engine-spare-parts-D88A-010-800-275800-4302-Engine-ECU-controller-300x300.jpg\" alt=\"\" width=\"300\" height=\"300\" srcset=\"https:\/\/www.excavatorenginepart.com\/wp-content\/uploads\/2022\/12\/engine-spare-parts-D88A-010-800-275800-4302-Engine-ECU-controller-300x300.jpg 300w, https:\/\/www.excavatorenginepart.com\/wp-content\/uploads\/2022\/12\/engine-spare-parts-D88A-010-800-275800-4302-Engine-ECU-controller-150x150.jpg 150w, https:\/\/www.excavatorenginepart.com\/wp-content\/uploads\/2022\/12\/engine-spare-parts-D88A-010-800-275800-4302-Engine-ECU-controller.jpg 600w\" sizes=\"(max-width: 300px) 100vw, 300px\" \/><\/p>\n<p><strong>Beschreibung des Produkts<\/strong><\/p>\n<p class=\"magic-5\"><span style=\"font-size: medium;\" data-spm-anchor-id=\"a2700.details.0.i9.6ae6edc4JWhT9z\">Shangchai elektronisches Steuerger\u00e4t 275800-4302 ECU D88A-010-800 f\u00fcr LKW-Kran<\/span><\/p>\n<p class=\"magic-5\"><span style=\"font-size: medium;\">Modell:275800-4302<\/span><\/p>\n<p class=\"magic-5\" data-spm-anchor-id=\"a2700.details.0.i10.6ae6edc4JWhT9z\"><span style=\"font-size: medium;\">Teile-Nr.: D88A-010-800<\/span><\/p>\n<p class=\"magic-5\"><span style=\"font-size: medium;\">Name: Elektronisches Steuerger\u00e4t ECU<\/span><\/p>\n<p class=\"magic-5\"><span style=\"font-size: medium;\">Anwendung: Shangchai-Motor<\/span><\/p>\n<p><strong>Wesentliche Details<\/strong><\/p>\n<p>Zustand:Neu<br \/>\nAnwendbare Branchen: Baustoffhandel, Maschinenreparaturwerkst\u00e4tten, Fertigungsanlagen, Bauarbeiten, Energie und Bergbau<br \/>\nVideo-Ausgangsinspektion:Vorausgesetzt<br \/>\nMaschinenpr\u00fcfbericht:Wird mitgeliefert<br \/>\nMarketing Typ:Gew\u00f6hnliches Produkt<br \/>\nHerkunftsort:Japan<br \/>\nMarkenname:shangchai<br \/>\nGarantie:3Monate<br \/>\nTeilebezeichnung:ECU, elektronisches Steuerger\u00e4t<br \/>\nModell:275800-4302<br \/>\nTeilenummer:D88A-010-800<br \/>\nFarbe:Silber<br \/>\nAnwendung: Motor f\u00fcr LKW oder LKW-Kran<br \/>\nMaterial:Legierter Stahl<br \/>\nMOQ:1St\u00fcck<br \/>\nQualit\u00e4t:Hohe Garantie<br \/>\nVerpackung:Carto<\/p>\n<p><strong>Unser Unternehmen Vorteil Produkte<\/strong><\/p>\n<p>Wir k\u00f6nnen liefern <a href=\"http:\/\/www.kpdiesel.com\">Dieselmotorenteile<\/a> :<br \/>\n<a href=\"https:\/\/www.excavatorenginepart.com\/de\/product-category\/cummins-diesel-engine\/\">Diesel-Motoren: <\/a>Cummins-Dieselmotor, Weichai-Dieselmotor, Shangchai-Dieselmotor, Komatsu-Dieselmotor, Yanmar-Dieselmotor.<\/p>\n<p><a href=\"https:\/\/www.excavatorenginepart.com\/de\/product-category\/deutz-engine-part\/\">Motorteile:<\/a> Cummins-Motorteil, Deutz-Motorteil, Volvo-Motorteil, Caterpiller-Motorteil, Kubota-Motorteil, Yanmar-Motorteil, Isuzu-Motorteil, Mitsubishi-Motorteil, Perkins-Motorteil, Komatsu-Motorteil, Wechai-Motorteil, Shangchai-Motorteil, Yuchai-Motorteil.<\/p>\n<p><a href=\"https:\/\/www.excavatorenginepart.com\/de\/product-category\/shantui-bulldozer-part\/\">Teile f\u00fcr Bulldozer:<\/a> Shantui Bulldozer Teil, Shanghai Pengpu Bulldozer Teil, HBXG Bulldozer Teil, Liugong Bulldozer Teil, Tianjin Yishan Bulldozer Teil.<\/p>\n<p><a href=\"https:\/\/www.excavatorenginepart.com\/de\/product-category\/sdlg-loader-parts\/\">Laderteile:<\/a> SDLG-Laderteile, Liugong-Laderteile, XCMG-Laderteile, Lonking-Laderteile, XGMA-Laderteile.<\/p>\n<p><a href=\"https:\/\/www.excavatorenginepart.com\/de\/product-category\/dse-controller\/\">Generatorteile:<\/a> DSE-Controller, ComAp-Controller, Woodward-Controller, Cummins-Drehzahlregler, GAC-Drehzahlregler, Generator-AVR, Motorstellglieder, Motorsensoren, Motormessger\u00e4te.<\/p>\n<p><a href=\"https:\/\/www.excavatorenginepart.com\/de\/product-category\/excavator-hydraulic-pump\/\">Baggerteile<\/a>: Bagger-Motorteil, Bagger-Fahrwerksteile, Bagger-Endantrieb, Bagger-Hauptventil, Bagger-Hydraulikpumpe.<\/p>\n<p>Weitere Informationen, bitte kontaktieren Sie uns.\u00a0<\/p>\n<p><strong><span style=\"color: #ff0000;\">WhatsApp, Wechat: 0086 15553722299\u00a0<\/span><\/strong><\/p>\n<p>&nbsp;<\/p>\n<p>&nbsp;<\/p>\n<p>&nbsp;<\/p>","protected":false},"excerpt":{"rendered":"<p>ECU 275800-4302 D88A-010-800 electronic control unit for truck crane Genuine Car Truck ECU D88A-010-800 275800-4301 Diesel Engine Electronic Control Unit Computer Module ECM Motor For Shangchai diesel Shangchai Engine spare parts D88A-010-800 275800-4302 Engine ECU controller Product Description Shangchai electronic control unit 275800-4302 ECU D88A-010-800 for truck crane Model:275800-4302 Part No.:\u00a0 D88A-010-800 Name: Electronic control [&hellip;]<\/p>","protected":false},"featured_media":7947,"menu_order":0,"comment_status":"closed","ping_status":"closed","template":"","meta":{"_seopress_robots_primary_cat":"","_seopress_titles_title":"","_seopress_titles_desc":"","_seopress_robots_index":"","om_disable_all_campaigns":false,"_mi_skip_tracking":false,"_monsterinsights_sitenote_active":false,"_monsterinsights_sitenote_note":"","_monsterinsights_sitenote_category":0},"product_cat":[],"product_tag":[],"product_category":[120],"class_list":{"0":"post-7946","1":"product","2":"type-product","3":"status-publish","4":"has-post-thumbnail","6":"product_category-shangchai-engine-part","8":"first","9":"instock","10":"shipping-taxable","11":"product-type-simple"},"acf":[],"_links":{"self":[{"href":"https:\/\/www.excavatorenginepart.com\/de\/wp-json\/wp\/v2\/product\/7946","targetHints":{"allow":["GET"]}}],"collection":[{"href":"https:\/\/www.excavatorenginepart.com\/de\/wp-json\/wp\/v2\/product"}],"about":[{"href":"https:\/\/www.excavatorenginepart.com\/de\/wp-json\/wp\/v2\/types\/product"}],"replies":[{"embeddable":true,"href":"https:\/\/www.excavatorenginepart.com\/de\/wp-json\/wp\/v2\/comments?post=7946"}],"wp:featuredmedia":[{"embeddable":true,"href":"https:\/\/www.excavatorenginepart.com\/de\/wp-json\/wp\/v2\/media\/7947"}],"wp:attachment":[{"href":"https:\/\/www.excavatorenginepart.com\/de\/wp-json\/wp\/v2\/media?parent=7946"}],"wp:term":[{"taxonomy":"product_cat","embeddable":true,"href":"https:\/\/www.excavatorenginepart.com\/de\/wp-json\/wp\/v2\/product_cat?post=7946"},{"taxonomy":"product_tag","embeddable":true,"href":"https:\/\/www.excavatorenginepart.com\/de\/wp-json\/wp\/v2\/product_tag?post=7946"},{"taxonomy":"product_category","embeddable":true,"href":"https:\/\/www.excavatorenginepart.com\/de\/wp-json\/wp\/v2\/product_category?post=7946"}],"curies":[{"name":"wp","href":"https:\/\/api.w.org\/{rel}","templated":true}]}}