{"id":7424,"date":"2022-12-08T07:35:58","date_gmt":"2022-12-08T07:35:58","guid":{"rendered":"https:\/\/www.excavatorenginepart.com\/?post_type=product&#038;p=7424"},"modified":"2022-12-08T07:37:34","modified_gmt":"2022-12-08T07:37:34","slug":"shantui-sd32-transmission-case-body-175-15-41111","status":"publish","type":"product","link":"https:\/\/www.excavatorenginepart.com\/de\/product\/shantui-sd32-transmission-case-body-175-15-41111\/","title":{"rendered":"Shantui SD32 Getriebegeh\u00e4use K\u00f6rper 175-15-41111"},"content":{"rendered":"<p><strong>Shantui SD32 Getriebegeh\u00e4use K\u00f6rper 175-15-41111<\/strong><\/p>\n<p><img fetchpriority=\"high\" decoding=\"async\" class=\"alignnone size-medium wp-image-7428\" src=\"https:\/\/www.excavatorenginepart.com\/wp-content\/uploads\/2022\/12\/Shantui-SD32-Transmission-Case-Body-175-15-41111-300x225.jpg\" alt=\"Transmission case boay 175-15-41111\" width=\"300\" height=\"225\" srcset=\"https:\/\/www.excavatorenginepart.com\/wp-content\/uploads\/2022\/12\/Shantui-SD32-Transmission-Case-Body-175-15-41111-300x225.jpg 300w, https:\/\/www.excavatorenginepart.com\/wp-content\/uploads\/2022\/12\/Shantui-SD32-Transmission-Case-Body-175-15-41111-768x576.jpg 768w, https:\/\/www.excavatorenginepart.com\/wp-content\/uploads\/2022\/12\/Shantui-SD32-Transmission-Case-Body-175-15-41111.jpg 800w\" sizes=\"(max-width: 300px) 100vw, 300px\" \/><\/p>\n<p>Construction Machinery Parts D155 SD32 Bulldozer Transmission Case Body 175-15-004111<\/p>\n<p><img decoding=\"async\" class=\"alignnone size-medium wp-image-7429\" src=\"https:\/\/www.excavatorenginepart.com\/wp-content\/uploads\/2022\/12\/Transmission-Case-Boday-175-15-41111-300x225.jpg\" alt=\"\" width=\"300\" height=\"225\" srcset=\"https:\/\/www.excavatorenginepart.com\/wp-content\/uploads\/2022\/12\/Transmission-Case-Boday-175-15-41111-300x225.jpg 300w, https:\/\/www.excavatorenginepart.com\/wp-content\/uploads\/2022\/12\/Transmission-Case-Boday-175-15-41111-768x576.jpg 768w, https:\/\/www.excavatorenginepart.com\/wp-content\/uploads\/2022\/12\/Transmission-Case-Boday-175-15-41111.jpg 800w\" sizes=\"(max-width: 300px) 100vw, 300px\" \/><\/p>\n<p>D150A 155A 155C-1 transmisson case boday 175-15-41111<\/p>\n<p><img decoding=\"async\" class=\"alignnone size-medium wp-image-7427\" src=\"https:\/\/www.excavatorenginepart.com\/wp-content\/uploads\/2022\/12\/SD32-Bulldozer-Transmission-Case-Boday-175-15-41111-300x225.jpg\" alt=\"\" width=\"300\" height=\"225\" srcset=\"https:\/\/www.excavatorenginepart.com\/wp-content\/uploads\/2022\/12\/SD32-Bulldozer-Transmission-Case-Boday-175-15-41111-300x225.jpg 300w, https:\/\/www.excavatorenginepart.com\/wp-content\/uploads\/2022\/12\/SD32-Bulldozer-Transmission-Case-Boday-175-15-41111-768x576.jpg 768w, https:\/\/www.excavatorenginepart.com\/wp-content\/uploads\/2022\/12\/SD32-Bulldozer-Transmission-Case-Boday-175-15-41111.jpg 800w\" sizes=\"(max-width: 300px) 100vw, 300px\" \/><\/p>\n<p>SD32 Bulldozer Transmission Case Boday 175-15-41111<\/p>\n<p><img loading=\"lazy\" decoding=\"async\" class=\"alignnone size-medium wp-image-7426\" src=\"https:\/\/www.excavatorenginepart.com\/wp-content\/uploads\/2022\/12\/D150A-155A-155C-1-transmisson-case-boday-175-15-41111-300x225.jpg\" alt=\"\" width=\"300\" height=\"225\" srcset=\"https:\/\/www.excavatorenginepart.com\/wp-content\/uploads\/2022\/12\/D150A-155A-155C-1-transmisson-case-boday-175-15-41111-300x225.jpg 300w, https:\/\/www.excavatorenginepart.com\/wp-content\/uploads\/2022\/12\/D150A-155A-155C-1-transmisson-case-boday-175-15-41111-768x576.jpg 768w, https:\/\/www.excavatorenginepart.com\/wp-content\/uploads\/2022\/12\/D150A-155A-155C-1-transmisson-case-boday-175-15-41111.jpg 800w\" sizes=\"(max-width: 300px) 100vw, 300px\" \/><\/p>\n<p>Transmission Case Boday 175-15-41111<\/p>\n<p><img loading=\"lazy\" decoding=\"async\" class=\"alignnone size-medium wp-image-7425\" src=\"https:\/\/www.excavatorenginepart.com\/wp-content\/uploads\/2022\/12\/Construction-Machinery-Parts-D155-SD32-Bulldozer-Transmission-Case-Body-175-15-004111-300x225.jpg\" alt=\"\" width=\"300\" height=\"225\" srcset=\"https:\/\/www.excavatorenginepart.com\/wp-content\/uploads\/2022\/12\/Construction-Machinery-Parts-D155-SD32-Bulldozer-Transmission-Case-Body-175-15-004111-300x225.jpg 300w, https:\/\/www.excavatorenginepart.com\/wp-content\/uploads\/2022\/12\/Construction-Machinery-Parts-D155-SD32-Bulldozer-Transmission-Case-Body-175-15-004111-768x576.jpg 768w, https:\/\/www.excavatorenginepart.com\/wp-content\/uploads\/2022\/12\/Construction-Machinery-Parts-D155-SD32-Bulldozer-Transmission-Case-Body-175-15-004111.jpg 800w\" sizes=\"(max-width: 300px) 100vw, 300px\" \/><\/p>\n<p>Weitere Informationen, bitte kontaktieren Sie uns.\u00a0<\/p>\n<p><span style=\"color: #ff0000;\"><strong>WhatsApp, Wechat :0086 15553722299\u00a0<\/strong><\/span><\/p>\n<p>&nbsp;<\/p>","protected":false},"excerpt":{"rendered":"<p>Shantui SD32 Transmission Case Body 175-15-41111 Construction Machinery Parts D155 SD32 Bulldozer Transmission Case Body 175-15-004111 D150A 155A 155C-1 transmisson case boday 175-15-41111 SD32 Bulldozer Transmission Case Boday 175-15-41111 Transmission Case Boday 175-15-41111 More Info, Contact Us Please .\u00a0 WhatsApp, Wechat :0086 15553722299\u00a0 &nbsp;<\/p>","protected":false},"featured_media":7428,"menu_order":0,"comment_status":"closed","ping_status":"closed","template":"","meta":{"_seopress_robots_primary_cat":"","_seopress_titles_title":"","_seopress_titles_desc":"","_seopress_robots_index":"","om_disable_all_campaigns":false,"_mi_skip_tracking":false,"_monsterinsights_sitenote_active":false,"_monsterinsights_sitenote_note":"","_monsterinsights_sitenote_category":0},"product_cat":[],"product_tag":[],"product_category":[121],"class_list":{"0":"post-7424","1":"product","2":"type-product","3":"status-publish","4":"has-post-thumbnail","6":"product_category-shantui-bulldozer-part","8":"first","9":"instock","10":"shipping-taxable","11":"product-type-simple"},"acf":[],"_links":{"self":[{"href":"https:\/\/www.excavatorenginepart.com\/de\/wp-json\/wp\/v2\/product\/7424","targetHints":{"allow":["GET"]}}],"collection":[{"href":"https:\/\/www.excavatorenginepart.com\/de\/wp-json\/wp\/v2\/product"}],"about":[{"href":"https:\/\/www.excavatorenginepart.com\/de\/wp-json\/wp\/v2\/types\/product"}],"replies":[{"embeddable":true,"href":"https:\/\/www.excavatorenginepart.com\/de\/wp-json\/wp\/v2\/comments?post=7424"}],"wp:featuredmedia":[{"embeddable":true,"href":"https:\/\/www.excavatorenginepart.com\/de\/wp-json\/wp\/v2\/media\/7428"}],"wp:attachment":[{"href":"https:\/\/www.excavatorenginepart.com\/de\/wp-json\/wp\/v2\/media?parent=7424"}],"wp:term":[{"taxonomy":"product_cat","embeddable":true,"href":"https:\/\/www.excavatorenginepart.com\/de\/wp-json\/wp\/v2\/product_cat?post=7424"},{"taxonomy":"product_tag","embeddable":true,"href":"https:\/\/www.excavatorenginepart.com\/de\/wp-json\/wp\/v2\/product_tag?post=7424"},{"taxonomy":"product_category","embeddable":true,"href":"https:\/\/www.excavatorenginepart.com\/de\/wp-json\/wp\/v2\/product_category?post=7424"}],"curies":[{"name":"wp","href":"https:\/\/api.w.org\/{rel}","templated":true}]}}