{"id":6914,"date":"2022-04-29T02:20:47","date_gmt":"2022-04-29T02:20:47","guid":{"rendered":"https:\/\/www.excavatorenginepart.com\/?post_type=product&#038;p=6914"},"modified":"2022-05-06T08:23:06","modified_gmt":"2022-05-06T08:23:06","slug":"psvd2-27e-17-kyb-hydraulic-pump-for-sunward-excavators","status":"publish","type":"product","link":"https:\/\/www.excavatorenginepart.com\/de\/product\/psvd2-27e-17-kyb-hydraulische-pumpe-fur-sonnenbagger-2\/","title":{"rendered":"PSVD2-27E-17 KYB-Hydraulikpumpe f\u00fcr Sunward-Bagger"},"content":{"rendered":"<p>PSVD2-27E-17 KYB-Hydraulikpumpe f\u00fcr Sunward-Bagger\u00a0<\/p>\n<p>PSVD2-27E-17 PSVD2-17E PSVD2-21E PSVD2-42 Hydraulikpumpe f\u00fcr Liugong Bagger\u00a0<\/p>\n<p>Typische Kolbenpumpen sind Verstell- und Hochdruckpumpen, die haupts\u00e4chlich f\u00fcr Baumaschinen usw. verwendet werden, die f\u00fcr schwere Arbeiten eingesetzt werden. Sie werden h\u00e4ufig in Bereichen eingesetzt, die eine Leistungsregelung, Last\u00fcberwachung und andere Steuerfunktionen erfordern.<br \/>\nGro\u00dfhandel, Einzelhandel alle Arten von importierten hydraulischen Plungerpumpe, hydraulische (rotierende) Rotationsmotor Montage, hydraulische Walking Motor Montage, hydraulische Zahnradpumpe und hydraulische Pumpe Ersatzteile hydraulische professionelle H\u00e4ndler. Nachi Hydraulikpumpe Ist eine Variable der Axialkolbenpumpe, mit einer erheblichen Verringerung der Verlust, Energieeinsparung Features: stabile \u00d6l-Ausgang, kann der Verlust der Str\u00f6mung zu reduzieren, reduzieren Leistungsverlust;Reibungsloser Betrieb und geringes Rauschen: die Ger\u00e4uschbeseitigung Struktur ist auf jedem Zubeh\u00f6rteil des Pumpenkerns angenommen, um die Aktion Eigenschaften zu stabilisieren und das Rauschen w\u00e4hrend des Betriebs zu reduzieren.hohe Zuverl\u00e4ssigkeit und lange Lebensdauer.\u00a0<\/p>\n<p>PSVD Serie (Offener Kreislauf) kabaya technische Parameter<\/p>\n<table border=\"1\">\n<tbody>\n<tr>\n<td class=\"\" width=\"126\" height=\"14\">Modell<\/td>\n<td class=\"\" width=\"96\" height=\"14\">Kapazit\u00e4t cm3\/Umdrehung<\/td>\n<td class=\"\" width=\"81\" height=\"14\">Maximaler Druck Mpa<\/td>\n<td class=\"\" width=\"87\" height=\"14\">Max. Drehgeschwindigkeit r\/min<\/td>\n<td>Steuerger\u00e4t Steuerung (N.m)<\/td>\n<\/tr>\n<tr>\n<td class=\"\" width=\"126\" height=\"14\">PSVD2-17E<\/td>\n<td class=\"\" width=\"96\" height=\"14\">16.8*2<\/td>\n<td class=\"\" width=\"81\" height=\"14\">24.5<\/td>\n<td class=\"\" width=\"87\" height=\"14\">2550<\/td>\n<td>Kontrolle der Pferdest\u00e4rken\u00a0<\/td>\n<\/tr>\n<tr>\n<td class=\"\" width=\"126\" height=\"14\">PSVD2-21E<\/td>\n<td class=\"\" width=\"96\" height=\"14\">20.8*2<\/td>\n<td class=\"\" width=\"81\" height=\"14\">24.5<\/td>\n<td class=\"\" width=\"87\" height=\"14\">2400<\/td>\n<td>Kontrolle der Pferdest\u00e4rken<\/td>\n<\/tr>\n<tr>\n<td class=\"\" width=\"126\" height=\"14\">PSVD2-27E<\/td>\n<td class=\"\" width=\"96\" height=\"14\">26.9*2<\/td>\n<td class=\"\" width=\"81\" height=\"14\">24.5<\/td>\n<td class=\"\" width=\"87\" height=\"14\">2400<\/td>\n<td>Kontrolle der Pferdest\u00e4rken<\/td>\n<\/tr>\n<tr>\n<td class=\"\" width=\"126\" height=\"14\">PSVD2-42<\/td>\n<td class=\"\" width=\"96\" height=\"14\">25*2<\/td>\n<td class=\"\" width=\"81\" height=\"14\">24.5<\/td>\n<td class=\"\" width=\"87\" height=\"14\">2600<\/td>\n<td>Kontrolle der Pferdest\u00e4rken<\/td>\n<\/tr>\n<\/tbody>\n<\/table>\n<p><img fetchpriority=\"high\" decoding=\"async\" class=\"alignnone wp-image-6916 size-full\" src=\"https:\/\/www.excavatorenginepart.com\/wp-content\/uploads\/2022\/04\/PSVD2-27E-17-KYB-Hydraulic-Pump-for-Sunward-Excavators-01.jpg\" alt=\"\" width=\"593\" height=\"655\" srcset=\"https:\/\/www.excavatorenginepart.com\/wp-content\/uploads\/2022\/04\/PSVD2-27E-17-KYB-Hydraulic-Pump-for-Sunward-Excavators-01.jpg 593w, https:\/\/www.excavatorenginepart.com\/wp-content\/uploads\/2022\/04\/PSVD2-27E-17-KYB-Hydraulic-Pump-for-Sunward-Excavators-01-272x300.jpg 272w\" sizes=\"(max-width: 593px) 100vw, 593px\" \/><\/p>\n<p><strong>Kayaba Hydraulikpumpe PSVD2-27E-17 f\u00fcr Bagger KYB Hauptpumpenteile<\/strong><\/p>\n<p><strong>PSV-Serie (geschlossener Kreislauf) Kayaba Hydraulikpumpe\u00a0<\/strong><\/p>\n<table border=\"1\">\n<tbody>\n<tr>\n<td class=\"\" width=\"126\" height=\"14\">Modell<\/td>\n<td class=\"\" width=\"96\" height=\"14\">Kapazit\u00e4t cm3\/Umdrehung<\/td>\n<td class=\"\" width=\"81\" height=\"14\">Maximaler Druck Mpa<\/td>\n<td class=\"\" width=\"87\" height=\"14\">Max. Drehgeschwindigkeit r\/min<\/td>\n<td>Typische Leistungsaufnahme (KW)<\/td>\n<\/tr>\n<tr>\n<td class=\"\" width=\"126\" height=\"14\">PSV-10<\/td>\n<td class=\"\" width=\"96\" height=\"14\">10<\/td>\n<td class=\"\" width=\"81\" height=\"14\">27.5<\/td>\n<td class=\"\" width=\"87\" height=\"14\">3200<\/td>\n<td>8.0<\/td>\n<\/tr>\n<tr>\n<td class=\"\" width=\"126\" height=\"14\">PSV-16<\/td>\n<td class=\"\" width=\"96\" height=\"14\">16.4<\/td>\n<td class=\"\" width=\"81\" height=\"14\">27.5<\/td>\n<td class=\"\" width=\"87\" height=\"14\">3600<\/td>\n<td>13.2<\/td>\n<\/tr>\n<tr>\n<td class=\"\" width=\"126\" height=\"14\">PSV2-10<\/td>\n<td class=\"\" width=\"96\" height=\"14\">10*2<\/td>\n<td class=\"\" width=\"81\" height=\"14\">27.5<\/td>\n<td class=\"\" width=\"87\" height=\"14\">3200<\/td>\n<td>7.0*2<\/td>\n<\/tr>\n<tr>\n<td class=\"\" width=\"126\" height=\"14\">PSV2-16<\/td>\n<td class=\"\" width=\"96\" height=\"14\">16.4*2<\/td>\n<td class=\"\" width=\"81\" height=\"14\">27.5<\/td>\n<td class=\"\" width=\"87\" height=\"14\">3200<\/td>\n<td>11.7*2<\/td>\n<\/tr>\n<tr>\n<td>PSVH2-28<\/td>\n<td>28.1*2<\/td>\n<td>34.3<\/td>\n<td>3000<\/td>\n<td>23.3*2<\/td>\n<\/tr>\n<\/tbody>\n<\/table>\n<p><img decoding=\"async\" class=\"alignnone wp-image-6917 size-full\" src=\"https:\/\/www.excavatorenginepart.com\/wp-content\/uploads\/2022\/04\/PSVD2-27E-17-KYB-Hydraulic-Pump-for-Sunward-Excavators-02.jpg\" alt=\"\" width=\"622\" height=\"607\" srcset=\"https:\/\/www.excavatorenginepart.com\/wp-content\/uploads\/2022\/04\/PSVD2-27E-17-KYB-Hydraulic-Pump-for-Sunward-Excavators-02.jpg 622w, https:\/\/www.excavatorenginepart.com\/wp-content\/uploads\/2022\/04\/PSVD2-27E-17-KYB-Hydraulic-Pump-for-Sunward-Excavators-02-300x293.jpg 300w\" sizes=\"(max-width: 622px) 100vw, 622px\" \/><\/p>\n<p>PSVD2-21E-20 , PSVD2-27E-17 PSVD2 Hydraulikkolbenpumpe f\u00fcr Baggerpumpen<\/p>\n<p>Serie PSVL (offener Kreislauf und Lastabtastung) KYB Hydraulikkolbenpumpe\u00a0<\/p>\n<table border=\"1\" cellspacing=\"0\" cellpadding=\"2\">\n<tbody>\n<tr>\n<td>Modell<\/td>\n<td>Verdr\u00e4ngung\u00a0<\/td>\n<td>Maximaler Arbeitsdruck<\/td>\n<td>Maximale Geschwindigkeit<\/td>\n<td>Steuerger\u00e4t<\/td>\n<\/tr>\n<tr>\n<td>PSVL-42<\/td>\n<td>42<\/td>\n<td>24.5<\/td>\n<td>2500<\/td>\n<td>Leistungskontrolle und Load-Sensing-Kontrolle<\/td>\n<\/tr>\n<tr>\n<td>PSVL-54<\/td>\n<td>54<\/td>\n<td>24.5<\/td>\n<td>2400<\/td>\n<td>Leistungskontrolle und Load-Sensing-Kontrolle<\/td>\n<\/tr>\n<tr>\n<td>PSVL-84<\/td>\n<td>84.6<\/td>\n<td>32<\/td>\n<td>2200<\/td>\n<td>Leistungskontrolle und Load-Sensing-Kontrolle<\/td>\n<\/tr>\n<\/tbody>\n<\/table>","protected":false},"excerpt":{"rendered":"<p>PSVD2-27E-17 KYB Hydraulic Pump for Sunward Excavators\u00a0 PSVD2-27E-17 \u00a0PSVD2-17E\u00a0PSVD2-21E\u00a0\u00a0PSVD2-42\u00a0Hydraulic Pump For Liugong Excavator\u00a0 Typical piston pumps are variable and high-pressure\u00a0types mainly used for construction equipment, etc,\u00a0engaged in heavy-duty work. They are widely used in\u00a0areas that require horsepower control, load-sensing, And other control functions. Wholesale, retail all kinds of imported hydraulic plunger pump, hydraulic (rotary) rotary [&hellip;]<\/p>","protected":false},"featured_media":6915,"menu_order":0,"comment_status":"closed","ping_status":"closed","template":"","meta":{"_seopress_robots_primary_cat":"","_seopress_titles_title":"","_seopress_titles_desc":"","_seopress_robots_index":"","om_disable_all_campaigns":false,"_mi_skip_tracking":false,"_monsterinsights_sitenote_active":false,"_monsterinsights_sitenote_note":"","_monsterinsights_sitenote_category":0},"product_cat":[],"product_tag":[],"product_category":[111],"class_list":{"0":"post-6914","1":"product","2":"type-product","3":"status-publish","4":"has-post-thumbnail","6":"product_category-excavator-hydraulic-pump","8":"first","9":"instock","10":"shipping-taxable","11":"product-type-simple"},"acf":[],"_links":{"self":[{"href":"https:\/\/www.excavatorenginepart.com\/de\/wp-json\/wp\/v2\/product\/6914","targetHints":{"allow":["GET"]}}],"collection":[{"href":"https:\/\/www.excavatorenginepart.com\/de\/wp-json\/wp\/v2\/product"}],"about":[{"href":"https:\/\/www.excavatorenginepart.com\/de\/wp-json\/wp\/v2\/types\/product"}],"replies":[{"embeddable":true,"href":"https:\/\/www.excavatorenginepart.com\/de\/wp-json\/wp\/v2\/comments?post=6914"}],"wp:featuredmedia":[{"embeddable":true,"href":"https:\/\/www.excavatorenginepart.com\/de\/wp-json\/wp\/v2\/media\/6915"}],"wp:attachment":[{"href":"https:\/\/www.excavatorenginepart.com\/de\/wp-json\/wp\/v2\/media?parent=6914"}],"wp:term":[{"taxonomy":"product_cat","embeddable":true,"href":"https:\/\/www.excavatorenginepart.com\/de\/wp-json\/wp\/v2\/product_cat?post=6914"},{"taxonomy":"product_tag","embeddable":true,"href":"https:\/\/www.excavatorenginepart.com\/de\/wp-json\/wp\/v2\/product_tag?post=6914"},{"taxonomy":"product_category","embeddable":true,"href":"https:\/\/www.excavatorenginepart.com\/de\/wp-json\/wp\/v2\/product_category?post=6914"}],"curies":[{"name":"wp","href":"https:\/\/api.w.org\/{rel}","templated":true}]}}