{"id":6708,"date":"2022-04-21T05:52:01","date_gmt":"2022-04-21T05:52:01","guid":{"rendered":"https:\/\/www.excavatorenginepart.com\/?post_type=product&#038;p=6708"},"modified":"2022-04-21T05:52:01","modified_gmt":"2022-04-21T05:52:01","slug":"kpm-distributing-valve-for-sk250-8-kobelco-excavator","status":"publish","type":"product","link":"https:\/\/www.excavatorenginepart.com\/de\/product\/kpm-verteilerventil-fur-sk250-8-kobelco-bagger\/","title":{"rendered":"KPM-Verteilerventil f\u00fcr Kobelco-Bagger SK250-8"},"content":{"rendered":"<p>KPM KMX15YD Verteilerventil f\u00fcr SK250-8 Kobelco Bagger ,Original hergestellt in Japan KAWASAKI \u00a0<\/p>\n<p>Hydrauclic Hauptventil f\u00fcr SK250LC-8 Bagger\u00a0<\/p>\n<p><strong>KMX15YD Verteilerventil\u00a0<\/strong>passt auf\u00a0<strong>Kobelco SK250-8 SK250LC-8 Bagger .\u00a0<\/strong>\u00a0<strong>Verteilerventil f\u00fcr Bagger\u00a0<\/strong>Die Funktion jedes Ventilblocks im Verteilerventil des Baggers: Umsteuerventil: es steuert den Einlass und den Auslass von \u00d6l des \u00d6lzylinders des gro\u00dfen Arms und des kleinen Arms, der Drehmotor bewegt den Motor zum und vom \u00d6l, und der schiebende Boden produziert den \u00d6lzylinder zum und vom \u00d6l.\u00dcberlaufventil: es gibt Haupt\u00fcberlaufventil und Wurzel\u00fcberlaufventil, das Haupt\u00fcberlaufventil steuert den Druck des Systems, das Wurzel\u00fcberlaufventil ist mit dem Steuermodus des Systems verbunden, positive und negative Steuerung.Einwegventil: steuert den Fluss von Hydraulik\u00f6l in eine Richtung. Wir k\u00f6nnen liefern\u00a0<strong>Neues Original Komatsu Baggerventil<\/strong>\u00a0,und<strong>\u00a0Reproduzieren Renew Bagger Hauptventil\u00a0<\/strong>Verteilerventil, begr\u00fc\u00dfen Sie Ihre Anforderung in Ihrer freien Zeit.\u00a0<\/p>\n<p>KPM KMX15YD Verteilerventil Technische Daten\u00a0<\/p>\n<p>Herkunftsort: Japan<br \/>\nMarkenname: KPM KAWASAKI\u00a0<br \/>\nModellnummer:  SK250-8 SK350-8 SK210LC\u00a0<br \/>\nName des Teils: KPM Distributing Valve<br \/>\nZustand: echt<br \/>\nGarantie: 6 Monate<br \/>\nVerpackung: Originalverpackung<\/p>\n<p>Bei der Herstellung von Ventilen wird zur Verbesserung der Montagegenauigkeit die Auswahlmethode angewandt, d.h. eine Charge von verarbeiteten Teilen, wie z.B. Ventilk\u00f6rper und Ventileinsatz, entsprechend der tats\u00e4chlichen Gr\u00f6\u00dfe, um das am besten geeignete Paar mit Spiel f\u00fcr die Montage zu w\u00e4hlen, um eine gute Gleit- und Dichtungsleistung des Ventileinsatzes zu gew\u00e4hrleisten.Das hei\u00dft, die gleiche Art von Hydraulikventil, die Gr\u00f6\u00dfe des Ventileinsatzes und Ventilk\u00f6rper mit einem gewissen Unterschied f\u00fcr die Verwendung von Unternehmen, wenn die Zahl der ein bestimmtes Versagen des Hydraulikventils ist gro\u00df, k\u00f6nnen alle das Ventil Demontage Reinigung, Inspektion und Messung der Teile, nach den Testergebnissen wird klassifiziert werden Teile nach den folgenden Methoden re Kombination Auswahl.Wenn der Schieber und der Ventilk\u00f6rper gleichm\u00e4\u00dfig abgenutzt sind und es keine ernsthaften Kratzer oder teilweise starke Abnutzung auf der Arbeitsfl\u00e4che gibt, dann montieren Sie den Schieber und den Ventilk\u00f6rper mit entsprechendem Spiel gem\u00e4\u00df dem entsprechenden Handbuch wieder.Wenn der Ventileinsatz und Ventilk\u00f6rper Verschlei\u00df Oberfl\u00e4che ist geschlitzt und uneben oder Arbeit durch die oben genannten Methoden nicht wiederherstellen k\u00f6nnen Hydraulikventil Funktion, erf\u00fcllen die Anforderung der Bearbeitung Zulage ist es, ein Paar der \u00fcber \u00fcbersch\u00fcssige Menge des Ventileinsatzes, Ventilk\u00f6rper, der K\u00f6rper und Au\u00dfendurchmesser des Lochs Gr\u00f6\u00dfe kleine Gr\u00f6\u00dfe des Ventileinsatzes), zu reiben K\u00f6rper oder Schleifen, Schleifen von Ventileinsatz, nach dem Erreichen einer angemessenen Form Pr\u00e4zision passende Pr\u00e4zisionsmontage.Gemeinsame Hydraulikventil Lochform Genauigkeit und Passform Spiel zu w\u00e4hlen.<\/p>\n<p><img fetchpriority=\"high\" decoding=\"async\" class=\"alignnone wp-image-6711 size-full\" src=\"https:\/\/www.excavatorenginepart.com\/wp-content\/uploads\/2022\/04\/KPM-Distributing-Valve-for-SK250-8-Kobelco-Excavator-01.jpg\" alt=\"\" width=\"590\" height=\"552\" srcset=\"https:\/\/www.excavatorenginepart.com\/wp-content\/uploads\/2022\/04\/KPM-Distributing-Valve-for-SK250-8-Kobelco-Excavator-01.jpg 590w, https:\/\/www.excavatorenginepart.com\/wp-content\/uploads\/2022\/04\/KPM-Distributing-Valve-for-SK250-8-Kobelco-Excavator-01-300x281.jpg 300w\" sizes=\"(max-width: 590px) 100vw, 590px\" \/><\/p>\n<p>Kobelco Original Baggerteile Hydrauliksteuerventil, Haupthydraulikverteiler f\u00fcr SK350-8<\/p>","protected":false},"excerpt":{"rendered":"<p>KPM KMX15YD Distributing Valve for SK250-8 \u00a0Kobelco Excavator ,Original made in Japan KAWASAKI \u00a0 Hydrauclic main valve for SK250LC-8 Excavator\u00a0 KMX15YD Distributing Valve\u00a0is fitting on\u00a0Kobelco SK250-8 SK250LC-8 excavator .\u00a0\u00a0Excavator distribution valve\u00a0is mainly composed of the following valve block: electromagnetic directional valve, overflow valve, one-way valve, throttle valve.The function of each valve block in the distribution [&hellip;]<\/p>","protected":false},"featured_media":6710,"menu_order":0,"comment_status":"closed","ping_status":"closed","template":"","meta":{"_seopress_robots_primary_cat":"","_seopress_titles_title":"","_seopress_titles_desc":"","_seopress_robots_index":"","om_disable_all_campaigns":false,"_mi_skip_tracking":false,"_monsterinsights_sitenote_active":false,"_monsterinsights_sitenote_note":"","_monsterinsights_sitenote_category":0},"product_cat":[],"product_tag":[],"product_category":[113],"class_list":{"0":"post-6708","1":"product","2":"type-product","3":"status-publish","4":"has-post-thumbnail","6":"product_category-excavator-main-valve","8":"first","9":"instock","10":"shipping-taxable","11":"product-type-simple"},"acf":[],"_links":{"self":[{"href":"https:\/\/www.excavatorenginepart.com\/de\/wp-json\/wp\/v2\/product\/6708","targetHints":{"allow":["GET"]}}],"collection":[{"href":"https:\/\/www.excavatorenginepart.com\/de\/wp-json\/wp\/v2\/product"}],"about":[{"href":"https:\/\/www.excavatorenginepart.com\/de\/wp-json\/wp\/v2\/types\/product"}],"replies":[{"embeddable":true,"href":"https:\/\/www.excavatorenginepart.com\/de\/wp-json\/wp\/v2\/comments?post=6708"}],"wp:featuredmedia":[{"embeddable":true,"href":"https:\/\/www.excavatorenginepart.com\/de\/wp-json\/wp\/v2\/media\/6710"}],"wp:attachment":[{"href":"https:\/\/www.excavatorenginepart.com\/de\/wp-json\/wp\/v2\/media?parent=6708"}],"wp:term":[{"taxonomy":"product_cat","embeddable":true,"href":"https:\/\/www.excavatorenginepart.com\/de\/wp-json\/wp\/v2\/product_cat?post=6708"},{"taxonomy":"product_tag","embeddable":true,"href":"https:\/\/www.excavatorenginepart.com\/de\/wp-json\/wp\/v2\/product_tag?post=6708"},{"taxonomy":"product_category","embeddable":true,"href":"https:\/\/www.excavatorenginepart.com\/de\/wp-json\/wp\/v2\/product_category?post=6708"}],"curies":[{"name":"wp","href":"https:\/\/api.w.org\/{rel}","templated":true}]}}