{"id":8164,"date":"2023-01-18T15:02:28","date_gmt":"2023-01-18T15:02:28","guid":{"rendered":"https:\/\/www.excavatorenginepart.com\/?post_type=product&#038;p=8164"},"modified":"2023-09-13T15:03:13","modified_gmt":"2023-09-13T15:03:13","slug":"sinotruk-howo-a7-power-steering-pump-wg9725471216","status":"publish","type":"product","link":"https:\/\/www.excavatorenginepart.com\/cs\/product\/sinotruk-howo-a7-power-steering-pump-wg9725471216\/","title":{"rendered":"\u010cerpadlo posilova\u010de \u0159\u00edzen\u00ed Sinotruk HOWO A7 WG9725471216"},"content":{"rendered":"<p><strong>\u010cerpadlo posilova\u010de \u0159\u00edzen\u00ed Sinotruk HOWO A7 WG9725471216<\/strong><\/p>\n<p><img fetchpriority=\"high\" decoding=\"async\" class=\"alignnone size-medium wp-image-8167\" src=\"https:\/\/www.excavatorenginepart.com\/wp-content\/uploads\/2023\/01\/SINOTRUK-HOWO-Power-Steering-Pump-WG9725471216-300x300.jpg\" alt=\"\" width=\"300\" height=\"300\" srcset=\"https:\/\/www.excavatorenginepart.com\/wp-content\/uploads\/2023\/01\/SINOTRUK-HOWO-Power-Steering-Pump-WG9725471216-300x300.jpg 300w, https:\/\/www.excavatorenginepart.com\/wp-content\/uploads\/2023\/01\/SINOTRUK-HOWO-Power-Steering-Pump-WG9725471216-150x150.jpg 150w, https:\/\/www.excavatorenginepart.com\/wp-content\/uploads\/2023\/01\/SINOTRUK-HOWO-Power-Steering-Pump-WG9725471216.jpg 600w\" sizes=\"(max-width: 300px) 100vw, 300px\" \/><\/p>\n<p>N\u00e1hradn\u00ed d\u00edly pro n\u00e1kladn\u00ed automobily \u010cerpadlo posilova\u010de \u0159\u00edzen\u00ed WG9725471216<\/p>\n<p><img decoding=\"async\" class=\"alignnone size-medium wp-image-8168\" src=\"https:\/\/www.excavatorenginepart.com\/wp-content\/uploads\/2023\/01\/Truck-Spare-Parts-Power-steering-pump-WG9725471216-300x300.png\" alt=\"\" width=\"300\" height=\"300\" srcset=\"https:\/\/www.excavatorenginepart.com\/wp-content\/uploads\/2023\/01\/Truck-Spare-Parts-Power-steering-pump-WG9725471216-300x300.png 300w, https:\/\/www.excavatorenginepart.com\/wp-content\/uploads\/2023\/01\/Truck-Spare-Parts-Power-steering-pump-WG9725471216-150x150.png 150w, https:\/\/www.excavatorenginepart.com\/wp-content\/uploads\/2023\/01\/Truck-Spare-Parts-Power-steering-pump-WG9725471216.png 600w\" sizes=\"(max-width: 300px) 100vw, 300px\" \/><\/p>\n<p>\u010cerpadlo posilova\u010de \u0159\u00edzen\u00ed SINOTRUK HOWO WG9725471216<\/p>\n<p><img decoding=\"async\" class=\"alignnone size-medium wp-image-8165\" src=\"https:\/\/www.excavatorenginepart.com\/wp-content\/uploads\/2023\/01\/Sinotruk-HOWO-A7-Power-Steering-Pump-WG9725471216-300x300.jpg\" alt=\"\" width=\"300\" height=\"300\" srcset=\"https:\/\/www.excavatorenginepart.com\/wp-content\/uploads\/2023\/01\/Sinotruk-HOWO-A7-Power-Steering-Pump-WG9725471216-300x300.jpg 300w, https:\/\/www.excavatorenginepart.com\/wp-content\/uploads\/2023\/01\/Sinotruk-HOWO-A7-Power-Steering-Pump-WG9725471216-150x150.jpg 150w, https:\/\/www.excavatorenginepart.com\/wp-content\/uploads\/2023\/01\/Sinotruk-HOWO-A7-Power-Steering-Pump-WG9725471216.jpg 600w\" sizes=\"(max-width: 300px) 100vw, 300px\" \/><\/p>\n<p>\u010cerpadlo pomocn\u00e9ho posilova\u010de \u0159\u00edzen\u00ed Sinotruk HOWO WG9725471216<\/p>\n<p><img loading=\"lazy\" decoding=\"async\" class=\"alignnone size-medium wp-image-8166\" src=\"https:\/\/www.excavatorenginepart.com\/wp-content\/uploads\/2023\/01\/Sinotruk-HOWO-auxiliary-power-steering-pump-WG9725471216-300x300.jpg\" alt=\"\" width=\"300\" height=\"300\" srcset=\"https:\/\/www.excavatorenginepart.com\/wp-content\/uploads\/2023\/01\/Sinotruk-HOWO-auxiliary-power-steering-pump-WG9725471216-300x300.jpg 300w, https:\/\/www.excavatorenginepart.com\/wp-content\/uploads\/2023\/01\/Sinotruk-HOWO-auxiliary-power-steering-pump-WG9725471216-150x150.jpg 150w, https:\/\/www.excavatorenginepart.com\/wp-content\/uploads\/2023\/01\/Sinotruk-HOWO-auxiliary-power-steering-pump-WG9725471216.jpg 600w\" sizes=\"(max-width: 300px) 100vw, 300px\" \/><\/p>\n<p><strong>Z\u00e1kladn\u00ed \u00fadaje<\/strong><\/p>\n<p>Rok:2005-<br \/>\nModel: Howo<br \/>\nTyp: \u010cerpadlo posilova\u010de \u0159\u00edzen\u00ed<br \/>\nMont\u00e1\u017e do vozu:SINOTRUK (CNHTC)<br \/>\nVelikost: 20 cm * 15 cm * 16 cm<br \/>\nMateri\u00e1l:kov<br \/>\n\u010c. OE:WG9725471216<br \/>\nM\u00edsto p\u016fvodu: Shandong, \u010c\u00edna<br \/>\nN\u00e1zev zna\u010dky: Sinotruck<br \/>\n\u010c\u00edslo modelu: WG9725471216<br \/>\nN\u00e1zev produktu: \u010cerpadlo posilova\u010de \u0159\u00edzen\u00ed<br \/>\n\u010c\u00edslo OE:WG9725471216<br \/>\nBarva:\u010dern\u00e1<br \/>\nBalen\u00ed: Neutr\u00e1ln\u00ed karton<br \/>\nDodac\u00ed lh\u016fta: 7-15 dn\u00ed<br \/>\nPlatebn\u00ed podm\u00ednky: TT Westernunion<br \/>\nHmotnost: 3,85 kg<br \/>\nMOQ: 1 KS<\/p>\n<p><strong>Popis produktu<\/strong><\/p>\n<table class=\"has-title all magic-4\">\n<tbody>\n<tr>\n<td colspan=\"1\" rowspan=\"1\">\n<div class=\"magic-5\" data-spm-anchor-id=\"a2700.wholesale.0.i11.764f1934UWf2D9\"><b data-spm-anchor-id=\"a2700.wholesale.0.i15.764f1934UWf2D9\">Pracovn\u00ed \u017eivot<\/b><\/div>\n<\/td>\n<td colspan=\"1\" rowspan=\"1\">\n<div class=\"magic-5\">80 000 hodin<\/div>\n<\/td>\n<td colspan=\"1\" rowspan=\"1\">\n<div class=\"magic-5\"><b>Uk\u00e1zka<\/b><\/div>\n<\/td>\n<td colspan=\"1\" rowspan=\"1\">\n<div class=\"magic-6\">ne<\/div>\n<\/td>\n<\/tr>\n<tr>\n<td colspan=\"1\" rowspan=\"1\">\n<div class=\"magic-5\"><b>Barva<\/b><\/div>\n<\/td>\n<td colspan=\"1\" rowspan=\"1\">\n<div class=\"magic-5\">obr\u00e1zek<\/div>\n<\/td>\n<td colspan=\"1\" rowspan=\"1\">\n<div class=\"magic-5\"><b>Aplikace<\/b><\/div>\n<\/td>\n<td colspan=\"1\" rowspan=\"1\">\n<div class=\"magic-6\">N\u00e1kladn\u00ed automobil Howo<\/div>\n<\/td>\n<\/tr>\n<tr>\n<td colspan=\"1\" rowspan=\"1\">\n<div class=\"magic-5\"><b>Hmotnost<\/b><\/div>\n<\/td>\n<td colspan=\"1\" rowspan=\"1\">\n<div class=\"magic-5\">3,9 kg<\/div>\n<\/td>\n<td colspan=\"1\" rowspan=\"1\">\n<div class=\"magic-5\"><b>Certifikace<\/b><\/div>\n<\/td>\n<td colspan=\"1\" rowspan=\"1\">\n<div class=\"magic-6\">IOS9001<\/div>\n<\/td>\n<\/tr>\n<tr>\n<td colspan=\"1\" rowspan=\"1\">\n<div class=\"magic-5\"><b>Z\u00e1silka<\/b><\/div>\n<\/td>\n<td colspan=\"1\" rowspan=\"1\">\n<div class=\"magic-5\">expresn\u00ed\/n\u00e1mo\u0159n\u00ed\/leteck\u00fd<\/div>\n<\/td>\n<td colspan=\"1\" rowspan=\"1\">\n<div class=\"magic-5\"><b>Z\u00e1ruka<\/b><\/div>\n<\/td>\n<td colspan=\"1\" rowspan=\"1\">\n<div class=\"magic-6\">1 rok<\/div>\n<\/td>\n<\/tr>\n<tr>\n<td colspan=\"1\" rowspan=\"1\">\n<div class=\"magic-5\"><b>N\u00e1zev polo\u017eky<\/b><\/div>\n<\/td>\n<td colspan=\"1\" rowspan=\"1\">\n<div class=\"magic-5\">\u010derpadlo posilova\u010de \u0159\u00edzen\u00ed<\/div>\n<\/td>\n<td colspan=\"1\" rowspan=\"1\">\n<div class=\"magic-5\" data-spm-anchor-id=\"a2700.wholesale.0.i12.764f1934UWf2D9\"><b>Platba<\/b><\/div>\n<\/td>\n<td colspan=\"1\" rowspan=\"1\">\n<div class=\"magic-6\">TT\/Paypal<\/div>\n<\/td>\n<\/tr>\n<tr>\n<td colspan=\"1\" rowspan=\"1\">\n<div class=\"magic-5\"><b>Bal\u00ed\u010dek<\/b><\/div>\n<\/td>\n<td colspan=\"1\" rowspan=\"1\">\n<div class=\"magic-5\">karton<\/div>\n<\/td>\n<td colspan=\"1\" rowspan=\"1\">\n<div class=\"magic-5\"><b>MOQ<\/b><\/div>\n<\/td>\n<td colspan=\"1\" rowspan=\"1\">\n<div class=\"magic-6\">1 kus<\/div>\n<\/td>\n<\/tr>\n<tr>\n<td colspan=\"1\" rowspan=\"1\">\n<div class=\"magic-5\"><b>\u010c\u00edslo modelu<\/b><\/div>\n<\/td>\n<td colspan=\"1\" rowspan=\"1\">\n<div class=\"magic-5\">WG9725471216<\/div>\n<\/td>\n<td colspan=\"1\" rowspan=\"1\">\n<div class=\"magic-5\"><b>Matrial<\/b><\/div>\n<\/td>\n<td colspan=\"1\" rowspan=\"1\">\n<div class=\"magic-6\" data-spm-anchor-id=\"a2700.wholesale.0.i16.764f1934UWf2D9\">Kov<\/div>\n<\/td>\n<\/tr>\n<tr>\n<td colspan=\"1\" rowspan=\"1\">\n<div class=\"magic-5\"><b>Doba dod\u00e1n\u00ed<\/b><\/div>\n<\/td>\n<td colspan=\"1\" rowspan=\"1\">\n<div class=\"magic-5\">8-15 dn\u00ed<\/div>\n<\/td>\n<td colspan=\"1\" rowspan=\"1\">\n<div class=\"magic-5\"><b>P\u0159\u00edstav<\/b><\/div>\n<\/td>\n<td colspan=\"1\" rowspan=\"1\">\n<div class=\"magic-6\">Qingdao<\/div>\n<\/td>\n<\/tr>\n<\/tbody>\n<\/table>\n<p><strong>Souvisej\u00edc\u00ed n\u00e1hradn\u00ed d\u00edly Sinotruck<\/strong><\/p>\n<table class=\"all magic-4\">\n<tbody>\n<tr>\n<td>\n<div class=\"magic-5\" data-spm-anchor-id=\"a2700.details.0.i7.18af50cfhJ5Y3S\">\u010c\u00cdSLO D\u00cdL\u016e<\/div>\n<\/td>\n<td>\n<div class=\"magic-6\">N\u00c1ZEV D\u00cdL\u016e<\/div>\n<\/td>\n<\/tr>\n<tr>\n<td>\n<div class=\"magic-5\">61500010383<\/div>\n<\/td>\n<td>\n<div class=\"magic-6\">Sestava bloku v\u00e1lc\u016f<\/div>\n<\/td>\n<\/tr>\n<tr>\n<td>\n<div class=\"magic-5\">61500010356B<\/div>\n<\/td>\n<td>\n<div class=\"magic-6\">Blok v\u00e1lc\u016f<\/div>\n<\/td>\n<\/tr>\n<tr>\n<td>\n<div class=\"magic-5\">61500010366C<\/div>\n<\/td>\n<td>\n<div class=\"magic-6\">Klikov\u00e1 sk\u0159\u00ed\u0148<\/div>\n<\/td>\n<\/tr>\n<tr>\n<td>\n<div class=\"magic-5\">VG1540010006<\/div>\n<\/td>\n<td>\n<div class=\"magic-6\">Vlo\u017eka v\u00e1lce<\/div>\n<\/td>\n<\/tr>\n<tr>\n<td>\n<div class=\"magic-5\">190003982121<\/div>\n<\/td>\n<td>\n<div class=\"magic-6\">Z\u00e1tka j\u00e1drov\u00e9ho otvoru<\/div>\n<\/td>\n<\/tr>\n<tr>\n<td>\n<div class=\"magic-5\">190003989480<\/div>\n<\/td>\n<td>\n<div class=\"magic-6\">Z\u00e1tka j\u00e1drov\u00e9ho otvoru<\/div>\n<\/td>\n<\/tr>\n<tr>\n<td>\n<div class=\"magic-5\">190003989204<\/div>\n<\/td>\n<td>\n<div class=\"magic-6\">Z\u00e1tka j\u00e1drov\u00e9ho otvoru<\/div>\n<\/td>\n<\/tr>\n<tr>\n<td>\n<div class=\"magic-5\">VG1560010029<\/div>\n<\/td>\n<td>\n<div class=\"magic-6\">Pouzdro va\u010dkov\u00e9ho h\u0159\u00eddele<\/div>\n<\/td>\n<\/tr>\n<tr>\n<td>\n<div class=\"magic-5\">VG2600010990<\/div>\n<\/td>\n<td>\n<div class=\"magic-6\" data-spm-anchor-id=\"a2700.details.0.i8.18af50cfhJ5Y3S\">Pouzdro va\u010dkov\u00e9ho h\u0159\u00eddele<\/div>\n<\/td>\n<\/tr>\n<tr>\n<td>\n<div class=\"magic-5\">90003901604A<\/div>\n<\/td>\n<td>\n<div class=\"magic-6\">P\u0159\u00edm\u00fd kol\u00edk<\/div>\n<\/td>\n<\/tr>\n<tr>\n<td>\n<div class=\"magic-5\">Q5211220<\/div>\n<\/td>\n<td>\n<div class=\"magic-6\">P\u0159\u00edm\u00fd kol\u00edk<\/div>\n<\/td>\n<\/tr>\n<tr>\n<td>\n<div class=\"magic-5\">VG1500010046<\/div>\n<\/td>\n<td>\n<div class=\"magic-6\">Pouzdrov\u00e1 lo\u017eiska<\/div>\n<\/td>\n<\/tr>\n<tr>\n<td>\n<div class=\"magic-5\">VG1500010125<\/div>\n<\/td>\n<td>\n<div class=\"magic-6\">P\u0159\u00edtla\u010dn\u00e9 podlo\u017eky<\/div>\n<\/td>\n<\/tr>\n<tr>\n<td>\n<div class=\"magic-5\">VG14010114<\/div>\n<\/td>\n<td>\n<div class=\"magic-6\">\u0160roub v\u0159eten\u00edku<\/div>\n<\/td>\n<\/tr>\n<tr>\n<td>\n<div class=\"magic-5\">VG14010217<\/div>\n<\/td>\n<td>\n<div class=\"magic-6\">\u0160roub v\u0159eten\u00edku<\/div>\n<\/td>\n<\/tr>\n<tr>\n<td>\n<div class=\"magic-5\">190003802493<\/div>\n<\/td>\n<td>\n<div class=\"magic-6\">\u0160roub se \u0161estihrannou hlavou<\/div>\n<\/td>\n<\/tr>\n<tr>\n<td>\n<div class=\"magic-5\">VG1400010032<\/div>\n<\/td>\n<td>\n<div class=\"magic-6\">T\u011bsnic\u00ed krou\u017eek<\/div>\n<\/td>\n<\/tr>\n<tr>\n<td>\n<div class=\"magic-5\">190003989210<\/div>\n<\/td>\n<td>\n<div class=\"magic-6\">Z\u00e1tka j\u00e1drov\u00e9ho otvoru<\/div>\n<\/td>\n<\/tr>\n<tr>\n<td>\n<div class=\"magic-5\">VG2600070097<\/div>\n<\/td>\n<td>\n<div class=\"magic-6\">Koleno zp\u011btn\u00e9ho veden\u00ed oleje<\/div>\n<\/td>\n<\/tr>\n<tr>\n<td>\n<div class=\"magic-5\">190003989289<\/div>\n<\/td>\n<td>\n<div class=\"magic-6\">Z\u00e1tka j\u00e1drov\u00e9ho otvoru<\/div>\n<\/td>\n<\/tr>\n<\/tbody>\n<\/table>\n<p>Dal\u0161\u00ed d\u00edly pro Sinotruck, kontaktujte n\u00e1s.\u00a0<\/p>\n<p><span style=\"color: #ff0000;\"><strong>WhatsApp, Wechat : 0086 15553722299\u00a0<\/strong><\/span><\/p>\n<p>&nbsp;<\/p>","protected":false},"excerpt":{"rendered":"<p>Sinotruk HOWO A7 Power Steering Pump WG9725471216 Truck Spare Parts Power steering pump WG9725471216 SINOTRUK HOWO Power Steering Pump WG9725471216 Sinotruk HOWO auxiliary power steering pump WG9725471216 Essential details Year:2005- Model:Howo Type:Power Steering Pump Car Fitment:SINOTRUK (CNHTC) Size:20cm*15cm*16cm Material:metal OE NO.:WG9725471216 Place of Origin:Shandong, China Brand Name:Sinotruck Model Number:WG9725471216 Product Name:Power steering pump OE Number:WG9725471216 [&hellip;]<\/p>","protected":false},"featured_media":8167,"menu_order":0,"comment_status":"closed","ping_status":"closed","template":"","meta":{"_seopress_robots_primary_cat":"","_seopress_titles_title":"","_seopress_titles_desc":"","_seopress_robots_index":"","om_disable_all_campaigns":false,"_mi_skip_tracking":false,"_monsterinsights_sitenote_active":false,"_monsterinsights_sitenote_note":"","_monsterinsights_sitenote_category":0},"product_cat":[],"product_tag":[],"product_category":[144],"class_list":{"0":"post-8164","1":"product","2":"type-product","3":"status-publish","4":"has-post-thumbnail","6":"product_category-sinotruck-parts","8":"first","9":"instock","10":"shipping-taxable","11":"product-type-simple"},"acf":[],"_links":{"self":[{"href":"https:\/\/www.excavatorenginepart.com\/cs\/wp-json\/wp\/v2\/product\/8164","targetHints":{"allow":["GET"]}}],"collection":[{"href":"https:\/\/www.excavatorenginepart.com\/cs\/wp-json\/wp\/v2\/product"}],"about":[{"href":"https:\/\/www.excavatorenginepart.com\/cs\/wp-json\/wp\/v2\/types\/product"}],"replies":[{"embeddable":true,"href":"https:\/\/www.excavatorenginepart.com\/cs\/wp-json\/wp\/v2\/comments?post=8164"}],"wp:featuredmedia":[{"embeddable":true,"href":"https:\/\/www.excavatorenginepart.com\/cs\/wp-json\/wp\/v2\/media\/8167"}],"wp:attachment":[{"href":"https:\/\/www.excavatorenginepart.com\/cs\/wp-json\/wp\/v2\/media?parent=8164"}],"wp:term":[{"taxonomy":"product_cat","embeddable":true,"href":"https:\/\/www.excavatorenginepart.com\/cs\/wp-json\/wp\/v2\/product_cat?post=8164"},{"taxonomy":"product_tag","embeddable":true,"href":"https:\/\/www.excavatorenginepart.com\/cs\/wp-json\/wp\/v2\/product_tag?post=8164"},{"taxonomy":"product_category","embeddable":true,"href":"https:\/\/www.excavatorenginepart.com\/cs\/wp-json\/wp\/v2\/product_category?post=8164"}],"curies":[{"name":"wp","href":"https:\/\/api.w.org\/{rel}","templated":true}]}}