{"id":8155,"date":"2023-01-18T13:55:16","date_gmt":"2023-01-18T13:55:16","guid":{"rendered":"https:\/\/www.excavatorenginepart.com\/?post_type=product&#038;p=8155"},"modified":"2023-01-18T14:16:26","modified_gmt":"2023-01-18T14:16:26","slug":"sinotruk-howo-truck-parts-connecting-rod-az1246030007","status":"publish","type":"product","link":"https:\/\/www.excavatorenginepart.com\/cs\/product\/sinotruk-howo-truck-parts-connecting-rod-az1246030007\/","title":{"rendered":"Sinotruk HOWO Truck Parts Spojovac\u00ed ty\u010d AZ1246030007"},"content":{"rendered":"<p><strong>Sinotruk HOWO Truck Parts Spojovac\u00ed ty\u010d AZ1246030007<\/strong><\/p>\n<p><img fetchpriority=\"high\" decoding=\"async\" class=\"alignnone size-medium wp-image-8158\" src=\"https:\/\/www.excavatorenginepart.com\/wp-content\/uploads\/2023\/01\/SINOTRUK-HOWO-WD615-ENGINE-PARTS-AZ1246030007-Connection-Rod-ASSEMBLY-300x300.png\" alt=\"\" width=\"300\" height=\"300\" srcset=\"https:\/\/www.excavatorenginepart.com\/wp-content\/uploads\/2023\/01\/SINOTRUK-HOWO-WD615-ENGINE-PARTS-AZ1246030007-Connection-Rod-ASSEMBLY-300x300.png 300w, https:\/\/www.excavatorenginepart.com\/wp-content\/uploads\/2023\/01\/SINOTRUK-HOWO-WD615-ENGINE-PARTS-AZ1246030007-Connection-Rod-ASSEMBLY-150x150.png 150w, https:\/\/www.excavatorenginepart.com\/wp-content\/uploads\/2023\/01\/SINOTRUK-HOWO-WD615-ENGINE-PARTS-AZ1246030007-Connection-Rod-ASSEMBLY.png 600w\" sizes=\"(max-width: 300px) 100vw, 300px\" \/><\/p>\n<p>Sestava ojnice OE AZ1246030007 pro motor Sinotruk<\/p>\n<p><img fetchpriority=\"high\" decoding=\"async\" class=\"alignnone size-medium wp-image-8158\" src=\"https:\/\/www.excavatorenginepart.com\/wp-content\/uploads\/2023\/01\/SINOTRUK-HOWO-WD615-ENGINE-PARTS-AZ1246030007-Connection-Rod-ASSEMBLY-300x300.png\" alt=\"\" width=\"300\" height=\"300\" srcset=\"https:\/\/www.excavatorenginepart.com\/wp-content\/uploads\/2023\/01\/SINOTRUK-HOWO-WD615-ENGINE-PARTS-AZ1246030007-Connection-Rod-ASSEMBLY-300x300.png 300w, https:\/\/www.excavatorenginepart.com\/wp-content\/uploads\/2023\/01\/SINOTRUK-HOWO-WD615-ENGINE-PARTS-AZ1246030007-Connection-Rod-ASSEMBLY-150x150.png 150w, https:\/\/www.excavatorenginepart.com\/wp-content\/uploads\/2023\/01\/SINOTRUK-HOWO-WD615-ENGINE-PARTS-AZ1246030007-Connection-Rod-ASSEMBLY.png 600w\" sizes=\"(max-width: 300px) 100vw, 300px\" \/><\/p>\n<p>SINOTRUK HOWO WD615 MOTOROV\u00c9 D\u00cdLY AZ1246030007 MONT\u00c1\u017d spojovac\u00ed ty\u010de<\/p>\n<p><img decoding=\"async\" class=\"alignnone size-medium wp-image-8157\" src=\"https:\/\/www.excavatorenginepart.com\/wp-content\/uploads\/2023\/01\/Sinotruk-HOWO-Truck-Parts-Connecting-Rod-AZ1246030007-300x300.jpg\" alt=\"\" width=\"300\" height=\"300\" srcset=\"https:\/\/www.excavatorenginepart.com\/wp-content\/uploads\/2023\/01\/Sinotruk-HOWO-Truck-Parts-Connecting-Rod-AZ1246030007-300x300.jpg 300w, https:\/\/www.excavatorenginepart.com\/wp-content\/uploads\/2023\/01\/Sinotruk-HOWO-Truck-Parts-Connecting-Rod-AZ1246030007-150x150.jpg 150w, https:\/\/www.excavatorenginepart.com\/wp-content\/uploads\/2023\/01\/Sinotruk-HOWO-Truck-Parts-Connecting-Rod-AZ1246030007.jpg 600w\" sizes=\"(max-width: 300px) 100vw, 300px\" \/><\/p>\n<p><strong>Z\u00e1kladn\u00ed \u00fadaje<\/strong><\/p>\n<p>Rok:2005-<br \/>\nModel: Howo<br \/>\nM\u00edsto p\u016fvodu: Shandong, \u010c\u00edna<br \/>\nN\u00e1zev zna\u010dky: HOWO Truck<br \/>\nMont\u00e1\u017e do vozu:SINOTRUK (CNHTC)<br \/>\n\u010c\u00edslo modelu: HOWO, HOWO<br \/>\nStav:nov\u00fd<br \/>\nOEM: spojovac\u00ed ty\u010d<br \/>\n\u010c\u00edslo d\u00edlu:AZ1246030007<br \/>\nZna\u010dka:Howo\/howo A7<\/p>\n<table border=\"0\" width=\"658\" cellspacing=\"0\" cellpadding=\"0\">\n<tbody>\n<tr>\n<td colspan=\"4\" valign=\"bottom\" width=\"658\">\n<h3 data-spm-anchor-id=\"a2700.details.0.i12.14b11d84YVR3go\">Sinotruck HOWO Spojovac\u00ed ty\u010d AZ1246030007<\/h3>\n<\/td>\n<\/tr>\n<tr>\n<td valign=\"bottom\" width=\"120\">\n<p><strong>Typ:<\/strong><\/p>\n<\/td>\n<td valign=\"bottom\" width=\"157\">Spojovac\u00ed ty\u010d<\/td>\n<td valign=\"bottom\" width=\"141\">\n<p><strong>Pou\u017eit\u00ed:<\/strong><\/p>\n<\/td>\n<td valign=\"bottom\" width=\"239\">\n<p>Sinotruk<\/p>\n<\/td>\n<\/tr>\n<tr>\n<td valign=\"bottom\" width=\"120\">\n<p><strong>Model n\u00e1kladn\u00edho vozidla:<\/strong><\/p>\n<\/td>\n<td valign=\"bottom\" width=\"157\">\n<p>\u00a0HOWO<\/p>\n<\/td>\n<td valign=\"bottom\" width=\"141\">\n<p><strong>Certifikace:<\/strong><\/p>\n<\/td>\n<td valign=\"bottom\" width=\"239\">\n<p><span data-spm-anchor-id=\"a2700.details.0.i13.14b11d84YVR3go\">ISO9001<\/span><\/p>\n<\/td>\n<\/tr>\n<tr>\n<td valign=\"bottom\" width=\"120\">\n<p><strong>\u010c\u00edslo OEM:<\/strong><\/p>\n<\/td>\n<td valign=\"bottom\" width=\"157\">AZ1246030007<\/td>\n<td valign=\"bottom\" width=\"141\">\n<p><strong>Z\u00e1ruka:<\/strong><\/p>\n<\/td>\n<td valign=\"bottom\" width=\"239\">\n<p>6 m\u011bs\u00edc\u016f<\/p>\n<\/td>\n<\/tr>\n<tr>\n<td valign=\"bottom\" width=\"120\">\n<p><strong>N\u00e1zev polo\u017eky:<\/strong><\/p>\n<\/td>\n<td valign=\"bottom\" width=\"157\">D\u00edly motoru Sinotruk<\/td>\n<td valign=\"bottom\" width=\"141\">\n<p><strong>Balen\u00ed:<\/strong><\/p>\n<\/td>\n<td valign=\"bottom\" width=\"239\">\n<p>standard<\/p>\n<\/td>\n<\/tr>\n<tr>\n<td valign=\"bottom\" width=\"120\">\n<p><strong>M\u00edsto p\u016fvodu:<\/strong><\/p>\n<\/td>\n<td valign=\"bottom\" width=\"157\">\n<p>\u0160an-tung, \u010c\u00edna<\/p>\n<\/td>\n<td valign=\"bottom\" width=\"141\">\n<p><strong>MOQ:<\/strong><\/p>\n<\/td>\n<td valign=\"bottom\" width=\"239\">\n<p>1 kus<\/p>\n<\/td>\n<\/tr>\n<tr>\n<td valign=\"bottom\" width=\"120\">\n<p><strong>N\u00e1zev zna\u010dky:\u00a0<\/strong><\/p>\n<\/td>\n<td valign=\"bottom\" width=\"157\">\n<p>sinotruk<\/p>\n<\/td>\n<td valign=\"bottom\" width=\"141\">\n<p><strong>Kvalita:<\/strong><\/p>\n<\/td>\n<td valign=\"bottom\" width=\"239\">\n<p>Origin\u00e1l OEM<\/p>\n<\/td>\n<\/tr>\n<tr>\n<td valign=\"bottom\" width=\"120\">\n<p><strong>P\u0159izp\u016fsobiv\u00fd automobilov\u00fd re\u017eim<\/strong>:<\/p>\n<\/td>\n<td valign=\"bottom\" width=\"157\">\n<p>SINOTRUK<\/p>\n<\/td>\n<td valign=\"bottom\" width=\"141\">\n<p><strong>Platba:<\/strong><\/p>\n<\/td>\n<td valign=\"bottom\" width=\"239\">\n<p>TT, Western Union, L\/C<\/p>\n<\/td>\n<\/tr>\n<\/tbody>\n<\/table>\n<p><strong>Sinotruck Howo Seznam rychle se pohybuj\u00edc\u00edch d\u00edl\u016f\u00a0<\/strong><\/p>\n<p>Pro d\u00edly motor\u016f WD615.47, D10.38-40, D12.42-20, D12.42-40<\/p>\n<p><img decoding=\"async\" class=\"alignnone  wp-image-8160\" src=\"https:\/\/www.excavatorenginepart.com\/wp-content\/uploads\/2023\/01\/WD615.47-Engine-Parts-List-300x176.png\" alt=\"\" width=\"532\" height=\"312\" srcset=\"https:\/\/www.excavatorenginepart.com\/wp-content\/uploads\/2023\/01\/WD615.47-Engine-Parts-List-300x176.png 300w, https:\/\/www.excavatorenginepart.com\/wp-content\/uploads\/2023\/01\/WD615.47-Engine-Parts-List.png 748w\" sizes=\"(max-width: 532px) 100vw, 532px\" \/><\/p>\n<p>D\u00edly n\u00e1prav AC16,HC16,ST16,HF7,HF9\u00a0<\/p>\n<p><img loading=\"lazy\" decoding=\"async\" class=\"alignnone  wp-image-8161\" src=\"https:\/\/www.excavatorenginepart.com\/wp-content\/uploads\/2023\/01\/AC16HC16ST16HF7HF9-Axle-Parts--300x195.png\" alt=\"\" width=\"531\" height=\"345\" srcset=\"https:\/\/www.excavatorenginepart.com\/wp-content\/uploads\/2023\/01\/AC16HC16ST16HF7HF9-Axle-Parts--300x195.png 300w, https:\/\/www.excavatorenginepart.com\/wp-content\/uploads\/2023\/01\/AC16HC16ST16HF7HF9-Axle-Parts-.png 747w\" sizes=\"(max-width: 531px) 100vw, 531px\" \/><\/p>\n<p>HOWO 19710 Howo 19710T N\u00e1hradn\u00ed d\u00edly p\u0159evodovky\u00a0<\/p>\n<p><img loading=\"lazy\" decoding=\"async\" class=\"alignnone  wp-image-8162\" src=\"https:\/\/www.excavatorenginepart.com\/wp-content\/uploads\/2023\/01\/HOWO-19710-Howo-19710T-Transmission-Parts--300x187.png\" alt=\"\" width=\"541\" height=\"337\" srcset=\"https:\/\/www.excavatorenginepart.com\/wp-content\/uploads\/2023\/01\/HOWO-19710-Howo-19710T-Transmission-Parts--300x187.png 300w, https:\/\/www.excavatorenginepart.com\/wp-content\/uploads\/2023\/01\/HOWO-19710-Howo-19710T-Transmission-Parts-.png 747w\" sizes=\"(max-width: 541px) 100vw, 541px\" \/><\/p>\n<p>Sinotruck Howo Karos\u00e1\u0159sk\u00e9 d\u00edly\u00a0<\/p>\n<p><img loading=\"lazy\" decoding=\"async\" class=\"alignnone  wp-image-8163\" src=\"https:\/\/www.excavatorenginepart.com\/wp-content\/uploads\/2023\/01\/Sinotruck-Howo-Body-Parts--300x203.png\" alt=\"\" width=\"532\" height=\"360\" srcset=\"https:\/\/www.excavatorenginepart.com\/wp-content\/uploads\/2023\/01\/Sinotruck-Howo-Body-Parts--300x203.png 300w, https:\/\/www.excavatorenginepart.com\/wp-content\/uploads\/2023\/01\/Sinotruck-Howo-Body-Parts-.png 745w\" sizes=\"(max-width: 532px) 100vw, 532px\" \/><\/p>\n<p>Dal\u0161\u00ed d\u00edly pro n\u00e1kladn\u00ed automobily Sinotruk HOWO , kontaktujte n\u00e1s\u00a0<\/p>\n<p><span style=\"color: #ff0000;\"><strong>WhatsApp, Wechat : 0086 15553722299\u00a0<\/strong><\/span><\/p>\n<p>&nbsp;<\/p>\n<p>&nbsp;<\/p>\n<p>&nbsp;<\/p>\n<p>&nbsp;<\/p>\n<p>&nbsp;<\/p>\n<p>&nbsp;<\/p>\n<p>&nbsp;<\/p>\n<p>&nbsp;<\/p>\n<p>&nbsp;<\/p>","protected":false},"excerpt":{"rendered":"<p>Sinotruk HOWO Truck Parts Connecting Rod AZ1246030007 Connecting Rod Assembly OE AZ1246030007 for Sinotruk engine SINOTRUK HOWO WD615 ENGINE PARTS AZ1246030007 Connection Rod ASSEMBLY Essential details Year:2005- Model:Howo Place of Origin:Shandong, China Brand Name:HOWO Truck Car Fitment:SINOTRUK (CNHTC) Model Number:HOWO, HOWO Condition:new OEM:Connecting Rod Parts Number:AZ1246030007 Brand:Howo\/howo A7 Sinotruck HOWO Connecting Rod AZ1246030007 Type: Connecting [&hellip;]<\/p>","protected":false},"featured_media":8157,"menu_order":0,"comment_status":"closed","ping_status":"closed","template":"","meta":{"_seopress_robots_primary_cat":"","_seopress_titles_title":"","_seopress_titles_desc":"","_seopress_robots_index":"","om_disable_all_campaigns":false,"_mi_skip_tracking":false,"_monsterinsights_sitenote_active":false,"_monsterinsights_sitenote_note":"","_monsterinsights_sitenote_category":0},"product_cat":[],"product_tag":[],"product_category":[145],"class_list":{"0":"post-8155","1":"product","2":"type-product","3":"status-publish","4":"has-post-thumbnail","6":"product_category-sinotruck-engine-parts","8":"first","9":"instock","10":"shipping-taxable","11":"product-type-simple"},"acf":[],"_links":{"self":[{"href":"https:\/\/www.excavatorenginepart.com\/cs\/wp-json\/wp\/v2\/product\/8155","targetHints":{"allow":["GET"]}}],"collection":[{"href":"https:\/\/www.excavatorenginepart.com\/cs\/wp-json\/wp\/v2\/product"}],"about":[{"href":"https:\/\/www.excavatorenginepart.com\/cs\/wp-json\/wp\/v2\/types\/product"}],"replies":[{"embeddable":true,"href":"https:\/\/www.excavatorenginepart.com\/cs\/wp-json\/wp\/v2\/comments?post=8155"}],"wp:featuredmedia":[{"embeddable":true,"href":"https:\/\/www.excavatorenginepart.com\/cs\/wp-json\/wp\/v2\/media\/8157"}],"wp:attachment":[{"href":"https:\/\/www.excavatorenginepart.com\/cs\/wp-json\/wp\/v2\/media?parent=8155"}],"wp:term":[{"taxonomy":"product_cat","embeddable":true,"href":"https:\/\/www.excavatorenginepart.com\/cs\/wp-json\/wp\/v2\/product_cat?post=8155"},{"taxonomy":"product_tag","embeddable":true,"href":"https:\/\/www.excavatorenginepart.com\/cs\/wp-json\/wp\/v2\/product_tag?post=8155"},{"taxonomy":"product_category","embeddable":true,"href":"https:\/\/www.excavatorenginepart.com\/cs\/wp-json\/wp\/v2\/product_category?post=8155"}],"curies":[{"name":"wp","href":"https:\/\/api.w.org\/{rel}","templated":true}]}}