{"id":8018,"date":"2023-01-07T14:32:54","date_gmt":"2023-01-07T14:32:54","guid":{"rendered":"https:\/\/www.excavatorenginepart.com\/?post_type=product&#038;p=8018"},"modified":"2023-01-07T14:37:34","modified_gmt":"2023-01-07T14:37:34","slug":"shutoff-solenoid-valve-12v-for-kubota-engine-1e137-60012","status":"publish","type":"product","link":"https:\/\/www.excavatorenginepart.com\/cs\/product\/shutoff-solenoid-valve-12v-for-kubota-engine-1e137-60012\/","title":{"rendered":"Uzav\u00edrac\u00ed elektromagnetick\u00fd ventil 12V pro motor Kubota 1E137-60012"},"content":{"rendered":"<p><strong>Uzav\u00edrac\u00ed elektromagnetick\u00fd ventil 12V pro motor Kubota 1E137-60012<\/strong><\/p>\n<p><img fetchpriority=\"high\" decoding=\"async\" class=\"alignnone size-medium wp-image-8023\" src=\"https:\/\/www.excavatorenginepart.com\/wp-content\/uploads\/2023\/01\/Shutoff-Solenoid-Valve-12V-For-Kubota-Engine-1E137-60012-300x300.jpg\" alt=\"\" width=\"300\" height=\"300\" srcset=\"https:\/\/www.excavatorenginepart.com\/wp-content\/uploads\/2023\/01\/Shutoff-Solenoid-Valve-12V-For-Kubota-Engine-1E137-60012-300x300.jpg 300w, https:\/\/www.excavatorenginepart.com\/wp-content\/uploads\/2023\/01\/Shutoff-Solenoid-Valve-12V-For-Kubota-Engine-1E137-60012-150x150.jpg 150w, https:\/\/www.excavatorenginepart.com\/wp-content\/uploads\/2023\/01\/Shutoff-Solenoid-Valve-12V-For-Kubota-Engine-1E137-60012.jpg 600w\" sizes=\"(max-width: 300px) 100vw, 300px\" \/><\/p>\n<p>N\u00e1hrada 1E137-60012 Stop Solenoid 12V pro vzn\u011btov\u00fd motor Kubota V1505<\/p>\n<p><img decoding=\"async\" class=\"alignnone size-medium wp-image-8022\" src=\"https:\/\/www.excavatorenginepart.com\/wp-content\/uploads\/2023\/01\/Replacement-1E137-60012-Stop-Solenoid-12V-for-Kubota-V1505-Diesel-Engine-300x300.jpg\" alt=\"\" width=\"300\" height=\"300\" srcset=\"https:\/\/www.excavatorenginepart.com\/wp-content\/uploads\/2023\/01\/Replacement-1E137-60012-Stop-Solenoid-12V-for-Kubota-V1505-Diesel-Engine-300x300.jpg 300w, https:\/\/www.excavatorenginepart.com\/wp-content\/uploads\/2023\/01\/Replacement-1E137-60012-Stop-Solenoid-12V-for-Kubota-V1505-Diesel-Engine-150x150.jpg 150w, https:\/\/www.excavatorenginepart.com\/wp-content\/uploads\/2023\/01\/Replacement-1E137-60012-Stop-Solenoid-12V-for-Kubota-V1505-Diesel-Engine.jpg 600w\" sizes=\"(max-width: 300px) 100vw, 300px\" \/><\/p>\n<p>Soleniodov\u00fd ventil motoru Kubota 1E137-60012<\/p>\n<p><img decoding=\"async\" class=\"alignnone size-medium wp-image-8021\" src=\"https:\/\/www.excavatorenginepart.com\/wp-content\/uploads\/2023\/01\/Kubota-Engine-Soleniod-Valve-1E137-60012-300x300.jpg\" alt=\"\" width=\"300\" height=\"300\" srcset=\"https:\/\/www.excavatorenginepart.com\/wp-content\/uploads\/2023\/01\/Kubota-Engine-Soleniod-Valve-1E137-60012-300x300.jpg 300w, https:\/\/www.excavatorenginepart.com\/wp-content\/uploads\/2023\/01\/Kubota-Engine-Soleniod-Valve-1E137-60012-150x150.jpg 150w, https:\/\/www.excavatorenginepart.com\/wp-content\/uploads\/2023\/01\/Kubota-Engine-Soleniod-Valve-1E137-60012.jpg 600w\" sizes=\"(max-width: 300px) 100vw, 300px\" \/><\/p>\n<p>Elektromagnetick\u00fd ventil pro rypadla V3800 V3300 elektromagnetick\u00fd ventil<\/p>\n<p><img loading=\"lazy\" decoding=\"async\" class=\"alignnone size-medium wp-image-8020\" src=\"https:\/\/www.excavatorenginepart.com\/wp-content\/uploads\/2023\/01\/Excavator-parts-solenoid-valve-V3800-V3300-solenoid-valve-300x300.jpg\" alt=\"\" width=\"300\" height=\"300\" srcset=\"https:\/\/www.excavatorenginepart.com\/wp-content\/uploads\/2023\/01\/Excavator-parts-solenoid-valve-V3800-V3300-solenoid-valve-300x300.jpg 300w, https:\/\/www.excavatorenginepart.com\/wp-content\/uploads\/2023\/01\/Excavator-parts-solenoid-valve-V3800-V3300-solenoid-valve-150x150.jpg 150w, https:\/\/www.excavatorenginepart.com\/wp-content\/uploads\/2023\/01\/Excavator-parts-solenoid-valve-V3800-V3300-solenoid-valve.jpg 600w\" sizes=\"(max-width: 300px) 100vw, 300px\" \/><\/p>\n<p>1E137-60012 Elektromagnetick\u00fd doraz 12V pro Kubota V1505 D1105 D1005 D905<\/p>\n<p><img loading=\"lazy\" decoding=\"async\" class=\"alignnone size-medium wp-image-8019\" src=\"https:\/\/www.excavatorenginepart.com\/wp-content\/uploads\/2023\/01\/1E137-60012-Stop-Solenoid-12V-for-Kubota-V1505-D1105-D1005-D905-300x300.jpg\" alt=\"\" width=\"300\" height=\"300\" srcset=\"https:\/\/www.excavatorenginepart.com\/wp-content\/uploads\/2023\/01\/1E137-60012-Stop-Solenoid-12V-for-Kubota-V1505-D1105-D1005-D905-300x300.jpg 300w, https:\/\/www.excavatorenginepart.com\/wp-content\/uploads\/2023\/01\/1E137-60012-Stop-Solenoid-12V-for-Kubota-V1505-D1105-D1005-D905-150x150.jpg 150w, https:\/\/www.excavatorenginepart.com\/wp-content\/uploads\/2023\/01\/1E137-60012-Stop-Solenoid-12V-for-Kubota-V1505-D1105-D1005-D905.jpg 600w\" sizes=\"(max-width: 300px) 100vw, 300px\" \/><\/p>\n<p><strong>Z\u00e1kladn\u00ed \u00fadaje<\/strong><\/p>\n<p>Stav:Nov\u00fd<br \/>\nZ\u00e1ruka: 90 dn\u00ed<br \/>\nPou\u017eiteln\u00e1 odv\u011btv\u00ed: Hotely, obchody se stavebn\u00edm materi\u00e1lem, v\u00fdrobn\u00ed z\u00e1vody, opravny stroj\u016f, potravin\u00e1\u0159sk\u00e9 a n\u00e1pojov\u00e9 z\u00e1vody, farmy, maloobchod, stavebn\u00ed pr\u00e1ce, energetika a t\u011b\u017eba.<br \/>\nUm\u00edst\u011bn\u00ed showroomu: Spojen\u00e9 st\u00e1ty<br \/>\nTyp marketingu: Oby\u010dejn\u00fd produkt<br \/>\nM\u00edsto p\u016fvodu: Vyrobeno v \u010c\u00edn\u011b<br \/>\nN\u00e1zev zna\u010dky: Kubota\u00a0<br \/>\nTyp motoru:Diesel, Diesel Enigne<br \/>\nTyp: solenoid<br \/>\nModel motoru: V1505<br \/>\nN\u00e1zev produktu: N\u00e1hradn\u00ed elektromagnetick\u00fd doraz 1E137-60012 12V<br \/>\nPou\u017eit\u00ed:Dieselov\u00fd motor Kubota V1505 Bobcat 425<br \/>\nDoba dod\u00e1n\u00ed: 3-7 dn\u00ed<br \/>\nMOQ: 1 ks<br \/>\nKvalita: 100% Testov\u00e1no<br \/>\nBalen\u00ed: Netural box balen\u00ed<br \/>\nHmotnost: 0,5 kg<br \/>\n\u010c\u00edslo d\u00edlu:1E137-60012<br \/>\nVelikost jednoho balen\u00ed: 15X5X5 cm<br \/>\nJednotliv\u00e1 celkov\u00e1 hmotnost: 1 000 kg<\/p>\n<p><strong>Solenoid pro Kubota V1505 D1105 D1005 D905<\/strong><\/p>\n<table class=\"all magic-6\">\n<tbody>\n<tr>\n<td colspan=\"1\" rowspan=\"1\">\n<div class=\"magic-10\"><b><i><span style=\"font-size: medium;\" data-spm-anchor-id=\"a2700.details.0.i8.26454e929XogCU\">Motor<\/span><\/i><\/b><\/div>\n<\/td>\n<td colspan=\"1\" rowspan=\"1\">\n<div class=\"magic-10\">Dieselov\u00fd motor<\/div>\n<\/td>\n<td colspan=\"1\" rowspan=\"1\">\n<div class=\"magic-10\"><b><i><span style=\"font-size: medium;\">Zem\u011b p\u016fvodu<\/span><\/i><\/b><\/div>\n<\/td>\n<td colspan=\"1\" rowspan=\"1\">\n<div class=\"magic-10\">\u010c\u00edna<\/div>\n<\/td>\n<\/tr>\n<tr>\n<td colspan=\"1\" rowspan=\"1\">\n<div class=\"magic-10\"><i><b><span style=\"font-size: medium;\">D\u00edl \u010d.<\/span><\/b><\/i><\/div>\n<\/td>\n<td colspan=\"1\" rowspan=\"1\">\n<div class=\"magic-10\">1E137-60012<\/div>\n<\/td>\n<td colspan=\"1\" rowspan=\"1\">\n<div class=\"magic-10\"><b><i><span style=\"font-size: medium;\">Aplikace<\/span><\/i><\/b><\/div>\n<\/td>\n<td colspan=\"1\" rowspan=\"1\">\n<div class=\"magic-10\">\u00a0Pro Kubota V1505 D1105 D1005 D905<\/div>\n<\/td>\n<\/tr>\n<tr>\n<td colspan=\"1\" rowspan=\"1\">\n<div class=\"magic-10\"><span style=\"font-size: medium;\"><b><i>Bal\u00ed\u010dek<\/i><\/b><\/span><\/div>\n<\/td>\n<td colspan=\"1\" rowspan=\"1\">\n<div class=\"magic-10\">Neutr\u00e1ln\u00ed<\/div>\n<\/td>\n<td colspan=\"1\" rowspan=\"1\">\n<div class=\"magic-10\"><span style=\"font-size: medium;\"><b><i>Nap\u011bt\u00ed<\/i><\/b><\/span><\/div>\n<\/td>\n<td colspan=\"1\" rowspan=\"1\">\n<div class=\"magic-10\">12V, lze tak\u00e9 vyrobit 24V<\/div>\n<\/td>\n<\/tr>\n<tr>\n<td colspan=\"1\" rowspan=\"1\">\n<div class=\"magic-10\"><span style=\"font-size: medium;\"><b><i>MOQ:<\/i><\/b><\/span><\/div>\n<\/td>\n<td colspan=\"1\" rowspan=\"1\">\n<div class=\"magic-10\">10<\/div>\n<\/td>\n<td colspan=\"1\" rowspan=\"1\">\n<div class=\"magic-10\"><i><b><span style=\"font-size: medium;\">N\u00e1zev zna\u010dky<\/span><\/b><\/i><\/div>\n<\/td>\n<td colspan=\"1\" rowspan=\"1\">\n<div class=\"magic-10\">Aixin<\/div>\n<\/td>\n<\/tr>\n<\/tbody>\n<\/table>\n<p>Dal\u0161\u00ed n\u00e1hradn\u00ed d\u00edly pro motory Kubota\u00a0<\/p>\n<p><span style=\"color: #ff0000;\"><strong>WhatsApp, Wechat : 0086 15553722299\u00a0<\/strong><\/span><\/p>\n<p>&nbsp;<\/p>","protected":false},"excerpt":{"rendered":"<p>Shutoff Solenoid Valve 12V For Kubota Engine 1E137-60012 Replacement 1E137-60012 Stop Solenoid 12V for Kubota V1505 Diesel Engine Kubota Engine Soleniod Valve 1E137-60012 Excavator parts solenoid valve V3800 V3300 solenoid valve 1E137-60012 Stop Solenoid 12V for Kubota V1505 D1105 D1005 D905 Essential details Condition:New Warranty:90 Days Applicable Industries:Hotels, Building Material Shops, Manufacturing Plant, Machinery Repair [&hellip;]<\/p>","protected":false},"featured_media":8023,"menu_order":0,"comment_status":"closed","ping_status":"closed","template":"","meta":{"_seopress_robots_primary_cat":"","_seopress_titles_title":"","_seopress_titles_desc":"","_seopress_robots_index":"","om_disable_all_campaigns":false,"_mi_skip_tracking":false,"_monsterinsights_sitenote_active":false,"_monsterinsights_sitenote_note":"","_monsterinsights_sitenote_category":0},"product_cat":[],"product_tag":[],"product_category":[117],"class_list":{"0":"post-8018","1":"product","2":"type-product","3":"status-publish","4":"has-post-thumbnail","6":"product_category-kubota-engine-part","8":"first","9":"instock","10":"shipping-taxable","11":"product-type-simple"},"acf":[],"_links":{"self":[{"href":"https:\/\/www.excavatorenginepart.com\/cs\/wp-json\/wp\/v2\/product\/8018","targetHints":{"allow":["GET"]}}],"collection":[{"href":"https:\/\/www.excavatorenginepart.com\/cs\/wp-json\/wp\/v2\/product"}],"about":[{"href":"https:\/\/www.excavatorenginepart.com\/cs\/wp-json\/wp\/v2\/types\/product"}],"replies":[{"embeddable":true,"href":"https:\/\/www.excavatorenginepart.com\/cs\/wp-json\/wp\/v2\/comments?post=8018"}],"wp:featuredmedia":[{"embeddable":true,"href":"https:\/\/www.excavatorenginepart.com\/cs\/wp-json\/wp\/v2\/media\/8023"}],"wp:attachment":[{"href":"https:\/\/www.excavatorenginepart.com\/cs\/wp-json\/wp\/v2\/media?parent=8018"}],"wp:term":[{"taxonomy":"product_cat","embeddable":true,"href":"https:\/\/www.excavatorenginepart.com\/cs\/wp-json\/wp\/v2\/product_cat?post=8018"},{"taxonomy":"product_tag","embeddable":true,"href":"https:\/\/www.excavatorenginepart.com\/cs\/wp-json\/wp\/v2\/product_tag?post=8018"},{"taxonomy":"product_category","embeddable":true,"href":"https:\/\/www.excavatorenginepart.com\/cs\/wp-json\/wp\/v2\/product_category?post=8018"}],"curies":[{"name":"wp","href":"https:\/\/api.w.org\/{rel}","templated":true}]}}