{"id":7730,"date":"2022-12-16T11:57:32","date_gmt":"2022-12-16T11:57:32","guid":{"rendered":"https:\/\/www.excavatorenginepart.com\/?post_type=product&#038;p=7730"},"modified":"2022-12-16T11:59:20","modified_gmt":"2022-12-16T11:59:20","slug":"kubota-v2003-v2203-v2403-engine-stop-solenoid-12v-24v-1a021-60017","status":"publish","type":"product","link":"https:\/\/www.excavatorenginepart.com\/cs\/product\/kubota-v2003-v2203-v2403-engine-stop-solenoid-12v-24v-1a021-60017\/","title":{"rendered":"Kubota V2003 V2203 V2403 Elektromagnetick\u00e9 zastaven\u00ed motoru 12V 24V 1A021-60017"},"content":{"rendered":"<p><strong>Kubota V2003 V2203 V2403 Elektromagnetick\u00e9 zastaven\u00ed motoru 12V 24V 1A021-60017<\/strong><\/p>\n<p><img fetchpriority=\"high\" decoding=\"async\" class=\"alignnone size-medium wp-image-7732\" src=\"https:\/\/www.excavatorenginepart.com\/wp-content\/uploads\/2022\/12\/Kubota-V2003-V2203-V2403-Engine-Stop-Solenoid-12V-24V-1A021-60017-300x300.jpg\" alt=\"\" width=\"300\" height=\"300\" srcset=\"https:\/\/www.excavatorenginepart.com\/wp-content\/uploads\/2022\/12\/Kubota-V2003-V2203-V2403-Engine-Stop-Solenoid-12V-24V-1A021-60017-300x300.jpg 300w, https:\/\/www.excavatorenginepart.com\/wp-content\/uploads\/2022\/12\/Kubota-V2003-V2203-V2403-Engine-Stop-Solenoid-12V-24V-1A021-60017-150x150.jpg 150w, https:\/\/www.excavatorenginepart.com\/wp-content\/uploads\/2022\/12\/Kubota-V2003-V2203-V2403-Engine-Stop-Solenoid-12V-24V-1A021-60017.jpg 600w\" sizes=\"(max-width: 300px) 100vw, 300px\" \/><\/p>\n<p>D\u00edly stroj\u016f a za\u0159\u00edzen\u00ed V2203 stop solenoid 12v 1A021-60017 pro kubotu<\/p>\n<p><img decoding=\"async\" class=\"alignnone size-medium wp-image-7733\" src=\"https:\/\/www.excavatorenginepart.com\/wp-content\/uploads\/2022\/12\/Machinery-engine-parts-V2203-stop-solenoid-12v-1A021-60017-for-kubota-300x300.jpg\" alt=\"\" width=\"300\" height=\"300\" srcset=\"https:\/\/www.excavatorenginepart.com\/wp-content\/uploads\/2022\/12\/Machinery-engine-parts-V2203-stop-solenoid-12v-1A021-60017-for-kubota-300x300.jpg 300w, https:\/\/www.excavatorenginepart.com\/wp-content\/uploads\/2022\/12\/Machinery-engine-parts-V2203-stop-solenoid-12v-1A021-60017-for-kubota-150x150.jpg 150w, https:\/\/www.excavatorenginepart.com\/wp-content\/uploads\/2022\/12\/Machinery-engine-parts-V2203-stop-solenoid-12v-1A021-60017-for-kubota.jpg 600w\" sizes=\"(max-width: 300px) 100vw, 300px\" \/><\/p>\n<p>Elektromagnetick\u00fd uz\u00e1v\u011br paliva 12V pro Kubotu<\/p>\n<p><img decoding=\"async\" class=\"alignnone size-medium wp-image-7734\" src=\"https:\/\/www.excavatorenginepart.com\/wp-content\/uploads\/2022\/12\/Stop-Solenoid-12V-Fuel-shutoff-Solenoid-for-Kubota-300x300.jpg\" alt=\"\" width=\"300\" height=\"300\" srcset=\"https:\/\/www.excavatorenginepart.com\/wp-content\/uploads\/2022\/12\/Stop-Solenoid-12V-Fuel-shutoff-Solenoid-for-Kubota-300x300.jpg 300w, https:\/\/www.excavatorenginepart.com\/wp-content\/uploads\/2022\/12\/Stop-Solenoid-12V-Fuel-shutoff-Solenoid-for-Kubota-150x150.jpg 150w, https:\/\/www.excavatorenginepart.com\/wp-content\/uploads\/2022\/12\/Stop-Solenoid-12V-Fuel-shutoff-Solenoid-for-Kubota.jpg 600w\" sizes=\"(max-width: 300px) 100vw, 300px\" \/><\/p>\n<p>12V elektromagnetick\u00fd ventil pro zastaven\u00ed paliva dieselov\u00e9ho motoru 1A021-60015 1A02160013 1A021-60016 1A021-60017 pro rypadla<\/p>\n<p><img loading=\"lazy\" decoding=\"async\" class=\"alignnone size-medium wp-image-7731\" src=\"https:\/\/www.excavatorenginepart.com\/wp-content\/uploads\/2022\/12\/12v-Diesel-Engine-Fuel-Stop-Solenoid-1A021-60015-1A02160013-1A021-60016-1A021-60017-for-Excavator-300x300.jpg\" alt=\"\" width=\"300\" height=\"300\" srcset=\"https:\/\/www.excavatorenginepart.com\/wp-content\/uploads\/2022\/12\/12v-Diesel-Engine-Fuel-Stop-Solenoid-1A021-60015-1A02160013-1A021-60016-1A021-60017-for-Excavator-300x300.jpg 300w, https:\/\/www.excavatorenginepart.com\/wp-content\/uploads\/2022\/12\/12v-Diesel-Engine-Fuel-Stop-Solenoid-1A021-60015-1A02160013-1A021-60016-1A021-60017-for-Excavator-150x150.jpg 150w, https:\/\/www.excavatorenginepart.com\/wp-content\/uploads\/2022\/12\/12v-Diesel-Engine-Fuel-Stop-Solenoid-1A021-60015-1A02160013-1A021-60016-1A021-60017-for-Excavator.jpg 600w\" sizes=\"(max-width: 300px) 100vw, 300px\" \/><\/p>\n<p><strong>Z\u00e1kladn\u00ed \u00fadaje<\/strong><\/p>\n<p>Stav:Nov\u00fd,Origin\u00e1ln\u00ed,P\u016fvodn\u00ed,Dodate\u010dn\u00fd trh,OEM\u00a0<br \/>\nPou\u017eiteln\u00e1 odv\u011btv\u00ed: opravny stroj\u016f, v\u00fdrobn\u00ed z\u00e1vody, farmy, maloobchod, rypadla Kubota<br \/>\nVideo v\u00fdstupn\u00ed inspekce:Poskytnuto<br \/>\nM\u00edsto p\u016fvodu: \u010c\u00edna<br \/>\nN\u00e1zev zna\u010dky: Kubota\u00a0<br \/>\nZ\u00e1ruka: 3 m\u011bs\u00edce<br \/>\nN\u00e1zev polo\u017eky: Stop solenoid, uzav\u00edrac\u00ed ventil\u00a0<br \/>\nTyp motoru:Diesel<br \/>\nModel motoru: V2003 V2203 V2403,V3800T<br \/>\n\u010c\u00edslo d\u00edlu:1A021-60017, 1A021-60015, 1A021-60016, 1A021-60010, 1A021-60013<br \/>\nNap\u011bt\u00ed: 12V, 24V V\u0161echny dostupn\u00e9\u00a0<br \/>\nVelikost: Standardn\u00ed<br \/>\nKvalita: vysok\u00e1 kvalita<br \/>\nPou\u017eit\u00ed: D\u00edly motor\u016f, minirypadla a gener\u00e1tory Kubota Diesel\u00a0<br \/>\nBalen\u00ed: pap\u00edrov\u00e1 krabice<\/p>\n<p><strong>Balen\u00ed a dod\u00e1n\u00ed<\/strong><br \/>\nProdejn\u00ed jednotky:Jednotliv\u00e9 polo\u017eky<br \/>\nVelikost jednoho balen\u00ed: 10X8X6 cm<br \/>\nJednotliv\u00e1 celkov\u00e1 hmotnost: 1 000 kg<br \/>\nTyp balen\u00ed: Karton<\/p>\n<p><strong>Funkce elektromagnetick\u00e9 c\u00edvky Stop<\/strong><\/p>\n<p>1. Vysoce kvalitn\u00ed solenoid V2003, V2203, V2403 1A021-60017.<br \/>\n2. P\u0159ed odesl\u00e1n\u00edm po\u0161lete vzorek ke kontrole.<br \/>\n3. Dal\u0161\u00ed modely: V2203, V2403, V3300, V3307, V2607, V1505, V3800, V1702, V1305, D1105, D1703, D1005, D950, D905, D750, D722 apod.<\/p>\n<table class=\"has-title hight-light-first-column all magic-13\">\n<tbody>\n<tr>\n<td colspan=\"1\" rowspan=\"1\">\n<div class=\"magic-14\">\n<div class=\"magic-10\" data-spm-anchor-id=\"a2700.pc-decorate.0.i63.59613333U9vLXq\"><b>N\u00e1zev produktu<\/b><\/div>\n<\/div>\n<\/td>\n<td colspan=\"1\" rowspan=\"1\">\n<div class=\"magic-15\">\n<div class=\"magic-10\" data-spm-anchor-id=\"a2700.pc-decorate.0.i68.59613333U9vLXq\">Zastavovac\u00ed elektromagnet<\/div>\n<\/div>\n<\/td>\n<td colspan=\"1\" rowspan=\"1\">\n<div class=\"magic-16\">\n<div class=\"magic-10\" data-spm-anchor-id=\"a2700.pc-decorate.0.i65.59613333U9vLXq\"><b>Model motoru<\/b><\/div>\n<\/div>\n<\/td>\n<td colspan=\"1\" rowspan=\"1\">\n<div class=\"magic-17\">\n<div class=\"magic-10\" data-spm-anchor-id=\"a2700.pc-decorate.0.i8.6a1f3333hrfyt2\">V2003, V2203, V2403,V3800T<\/div>\n<\/div>\n<\/td>\n<\/tr>\n<tr>\n<td colspan=\"1\" rowspan=\"1\">\n<div class=\"magic-14\">\n<div class=\"magic-10\"><b>Kvalita<\/b><\/div>\n<\/div>\n<\/td>\n<td colspan=\"1\" rowspan=\"1\">\n<div class=\"magic-15\">\n<div class=\"magic-10\" data-spm-anchor-id=\"a2700.pc-decorate.0.i69.59613333U9vLXq\">Vysok\u00e1 kvalita<\/div>\n<\/div>\n<\/td>\n<td colspan=\"1\" rowspan=\"1\">\n<div class=\"magic-16\">\n<div class=\"magic-10\" data-spm-anchor-id=\"a2700.pc-decorate.0.i87.59613333U9vLXq\"><b>Aplikace<\/b><\/div>\n<\/div>\n<\/td>\n<td colspan=\"1\" rowspan=\"1\">\n<div class=\"magic-17\">\n<div class=\"magic-10\" data-spm-anchor-id=\"a2700.pc-decorate.0.i84.59613333U9vLXq\">Traktor, n\u00e1kladn\u00ed automobil, vysokozdvi\u017en\u00fd voz\u00edk,\u00a0\u00a0<br \/>\nBagr, smykem \u0159\u00edzen\u00fd naklada\u010d<\/div>\n<\/div>\n<\/td>\n<\/tr>\n<tr>\n<td colspan=\"1\" rowspan=\"1\">\n<div class=\"magic-14\">\n<div class=\"magic-10\"><b>Velikost<\/b><\/div>\n<\/div>\n<\/td>\n<td colspan=\"1\" rowspan=\"1\">\n<div class=\"magic-15\">\n<div class=\"magic-10\" data-spm-anchor-id=\"a2700.pc-decorate.0.i74.59613333U9vLXq\">Standardn\u00ed<\/div>\n<\/div>\n<\/td>\n<td colspan=\"1\" rowspan=\"1\">\n<div class=\"magic-16\">\n<div class=\"magic-10\" data-spm-anchor-id=\"a2700.pc-decorate.0.i85.59613333U9vLXq\"><b>\u010c\u00edslo d\u00edlu<\/b><\/div>\n<\/div>\n<\/td>\n<td colspan=\"1\" rowspan=\"1\">\n<div class=\"magic-17\">\n<div class=\"magic-10\" data-spm-anchor-id=\"a2700.pc-decorate.0.i89.59613333U9vLXq\">1A021-60017<\/div>\n<div class=\"magic-10\" data-spm-anchor-id=\"a2700.pc-decorate.0.i89.59613333U9vLXq\">1A021-60015\u00a0<\/div>\n<div class=\"magic-10\" data-spm-anchor-id=\"a2700.pc-decorate.0.i89.59613333U9vLXq\">1A021-60016\u00a0<\/div>\n<div class=\"magic-10\" data-spm-anchor-id=\"a2700.pc-decorate.0.i89.59613333U9vLXq\">1A021-60010\u00a0<\/div>\n<div class=\"magic-10\" data-spm-anchor-id=\"a2700.pc-decorate.0.i89.59613333U9vLXq\">1A021-60013<\/div>\n<\/div>\n<\/td>\n<\/tr>\n<tr>\n<td colspan=\"1\" rowspan=\"1\">\n<div class=\"magic-14\">\n<div class=\"magic-10\"><b>Nap\u011bt\u00ed<\/b><\/div>\n<\/div>\n<\/td>\n<td colspan=\"1\" rowspan=\"1\">\n<div class=\"magic-15\">\n<div class=\"magic-10\" data-spm-anchor-id=\"a2700.pc-decorate.0.i76.59613333U9vLXq\">12V,24V<\/div>\n<\/div>\n<\/td>\n<td colspan=\"1\" rowspan=\"1\">\n<div class=\"magic-16\">\n<div class=\"magic-10\"><b>Z\u00e1ruka<\/b><\/div>\n<\/div>\n<\/td>\n<td colspan=\"1\" rowspan=\"1\">\n<div class=\"magic-17\">\n<div class=\"magic-10\" data-spm-anchor-id=\"a2700.pc-decorate.0.i3.3cbd3333Cqb6g1\">3 m\u011bs\u00edce<\/div>\n<\/div>\n<\/td>\n<\/tr>\n<tr>\n<td colspan=\"1\" rowspan=\"1\">\n<div class=\"magic-14\">\n<div class=\"magic-10\"><b>Stav<\/b><\/div>\n<\/div>\n<\/td>\n<td colspan=\"1\" rowspan=\"1\">\n<div class=\"magic-15\">\n<div class=\"magic-10\" data-spm-anchor-id=\"a2700.pc-decorate.0.i9.6a1f3333hrfyt2\">Nov\u00e9, OEM<\/div>\n<\/div>\n<\/td>\n<td colspan=\"1\" rowspan=\"1\">\n<div class=\"magic-16\">\n<div class=\"magic-10\"><b>MOQ<\/b><\/div>\n<\/div>\n<\/td>\n<td colspan=\"1\" rowspan=\"1\">\n<div class=\"magic-17\">\n<div class=\"magic-10\" data-spm-anchor-id=\"a2700.pc-decorate.0.i83.59613333U9vLXq\">10KS<\/div>\n<\/div>\n<\/td>\n<\/tr>\n<\/tbody>\n<\/table>\n<p><strong>Kubota Soleniod Seznam\u00a0<\/strong><\/p>\n<ul>\n<li class=\"on\">\u010c\u00edslo d\u00edlu:1503ES-12A5UC9S<br \/>\nRef.No.:SA-4561-T,25-15230-01<\/li>\n<li class=\"on\">\u010c\u00edslo d\u00edlu:1503ES-12A5UC5S<br \/>\nRef.No.:17454-60010,SA-4569-T<\/li>\n<li class=\"on\">Part No.:25-38109-05Z,25-38109-05S<br \/>\nRef.\u010d: SA-5019,SA-5157,SA-4668-S<\/li>\n<li class=\"on\">\u010c\u00edslo d\u00edlu:1751-12A6U1B1S5<br \/>\nRef.\u010d.:SA-4259-12<br \/>\n\u010c\u00edslo d\u00edlu:1751-24A6U1B1S5<br \/>\nRef.\u010d.:SA-4259-24<\/li>\n<li class=\"on\">\u010c\u00edslo d\u00edlu:1G925-60011<br \/>\nRef.No.:1503ES-12A5UC4S<br \/>\nRef.No.:1503ES-24A5UC4S<\/li>\n<li class=\"on\">\u010c\u00edslo d\u00edlu:17208-60015<br \/>\n\u010c\u00edslo d\u00edlu:1C010-60015<br \/>\nPart No.:1A021-60010,1A021-60013,1A021-60015<\/li>\n<li>\u010c\u00edslo d\u00edlu:15471-60010<br \/>\nRef.No.:Denso:052600-1001<\/li>\n<li>\u010c\u00edslo d\u00edlu:16851-60014<br \/>\nRef.\u010d: Denso:052600-4531<\/li>\n<li>\u010c\u00edslo d\u00edlu:1G772-60012<\/li>\n<li>\u010c\u00edslo d\u00edlu:17490-60010<br \/>\nRef.\u010d.:SA-4310-12<\/li>\n<li>\u010c\u00edslo d\u00edlu:1A084-60012<\/li>\n<\/ul>\n<p>V\u00edce informac\u00ed, kontaktujte n\u00e1s\u00a0<\/p>\n<p><span style=\"color: #ff0000;\"><strong>WhatsApp, Wechat : 0086 15553722299\u00a0<\/strong><\/span><\/p>","protected":false},"excerpt":{"rendered":"<p>Kubota V2003 V2203 V2403 Engine Stop Solenoid 12V 24V 1A021-60017 Machinery engine parts V2203 stop solenoid 12v 1A021-60017 for kubota Stop Solenoid 12V Fuel shutoff Solenoid for Kubota 12v Diesel Engine Fuel Stop Solenoid 1A021-60015 1A02160013 1A021-60016 1A021-60017 for Excavator Essential details Condition:New,Genuine, Original ,Aftermarket ,OEM\u00a0 Applicable Industries:Machinery Repair Shops, Manufacturing Plant, Farms, Retail, Kubota [&hellip;]<\/p>","protected":false},"featured_media":7732,"menu_order":0,"comment_status":"closed","ping_status":"closed","template":"","meta":{"_seopress_robots_primary_cat":"","_seopress_titles_title":"","_seopress_titles_desc":"","_seopress_robots_index":"","om_disable_all_campaigns":false,"_mi_skip_tracking":false,"_monsterinsights_sitenote_active":false,"_monsterinsights_sitenote_note":"","_monsterinsights_sitenote_category":0},"product_cat":[],"product_tag":[],"product_category":[117],"class_list":{"0":"post-7730","1":"product","2":"type-product","3":"status-publish","4":"has-post-thumbnail","6":"product_category-kubota-engine-part","8":"first","9":"instock","10":"shipping-taxable","11":"product-type-simple"},"acf":[],"_links":{"self":[{"href":"https:\/\/www.excavatorenginepart.com\/cs\/wp-json\/wp\/v2\/product\/7730","targetHints":{"allow":["GET"]}}],"collection":[{"href":"https:\/\/www.excavatorenginepart.com\/cs\/wp-json\/wp\/v2\/product"}],"about":[{"href":"https:\/\/www.excavatorenginepart.com\/cs\/wp-json\/wp\/v2\/types\/product"}],"replies":[{"embeddable":true,"href":"https:\/\/www.excavatorenginepart.com\/cs\/wp-json\/wp\/v2\/comments?post=7730"}],"wp:featuredmedia":[{"embeddable":true,"href":"https:\/\/www.excavatorenginepart.com\/cs\/wp-json\/wp\/v2\/media\/7732"}],"wp:attachment":[{"href":"https:\/\/www.excavatorenginepart.com\/cs\/wp-json\/wp\/v2\/media?parent=7730"}],"wp:term":[{"taxonomy":"product_cat","embeddable":true,"href":"https:\/\/www.excavatorenginepart.com\/cs\/wp-json\/wp\/v2\/product_cat?post=7730"},{"taxonomy":"product_tag","embeddable":true,"href":"https:\/\/www.excavatorenginepart.com\/cs\/wp-json\/wp\/v2\/product_tag?post=7730"},{"taxonomy":"product_category","embeddable":true,"href":"https:\/\/www.excavatorenginepart.com\/cs\/wp-json\/wp\/v2\/product_category?post=7730"}],"curies":[{"name":"wp","href":"https:\/\/api.w.org\/{rel}","templated":true}]}}