{"id":7627,"date":"2022-12-14T12:55:04","date_gmt":"2022-12-14T12:55:04","guid":{"rendered":"https:\/\/www.excavatorenginepart.com\/?post_type=product&#038;p=7627"},"modified":"2022-12-14T12:56:05","modified_gmt":"2022-12-14T12:56:05","slug":"cummins-qsx15-isx15-piston-kit-2882120","status":"publish","type":"product","link":"https:\/\/www.excavatorenginepart.com\/cs\/product\/cummins-qsx15-isx15-piston-kit-2882120\/","title":{"rendered":"Cummins QSX15 ISX15 Piston Kit 2882120"},"content":{"rendered":"<p><strong>Cummins QSX15 ISX15 Piston Kit 2882120<\/strong><\/p>\n<p><img fetchpriority=\"high\" decoding=\"async\" class=\"alignnone size-medium wp-image-7628\" src=\"https:\/\/www.excavatorenginepart.com\/wp-content\/uploads\/2022\/12\/Cummins-QSX15-ISX15-Piston-Kit-2882120-300x300.jpg\" alt=\"\" width=\"300\" height=\"300\" srcset=\"https:\/\/www.excavatorenginepart.com\/wp-content\/uploads\/2022\/12\/Cummins-QSX15-ISX15-Piston-Kit-2882120-300x300.jpg 300w, https:\/\/www.excavatorenginepart.com\/wp-content\/uploads\/2022\/12\/Cummins-QSX15-ISX15-Piston-Kit-2882120-150x150.jpg 150w, https:\/\/www.excavatorenginepart.com\/wp-content\/uploads\/2022\/12\/Cummins-QSX15-ISX15-Piston-Kit-2882120.jpg 600w\" sizes=\"(max-width: 300px) 100vw, 300px\" \/><\/p>\n<p>Genuine Cummins ISX QSX Engine Piston Kit 2882120<\/p>\n<p><img decoding=\"async\" class=\"alignnone size-medium wp-image-7632\" src=\"https:\/\/www.excavatorenginepart.com\/wp-content\/uploads\/2022\/12\/QSX15-ISX15-X15-Engine-Parts-Piston-4298992-3681665-4059241-4059345-4923744-2882120-300x300.jpg\" alt=\"\" width=\"300\" height=\"300\" srcset=\"https:\/\/www.excavatorenginepart.com\/wp-content\/uploads\/2022\/12\/QSX15-ISX15-X15-Engine-Parts-Piston-4298992-3681665-4059241-4059345-4923744-2882120-300x300.jpg 300w, https:\/\/www.excavatorenginepart.com\/wp-content\/uploads\/2022\/12\/QSX15-ISX15-X15-Engine-Parts-Piston-4298992-3681665-4059241-4059345-4923744-2882120-150x150.jpg 150w, https:\/\/www.excavatorenginepart.com\/wp-content\/uploads\/2022\/12\/QSX15-ISX15-X15-Engine-Parts-Piston-4298992-3681665-4059241-4059345-4923744-2882120.jpg 600w\" sizes=\"(max-width: 300px) 100vw, 300px\" \/><\/p>\n<p>Cummins QSX15 ISX15 Piston Ring for kit 2882120<\/p>\n<p><img decoding=\"async\" class=\"alignnone size-medium wp-image-7629\" src=\"https:\/\/www.excavatorenginepart.com\/wp-content\/uploads\/2022\/12\/Cummins-QSX15-ISX15-Piston-Ring-for-kit-2882120-300x300.jpg\" alt=\"\" width=\"300\" height=\"300\" srcset=\"https:\/\/www.excavatorenginepart.com\/wp-content\/uploads\/2022\/12\/Cummins-QSX15-ISX15-Piston-Ring-for-kit-2882120-300x300.jpg 300w, https:\/\/www.excavatorenginepart.com\/wp-content\/uploads\/2022\/12\/Cummins-QSX15-ISX15-Piston-Ring-for-kit-2882120-150x150.jpg 150w, https:\/\/www.excavatorenginepart.com\/wp-content\/uploads\/2022\/12\/Cummins-QSX15-ISX15-Piston-Ring-for-kit-2882120.jpg 600w\" sizes=\"(max-width: 300px) 100vw, 300px\" \/><\/p>\n<p>Genuine Cummins ISX QSX Engine Piston Kit 2882120<\/p>\n<p><img loading=\"lazy\" decoding=\"async\" class=\"alignnone size-medium wp-image-7630\" src=\"https:\/\/www.excavatorenginepart.com\/wp-content\/uploads\/2022\/12\/Genuine-Cummins-ISX-QSX-Engine-Piston-Kit-2882120-300x300.jpg\" alt=\"\" width=\"300\" height=\"300\" srcset=\"https:\/\/www.excavatorenginepart.com\/wp-content\/uploads\/2022\/12\/Genuine-Cummins-ISX-QSX-Engine-Piston-Kit-2882120-300x300.jpg 300w, https:\/\/www.excavatorenginepart.com\/wp-content\/uploads\/2022\/12\/Genuine-Cummins-ISX-QSX-Engine-Piston-Kit-2882120-150x150.jpg 150w, https:\/\/www.excavatorenginepart.com\/wp-content\/uploads\/2022\/12\/Genuine-Cummins-ISX-QSX-Engine-Piston-Kit-2882120.jpg 600w\" sizes=\"(max-width: 300px) 100vw, 300px\" \/><\/p>\n<p>QSX15 ISX15 Diesel Engine piston 2882120<\/p>\n<p><img loading=\"lazy\" decoding=\"async\" class=\"alignnone size-medium wp-image-7631\" src=\"https:\/\/www.excavatorenginepart.com\/wp-content\/uploads\/2022\/12\/QSX15-ISX15-Diesel-Engine-piston-2882120-300x300.jpg\" alt=\"\" width=\"300\" height=\"300\" srcset=\"https:\/\/www.excavatorenginepart.com\/wp-content\/uploads\/2022\/12\/QSX15-ISX15-Diesel-Engine-piston-2882120-300x300.jpg 300w, https:\/\/www.excavatorenginepart.com\/wp-content\/uploads\/2022\/12\/QSX15-ISX15-Diesel-Engine-piston-2882120-150x150.jpg 150w, https:\/\/www.excavatorenginepart.com\/wp-content\/uploads\/2022\/12\/QSX15-ISX15-Diesel-Engine-piston-2882120.jpg 600w\" sizes=\"(max-width: 300px) 100vw, 300px\" \/><\/p>\n<p><strong>Popis produktu<\/strong><\/p>\n<div class=\"J_module\">\n<div class=\"detail-decorate-json-renderer-container\">\n<div class=\"magic-1\">\n<div class=\"magic-3\" data-spm-anchor-id=\"a2700.details.0.i22.1caa60b9z5zA6n\">\n<div class=\"magic-4\">\n<div class=\"magic-5\"><span class=\"magic-6\">Good Quality QSX15 ISX15 Diesel Engine piston 2882120 <\/span><\/div>\n<\/div>\n<\/div>\n<\/div>\n<\/div>\n<\/div>\n<div class=\"J_module\">\n<div class=\"ife-detail-decorate-table\">\n<table class=\"all magic-7\">\n<tbody>\n<tr>\n<td colspan=\"1\" rowspan=\"1\">\n<div class=\"magic-8\">Part Name<\/div>\n<\/td>\n<td colspan=\"4\" rowspan=\"1\">\n<div class=\"magic-9\" data-spm-anchor-id=\"a2700.details.0.i23.1caa60b9z5zA6n\">QSX15 ISX15 Diesel Engine piston 2882120<\/div>\n<\/td>\n<\/tr>\n<tr>\n<td colspan=\"1\" rowspan=\"1\">\n<div class=\"magic-8\">\u010c\u00edslo d\u00edlu<\/div>\n<\/td>\n<td colspan=\"4\" rowspan=\"1\">\n<div class=\"magic-9\">\u00a02882120<\/div>\n<\/td>\n<\/tr>\n<tr>\n<td colspan=\"1\" rowspan=\"1\">\n<div class=\"magic-8\">Stav<\/div>\n<\/td>\n<td colspan=\"4\" rowspan=\"1\">\n<div class=\"magic-9\">100% new and genuine<\/div>\n<\/td>\n<\/tr>\n<tr>\n<td colspan=\"1\" rowspan=\"1\">\n<div class=\"magic-8\">Apply Machinery<\/div>\n<\/td>\n<td colspan=\"4\" rowspan=\"1\">\n<div class=\"magic-9\">QSX15 ISX15 Diesel Engine<\/div>\n<\/td>\n<\/tr>\n<tr>\n<td colspan=\"1\" rowspan=\"1\">\n<div class=\"magic-8\">N\u00e1zev zna\u010dky:<\/div>\n<\/td>\n<td colspan=\"4\" rowspan=\"1\">\n<div class=\"magic-9\">original<\/div>\n<\/td>\n<\/tr>\n<tr>\n<td colspan=\"1\" rowspan=\"1\">\n<div class=\"magic-8\">Z\u00e1ruka<\/div>\n<\/td>\n<td colspan=\"4\" rowspan=\"1\">\n<div class=\"magic-9\">6 m\u011bs\u00edc\u016f<\/div>\n<\/td>\n<\/tr>\n<tr>\n<td colspan=\"1\" rowspan=\"1\">\n<div class=\"magic-8\">Delivery Time<\/div>\n<\/td>\n<td colspan=\"4\" rowspan=\"1\">\n<div class=\"magic-12\">based on quantity<\/div>\n<\/td>\n<\/tr>\n<\/tbody>\n<\/table>\n<h3 data-spm-anchor-id=\"a2700.details.0.i21.da2845b4kxGKDJ\">High Quality QSX15 ISX15 X15 Engine Parts Piston 4298992 3681665 4059241 4059345 4923744 2882120<\/h3>\n<p><strong>Z\u00e1kladn\u00ed \u00fadaje<\/strong><\/p>\n<p>Condition:New, 100%new<br \/>\nWarranty:6 Months<br \/>\nApplicable Industries:Machinery Repair Shops, Construction works <br \/>\nWeight (KG):3<br \/>\nShowroom Location:Egypt, Turkey, Viet Nam, Saudi Arabia, Indonesia, Pakistan, India, Uzbekistan<br \/>\nVideo v\u00fdstupn\u00ed inspekce:Poskytnuto<br \/>\nMachinery Test Report:Provided<br \/>\nMarketing Type:New Product 2022<br \/>\nM\u00edsto p\u016fvodu: \u010c\u00edna<br \/>\nBrand Name:Cummins\u00a0<br \/>\nTyp motoru:Diesel<br \/>\nType:PISTON<br \/>\nEngine Model:QSX15 ISX15\u00a0<br \/>\nPart No:2882120\u00a0<br \/>\nMaterial:Aluminum<br \/>\nBarva:\u010dern\u00e1\u00a0<br \/>\nVelikost: Standardn\u00ed velikost<br \/>\nQuality:Top<br \/>\nMOQ:1 Piece<br \/>\nPacking:Neutral Packing<\/p>\n<p>Specializes in serving the needs of Cummins spare parts such as A2300, ISF2.8\/3.8, 4BT3.9, 6BT5.9, 6CT8.3, 6L8.9, QSB6.7, ISBe, ISDe, ISLe, ISM, QSC, QSL,QSX,ISX,X15,QSM, M11, L10, N14, NT855, KTA19\/38\/50, More Info, Contact Us Please.\u00a0<\/p>\n<p><span style=\"color: #ff0000;\"><strong>WhatsApp, Wechat : 0086 15553722299\u00a0<\/strong><\/span><\/p>\n<\/div>\n<\/div>","protected":false},"excerpt":{"rendered":"<p>Cummins QSX15 ISX15 Piston Kit 2882120 Genuine Cummins ISX QSX Engine Piston Kit 2882120 Cummins QSX15 ISX15 Piston Ring for kit 2882120 Genuine Cummins ISX QSX Engine Piston Kit 2882120 QSX15 ISX15 Diesel Engine piston 2882120 Product Description Good Quality QSX15 ISX15 Diesel Engine piston 2882120 Part Name QSX15 ISX15 Diesel Engine piston 2882120 Part [&hellip;]<\/p>","protected":false},"featured_media":7630,"menu_order":0,"comment_status":"closed","ping_status":"closed","template":"","meta":{"_seopress_robots_primary_cat":"","_seopress_titles_title":"","_seopress_titles_desc":"","_seopress_robots_index":"","om_disable_all_campaigns":false,"_mi_skip_tracking":false,"_monsterinsights_sitenote_active":false,"_monsterinsights_sitenote_note":"","_monsterinsights_sitenote_category":0},"product_cat":[],"product_tag":[],"product_category":[115],"class_list":{"0":"post-7627","1":"product","2":"type-product","3":"status-publish","4":"has-post-thumbnail","6":"product_category-cummins-engine-part","8":"first","9":"instock","10":"shipping-taxable","11":"product-type-simple"},"acf":[],"_links":{"self":[{"href":"https:\/\/www.excavatorenginepart.com\/cs\/wp-json\/wp\/v2\/product\/7627","targetHints":{"allow":["GET"]}}],"collection":[{"href":"https:\/\/www.excavatorenginepart.com\/cs\/wp-json\/wp\/v2\/product"}],"about":[{"href":"https:\/\/www.excavatorenginepart.com\/cs\/wp-json\/wp\/v2\/types\/product"}],"replies":[{"embeddable":true,"href":"https:\/\/www.excavatorenginepart.com\/cs\/wp-json\/wp\/v2\/comments?post=7627"}],"wp:featuredmedia":[{"embeddable":true,"href":"https:\/\/www.excavatorenginepart.com\/cs\/wp-json\/wp\/v2\/media\/7630"}],"wp:attachment":[{"href":"https:\/\/www.excavatorenginepart.com\/cs\/wp-json\/wp\/v2\/media?parent=7627"}],"wp:term":[{"taxonomy":"product_cat","embeddable":true,"href":"https:\/\/www.excavatorenginepart.com\/cs\/wp-json\/wp\/v2\/product_cat?post=7627"},{"taxonomy":"product_tag","embeddable":true,"href":"https:\/\/www.excavatorenginepart.com\/cs\/wp-json\/wp\/v2\/product_tag?post=7627"},{"taxonomy":"product_category","embeddable":true,"href":"https:\/\/www.excavatorenginepart.com\/cs\/wp-json\/wp\/v2\/product_category?post=7627"}],"curies":[{"name":"wp","href":"https:\/\/api.w.org\/{rel}","templated":true}]}}