{"id":7472,"date":"2022-12-09T11:54:41","date_gmt":"2022-12-09T11:54:41","guid":{"rendered":"https:\/\/www.excavatorenginepart.com\/?post_type=product&#038;p=7472"},"modified":"2022-12-11T13:33:33","modified_gmt":"2022-12-11T13:33:33","slug":"bulldozer-spare-parts-sd32-transmission-shaft-175-15-42532","status":"publish","type":"product","link":"https:\/\/www.excavatorenginepart.com\/cs\/product\/bulldozer-spare-parts-sd32-transmission-shaft-175-15-42532\/","title":{"rendered":"bulldozer spare parts SD32 transmission  shaft 175-15-42532"},"content":{"rendered":"<p><strong>Bulldozer spare parts SD32 transmission shaft 175-15-42532<\/strong><\/p>\n<p><img fetchpriority=\"high\" decoding=\"async\" class=\"alignnone size-medium wp-image-7473\" src=\"https:\/\/www.excavatorenginepart.com\/wp-content\/uploads\/2022\/12\/bulldozer-spare-parts-SD32-transmission-shaft-175-15-42532-300x225.jpg\" alt=\"\" width=\"300\" height=\"225\" srcset=\"https:\/\/www.excavatorenginepart.com\/wp-content\/uploads\/2022\/12\/bulldozer-spare-parts-SD32-transmission-shaft-175-15-42532-300x225.jpg 300w, https:\/\/www.excavatorenginepart.com\/wp-content\/uploads\/2022\/12\/bulldozer-spare-parts-SD32-transmission-shaft-175-15-42532-768x576.jpg 768w, https:\/\/www.excavatorenginepart.com\/wp-content\/uploads\/2022\/12\/bulldozer-spare-parts-SD32-transmission-shaft-175-15-42532.jpg 800w\" sizes=\"(max-width: 300px) 100vw, 300px\" \/><\/p>\n<p>HBXG bulldozer tranmission spare parts<\/p>\n<p><img decoding=\"async\" class=\"alignnone size-medium wp-image-7475\" src=\"https:\/\/www.excavatorenginepart.com\/wp-content\/uploads\/2022\/12\/SHANTUI-SD32-BULLDOZER-PARTS-TRANSMISSION-SHAFT-175-15-42532-300x225.jpg\" alt=\"\" width=\"300\" height=\"225\" srcset=\"https:\/\/www.excavatorenginepart.com\/wp-content\/uploads\/2022\/12\/SHANTUI-SD32-BULLDOZER-PARTS-TRANSMISSION-SHAFT-175-15-42532-300x225.jpg 300w, https:\/\/www.excavatorenginepart.com\/wp-content\/uploads\/2022\/12\/SHANTUI-SD32-BULLDOZER-PARTS-TRANSMISSION-SHAFT-175-15-42532-768x576.jpg 768w, https:\/\/www.excavatorenginepart.com\/wp-content\/uploads\/2022\/12\/SHANTUI-SD32-BULLDOZER-PARTS-TRANSMISSION-SHAFT-175-15-42532.jpg 800w\" sizes=\"(max-width: 300px) 100vw, 300px\" \/><\/p>\n<p>SHANTUI SD32 BULLDOZER PARTS TRANSMISSION SHAFT 175-15-42532<\/p>\n<p><img decoding=\"async\" class=\"alignnone size-medium wp-image-7474\" src=\"https:\/\/www.excavatorenginepart.com\/wp-content\/uploads\/2022\/12\/HBXG-bulldozer-tranmission-spare-parts-300x225.jpg\" alt=\"\" width=\"300\" height=\"225\" srcset=\"https:\/\/www.excavatorenginepart.com\/wp-content\/uploads\/2022\/12\/HBXG-bulldozer-tranmission-spare-parts-300x225.jpg 300w, https:\/\/www.excavatorenginepart.com\/wp-content\/uploads\/2022\/12\/HBXG-bulldozer-tranmission-spare-parts-768x576.jpg 768w, https:\/\/www.excavatorenginepart.com\/wp-content\/uploads\/2022\/12\/HBXG-bulldozer-tranmission-spare-parts.jpg 800w\" sizes=\"(max-width: 300px) 100vw, 300px\" \/><\/p>\n<p>Transmission shaft 175-15-42532<\/p>\n<p><img loading=\"lazy\" decoding=\"async\" class=\"alignnone size-medium wp-image-7476\" src=\"https:\/\/www.excavatorenginepart.com\/wp-content\/uploads\/2022\/12\/transmission-shaft-175-15-42532-300x225.jpg\" alt=\"\" width=\"300\" height=\"225\" srcset=\"https:\/\/www.excavatorenginepart.com\/wp-content\/uploads\/2022\/12\/transmission-shaft-175-15-42532-300x225.jpg 300w, https:\/\/www.excavatorenginepart.com\/wp-content\/uploads\/2022\/12\/transmission-shaft-175-15-42532-768x576.jpg 768w, https:\/\/www.excavatorenginepart.com\/wp-content\/uploads\/2022\/12\/transmission-shaft-175-15-42532.jpg 800w\" sizes=\"(max-width: 300px) 100vw, 300px\" \/><\/p>\n<p><strong>Related Bulldozer Parts\u00a0<\/strong><\/p>\n<table class=\"all magic-4\">\n<tbody>\n<tr>\n<td colspan=\"1\" rowspan=\"1\">\n<div class=\"magic-5\" data-spm-anchor-id=\"a2700.details.0.i22.74db797e9QFefC\">\u010c\u00cdSLO D\u00cdL\u016e<\/div>\n<\/td>\n<td colspan=\"1\" rowspan=\"1\">\n<div class=\"magic-6\">N\u00c1ZEV D\u00cdL\u016e<\/div>\n<\/td>\n<\/tr>\n<tr>\n<td colspan=\"1\" rowspan=\"1\">\n<div class=\"magic-5\">154-20-10002<\/div>\n<\/td>\n<td colspan=\"1\" rowspan=\"1\">\n<div class=\"magic-6\">universal joint<\/div>\n<\/td>\n<\/tr>\n<tr>\n<td colspan=\"1\" rowspan=\"1\">\n<div class=\"magic-5\">150-11-11210<\/div>\n<\/td>\n<td colspan=\"1\" rowspan=\"1\">\n<div class=\"magic-6\">spider<\/div>\n<\/td>\n<\/tr>\n<tr>\n<td colspan=\"1\" rowspan=\"1\">\n<div class=\"magic-5\">150-11-11220<\/div>\n<\/td>\n<td colspan=\"1\" rowspan=\"1\">\n<div class=\"magic-6\">seal dust<\/div>\n<\/td>\n<\/tr>\n<tr>\n<td colspan=\"1\" rowspan=\"1\">\n<div class=\"magic-5\">150-11-11250<\/div>\n<\/td>\n<td colspan=\"1\" rowspan=\"1\">\n<div class=\"magic-6\">seal oil<\/div>\n<\/td>\n<\/tr>\n<tr>\n<td colspan=\"1\" rowspan=\"1\">\n<div class=\"magic-5\">150-11-11240<\/div>\n<\/td>\n<td colspan=\"1\" rowspan=\"1\">\n<div class=\"magic-6\">needle<\/div>\n<\/td>\n<\/tr>\n<tr>\n<td colspan=\"1\" rowspan=\"1\">\n<div class=\"magic-5\">154-20-11130<\/div>\n<\/td>\n<td colspan=\"1\" rowspan=\"1\">\n<div class=\"magic-6\">case bearing<\/div>\n<\/td>\n<\/tr>\n<tr>\n<td colspan=\"1\" rowspan=\"1\">\n<div class=\"magic-5\">07020-00000<\/div>\n<\/td>\n<td colspan=\"1\" rowspan=\"1\">\n<div class=\"magic-6\">fitting grease<\/div>\n<\/td>\n<\/tr>\n<tr>\n<td colspan=\"1\" rowspan=\"1\">\n<div class=\"magic-5\">154-20-11170<\/div>\n<\/td>\n<td colspan=\"1\" rowspan=\"1\">\n<div class=\"magic-6\">plate<\/div>\n<\/td>\n<\/tr>\n<tr>\n<td colspan=\"1\" rowspan=\"1\">\n<div class=\"magic-5\">01010-51255<\/div>\n<\/td>\n<td colspan=\"1\" rowspan=\"1\">\n<div class=\"magic-6\">bolt<\/div>\n<\/td>\n<\/tr>\n<tr>\n<td colspan=\"1\" rowspan=\"1\">\n<div class=\"magic-5\">01602-21236<\/div>\n<\/td>\n<td colspan=\"1\" rowspan=\"1\">\n<div class=\"magic-6\">washer spring<\/div>\n<\/td>\n<\/tr>\n<tr>\n<td colspan=\"1\" rowspan=\"1\">\n<div class=\"magic-5\">01050-51260<\/div>\n<\/td>\n<td colspan=\"1\" rowspan=\"1\">\n<div class=\"magic-6\">bolt<\/div>\n<\/td>\n<\/tr>\n<tr>\n<td colspan=\"1\" rowspan=\"1\">\n<div class=\"magic-5\">01602-21236<\/div>\n<\/td>\n<td colspan=\"1\" rowspan=\"1\">\n<div class=\"magic-6\" data-spm-anchor-id=\"a2700.details.0.i23.74db797e9QFefC\">washer spring<\/div>\n<\/td>\n<\/tr>\n<tr>\n<td colspan=\"1\" rowspan=\"1\">\n<div class=\"magic-5\">154-13-53110<\/div>\n<\/td>\n<td colspan=\"1\" rowspan=\"1\">\n<div class=\"magic-6\">housing<\/div>\n<\/td>\n<\/tr>\n<tr>\n<td colspan=\"1\" rowspan=\"1\">\n<div class=\"magic-5\">07042-70415<\/div>\n<\/td>\n<td colspan=\"1\" rowspan=\"1\">\n<div class=\"magic-6\">plug taper<\/div>\n<\/td>\n<\/tr>\n<tr>\n<td colspan=\"1\" rowspan=\"1\">\n<div class=\"magic-5\">175-13-23220<\/div>\n<\/td>\n<td colspan=\"1\" rowspan=\"1\">\n<div class=\"magic-6\">cover<\/div>\n<\/td>\n<\/tr>\n<tr>\n<td colspan=\"1\" rowspan=\"1\">\n<div class=\"magic-5\">175-13-23232<\/div>\n<\/td>\n<td colspan=\"1\" rowspan=\"1\">\n<div class=\"magic-6\">gasket<\/div>\n<\/td>\n<\/tr>\n<tr>\n<td colspan=\"1\" rowspan=\"1\">\n<div class=\"magic-5\">01010-51225<\/div>\n<\/td>\n<td colspan=\"1\" rowspan=\"1\">\n<div class=\"magic-6\">bolt<\/div>\n<\/td>\n<\/tr>\n<tr>\n<td colspan=\"1\" rowspan=\"1\">\n<div class=\"magic-5\">01602-21236<\/div>\n<\/td>\n<td colspan=\"1\" rowspan=\"1\">\n<div class=\"magic-6\">spring<\/div>\n<\/td>\n<\/tr>\n<tr>\n<td colspan=\"1\" rowspan=\"1\">\n<div class=\"magic-5\">04530-01628<\/div>\n<\/td>\n<td colspan=\"1\" rowspan=\"1\">\n<div class=\"magic-6\">bolt eye<\/div>\n<\/td>\n<\/tr>\n<tr>\n<td colspan=\"1\" rowspan=\"1\">\n<div class=\"magic-5\">07044-13620<\/div>\n<\/td>\n<td colspan=\"1\" rowspan=\"1\">\n<div class=\"magic-6\">plug magnetic<\/div>\n<\/td>\n<\/tr>\n<\/tbody>\n<\/table>\n<p>Construction machinery parts China supplier 154-13-41651 shaft for bulldozers D85A-18 D85P-18 D85E-18 spare parts<\/p>\n<p>Bulldozers : SD13, SD16, SD22, SD23, SD32, SD42 , D50 D53, D60, D65, D95, D85, D155, D355<\/p>\n<p>More Info, Contact Us Please.\u00a0<\/p>\n<p><span style=\"color: #ff0000;\"><strong>WhatsApp, Wechat : 0086 15553722299\u00a0<\/strong><\/span><\/p>\n<p>&nbsp;<\/p>","protected":false},"excerpt":{"rendered":"<p>Bulldozer spare parts SD32 transmission shaft 175-15-42532 HBXG bulldozer tranmission spare parts SHANTUI SD32 BULLDOZER PARTS TRANSMISSION SHAFT 175-15-42532 Transmission shaft 175-15-42532 Related Bulldozer Parts\u00a0 PARTS NUMBER PARTS NAME 154-20-10002 universal joint 150-11-11210 spider 150-11-11220 seal dust 150-11-11250 seal oil 150-11-11240 needle 154-20-11130 case bearing 07020-00000 fitting grease 154-20-11170 plate 01010-51255 bolt 01602-21236 washer spring [&hellip;]<\/p>","protected":false},"featured_media":7474,"menu_order":0,"comment_status":"closed","ping_status":"closed","template":"","meta":{"_seopress_robots_primary_cat":"","_seopress_titles_title":"","_seopress_titles_desc":"","_seopress_robots_index":"","om_disable_all_campaigns":false,"_mi_skip_tracking":false,"_monsterinsights_sitenote_active":false,"_monsterinsights_sitenote_note":"","_monsterinsights_sitenote_category":0},"product_cat":[],"product_tag":[],"product_category":[121],"class_list":{"0":"post-7472","1":"product","2":"type-product","3":"status-publish","4":"has-post-thumbnail","6":"product_category-shantui-bulldozer-part","8":"first","9":"instock","10":"shipping-taxable","11":"product-type-simple"},"acf":[],"_links":{"self":[{"href":"https:\/\/www.excavatorenginepart.com\/cs\/wp-json\/wp\/v2\/product\/7472","targetHints":{"allow":["GET"]}}],"collection":[{"href":"https:\/\/www.excavatorenginepart.com\/cs\/wp-json\/wp\/v2\/product"}],"about":[{"href":"https:\/\/www.excavatorenginepart.com\/cs\/wp-json\/wp\/v2\/types\/product"}],"replies":[{"embeddable":true,"href":"https:\/\/www.excavatorenginepart.com\/cs\/wp-json\/wp\/v2\/comments?post=7472"}],"wp:featuredmedia":[{"embeddable":true,"href":"https:\/\/www.excavatorenginepart.com\/cs\/wp-json\/wp\/v2\/media\/7474"}],"wp:attachment":[{"href":"https:\/\/www.excavatorenginepart.com\/cs\/wp-json\/wp\/v2\/media?parent=7472"}],"wp:term":[{"taxonomy":"product_cat","embeddable":true,"href":"https:\/\/www.excavatorenginepart.com\/cs\/wp-json\/wp\/v2\/product_cat?post=7472"},{"taxonomy":"product_tag","embeddable":true,"href":"https:\/\/www.excavatorenginepart.com\/cs\/wp-json\/wp\/v2\/product_tag?post=7472"},{"taxonomy":"product_category","embeddable":true,"href":"https:\/\/www.excavatorenginepart.com\/cs\/wp-json\/wp\/v2\/product_category?post=7472"}],"curies":[{"name":"wp","href":"https:\/\/api.w.org\/{rel}","templated":true}]}}