{"id":7308,"date":"2022-12-03T13:33:27","date_gmt":"2022-12-03T13:33:27","guid":{"rendered":"https:\/\/www.excavatorenginepart.com\/?post_type=product&#038;p=7308"},"modified":"2022-12-03T14:16:07","modified_gmt":"2022-12-03T14:16:07","slug":"inline6-cummins-special-inspection-instrument-2892092","status":"publish","type":"product","link":"https:\/\/www.excavatorenginepart.com\/cs\/product\/inline6-cummins-special-inspection-instrument-2892092\/","title":{"rendered":"INLINE6 Cummins special inspection original instrument  diagnostic tester 2892092"},"content":{"rendered":"<p>INLINE6 Cummins special inspection instrument 2892092 used for Cummins Engine\u00a0<\/p>\n<p>Fault Checking And Testing, The Cummins Servicer Will Use The Fault Code\u00a0<\/p>\n<p>To Adjust The Engine Speed And Performance Premeter.\u00a0<\/p>\n<p><strong>INLINE6 Cummins Special Inspection Original Instrument \u00a0Diagnostic Tester 2892092\u00a0<\/strong><\/p>\n<p>&nbsp;<\/p>\n<p><img fetchpriority=\"high\" decoding=\"async\" class=\"alignnone size-medium wp-image-7312\" src=\"https:\/\/www.excavatorenginepart.com\/wp-content\/uploads\/2022\/12\/INLINE6-Cummins-special-inspection-original-instrument-cummins-diagnostic-tester-2892092-300x225.jpg\" alt=\"\" width=\"300\" height=\"225\" srcset=\"https:\/\/www.excavatorenginepart.com\/wp-content\/uploads\/2022\/12\/INLINE6-Cummins-special-inspection-original-instrument-cummins-diagnostic-tester-2892092-300x225.jpg 300w, https:\/\/www.excavatorenginepart.com\/wp-content\/uploads\/2022\/12\/INLINE6-Cummins-special-inspection-original-instrument-cummins-diagnostic-tester-2892092-768x576.jpg 768w, https:\/\/www.excavatorenginepart.com\/wp-content\/uploads\/2022\/12\/INLINE6-Cummins-special-inspection-original-instrument-cummins-diagnostic-tester-2892092.jpg 800w\" sizes=\"(max-width: 300px) 100vw, 300px\" \/><\/p>\n<p>Inline 6 data link adapter for cummins engine data checking and testing<\/p>\n<p><img decoding=\"async\" class=\"alignnone size-medium wp-image-7311\" src=\"https:\/\/www.excavatorenginepart.com\/wp-content\/uploads\/2022\/12\/Inline-6-data-link-adapter-for-cummins-engine-data-checking-and-testing-300x225.jpg\" alt=\"\" width=\"300\" height=\"225\" srcset=\"https:\/\/www.excavatorenginepart.com\/wp-content\/uploads\/2022\/12\/Inline-6-data-link-adapter-for-cummins-engine-data-checking-and-testing-300x225.jpg 300w, https:\/\/www.excavatorenginepart.com\/wp-content\/uploads\/2022\/12\/Inline-6-data-link-adapter-for-cummins-engine-data-checking-and-testing-768x576.jpg 768w, https:\/\/www.excavatorenginepart.com\/wp-content\/uploads\/2022\/12\/Inline-6-data-link-adapter-for-cummins-engine-data-checking-and-testing.jpg 800w\" sizes=\"(max-width: 300px) 100vw, 300px\" \/><\/p>\n<p>&nbsp;<\/p>\n<p>Cummins Diesel Engine Parts Inline 6 2892092 Data Link Adapter Kit 2892092 Diagnostic Tools<\/p>\n<p><img decoding=\"async\" class=\"alignnone size-medium wp-image-7310\" src=\"https:\/\/www.excavatorenginepart.com\/wp-content\/uploads\/2022\/12\/Cummins-Diesel-Engine-Parts-Inline-6-2892092-Data-Link-Adapter-Kit-2892092-Diagnostic-Tools-300x225.jpg\" alt=\"\" width=\"300\" height=\"225\" srcset=\"https:\/\/www.excavatorenginepart.com\/wp-content\/uploads\/2022\/12\/Cummins-Diesel-Engine-Parts-Inline-6-2892092-Data-Link-Adapter-Kit-2892092-Diagnostic-Tools-300x225.jpg 300w, https:\/\/www.excavatorenginepart.com\/wp-content\/uploads\/2022\/12\/Cummins-Diesel-Engine-Parts-Inline-6-2892092-Data-Link-Adapter-Kit-2892092-Diagnostic-Tools-768x576.jpg 768w, https:\/\/www.excavatorenginepart.com\/wp-content\/uploads\/2022\/12\/Cummins-Diesel-Engine-Parts-Inline-6-2892092-Data-Link-Adapter-Kit-2892092-Diagnostic-Tools.jpg 800w\" sizes=\"(max-width: 300px) 100vw, 300px\" \/><\/p>\n<p>2892092 Inline 6 Datalink Adapter Kit diagnostic tool for cummins<\/p>\n<p><img loading=\"lazy\" decoding=\"async\" class=\"alignnone size-medium wp-image-7309\" src=\"https:\/\/www.excavatorenginepart.com\/wp-content\/uploads\/2022\/12\/2892092-Inline-6-Datalink-Adapter-Kit-diagnostic-tool-for-cummins-300x225.jpg\" alt=\"\" width=\"300\" height=\"225\" srcset=\"https:\/\/www.excavatorenginepart.com\/wp-content\/uploads\/2022\/12\/2892092-Inline-6-Datalink-Adapter-Kit-diagnostic-tool-for-cummins-300x225.jpg 300w, https:\/\/www.excavatorenginepart.com\/wp-content\/uploads\/2022\/12\/2892092-Inline-6-Datalink-Adapter-Kit-diagnostic-tool-for-cummins-768x576.jpg 768w, https:\/\/www.excavatorenginepart.com\/wp-content\/uploads\/2022\/12\/2892092-Inline-6-Datalink-Adapter-Kit-diagnostic-tool-for-cummins.jpg 800w\" sizes=\"(max-width: 300px) 100vw, 300px\" \/><\/p>\n<p><strong>Profil spole\u010dnosti\u00a0<\/strong><\/p>\n<p>Jining Kunpeng Construction Machinery Equipment Co., Ltd. byla zalo\u017eena v roce 2013 se z\u00e1kladn\u00edm kapit\u00e1lem 200 milion\u016f juan\u016f, st\u00e1vaj\u00edc\u00ed zam\u011bstnanci 36 lid\u00ed, se zab\u00fdv\u00e1 stroj\u00edrensk\u00fdch v\u00fdrobk\u016f a p\u0159\u00edslu\u0161enstv\u00ed, specializovan\u00e9 spole\u010dnosti, s independentimport a export pr\u00e1v. Hlavn\u00edm z\u00e1stupcem bagr\u016f a buldozer\u016f Komatsu , elektrick\u00fdch v\u00fdrobk\u016f buldozer\u016f Shantui, v\u00fdrobk\u016f vzduchov\u00fdch filtr\u016f Donaldson; japonsk\u00fdch (Mitshubishi, Komatsu, Isuzu, Kubota, Yanmar ) motorov\u00fdch stroj\u016f a n\u00e1hradn\u00edch d\u00edl\u016f; n\u00e1hradn\u00edch d\u00edl\u016f pro dieselov\u00e9 motory Cummins, Deutz, n\u00e1hradn\u00edch d\u00edl\u016f pro n\u00e1mo\u0159n\u00ed a gener\u00e1torov\u00e9 dieselov\u00e9 motory, p\u0159\u00edslu\u0161enstv\u00ed On firewood, Weichai, velk\u00fdch dieselov\u00fdch motor\u016f; prodej hydraulick\u00fdch \u010derpadel, motor\u016f, hydraulick\u00fdch ventil\u016f zn\u00e1m\u00fdch zna\u010dek. Spole\u010dnosti a dom\u00e1c\u00ed v\u00fdrobn\u00ed z\u00e1vod na v\u00fdrobu bagr\u016f (Sany, Lianzhong Branch, Hill redevelopment machine, SDLG, Strong Construction Machinery Co., Ltd., Foton Lovol, Shandong liShide) v \u00fazk\u00e9 spolupr\u00e1ci, \u00fasp\u011b\u0161n\u011b podporujeJaponsk\u00e9 elektronick\u00e9 v\u00fdrobky, vzduchov\u00fd filtr Donaldson, kabinu bagru, tlumi\u010de v\u00fdfuku, produkty Danfoss Auto, DSE, COMAP, WOODWARD CONTROLLER a dal\u0161\u00ed produkty, s vysokou kvalitou v\u00fdrobk\u016f a perfektn\u00edm poprodejn\u00edm servisem, z\u00edskaly v\u00fdrobci vysok\u00e9 hodnocen\u00ed.<\/p>\n<p><strong>V\u00fdhody produkt\u016f na\u0161\u00ed spole\u010dnosti<\/strong><\/p>\n<p>We Can Supplied <a href=\"http:\/\/www.kpdiesel.com\">Diesel Engine Parts<\/a> :<br \/>\n<a href=\"https:\/\/www.excavatorenginepart.com\/cs\/product-category\/cummins-diesel-engine\/\">Diesel Engines: <\/a>Cummins diesel engine, Weichai diesel engine, Shangchai diesel engine, komatsu diesel engine, Yanmar diesel engine.<\/p>\n<p><a href=\"https:\/\/www.excavatorenginepart.com\/cs\/product-category\/deutz-engine-part\/\">Engine parts:<\/a> Cummins engine part, Deutz engine part, Volvo engine part, Caterpiller engine part, kubota engine part, Yanmar engine part, Isuzu engine part, Mitsubishi engine part, Perkins engine part, komatsu engine part, Wechai engine part, Shangchai engine part, Yuchai engine part.<\/p>\n<p><a href=\"https:\/\/www.excavatorenginepart.com\/cs\/product-category\/shantui-bulldozer-part\/\">Bulldozer parts:<\/a> Shantui bulldozer part, Shanghai pengpu bulldozer part, HBXG bulldozer part, Liugong Bulldozer part, Tianjin Yishan bulldozer part.<\/p>\n<p><a href=\"https:\/\/www.excavatorenginepart.com\/cs\/product-category\/sdlg-loader-parts\/\">Loader parts:<\/a> SDLG loader parts, Liugong loader parts, XCMG loader parts, Lonking loader parts, XGMA loader parts.<\/p>\n<p><a href=\"https:\/\/www.excavatorenginepart.com\/cs\/product-category\/dse-controller\/\">Generator parts:<\/a> DSE controller, ComAp controller, Woodward controller, Cummins Speed controller, GAC Speed controller, Generator AVR, Engine Actuators, Engine Sensors, Engine Meters.<\/p>\n<p><a href=\"https:\/\/www.excavatorenginepart.com\/cs\/product-category\/excavator-hydraulic-pump\/\">D\u00edly pro rypadla<\/a>: Excavator engine part, Excavator undercarriage parts, Excavator final drive, Excavator main valve, Excavator hydraulic pump.<\/p>\n<p>More Info, Contact Us Please .\u00a0<\/p>\n<p><strong><span style=\"color: #ff0000;\">WhatsApp, Wechat : 0086 15553722299\u00a0<\/span><\/strong><\/p>\n<p>&nbsp;<\/p>\n<p>&nbsp;<\/p>","protected":false},"excerpt":{"rendered":"<p>INLINE6 Cummins special inspection instrument 2892092 used for Cummins Engine\u00a0 Fault Checking And Testing, The Cummins Servicer Will Use The Fault Code\u00a0 To Adjust The Engine Speed And Performance Premeter.\u00a0 INLINE6 Cummins Special Inspection Original Instrument \u00a0Diagnostic Tester 2892092\u00a0 &nbsp; Inline 6 data link adapter for cummins engine data checking and testing &nbsp; Cummins Diesel [&hellip;]<\/p>","protected":false},"featured_media":7312,"menu_order":0,"comment_status":"closed","ping_status":"closed","template":"","meta":{"_seopress_robots_primary_cat":"","_seopress_titles_title":"","_seopress_titles_desc":"","_seopress_robots_index":"","om_disable_all_campaigns":false,"_mi_skip_tracking":false,"_monsterinsights_sitenote_active":false,"_monsterinsights_sitenote_note":"","_monsterinsights_sitenote_category":0},"product_cat":[],"product_tag":[],"product_category":[115],"class_list":{"0":"post-7308","1":"product","2":"type-product","3":"status-publish","4":"has-post-thumbnail","6":"product_category-cummins-engine-part","8":"first","9":"instock","10":"shipping-taxable","11":"product-type-simple"},"acf":[],"_links":{"self":[{"href":"https:\/\/www.excavatorenginepart.com\/cs\/wp-json\/wp\/v2\/product\/7308","targetHints":{"allow":["GET"]}}],"collection":[{"href":"https:\/\/www.excavatorenginepart.com\/cs\/wp-json\/wp\/v2\/product"}],"about":[{"href":"https:\/\/www.excavatorenginepart.com\/cs\/wp-json\/wp\/v2\/types\/product"}],"replies":[{"embeddable":true,"href":"https:\/\/www.excavatorenginepart.com\/cs\/wp-json\/wp\/v2\/comments?post=7308"}],"wp:featuredmedia":[{"embeddable":true,"href":"https:\/\/www.excavatorenginepart.com\/cs\/wp-json\/wp\/v2\/media\/7312"}],"wp:attachment":[{"href":"https:\/\/www.excavatorenginepart.com\/cs\/wp-json\/wp\/v2\/media?parent=7308"}],"wp:term":[{"taxonomy":"product_cat","embeddable":true,"href":"https:\/\/www.excavatorenginepart.com\/cs\/wp-json\/wp\/v2\/product_cat?post=7308"},{"taxonomy":"product_tag","embeddable":true,"href":"https:\/\/www.excavatorenginepart.com\/cs\/wp-json\/wp\/v2\/product_tag?post=7308"},{"taxonomy":"product_category","embeddable":true,"href":"https:\/\/www.excavatorenginepart.com\/cs\/wp-json\/wp\/v2\/product_category?post=7308"}],"curies":[{"name":"wp","href":"https:\/\/api.w.org\/{rel}","templated":true}]}}