{"id":7270,"date":"2022-12-02T10:07:44","date_gmt":"2022-12-02T10:07:44","guid":{"rendered":"https:\/\/www.excavatorenginepart.com\/?post_type=product&#038;p=7270"},"modified":"2022-12-04T07:17:29","modified_gmt":"2022-12-04T07:17:29","slug":"cummins-engine-parts-qst30-fuel-transfer-pump-4975617","status":"publish","type":"product","link":"https:\/\/www.excavatorenginepart.com\/cs\/product\/cummins-engine-parts-qst30-fuel-transfer-pump-4975617\/","title":{"rendered":"Cummins Engine Parts QST30 Fuel Transfer Pump 4975617"},"content":{"rendered":"<p><strong>Cummins Engine Parts QST30 Fuel Transfer Pump 4975617<\/strong><\/p>\n<p><img fetchpriority=\"high\" decoding=\"async\" class=\"alignnone size-medium wp-image-7271\" src=\"https:\/\/www.excavatorenginepart.com\/wp-content\/uploads\/2022\/12\/Cummins-engine-parts-QST30-fuel-transfer-pump-4975617-300x300.jpg\" alt=\"\" width=\"300\" height=\"300\" srcset=\"https:\/\/www.excavatorenginepart.com\/wp-content\/uploads\/2022\/12\/Cummins-engine-parts-QST30-fuel-transfer-pump-4975617-300x300.jpg 300w, https:\/\/www.excavatorenginepart.com\/wp-content\/uploads\/2022\/12\/Cummins-engine-parts-QST30-fuel-transfer-pump-4975617-1024x1024.jpg 1024w, https:\/\/www.excavatorenginepart.com\/wp-content\/uploads\/2022\/12\/Cummins-engine-parts-QST30-fuel-transfer-pump-4975617-150x150.jpg 150w, https:\/\/www.excavatorenginepart.com\/wp-content\/uploads\/2022\/12\/Cummins-engine-parts-QST30-fuel-transfer-pump-4975617-768x768.jpg 768w, https:\/\/www.excavatorenginepart.com\/wp-content\/uploads\/2022\/12\/Cummins-engine-parts-QST30-fuel-transfer-pump-4975617.jpg 1080w\" sizes=\"(max-width: 300px) 100vw, 300px\" \/><\/p>\n<p>Diesel engine parts QST30 fuel transfer pump 4975617<\/p>\n<p><img decoding=\"async\" class=\"alignnone size-medium wp-image-7274\" src=\"https:\/\/www.excavatorenginepart.com\/wp-content\/uploads\/2022\/12\/Machinery-Parts-QST30-Diesel-Engine-Fuel-Transfer-Pump-4975617-300x300.jpg\" alt=\"\" width=\"300\" height=\"300\" srcset=\"https:\/\/www.excavatorenginepart.com\/wp-content\/uploads\/2022\/12\/Machinery-Parts-QST30-Diesel-Engine-Fuel-Transfer-Pump-4975617-300x300.jpg 300w, https:\/\/www.excavatorenginepart.com\/wp-content\/uploads\/2022\/12\/Machinery-Parts-QST30-Diesel-Engine-Fuel-Transfer-Pump-4975617-1024x1024.jpg 1024w, https:\/\/www.excavatorenginepart.com\/wp-content\/uploads\/2022\/12\/Machinery-Parts-QST30-Diesel-Engine-Fuel-Transfer-Pump-4975617-150x150.jpg 150w, https:\/\/www.excavatorenginepart.com\/wp-content\/uploads\/2022\/12\/Machinery-Parts-QST30-Diesel-Engine-Fuel-Transfer-Pump-4975617-768x768.jpg 768w, https:\/\/www.excavatorenginepart.com\/wp-content\/uploads\/2022\/12\/Machinery-Parts-QST30-Diesel-Engine-Fuel-Transfer-Pump-4975617.jpg 1080w\" sizes=\"(max-width: 300px) 100vw, 300px\" \/><\/p>\n<p><strong>Profil spole\u010dnosti<\/strong><br \/>\nJining Kunpeng Construction Machinery Equipment Co., Ltd. byla zalo\u017eena v roce 2013 se z\u00e1kladn\u00edm kapit\u00e1lem 200 milion\u016f juan\u016f, st\u00e1vaj\u00edc\u00ed zam\u011bstnanci 36 lid\u00ed, se zab\u00fdv\u00e1 stroj\u00edrensk\u00fdch v\u00fdrobk\u016f a p\u0159\u00edslu\u0161enstv\u00ed, specializovan\u00e9 spole\u010dnosti, s independentimport a export pr\u00e1v. Hlavn\u00edm z\u00e1stupcem bagr\u016f a buldozer\u016f Komatsu , elektrick\u00fdch v\u00fdrobk\u016f buldozer\u016f Shantui, v\u00fdrobk\u016f vzduchov\u00fdch filtr\u016f Donaldson; japonsk\u00fdch (Mitshubishi, Komatsu, Isuzu, Kubota, Yanmar ) motorov\u00fdch stroj\u016f a n\u00e1hradn\u00edch d\u00edl\u016f; n\u00e1hradn\u00edch d\u00edl\u016f pro dieselov\u00e9 motory Cummins, Deutz, n\u00e1hradn\u00edch d\u00edl\u016f pro n\u00e1mo\u0159n\u00ed a gener\u00e1torov\u00e9 dieselov\u00e9 motory, p\u0159\u00edslu\u0161enstv\u00ed On firewood, Weichai, velk\u00fdch dieselov\u00fdch motor\u016f; prodej hydraulick\u00fdch \u010derpadel, motor\u016f, hydraulick\u00fdch ventil\u016f zn\u00e1m\u00fdch zna\u010dek. Spole\u010dnosti a dom\u00e1c\u00ed v\u00fdrobn\u00ed z\u00e1vod na v\u00fdrobu bagr\u016f (Sany, Lianzhong Branch, Hill redevelopment machine, SDLG, Strong Construction Machinery Co., Ltd., Foton Lovol, Shandong liShide) v \u00fazk\u00e9 spolupr\u00e1ci, \u00fasp\u011b\u0161n\u011b podporujeJaponsk\u00e9 elektronick\u00e9 v\u00fdrobky, vzduchov\u00fd filtr Donaldson, kabinu bagru, tlumi\u010de v\u00fdfuku, produkty Danfoss Auto, DSE, COMAP, WOODWARD CONTROLLER a dal\u0161\u00ed produkty, s vysokou kvalitou v\u00fdrobk\u016f a perfektn\u00edm poprodejn\u00edm servisem, z\u00edskaly v\u00fdrobci vysok\u00e9 hodnocen\u00ed.<br \/>\n<strong>Our Company Advantage Products :\u00a0<\/strong><br \/>\nWe Can Supplied Engine Parts :<br \/>\nKomatsu Engine Parts, Disel Engine Parts , Cummins Diesel Engine parts, DSE Controller, SDLG Loader Parts, Shantui Bulldozer Parts <br \/>\nCummins A1700, 2300, B3.3, 4B3.9, 6BTA5.9, 6CTA8.3,M11, NTA855, KTA19, KTA38, KTAA50, QSK60 Diesel Engine Parts<br \/>\nDeutz \/ Volvo Diesel Engine Parts<br \/>\nIsuzu, Mitsubishi, Yanmar, Kubota Engine Parts<br \/>\nWeichai Diesel Engine Parts<br \/>\nShangchai\/ Caterpillar Diesel Engine Parts<\/p>\n<p><strong>Our Warhouse\u00a0<\/strong><\/p>\n<p><img decoding=\"async\" class=\"alignnone size-medium wp-image-7121\" src=\"https:\/\/www.excavatorenginepart.com\/wp-content\/uploads\/2022\/06\/about-01-300x190.jpg\" alt=\"\" width=\"300\" height=\"190\" srcset=\"https:\/\/www.excavatorenginepart.com\/wp-content\/uploads\/2022\/06\/about-01-300x190.jpg 300w, https:\/\/www.excavatorenginepart.com\/wp-content\/uploads\/2022\/06\/about-01.jpg 600w\" sizes=\"(max-width: 300px) 100vw, 300px\" \/><\/p>\n<p><img loading=\"lazy\" decoding=\"async\" class=\"alignnone size-medium wp-image-7119\" src=\"https:\/\/www.excavatorenginepart.com\/wp-content\/uploads\/2022\/06\/about-03-300x242.jpg\" alt=\"\" width=\"300\" height=\"242\" srcset=\"https:\/\/www.excavatorenginepart.com\/wp-content\/uploads\/2022\/06\/about-03-300x242.jpg 300w, https:\/\/www.excavatorenginepart.com\/wp-content\/uploads\/2022\/06\/about-03.jpg 506w\" sizes=\"(max-width: 300px) 100vw, 300px\" \/><\/p>\n<p><strong>V\u00fdhody produkt\u016f na\u0161\u00ed spole\u010dnosti<\/strong><\/p>\n<p>We Can Supplied <a href=\"http:\/\/www.kpdiesel.com\">Diesel Engine Parts<\/a> :<br \/>\n<a href=\"https:\/\/www.excavatorenginepart.com\/cs\/product-category\/cummins-diesel-engine\/\">Diesel Engines: <\/a>Cummins diesel engine, Weichai diesel engine, Shangchai diesel engine, komatsu diesel engine, Yanmar diesel engine.<\/p>\n<p><a href=\"https:\/\/www.excavatorenginepart.com\/cs\/product-category\/deutz-engine-part\/\">Engine parts:<\/a> Cummins engine part, Deutz engine part, Volvo engine part, Caterpiller engine part, kubota engine part, Yanmar engine part, Isuzu engine part, Mitsubishi engine part, Perkins engine part, komatsu engine part, Wechai engine part, Shangchai engine part, Yuchai engine part.<\/p>\n<p><a href=\"https:\/\/www.excavatorenginepart.com\/cs\/product-category\/shantui-bulldozer-part\/\">Bulldozer parts:<\/a> Shantui bulldozer part, Shanghai pengpu bulldozer part, HBXG bulldozer part, Liugong Bulldozer part, Tianjin Yishan bulldozer part.<\/p>\n<p><a href=\"https:\/\/www.excavatorenginepart.com\/cs\/product-category\/sdlg-loader-parts\/\">Loader parts:<\/a> SDLG loader parts, Liugong loader parts, XCMG loader parts, Lonking loader parts, XGMA loader parts.<\/p>\n<p><a href=\"https:\/\/www.excavatorenginepart.com\/cs\/product-category\/dse-controller\/\">Generator parts:<\/a> DSE controller, ComAp controller, Woodward controller, Cummins Speed controller, GAC Speed controller, Generator AVR, Engine Actuators, Engine Sensors, Engine Meters.<\/p>\n<p><a href=\"https:\/\/www.excavatorenginepart.com\/cs\/product-category\/excavator-hydraulic-pump\/\">D\u00edly pro rypadla<\/a>: Excavator engine part, Excavator undercarriage parts, Excavator final drive, Excavator main valve, Excavator hydraulic pump.<\/p>\n<p>More Info, Contact Us Please .\u00a0<\/p>\n<p><strong><span style=\"color: #ff0000;\">WhatsApp, Wechat : 0086 15553722299\u00a0<\/span><\/strong><\/p>\n<p>&nbsp;<\/p>\n<p>&nbsp;<\/p>\n<p>&nbsp;<\/p>\n<p>&nbsp;<\/p>","protected":false},"excerpt":{"rendered":"<p>Cummins Engine Parts QST30 Fuel Transfer Pump 4975617 Diesel engine parts QST30 fuel transfer pump 4975617 Company Profile Jining Kunpeng Construction Machinery Equipment Co., Ltd. was established in 2013 with a registered capital of 200 million yuan, the existing staff of 36 people, is engaged in engineering machinery products and accessories, specialized companies, with independentimport [&hellip;]<\/p>","protected":false},"featured_media":7274,"menu_order":0,"comment_status":"closed","ping_status":"closed","template":"","meta":{"_seopress_robots_primary_cat":"","_seopress_titles_title":"","_seopress_titles_desc":"","_seopress_robots_index":"","om_disable_all_campaigns":false,"_mi_skip_tracking":false,"_monsterinsights_sitenote_active":false,"_monsterinsights_sitenote_note":"","_monsterinsights_sitenote_category":0},"product_cat":[],"product_tag":[],"product_category":[115],"class_list":{"0":"post-7270","1":"product","2":"type-product","3":"status-publish","4":"has-post-thumbnail","6":"product_category-cummins-engine-part","8":"first","9":"instock","10":"shipping-taxable","11":"product-type-simple"},"acf":[],"_links":{"self":[{"href":"https:\/\/www.excavatorenginepart.com\/cs\/wp-json\/wp\/v2\/product\/7270","targetHints":{"allow":["GET"]}}],"collection":[{"href":"https:\/\/www.excavatorenginepart.com\/cs\/wp-json\/wp\/v2\/product"}],"about":[{"href":"https:\/\/www.excavatorenginepart.com\/cs\/wp-json\/wp\/v2\/types\/product"}],"replies":[{"embeddable":true,"href":"https:\/\/www.excavatorenginepart.com\/cs\/wp-json\/wp\/v2\/comments?post=7270"}],"wp:featuredmedia":[{"embeddable":true,"href":"https:\/\/www.excavatorenginepart.com\/cs\/wp-json\/wp\/v2\/media\/7274"}],"wp:attachment":[{"href":"https:\/\/www.excavatorenginepart.com\/cs\/wp-json\/wp\/v2\/media?parent=7270"}],"wp:term":[{"taxonomy":"product_cat","embeddable":true,"href":"https:\/\/www.excavatorenginepart.com\/cs\/wp-json\/wp\/v2\/product_cat?post=7270"},{"taxonomy":"product_tag","embeddable":true,"href":"https:\/\/www.excavatorenginepart.com\/cs\/wp-json\/wp\/v2\/product_tag?post=7270"},{"taxonomy":"product_category","embeddable":true,"href":"https:\/\/www.excavatorenginepart.com\/cs\/wp-json\/wp\/v2\/product_category?post=7270"}],"curies":[{"name":"wp","href":"https:\/\/api.w.org\/{rel}","templated":true}]}}