{"id":7048,"date":"2022-04-29T09:18:43","date_gmt":"2022-04-29T09:18:43","guid":{"rendered":"https:\/\/www.excavatorenginepart.com\/?post_type=product&#038;p=7048"},"modified":"2022-05-06T08:18:11","modified_gmt":"2022-05-06T08:18:11","slug":"kubota-engine-part-turbocharger-1g544-17013","status":"publish","type":"product","link":"https:\/\/www.excavatorenginepart.com\/cs\/product\/kubota-engine-part-turbocharger-1g544-17013\/","title":{"rendered":"Sou\u010d\u00e1st motoru Kubota turbodmychadlo 1G544-17013"},"content":{"rendered":"<p>Sou\u010d\u00e1st motoru Kubota turbodmychadlo 1G544-17013\u00a0<\/p>\n<p>Turbodmychadlo 1G544-17013 se montuje na\u00a0<strong>Motory Kubota V3800T<\/strong>, Tento motor se pou\u017e\u00edv\u00e1 pro\u00a0<strong>Motor rypadla SDLG<\/strong><strong>,\u00a0<\/strong>Turbodmychadlo je vlastn\u011b vzduchov\u00fd kompresor, kter\u00fd stla\u010duje vzduch pro zv\u00fd\u0161en\u00ed p\u0159\u00edvodu vzduchu.Je to pou\u017eit\u00ed v\u00fdfukov\u00fdch plyn\u016f motoru ze setrva\u010dn\u00e9 s\u00edly k tla\u010den\u00ed turb\u00edny vnit\u0159n\u00ed turb\u00edny, turb\u00edny a poh\u00e1n\u011bt koaxi\u00e1ln\u00ed ob\u011b\u017en\u00e9 kolo, tlak ob\u011b\u017en\u00e9ho kola poslat vzduchov\u00fdm filtrem potrub\u00ed poslal vzduch, pod tlakem do v\u00e1lce.Kdy\u017e se zv\u00fd\u0161\u00ed ot\u00e1\u010dky motoru, zv\u00fd\u0161\u00ed se tak\u00e9 rychlost vypou\u0161t\u011bn\u00ed v\u00fdfukov\u00fdch plyn\u016f a synchronizace ot\u00e1\u010dek turb\u00edny, ob\u011b\u017en\u00e9 kolo stla\u010d\u00ed v\u00edce vzduchu do v\u00e1lce, zv\u00fd\u0161\u00ed se tlak a hustota vzduchu, aby se sp\u00e1lilo v\u00edce paliva, odpov\u00eddaj\u00edc\u00ed zv\u00fd\u0161en\u00ed mno\u017estv\u00ed paliva a \u00faprava ot\u00e1\u010dek motoru, m\u016f\u017ee se zv\u00fd\u0161it v\u00fdstupn\u00ed v\u00fdkon motoru. Sou\u010d\u00e1sti za\u0159\u00edzen\u00ed SDLG v\u010detn\u011b\u00a0<strong>N\u00e1hradn\u00ed d\u00edly pro rypadla SDLG<\/strong>, \u00a0<strong>N\u00e1hradn\u00ed d\u00edly pro naklada\u010de SDLG<\/strong>\u00a0, n\u00e1hradn\u00ed d\u00edly pro gradery SDLG , m\u00e1te n\u011bjak\u00e9 dotazy, po\u0161lete pros\u00edm mail na\u0161\u00ed spole\u010dnosti, odpov\u00edme v\u00e1m hned.\u00a0<br \/>\nTurbodmychadlo 1G544-17013 Specifikace\u00a0<\/p>\n<p>\u010c\u00edslo d\u00edlu 49189-00910<\/p>\n<p>P\u0159edchoz\u00ed verze 4918900910, 49189-00900<br \/>\n\u010c\u00edslo d\u00edlu OEM 16533-17011, 1653317011, 1G544-17012, 1G54417012, 1G544-17013<br \/>\nPopis Industrial, Earth Moving excavartor SDLG\u00a0<br \/>\nCHRA 49189-08110\u00a0<br \/>\nTurbo Model TD04HL-13GK, TD04HL-13GK-8.5<br \/>\nModel motoru V3800, DI-T A47GT, D3502<br \/>\nLo\u017eiskov\u00e9 pouzdro 49189-26400 (chlazen\u00e9 olejem)<br \/>\nTurb\u00ednov\u00e9 kolo 49189-30100<br \/>\nComp. Wheel 49189-40200<br \/>\nOpravn\u00e1 sada 49189-84000\u00a0<br \/>\nKryt turb\u00edny 49189-15700<br \/>\nKryt kompresoru 49189-50320<br \/>\nSk\u0159\u00ed\u0148 turb\u00edny AR 6.0<\/p>\n<p>Profil spole\u010dnosti\u00a0<\/p>\n<p>Jining Kunpeng Construction Machinery Equipment Co., Ltd. byla zalo\u017eena v roce 2013 se z\u00e1kladn\u00edm kapit\u00e1lem 200 milion\u016f juan\u016f, st\u00e1vaj\u00edc\u00ed zam\u011bstnanci 36 lid\u00ed, se zab\u00fdv\u00e1 stroj\u00edrensk\u00fdch v\u00fdrobk\u016f a p\u0159\u00edslu\u0161enstv\u00ed, specializovan\u00e9 spole\u010dnosti,<\/p>\n<p>s nez\u00e1visl\u00fdmi pr\u00e1vy na dovoz a v\u00fdvoz. Hlavn\u00ed z\u00e1stupce bagr\u016f a buldozer\u016f Komatsu, elektrick\u00fdch v\u00fdrobk\u016f pro buldozery Shantui, v\u00fdrobk\u016f vzduchov\u00fdch filtr\u016f Donaldson; japonsk\u00fdch ( Mitshubishi, Komatsu, Isuzu, Kubota, Yanmar ) motorov\u00fdch stroj\u016f a n\u00e1hradn\u00edch d\u00edl\u016f; n\u00e1hradn\u00edch d\u00edl\u016f pro dieselov\u00e9 motory Cummins, Deutz, n\u00e1hradn\u00edch d\u00edl\u016f pro n\u00e1mo\u0159n\u00ed a gener\u00e1torov\u00e9 dieselov\u00e9 motory, p\u0159\u00edslu\u0161enstv\u00ed pro palivov\u00e9 d\u0159evo, Weichai, velk\u00e9 dieselov\u00e9 motory; prodej hydraulick\u00fdch \u010derpadel, motor\u016f, hydraulick\u00fdch ventil\u016f zn\u00e1m\u00fdch zna\u010dek. Spole\u010dnosti a dom\u00e1c\u00ed v\u00fdrobn\u00ed z\u00e1vod na v\u00fdrobu bagr\u016f ( Sany, Lianzhong Branch, Hill redevelopment machine, SDLG, Strong Construction Machinery Co., Ltd., Foton Lovol, Shandong liShide ) v \u00fazk\u00e9 spolupr\u00e1ci, \u00fasp\u011b\u0161n\u011b podporujeJaponsk\u00e9 elektronick\u00e9 v\u00fdrobky, vzduchov\u00fd filtr Donaldson, kabiny bagr\u016f, tlumi\u010de v\u00fdfuku, v\u00fdrobky Danfoss Auto, DSE, COMAP, WOODWARD CONTROLLER a dal\u0161\u00ed v\u00fdrobky, s vysokou kvalitou v\u00fdrobk\u016f a dokonal\u00fdm poprodejn\u00edm servisem, z\u00edskaly v\u00fdrobci vysok\u00e9 hodnocen\u00ed.<br \/>\nPodrobn\u00e9 obr\u00e1zky pro turbodmychadlo\u00a0<\/p>\n<p><img fetchpriority=\"high\" decoding=\"async\" class=\"alignnone wp-image-7050 size-full\" src=\"https:\/\/www.excavatorenginepart.com\/wp-content\/uploads\/2022\/04\/Kubota-engine-part-turbocharger-1G544-17013-01.jpg\" alt=\"\" width=\"534\" height=\"495\" srcset=\"https:\/\/www.excavatorenginepart.com\/wp-content\/uploads\/2022\/04\/Kubota-engine-part-turbocharger-1G544-17013-01.jpg 534w, https:\/\/www.excavatorenginepart.com\/wp-content\/uploads\/2022\/04\/Kubota-engine-part-turbocharger-1G544-17013-01-300x278.jpg 300w\" sizes=\"(max-width: 534px) 100vw, 534px\" \/><\/p>\n<p>TD04HL-13GK 49189-00910 16533-17011 1G544-17013 Turbodmychadlo pro zemn\u00ed stroje Kubota V3800<\/p>\n<p><img decoding=\"async\" class=\"alignnone wp-image-7051 size-full\" src=\"https:\/\/www.excavatorenginepart.com\/wp-content\/uploads\/2022\/04\/Kubota-engine-part-turbocharger-1G544-17013-02.jpg\" alt=\"\" width=\"528\" height=\"492\" srcset=\"https:\/\/www.excavatorenginepart.com\/wp-content\/uploads\/2022\/04\/Kubota-engine-part-turbocharger-1G544-17013-02.jpg 528w, https:\/\/www.excavatorenginepart.com\/wp-content\/uploads\/2022\/04\/Kubota-engine-part-turbocharger-1G544-17013-02-300x280.jpg 300w\" sizes=\"(max-width: 528px) 100vw, 528px\" \/><\/p>\n<p style=\"font-weight: 400;\"><strong>1G544-17013 pro motory r\u00fdpadel SDLG<\/strong><\/p>\n<p style=\"font-weight: 400;\"><strong>Turbodmychadlo vzn\u011btov\u00fdch motor\u016f rypadel\u00a0<\/strong><\/p>\n<table style=\"font-weight: 400;\">\n<tbody>\n<tr>\n<td width=\"99\">\n<p>model turbodmychadla<\/p>\n<\/td>\n<td width=\"122\">\n<p>\u010d\u00edslo d\u00edlu<\/p>\n<\/td>\n<td width=\"100\">\n<p>shodn\u00fd motor<\/p>\n<\/td>\n<td width=\"144\">\n<p>sp\u00e1rovan\u00e1 vozidla<\/p>\n<\/td>\n<td width=\"86\">\n<p>pozn\u00e1mka<\/p>\n<\/td>\n<\/tr>\n<tr>\n<td width=\"99\">\n<p>TA3103<\/p>\n<\/td>\n<td width=\"122\">\n<p>6205-81<\/p>\n<\/td>\n<td width=\"100\">\n<p>S4D95<\/p>\n<\/td>\n<td width=\"144\">\n<p>KOMATSU PC100-5 PC120-5<\/p>\n<\/td>\n<td width=\"86\">\n<p>&nbsp;<\/p>\n<\/td>\n<\/tr>\n<tr>\n<td width=\"99\">\n<p>TO4B53<\/p>\n<\/td>\n<td width=\"122\">\n<p>6137-82-8200<\/p>\n<\/td>\n<td width=\"100\">\n<p>S6D105<\/p>\n<\/td>\n<td width=\"144\">\n<p>KOMATSU PC200-3<\/p>\n<\/td>\n<td width=\"86\">\n<p>&nbsp;<\/p>\n<\/td>\n<\/tr>\n<tr>\n<td width=\"99\">\n<p>TO4B59<\/p>\n<\/td>\n<td width=\"122\">\n<p>6207-81-8210<\/p>\n<\/td>\n<td width=\"100\">\n<p>S6D95<\/p>\n<\/td>\n<td width=\"144\">\n<p>KOMATSU PC200-5<\/p>\n<\/td>\n<td width=\"86\">\n<p>&nbsp;<\/p>\n<\/td>\n<\/tr>\n<tr>\n<td width=\"99\">\n<p>TA3137<\/p>\n<\/td>\n<td width=\"122\">\n<p>6207-81-8331<\/p>\n<\/td>\n<td width=\"100\">\n<p>S6D95L<\/p>\n<\/td>\n<td width=\"144\">\n<p>KOMATSU PC200-6<\/p>\n<\/td>\n<td width=\"86\">\n<p>&nbsp;<\/p>\n<\/td>\n<\/tr>\n<tr>\n<td width=\"99\">\n<p>HX35<\/p>\n<\/td>\n<td width=\"122\">\n<p>6735-81-8031<\/p>\n<\/td>\n<td width=\"100\">\n<p>S6D102<\/p>\n<\/td>\n<td width=\"144\">\n<p>KOMATSU PC220-6<\/p>\n<\/td>\n<td width=\"86\">\n<p>&nbsp;<\/p>\n<\/td>\n<\/tr>\n<tr>\n<td width=\"99\">\n<p>TO4B08<\/p>\n<\/td>\n<td width=\"122\">\n<p>6222-83-8170<\/p>\n<\/td>\n<td width=\"100\">\n<p>S6D108<\/p>\n<\/td>\n<td width=\"144\">\n<p>KOMATSU PC300-5\/6<\/p>\n<\/td>\n<td width=\"86\">\n<p>&nbsp;<\/p>\n<\/td>\n<\/tr>\n<tr>\n<td width=\"99\">\n<p>TA51<\/p>\n<\/td>\n<td width=\"122\">\n<p>6152-82-8210<\/p>\n<\/td>\n<td width=\"100\">\n<p>S6D125<\/p>\n<\/td>\n<td width=\"144\">\n<p>KOMATSU PC400-3\/5<\/p>\n<\/td>\n<td width=\"86\">\n<p>&nbsp;<\/p>\n<\/td>\n<\/tr>\n<tr>\n<td width=\"99\">\n<p>TD04-15G<\/p>\n<\/td>\n<td width=\"122\">\n<p>49189-00501<\/p>\n<\/td>\n<td width=\"100\">\n<p>4BD1 4BG1<\/p>\n<\/td>\n<td width=\"144\">\n<p>HITACHI 120<\/p>\n<\/td>\n<td width=\"86\">\n<p>&nbsp;<\/p>\n<\/td>\n<\/tr>\n<tr>\n<td width=\"99\">\n<p>RHC7<\/p>\n<\/td>\n<td width=\"122\">\n<p>114400-2100<\/p>\n<\/td>\n<td width=\"100\">\n<p>6BD1T<\/p>\n<\/td>\n<td width=\"144\">\n<p>HITACHI EX200-1<\/p>\n<\/td>\n<td width=\"86\">\n<p>&nbsp;<\/p>\n<\/td>\n<\/tr>\n<tr>\n<td width=\"99\">\n<p>EX200-2<\/p>\n<\/td>\n<td width=\"122\">\n<p>114400-2720<\/p>\n<\/td>\n<td width=\"100\">\n<p>6BD1T<\/p>\n<\/td>\n<td width=\"144\">\n<p>HITACHI EX200-2<\/p>\n<\/td>\n<td width=\"86\">\n<p>&nbsp;<\/p>\n<\/td>\n<\/tr>\n<tr>\n<td width=\"99\">\n<p>EX200-5<\/p>\n<\/td>\n<td width=\"122\">\n<p>114400-3320<\/p>\n<\/td>\n<td width=\"100\">\n<p>6BG10054<\/p>\n<\/td>\n<td width=\"144\">\n<p>HITACHI EX200-5<\/p>\n<\/td>\n<td width=\"86\">\n<p>&nbsp;<\/p>\n<\/td>\n<\/tr>\n<tr>\n<td width=\"99\">\n<p>EX300-1<\/p>\n<\/td>\n<td width=\"122\">\n<p>24100-1440<\/p>\n<\/td>\n<td width=\"100\">\n<p>EP100<\/p>\n<\/td>\n<td width=\"144\">\n<p>HITACHI EX300-1<\/p>\n<\/td>\n<td width=\"86\">\n<p>&nbsp;<\/p>\n<\/td>\n<\/tr>\n<tr>\n<td width=\"99\">\n<p>EX300-3<\/p>\n<\/td>\n<td width=\"122\">\n<p>114400-3340<\/p>\n<\/td>\n<td width=\"100\">\n<p>6BD1<\/p>\n<\/td>\n<td width=\"144\">\n<p>HITACHI EX300-3<\/p>\n<\/td>\n<td width=\"86\">\n<p>&nbsp;<\/p>\n<\/td>\n<\/tr>\n<tr>\n<td width=\"99\">\n<p>TD06H-14C<\/p>\n<\/td>\n<td width=\"122\">\n<p>49179-00451<\/p>\n<\/td>\n<td width=\"100\">\n<p>S6K<\/p>\n<\/td>\n<td width=\"144\">\n<p>CAT E200B<\/p>\n<\/td>\n<td width=\"86\">\n<p>&nbsp;<\/p>\n<\/td>\n<\/tr>\n<tr>\n<td width=\"99\">\n<p>E320B<\/p>\n<\/td>\n<td width=\"122\">\n<p>51-8018<\/p>\n<\/td>\n<td width=\"100\">\n<p>3066<\/p>\n<\/td>\n<td width=\"144\">\n<p>CAT E320B<\/p>\n<\/td>\n<td width=\"86\">\n<p>&nbsp;<\/p>\n<\/td>\n<\/tr>\n<tr>\n<td width=\"99\">\n<p>CAT320<\/p>\n<\/td>\n<td width=\"122\">\n<p>&nbsp;<\/p>\n<\/td>\n<td width=\"100\">\n<p>S6K<\/p>\n<\/td>\n<td width=\"144\">\n<p>CAT CAT320<\/p>\n<\/td>\n<td width=\"86\">\n<p>&nbsp;<\/p>\n<\/td>\n<\/tr>\n<tr>\n<td width=\"99\">\n<p>TA3134<\/p>\n<\/td>\n<td width=\"122\">\n<p>ME088488<\/p>\n<\/td>\n<td width=\"100\">\n<p>6D31<\/p>\n<\/td>\n<td width=\"144\">\n<p>KATO 700-7<\/p>\n<\/td>\n<td width=\"86\">\n<p>&nbsp;<\/p>\n<\/td>\n<\/tr>\n<tr>\n<td width=\"99\">\n<p>TD06H-17A<\/p>\n<\/td>\n<td width=\"122\">\n<p>49175-00428<\/p>\n<\/td>\n<td width=\"100\">\n<p>6D14<\/p>\n<\/td>\n<td width=\"144\">\n<p>KATO 800-7<\/p>\n<\/td>\n<td width=\"86\">\n<p>&nbsp;<\/p>\n<\/td>\n<\/tr>\n<tr>\n<td width=\"99\">\n<p>TD04-13G<\/p>\n<\/td>\n<td width=\"122\">\n<p>ME080442<\/p>\n<\/td>\n<td width=\"100\">\n<p>4D31T<\/p>\n<\/td>\n<td width=\"144\">\n<p>KATO 400-7<\/p>\n<\/td>\n<td width=\"86\">\n<p>&nbsp;<\/p>\n<\/td>\n<\/tr>\n<tr>\n<td width=\"99\">\n<p>6D16<\/p>\n<\/td>\n<td width=\"122\">\n<p>&nbsp;<\/p>\n<\/td>\n<td width=\"100\">\n<p>6D16<\/p>\n<\/td>\n<td width=\"144\">\n<p>KATO 900-5<\/p>\n<\/td>\n<td width=\"86\">\n<p>&nbsp;<\/p>\n<\/td>\n<\/tr>\n<tr>\n<td width=\"99\">\n<p>TD06H-17C<\/p>\n<\/td>\n<td width=\"122\">\n<p>49179-02110<\/p>\n<\/td>\n<td width=\"100\">\n<p>S6D31<\/p>\n<\/td>\n<td width=\"144\">\n<p>KATO 700-5<\/p>\n<\/td>\n<td width=\"86\">\n<p>&nbsp;<\/p>\n<\/td>\n<\/tr>\n<tr>\n<td width=\"99\">\n<p>TD08<\/p>\n<\/td>\n<td width=\"122\">\n<p>ME15464 49188-02161<\/p>\n<\/td>\n<td width=\"100\">\n<p>6D22<\/p>\n<\/td>\n<td width=\"144\">\n<p>KATO 1250-7<\/p>\n<\/td>\n<td width=\"86\">\n<p>&nbsp;<\/p>\n<\/td>\n<\/tr>\n<tr>\n<td width=\"99\">\n<p>TD05-10A<\/p>\n<\/td>\n<td width=\"122\">\n<p>49178-00550<\/p>\n<\/td>\n<td width=\"100\">\n<p>4D31T<\/p>\n<\/td>\n<td width=\"144\">\n<p>KATO 400450<\/p>\n<\/td>\n<td width=\"86\">\n<p>&nbsp;<\/p>\n<\/td>\n<\/tr>\n<tr>\n<td width=\"99\">\n<p>TD04<\/p>\n<\/td>\n<td width=\"122\">\n<p>49189-00800<\/p>\n<\/td>\n<td width=\"100\">\n<p>4BD1<\/p>\n<\/td>\n<td width=\"144\">\n<p>Sumitomo 120<\/p>\n<\/td>\n<td width=\"86\">\n<p>&nbsp;<\/p>\n<\/td>\n<\/tr>\n<tr>\n<td width=\"99\">\n<p>S200<\/p>\n<\/td>\n<td width=\"122\">\n<p>114400-2720<\/p>\n<\/td>\n<td width=\"100\">\n<p>6BD1T<\/p>\n<\/td>\n<td width=\"144\">\n<p>Sumitomo 200<\/p>\n<\/td>\n<td width=\"86\">\n<p>&nbsp;<\/p>\n<\/td>\n<\/tr>\n<tr>\n<td width=\"99\">\n<p>TE06H-16M<\/p>\n<\/td>\n<td width=\"122\">\n<p>49185-01020<\/p>\n<\/td>\n<td width=\"100\">\n<p>6D34<\/p>\n<\/td>\n<td width=\"144\">\n<p>Shinko 200-6 KATO820<\/p>\n<\/td>\n<td width=\"86\">\n<p>&nbsp;<\/p>\n<\/td>\n<\/tr>\n<tr>\n<td width=\"99\">\n<p>TE06H-12M<\/p>\n<\/td>\n<td width=\"122\">\n<p>49185-01010<\/p>\n<\/td>\n<td width=\"100\">\n<p>6D34<\/p>\n<\/td>\n<td width=\"144\">\n<p>&nbsp;<\/p>\n<\/td>\n<td width=\"86\">\n<p>&nbsp;<\/p>\n<\/td>\n<\/tr>\n<tr>\n<td width=\"99\">\n<p>8DC90<\/p>\n<\/td>\n<td width=\"122\">\n<p>49166-50100<\/p>\n<\/td>\n<td width=\"100\">\n<p>6D22<\/p>\n<\/td>\n<td width=\"144\">\n<p>&nbsp;<\/p>\n<\/td>\n<td width=\"86\">\n<p>&nbsp;<\/p>\n<\/td>\n<\/tr>\n<tr>\n<td width=\"99\">\n<p>TD07-9<\/p>\n<\/td>\n<td width=\"122\">\n<p>49187-00271<\/p>\n<\/td>\n<td width=\"100\">\n<p>6D14<\/p>\n<\/td>\n<td width=\"144\">\n<p>&nbsp;<\/p>\n<\/td>\n<td width=\"86\">\n<p>&nbsp;<\/p>\n<\/td>\n<\/tr>\n<tr>\n<td width=\"99\">\n<p>TB4150<\/p>\n<\/td>\n<td width=\"122\">\n<p>114400-1070<\/p>\n<\/td>\n<td width=\"100\">\n<p>6BD1T<\/p>\n<\/td>\n<td width=\"144\">\n<p>Shinko 280<\/p>\n<\/td>\n<td width=\"86\">\n<p>&nbsp;<\/p>\n<\/td>\n<\/tr>\n<tr>\n<td width=\"99\">\n<p>RHE6<\/p>\n<\/td>\n<td width=\"122\">\n<p>RHE6Q30-543-1<\/p>\n<\/td>\n<td width=\"100\">\n<p>6114<\/p>\n<\/td>\n<td width=\"144\">\n<p>Naklada\u010d<\/p>\n<\/td>\n<td width=\"86\">\n<p>&nbsp;<\/p>\n<\/td>\n<\/tr>\n<tr>\n<td rowspan=\"2\" width=\"99\">\n<p>RHE6<\/p>\n<\/td>\n<td rowspan=\"2\" width=\"122\">\n<p>RHE6Q30-543Z-1<\/p>\n<\/td>\n<td rowspan=\"2\" width=\"100\">\n<p>6114<\/p>\n<\/td>\n<td width=\"144\">\n<p>Naklada\u010d<\/p>\n<\/td>\n<td rowspan=\"2\" width=\"86\">\n<p>&nbsp;<\/p>\n<\/td>\n<\/tr>\n<tr>\n<td width=\"144\">\n<p>6135<\/p>\n<\/td>\n<\/tr>\n<tr>\n<td width=\"99\">\n<p>T-170<\/p>\n<\/td>\n<td width=\"122\">\n<p>&nbsp;<\/p>\n<\/td>\n<td width=\"100\">\n<p>&nbsp;<\/p>\n<\/td>\n<td width=\"144\">\n<p>Rusko 1710dozer<\/p>\n<\/td>\n<td width=\"86\">\n<p>&nbsp;<\/p>\n<\/td>\n<\/tr>\n<tr>\n<td width=\"99\">\n<p>S2BG<\/p>\n<\/td>\n<td width=\"122\">\n<p>02102-0362<\/p>\n<\/td>\n<td width=\"100\">\n<p>DEUTZ 1013<\/p>\n<\/td>\n<td width=\"144\">\n<p>FAW<\/p>\n<\/td>\n<td width=\"86\">\n<p>&nbsp;<\/p>\n<\/td>\n<\/tr>\n<tr>\n<td width=\"99\">\n<p>75Z<\/p>\n<\/td>\n<td width=\"122\">\n<p>23D04-0314<\/p>\n<\/td>\n<td width=\"100\">\n<p>DEUTZ 913\/912<\/p>\n<\/td>\n<td width=\"144\">\n<p>&nbsp;<\/p>\n<\/td>\n<td width=\"86\">\n<p>&nbsp;<\/p>\n<\/td>\n<\/tr>\n<tr>\n<td width=\"99\">\n<p>S2B<\/p>\n<\/td>\n<td width=\"122\">\n<p>317809<\/p>\n<\/td>\n<td width=\"100\">\n<p>16G01-0215<\/p>\n<\/td>\n<td width=\"144\">\n<p>&nbsp;<\/p>\n<\/td>\n<td width=\"86\">\n<p>160 PS<\/p>\n<\/td>\n<\/tr>\n<tr>\n<td width=\"99\">\n<p>EX200<\/p>\n<\/td>\n<td width=\"122\">\n<p>&nbsp;<\/p>\n<\/td>\n<td width=\"100\">\n<p>Sumitomo 200<\/p>\n<\/td>\n<td width=\"144\">\n<p>&nbsp;<\/p>\n<\/td>\n<td width=\"86\">\n<p>&nbsp;<\/p>\n<\/td>\n<\/tr>\n<tr>\n<td width=\"99\">\n<p>FD46<\/p>\n<\/td>\n<td width=\"122\">\n<p>&nbsp;<\/p>\n<\/td>\n<td width=\"100\">\n<p>NISSON<\/p>\n<\/td>\n<td width=\"144\">\n<p>&nbsp;<\/p>\n<\/td>\n<td width=\"86\">\n<p>130 K<\/p>\n<\/td>\n<\/tr>\n<tr>\n<td width=\"99\">\n<p>RHE6<\/p>\n<\/td>\n<td width=\"122\">\n<p>RHE6Q25-543Z-2<\/p>\n<\/td>\n<td width=\"100\">\n<p>D6114<\/p>\n<\/td>\n<td width=\"144\">\n<p>&nbsp;<\/p>\n<\/td>\n<td width=\"86\">\n<p>&nbsp;<\/p>\n<\/td>\n<\/tr>\n<tr>\n<td width=\"99\">\n<p>422<\/p>\n<\/td>\n<td width=\"122\">\n<p>466721-12<\/p>\n<\/td>\n<td width=\"100\">\n<p>OM422<\/p>\n<\/td>\n<td width=\"144\">\n<p>BENZ<\/p>\n<\/td>\n<td width=\"86\">\n<p>&nbsp;<\/p>\n<\/td>\n<\/tr>\n<tr>\n<td width=\"99\">\n<p>441<\/p>\n<\/td>\n<td width=\"122\">\n<p>&nbsp;<\/p>\n<\/td>\n<td width=\"100\">\n<p>OM441<\/p>\n<\/td>\n<td width=\"144\">\n<p>BENZ<\/p>\n<\/td>\n<td width=\"86\">\n<p>&nbsp;<\/p>\n<\/td>\n<\/tr>\n<tr>\n<td width=\"99\">\n<p>J56<\/p>\n<\/td>\n<td width=\"122\">\n<p>&nbsp;<\/p>\n<\/td>\n<td width=\"100\">\n<p>WD4105<\/p>\n<\/td>\n<td width=\"144\">\n<p>&nbsp;<\/p>\n<\/td>\n<td width=\"86\">\n<p>1500-1800 OT\u00c1\u010cEK ZA MINUTU<\/p>\n<\/td>\n<\/tr>\n<tr>\n<td width=\"99\">\n<p>J65<\/p>\n<\/td>\n<td width=\"122\">\n<p>&nbsp;<\/p>\n<\/td>\n<td width=\"100\">\n<p>485,495<\/p>\n<\/td>\n<td width=\"144\">\n<p>&nbsp;<\/p>\n<\/td>\n<td width=\"86\">\n<p>&nbsp;<\/p>\n<\/td>\n<\/tr>\n<tr>\n<td width=\"99\">\n<p>HIJ-1<\/p>\n<\/td>\n<td width=\"122\">\n<p>6105<\/p>\n<\/td>\n<td width=\"100\">\n<p>LR6105ZJ51<\/p>\n<\/td>\n<td width=\"144\">\n<p>&nbsp;<\/p>\n<\/td>\n<td width=\"86\">\n<p>&nbsp;<\/p>\n<\/td>\n<\/tr>\n<tr>\n<td width=\"99\">\n<p>HX30W<\/p>\n<\/td>\n<td width=\"122\">\n<p>3592121<\/p>\n<\/td>\n<td width=\"100\">\n<p>4D102<\/p>\n<\/td>\n<td width=\"144\">\n<p>&nbsp;<\/p>\n<\/td>\n<td width=\"86\">\n<p>&nbsp;<\/p>\n<\/td>\n<\/tr>\n<tr>\n<td width=\"99\">\n<p>TB28<\/p>\n<\/td>\n<td width=\"122\">\n<p>73000-5009<\/p>\n<\/td>\n<td width=\"100\">\n<p>4110<\/p>\n<\/td>\n<td width=\"144\">\n<p>&nbsp;<\/p>\n<\/td>\n<td width=\"86\">\n<p>&nbsp;<\/p>\n<\/td>\n<\/tr>\n<tr>\n<td width=\"99\">\n<p>PC300<\/p>\n<\/td>\n<td width=\"122\">\n<p>SAA601081<\/p>\n<\/td>\n<td width=\"100\">\n<p>&nbsp;<\/p>\n<\/td>\n<td width=\"144\">\n<p>KOMATSU<\/p>\n<\/td>\n<td width=\"86\">\n<p>&nbsp;<\/p>\n<\/td>\n<\/tr>\n<tr>\n<td width=\"99\">\n<p>VOLVO<\/p>\n<\/td>\n<td width=\"122\">\n<p>S200 043Z<\/p>\n<\/td>\n<td width=\"100\">\n<p>VOLVO<\/p>\n<\/td>\n<td width=\"144\">\n<p>210<\/p>\n<\/td>\n<td width=\"86\">\n<p>&nbsp;<\/p>\n<\/td>\n<\/tr>\n<tr>\n<td width=\"99\">\n<p>HX35<\/p>\n<\/td>\n<td width=\"122\">\n<p>3597913<\/p>\n<\/td>\n<td width=\"100\">\n<p>CUMMINS<\/p>\n<\/td>\n<td width=\"144\">\n<p>210ps<\/p>\n<\/td>\n<td width=\"86\">\n<p>&nbsp;<\/p>\n<\/td>\n<\/tr>\n<tr>\n<td width=\"99\">\n<p>80J-3<\/p>\n<\/td>\n<td width=\"122\">\n<p>&nbsp;<\/p>\n<\/td>\n<td width=\"100\">\n<p>6105<\/p>\n<\/td>\n<td width=\"144\">\n<p>&nbsp;<\/p>\n<\/td>\n<td width=\"86\">\n<p>&nbsp;<\/p>\n<\/td>\n<\/tr>\n<tr>\n<td width=\"99\">\n<p>KTP8.5H3<\/p>\n<\/td>\n<td width=\"122\">\n<p>&nbsp;<\/p>\n<\/td>\n<td width=\"100\">\n<p>RUSSIA HARVEST<\/p>\n<\/td>\n<td width=\"144\">\n<p>&nbsp;<\/p>\n<\/td>\n<td width=\"86\">\n<p>&nbsp;<\/p>\n<\/td>\n<\/tr>\n<tr>\n<td width=\"99\">\n<p>KTP8.5H1<\/p>\n<\/td>\n<td width=\"122\">\n<p>&nbsp;<\/p>\n<\/td>\n<td width=\"100\">\n<p>RUSSIA HARVEST<\/p>\n<\/td>\n<td width=\"144\">\n<p>&nbsp;<\/p>\n<\/td>\n<td width=\"86\">\n<p>&nbsp;<\/p>\n<\/td>\n<\/tr>\n<tr>\n<td width=\"99\">\n<p>RHF5<\/p>\n<\/td>\n<td width=\"122\">\n<p>8970385181<\/p>\n<\/td>\n<td width=\"100\">\n<p>ISUZU 4JG2<\/p>\n<\/td>\n<td width=\"144\">\n<p>&nbsp;<\/p>\n<\/td>\n<td width=\"86\">\n<p>IHI<\/p>\n<\/td>\n<\/tr>\n<tr>\n<td width=\"99\">\n<p>TBP4 20<\/p>\n<\/td>\n<td width=\"122\">\n<p>4665153<\/p>\n<\/td>\n<td width=\"100\">\n<p>ISUZU<\/p>\n<\/td>\n<td width=\"144\">\n<p>&nbsp;<\/p>\n<\/td>\n<td width=\"86\">\n<p>&nbsp;<\/p>\n<\/td>\n<\/tr>\n<\/tbody>\n<\/table>\n<p style=\"font-weight: 400;\">M\u016f\u017eeme dod\u00e1vat d\u00edly dieselov\u00fdch motor\u016f:<br \/>\nVzn\u011btov\u00e9 motory: Dieselov\u00fd motor Cummins, dieselov\u00fd motor Weichai, dieselov\u00fd motor Shangchai, dieselov\u00fd motor Komatsu, dieselov\u00fd motor Yanmar.\u00a0<\/p>\n<p style=\"font-weight: 400;\">D\u00edly pro rypadla: D\u00edly motoru rypadla, d\u00edly podvozku rypadla, koncov\u00fd pohon rypadla, hlavn\u00ed ventil rypadla, hydraulick\u00e9 \u010derpadlo rypadla.\u00a0<\/p>\n<p style=\"font-weight: 400;\">Sou\u010d\u00e1sti motoru: Sou\u010d\u00e1st motoru Cummins, sou\u010d\u00e1st motoru Deutz, sou\u010d\u00e1st motoru Volvo, sou\u010d\u00e1st motoru Caterpiller, sou\u010d\u00e1st motoru Kubota, sou\u010d\u00e1st motoru Yanmar, sou\u010d\u00e1st motoru Isuzu, sou\u010d\u00e1st motoru Mitsubishi, sou\u010d\u00e1st motoru Perkins, sou\u010d\u00e1st motoru komatsu, sou\u010d\u00e1st motoru Wechai, sou\u010d\u00e1st motoru Shangchai, sou\u010d\u00e1st motoru Yuchai.\u00a0<\/p>\n<p style=\"font-weight: 400;\">P\u0159\u00edpad \u00fasp\u011b\u0161n\u011b spolupracuj\u00edc\u00edch klient\u016f\u00a0<\/p>\n<p style=\"font-weight: 400;\">N\u00e1hradn\u00ed d\u00edly pro n\u00e1mo\u0159n\u00ed motory Iran-Mitsubishi<\/p>","protected":false},"excerpt":{"rendered":"<p>Kubota engine part turbocharger 1G544-17013\u00a0 Turbocharger 1G544-17013\u00a0is fitting on\u00a0Kubota V3800T engines, \u00a0This engine is used for\u00a0SDLG excavator engine,\u00a0A turbocharger is actually an air compressor that compresses air to increase air intake.It is the use of engine exhaust from inertial force to push the turbine indoor turbine, turbine and drive the coaxial impeller, the impeller pressure [&hellip;]<\/p>","protected":false},"featured_media":7049,"menu_order":0,"comment_status":"closed","ping_status":"closed","template":"","meta":{"_seopress_robots_primary_cat":"","_seopress_titles_title":"","_seopress_titles_desc":"","_seopress_robots_index":"","om_disable_all_campaigns":false,"_mi_skip_tracking":false,"_monsterinsights_sitenote_active":false,"_monsterinsights_sitenote_note":"","_monsterinsights_sitenote_category":0},"product_cat":[],"product_tag":[],"product_category":[117],"class_list":{"0":"post-7048","1":"product","2":"type-product","3":"status-publish","4":"has-post-thumbnail","6":"product_category-kubota-engine-part","8":"first","9":"instock","10":"shipping-taxable","11":"product-type-simple"},"acf":[],"_links":{"self":[{"href":"https:\/\/www.excavatorenginepart.com\/cs\/wp-json\/wp\/v2\/product\/7048","targetHints":{"allow":["GET"]}}],"collection":[{"href":"https:\/\/www.excavatorenginepart.com\/cs\/wp-json\/wp\/v2\/product"}],"about":[{"href":"https:\/\/www.excavatorenginepart.com\/cs\/wp-json\/wp\/v2\/types\/product"}],"replies":[{"embeddable":true,"href":"https:\/\/www.excavatorenginepart.com\/cs\/wp-json\/wp\/v2\/comments?post=7048"}],"wp:featuredmedia":[{"embeddable":true,"href":"https:\/\/www.excavatorenginepart.com\/cs\/wp-json\/wp\/v2\/media\/7049"}],"wp:attachment":[{"href":"https:\/\/www.excavatorenginepart.com\/cs\/wp-json\/wp\/v2\/media?parent=7048"}],"wp:term":[{"taxonomy":"product_cat","embeddable":true,"href":"https:\/\/www.excavatorenginepart.com\/cs\/wp-json\/wp\/v2\/product_cat?post=7048"},{"taxonomy":"product_tag","embeddable":true,"href":"https:\/\/www.excavatorenginepart.com\/cs\/wp-json\/wp\/v2\/product_tag?post=7048"},{"taxonomy":"product_category","embeddable":true,"href":"https:\/\/www.excavatorenginepart.com\/cs\/wp-json\/wp\/v2\/product_category?post=7048"}],"curies":[{"name":"wp","href":"https:\/\/api.w.org\/{rel}","templated":true}]}}