{"id":7043,"date":"2022-04-29T09:02:40","date_gmt":"2022-04-29T09:02:40","guid":{"rendered":"https:\/\/www.excavatorenginepart.com\/?post_type=product&#038;p=7043"},"modified":"2022-05-06T08:18:24","modified_gmt":"2022-05-06T08:18:24","slug":"electric-diesel-fuel-pump-r1401-51350-for-bobcat-excavator","status":"publish","type":"product","link":"https:\/\/www.excavatorenginepart.com\/cs\/product\/electric-diesel-fuel-pump-r1401-51350-for-bobcat-excavator\/","title":{"rendered":"Elektrick\u00e9 palivov\u00e9 \u010derpadlo R1401-51350 pro rypadla Bobcat"},"content":{"rendered":"<p>12V elektrick\u00e9 palivov\u00e9 \u010derpadlo R1401-51350 pro rypadla Bobcat\u00a0<\/p>\n<p>Elektrick\u00e9 palivov\u00e9 \u010derpadlo R1401-51350 se montuje na\u00a0<strong>Motory Kubota V2203<\/strong>, Nap\u011bt\u00ed je 12V\/24V, Tento motor se pou\u017e\u00edv\u00e1 pro\u00a0<strong>Motor rypadla SDLG<\/strong><strong>,\u00a0<\/strong>\u00dakolem olejov\u00e9ho \u010derpadla je zajistit cirkulaci nafty v n\u00edzkotlak\u00e9m olejov\u00e9m okruhu a dod\u00e1vat dostate\u010dn\u00e9 mno\u017estv\u00ed a ur\u010dit\u00fd tlak paliva do vst\u0159ikovac\u00edho \u010derpadla, p\u0159i\u010dem\u017e mno\u017estv\u00ed p\u0159e\u010derp\u00e1van\u00e9ho oleje by m\u011blo b\u00fdt 3-4n\u00e1sobkem maxim\u00e1ln\u00edho mno\u017estv\u00ed vst\u0159ikovan\u00e9ho oleje p\u0159i pln\u00e9m zat\u00ed\u017een\u00ed.Olejov\u00e1 \u010derpadla se d\u011bl\u00ed na olejov\u00e1 \u010derpadla p\u0159evodov\u00e9ho typu, membr\u00e1nov\u00e1 olejov\u00e1 \u010derpadla, plun\u017erov\u00e1 olejov\u00e1 \u010derpadla, olejov\u00e1 \u010derpadla potrubn\u00edho typu atd. excentr na va\u010dkov\u00e9m h\u0159\u00eddeli vst\u0159ikovac\u00edho \u010derpadla tla\u010d\u00ed p\u0159es v\u00e1le\u010dek a t\u00e1hlo na p\u00edst, \u010d\u00edm\u017e se otev\u00edr\u00e1 sac\u00ed zp\u011btn\u00fd ventil a posilovac\u00ed ventil, zat\u00edmco je p\u00edstov\u00e1 pru\u017eina stla\u010dena.Kdy\u017e se excentr p\u0159eval\u00ed p\u0159es v\u00e1le\u010dek, pru\u017eina pru\u017einy vytla\u010d\u00ed p\u00edst nahoru, v tu chv\u00edli se otev\u0159ou zp\u011btn\u00e9 ventily a dal\u0161\u00ed dva se zav\u0159ou. va\u010dkov\u00fd h\u0159\u00eddel ka\u017ed\u00e9 oto\u010den\u00ed, olejov\u00e9 \u010derpadlo dvakr\u00e1t. pokud tlak oleje na v\u00fdtla\u010dn\u00e9m potrub\u00ed vzroste v\u00edce ne\u017e s\u00edla pru\u017einy, p\u00edst z\u016fstane ve spodn\u00ed \u010d\u00e1sti olejov\u00e9ho \u010derpadla a po poklesu tlaku oleje bude pokra\u010dovat v dod\u00e1vce oleje.<\/p>\n<p>Elektrick\u00e9 palivov\u00e9 \u010derpadlo R1401-51350 Specifikace\u00a0<\/p>\n<p>M\u00edsto p\u016fvodu: \u010c\u00edna<br \/>\nN\u00e1zev zna\u010dky: Kubota\u00a0<br \/>\n\u010c\u00edslo modelu: R1401-54350 R1401-51352<br \/>\nStruktura: Zubov\u00e9 \u010derpadlo<br \/>\nPou\u017eit\u00ed: Olej<br \/>\nPou\u017eit\u00ed:  Bobcat 435 Excavator\u00a0<br \/>\nTlak: Vysok\u00fd tlak<br \/>\nVelikost: Standardn\u00ed velikost<br \/>\nN\u00e1zev d\u00edlu: R1401-51352 R1401-51350 pro M108 Bobcat 435<br \/>\nRozm\u011bry: Rozm\u011bry: 6,3 x 4,2 x 3,7 palce<br \/>\nHmotnost:0,35 kg<br \/>\nTeorie: Axi\u00e1ln\u00ed \u010derpadlo<\/p>\n<p><img fetchpriority=\"high\" decoding=\"async\" class=\"alignnone wp-image-7045 size-full\" src=\"https:\/\/www.excavatorenginepart.com\/wp-content\/uploads\/2022\/04\/Electric-Diesel-Fuel-Pump-R1401-51350-for-Bobcat-Excavator-01.jpg\" alt=\"\" width=\"534\" height=\"403\" srcset=\"https:\/\/www.excavatorenginepart.com\/wp-content\/uploads\/2022\/04\/Electric-Diesel-Fuel-Pump-R1401-51350-for-Bobcat-Excavator-01.jpg 534w, https:\/\/www.excavatorenginepart.com\/wp-content\/uploads\/2022\/04\/Electric-Diesel-Fuel-Pump-R1401-51350-for-Bobcat-Excavator-01-300x226.jpg 300w\" sizes=\"(max-width: 534px) 100vw, 534px\" \/><\/p>\n<p><strong>Velkoobchodn\u00ed prodej palivov\u00e9ho \u010derpadla Kubota R1401-51350 pro D772 D1105<\/strong><\/p>\n<p><img decoding=\"async\" class=\"alignnone wp-image-7046 size-full\" src=\"https:\/\/www.excavatorenginepart.com\/wp-content\/uploads\/2022\/04\/Electric-Diesel-Fuel-Pump-R1401-51350-for-Bobcat-Excavator-02.jpg\" alt=\"\" width=\"536\" height=\"544\" srcset=\"https:\/\/www.excavatorenginepart.com\/wp-content\/uploads\/2022\/04\/Electric-Diesel-Fuel-Pump-R1401-51350-for-Bobcat-Excavator-02.jpg 536w, https:\/\/www.excavatorenginepart.com\/wp-content\/uploads\/2022\/04\/Electric-Diesel-Fuel-Pump-R1401-51350-for-Bobcat-Excavator-02-296x300.jpg 296w\" sizes=\"(max-width: 536px) 100vw, 536px\" \/><\/p>\n<p>N\u00e1hradn\u00ed palivov\u00e9 \u010derpadlo Kubota 16851-52030 pro Z482 D722 V2203<\/p>\n<p><img decoding=\"async\" class=\"alignnone wp-image-7047 size-full\" src=\"https:\/\/www.excavatorenginepart.com\/wp-content\/uploads\/2022\/04\/Electric-Diesel-Fuel-Pump-R1401-51350-for-Bobcat-Excavator-03.jpg\" alt=\"\" width=\"536\" height=\"534\" srcset=\"https:\/\/www.excavatorenginepart.com\/wp-content\/uploads\/2022\/04\/Electric-Diesel-Fuel-Pump-R1401-51350-for-Bobcat-Excavator-03.jpg 536w, https:\/\/www.excavatorenginepart.com\/wp-content\/uploads\/2022\/04\/Electric-Diesel-Fuel-Pump-R1401-51350-for-Bobcat-Excavator-03-300x300.jpg 300w, https:\/\/www.excavatorenginepart.com\/wp-content\/uploads\/2022\/04\/Electric-Diesel-Fuel-Pump-R1401-51350-for-Bobcat-Excavator-03-150x150.jpg 150w\" sizes=\"(max-width: 536px) 100vw, 536px\" \/><\/p>\n<p>Elektrick\u00e9 palivov\u00e9 \u010derpadlo Kubota R1401-51350<\/p>","protected":false},"excerpt":{"rendered":"<p>12V Electric Diesel Fuel Pump R1401-51350 for Bobcat Excavator\u00a0 Electric Diesel Fuel Pump R1401-51350\u00a0is fitting on\u00a0Kubota V2203 engines, The voltage is 12V\/24V, \u00a0This engine is used for\u00a0SDLG excavator engine,\u00a0The function of the oil delivery pump is to ensure the circulation of diesel oil in the low-pressure oil circuit, and supply sufficient quantity and certain pressure [&hellip;]<\/p>","protected":false},"featured_media":7044,"menu_order":0,"comment_status":"closed","ping_status":"closed","template":"","meta":{"_seopress_robots_primary_cat":"","_seopress_titles_title":"","_seopress_titles_desc":"","_seopress_robots_index":"","om_disable_all_campaigns":false,"_mi_skip_tracking":false,"_monsterinsights_sitenote_active":false,"_monsterinsights_sitenote_note":"","_monsterinsights_sitenote_category":0},"product_cat":[],"product_tag":[],"product_category":[117],"class_list":{"0":"post-7043","1":"product","2":"type-product","3":"status-publish","4":"has-post-thumbnail","6":"product_category-kubota-engine-part","8":"first","9":"instock","10":"shipping-taxable","11":"product-type-simple"},"acf":[],"_links":{"self":[{"href":"https:\/\/www.excavatorenginepart.com\/cs\/wp-json\/wp\/v2\/product\/7043","targetHints":{"allow":["GET"]}}],"collection":[{"href":"https:\/\/www.excavatorenginepart.com\/cs\/wp-json\/wp\/v2\/product"}],"about":[{"href":"https:\/\/www.excavatorenginepart.com\/cs\/wp-json\/wp\/v2\/types\/product"}],"replies":[{"embeddable":true,"href":"https:\/\/www.excavatorenginepart.com\/cs\/wp-json\/wp\/v2\/comments?post=7043"}],"wp:featuredmedia":[{"embeddable":true,"href":"https:\/\/www.excavatorenginepart.com\/cs\/wp-json\/wp\/v2\/media\/7044"}],"wp:attachment":[{"href":"https:\/\/www.excavatorenginepart.com\/cs\/wp-json\/wp\/v2\/media?parent=7043"}],"wp:term":[{"taxonomy":"product_cat","embeddable":true,"href":"https:\/\/www.excavatorenginepart.com\/cs\/wp-json\/wp\/v2\/product_cat?post=7043"},{"taxonomy":"product_tag","embeddable":true,"href":"https:\/\/www.excavatorenginepart.com\/cs\/wp-json\/wp\/v2\/product_tag?post=7043"},{"taxonomy":"product_category","embeddable":true,"href":"https:\/\/www.excavatorenginepart.com\/cs\/wp-json\/wp\/v2\/product_category?post=7043"}],"curies":[{"name":"wp","href":"https:\/\/api.w.org\/{rel}","templated":true}]}}