{"id":7008,"date":"2022-04-29T07:41:11","date_gmt":"2022-04-29T07:41:11","guid":{"rendered":"https:\/\/www.excavatorenginepart.com\/?post_type=product&#038;p=7008"},"modified":"2022-05-06T08:38:08","modified_gmt":"2022-05-06T08:38:08","slug":"sdlg-excavator-engine-parts-turbocharger-1118010-d807","status":"publish","type":"product","link":"https:\/\/www.excavatorenginepart.com\/cs\/product\/sdlg-excavator-engine-parts-turbocharger-1118010-d807\/","title":{"rendered":"SDLG d\u00edly motoru rypadla turbodmychadlo 1118010-D807"},"content":{"rendered":"<p>SDLG d\u00edly motoru rypadla turbodmychadlo 1118010-D807<\/p>\n<p>Turbocharger 1118010-D807\u00a0fitting on Deutz BF6M2012 Diesel Engines\u00a0.\u00a0 This deutz engine is fitting on SDLG Excavator. We can supllied SDLG engine spare parts AND SDLG Excavator undercarriage spare parts.\u00a0<\/p>\n<p>Supercharger shall refer to engine inlet supercharger, including three forms: exhaust gas turbocharger, mechanical turbocharger and electric auxiliary turbocharger.By compressing the air with the supercharger, the intake density of the engine can be increased, which can increase the lift power of the engine.At the same time, the mixed combustion regulation of the engine is improved, which improves the combustion efficiency, and can also save fuel and reduce emissions.\u00a0<\/p>\n<p>We are deal with DEUTZ \/VOLVO engine parts, Such as \u00a0Deutz BFM1011\/BFM2011\/BFM1013\/BFM2012\/BFM2013\/TCD2012\/TCD2013 and FL912\/913,FL413,FL511\/513 engine parts and VOLVO EC210,EC240,EC290,D4D,D6D,D6E,D7D,D7E engine parts.\u00a0<\/p>\n<p><strong><span id=\"__kindeditor_bookmark_start_24__\"><\/span>Deutz BF6M2012\u00a0 Engine Parts Turbocharger 1118010-D807<\/strong><span id=\"__kindeditor_bookmark_end_25__\"><\/span>\u00a0this parts also fitting on volvo\u00a0VOLVO EC210,EC240,EC290 excavators ,Volvo\u00a0D4D,D6D,D6E,D7D,D7E diesel engines.\u00a0<\/p>\n<p>Deutz Engine Model : Deutz BFM1011\/BFM2011\/BFM1013\/BFM2012\/BFM2013\/TCD2012\/TCD2013, FL912\/913,FL413,FL511\/513.\u00a0<\/p>\n<p><strong>We also supplied :\u00a0<\/strong><\/p>\n<p>Engine Parts: Piston,liner, gasket set, bearing, valve, crankshaft,connect rod, camshaft,cyl block,cyl head, turbo,starter, water pump, alternator, feed pump, injector, fuel pump and so on.\u00a0<\/p>\n<p>Hydraulic Parts: Hyd pump,gear pump,regulator swing motor,travel motor,main control valve, panetary carrier assy,sun gear, panetary gear, cyl block&amp;valve plater, piston shoe .<\/p>\n<p>Electronic parts : Throttle\/stepper motor,electric appliance,Pressure Switch, Sensor, Switch Start Flameout Solenoid , monitor, controller\/ECU for excavators.<\/p>\n<p>SDLG Excavator Engine Parts Turbocharger 1118010-D807\u00a0Specifications : \u00a0<\/p>\n<p>ITEM: SDLG Excavator Engine Parts Turbocharger 1118010-D807\u00a0<\/p>\n<p>Part number: 1118010-D807<br \/>\nApply to:\u00a0 \u00a0 \u00a0Deutz BF6M2012\u00a0engine<br \/>\nColor: Iron<br \/>\nNet weight:20kg<br \/>\nBRAND \u00a0DEUTZ original<br \/>\nPackaging Details: 1pcs\/box\u00a0<br \/>\nWarranty: 6 months<\/p>\n<p><img fetchpriority=\"high\" decoding=\"async\" class=\"alignnone wp-image-7010 size-full\" src=\"https:\/\/www.excavatorenginepart.com\/wp-content\/uploads\/2022\/04\/SDLG-Excavator-Engine-Parts-Turbocharger-1118010-D807-01.jpg\" alt=\"\" width=\"535\" height=\"443\" srcset=\"https:\/\/www.excavatorenginepart.com\/wp-content\/uploads\/2022\/04\/SDLG-Excavator-Engine-Parts-Turbocharger-1118010-D807-01.jpg 535w, https:\/\/www.excavatorenginepart.com\/wp-content\/uploads\/2022\/04\/SDLG-Excavator-Engine-Parts-Turbocharger-1118010-D807-01-300x248.jpg 300w\" sizes=\"(max-width: 535px) 100vw, 535px\" \/><\/p>\n<p>In stock Deutz BF6M2012 turbocharger 1118010-D807<\/p>\n<p><img decoding=\"async\" class=\"alignnone wp-image-7011 size-full\" src=\"https:\/\/www.excavatorenginepart.com\/wp-content\/uploads\/2022\/04\/SDLG-Excavator-Engine-Parts-Turbocharger-1118010-D807-02.jpg\" alt=\"\" width=\"546\" height=\"621\" srcset=\"https:\/\/www.excavatorenginepart.com\/wp-content\/uploads\/2022\/04\/SDLG-Excavator-Engine-Parts-Turbocharger-1118010-D807-02.jpg 546w, https:\/\/www.excavatorenginepart.com\/wp-content\/uploads\/2022\/04\/SDLG-Excavator-Engine-Parts-Turbocharger-1118010-D807-02-264x300.jpg 264w\" sizes=\"(max-width: 546px) 100vw, 546px\" \/><\/p>\n<p><strong>Original Deutz BF6M2012 supercharger 1118010-D807<\/strong><\/p>\n<p>Profil spole\u010dnosti\u00a0<\/p>\n<p>Jining Kunpeng Construction Machinery Equipment Co., Ltd. byla zalo\u017eena v roce 2013 se z\u00e1kladn\u00edm kapit\u00e1lem 200 milion\u016f juan\u016f, st\u00e1vaj\u00edc\u00ed zam\u011bstnanci 36 lid\u00ed, se zab\u00fdv\u00e1 stroj\u00edrensk\u00fdch v\u00fdrobk\u016f a p\u0159\u00edslu\u0161enstv\u00ed, specializovan\u00e9 spole\u010dnosti, s independentimport a export pr\u00e1v. Hlavn\u00edm z\u00e1stupcem bagr\u016f a buldozer\u016f Komatsu , elektrick\u00fdch v\u00fdrobk\u016f buldozer\u016f Shantui, v\u00fdrobk\u016f vzduchov\u00fdch filtr\u016f Donaldson; japonsk\u00fdch (Mitshubishi, Komatsu, Isuzu, Kubota, Yanmar ) motorov\u00fdch stroj\u016f a n\u00e1hradn\u00edch d\u00edl\u016f; n\u00e1hradn\u00edch d\u00edl\u016f pro dieselov\u00e9 motory Cummins, Deutz, n\u00e1hradn\u00edch d\u00edl\u016f pro n\u00e1mo\u0159n\u00ed a gener\u00e1torov\u00e9 dieselov\u00e9 motory, p\u0159\u00edslu\u0161enstv\u00ed On firewood, Weichai, velk\u00fdch dieselov\u00fdch motor\u016f; prodej hydraulick\u00fdch \u010derpadel, motor\u016f, hydraulick\u00fdch ventil\u016f zn\u00e1m\u00fdch zna\u010dek. Spole\u010dnosti a dom\u00e1c\u00ed v\u00fdrobn\u00ed z\u00e1vod na v\u00fdrobu bagr\u016f (Sany, Lianzhong Branch, Hill redevelopment machine, SDLG, Strong Construction Machinery Co., Ltd., Foton Lovol, Shandong liShide) v \u00fazk\u00e9 spolupr\u00e1ci, \u00fasp\u011b\u0161n\u011b podporujeJaponsk\u00e9 elektronick\u00e9 v\u00fdrobky, vzduchov\u00fd filtr Donaldson, kabinu bagru, tlumi\u010de v\u00fdfuku, produkty Danfoss Auto, DSE, COMAP, WOODWARD CONTROLLER a dal\u0161\u00ed produkty, s vysokou kvalitou v\u00fdrobk\u016f a perfektn\u00edm poprodejn\u00edm servisem, z\u00edskaly v\u00fdrobci vysok\u00e9 hodnocen\u00ed.<br \/>\nV\u00fdhody produkt\u016f na\u0161\u00ed spole\u010dnosti<br \/>\nM\u016f\u017eeme dod\u00e1vat d\u00edly dieselov\u00fdch motor\u016f:<\/p>\n<p>Sou\u010d\u00e1sti motoru: Sou\u010d\u00e1st motoru Cummins, sou\u010d\u00e1st motoru Deutz, sou\u010d\u00e1st motoru Volvo, sou\u010d\u00e1st motoru Caterpiller, sou\u010d\u00e1st motoru Kubota, sou\u010d\u00e1st motoru Yanmar, sou\u010d\u00e1st motoru Isuzu, sou\u010d\u00e1st motoru Mitsubishi, sou\u010d\u00e1st motoru Perkins, sou\u010d\u00e1st motoru komatsu, sou\u010d\u00e1st motoru Wechai, sou\u010d\u00e1st motoru Shangchai, sou\u010d\u00e1st motoru Yuchai.<\/p>\n<p>Vzn\u011btov\u00e9 motory: Dieselov\u00fd motor Cummins, dieselov\u00fd motor Weichai, dieselov\u00fd motor Shangchai, dieselov\u00fd motor Komatsu, dieselov\u00fd motor Yanmar.\u00a0<\/p>\n<p>Sou\u010d\u00e1sti gener\u00e1toru: \u0158\u00eddic\u00ed jednotka DSE, \u0159\u00eddic\u00ed jednotka ComAp, \u0159\u00eddic\u00ed jednotka Woodward, \u0159\u00eddic\u00ed jednotka ot\u00e1\u010dek Cummins, \u0159\u00eddic\u00ed jednotka ot\u00e1\u010dek GAC, gener\u00e1torov\u00fd AVR, ak\u010dn\u00ed \u010dleny motoru, sn\u00edma\u010de motoru, m\u011b\u0159i\u010de motoru.\u00a0<\/p>\n<p>Our Large \u00a0Warehouse\u00a0<br \/>\nIn order to better serve customers, We have sufficient inventory, Bulldozer spare parts , Track link, Ider, Track Roller, Carrier Roller, Hydraulic Pump, Hydraulic Valve, Cylinder for Bulldozer , Cummins diesel engine and weichai diesel engine. So we can provide quickly delivery and made our clients to pleased with our service .\u00a0<\/p>\n<p><img decoding=\"async\" class=\"alignnone wp-image-7012 size-full\" src=\"https:\/\/www.excavatorenginepart.com\/wp-content\/uploads\/2022\/04\/SDLG-Excavator-Engine-Parts-Turbocharger-1118010-D807-03.jpg\" alt=\"\" width=\"521\" height=\"500\" srcset=\"https:\/\/www.excavatorenginepart.com\/wp-content\/uploads\/2022\/04\/SDLG-Excavator-Engine-Parts-Turbocharger-1118010-D807-03.jpg 521w, https:\/\/www.excavatorenginepart.com\/wp-content\/uploads\/2022\/04\/SDLG-Excavator-Engine-Parts-Turbocharger-1118010-D807-03-300x288.jpg 300w\" sizes=\"(max-width: 521px) 100vw, 521px\" \/><\/p>","protected":false},"excerpt":{"rendered":"<p>SDLG Excavator Engine Parts Turbocharger 1118010-D807 Turbocharger 1118010-D807\u00a0fitting on Deutz BF6M2012 Diesel Engines\u00a0.\u00a0 This deutz engine is fitting on SDLG Excavator. We can supllied SDLG engine spare parts AND SDLG Excavator undercarriage spare parts.\u00a0 Supercharger shall refer to engine inlet supercharger, including three forms: exhaust gas turbocharger, mechanical turbocharger and electric auxiliary turbocharger.By compressing the [&hellip;]<\/p>","protected":false},"featured_media":7009,"menu_order":0,"comment_status":"closed","ping_status":"closed","template":"","meta":{"_seopress_robots_primary_cat":"","_seopress_titles_title":"","_seopress_titles_desc":"","_seopress_robots_index":"","om_disable_all_campaigns":false,"_mi_skip_tracking":false,"_monsterinsights_sitenote_active":false,"_monsterinsights_sitenote_note":"","_monsterinsights_sitenote_category":0},"product_cat":[],"product_tag":[],"product_category":[116,124],"class_list":{"0":"post-7008","1":"product","2":"type-product","3":"status-publish","4":"has-post-thumbnail","6":"product_category-deutz-engine-part","7":"product_category-sdlg-loader-parts","9":"first","10":"instock","11":"shipping-taxable","12":"product-type-simple"},"acf":[],"_links":{"self":[{"href":"https:\/\/www.excavatorenginepart.com\/cs\/wp-json\/wp\/v2\/product\/7008","targetHints":{"allow":["GET"]}}],"collection":[{"href":"https:\/\/www.excavatorenginepart.com\/cs\/wp-json\/wp\/v2\/product"}],"about":[{"href":"https:\/\/www.excavatorenginepart.com\/cs\/wp-json\/wp\/v2\/types\/product"}],"replies":[{"embeddable":true,"href":"https:\/\/www.excavatorenginepart.com\/cs\/wp-json\/wp\/v2\/comments?post=7008"}],"wp:featuredmedia":[{"embeddable":true,"href":"https:\/\/www.excavatorenginepart.com\/cs\/wp-json\/wp\/v2\/media\/7009"}],"wp:attachment":[{"href":"https:\/\/www.excavatorenginepart.com\/cs\/wp-json\/wp\/v2\/media?parent=7008"}],"wp:term":[{"taxonomy":"product_cat","embeddable":true,"href":"https:\/\/www.excavatorenginepart.com\/cs\/wp-json\/wp\/v2\/product_cat?post=7008"},{"taxonomy":"product_tag","embeddable":true,"href":"https:\/\/www.excavatorenginepart.com\/cs\/wp-json\/wp\/v2\/product_tag?post=7008"},{"taxonomy":"product_category","embeddable":true,"href":"https:\/\/www.excavatorenginepart.com\/cs\/wp-json\/wp\/v2\/product_category?post=7008"}],"curies":[{"name":"wp","href":"https:\/\/api.w.org\/{rel}","templated":true}]}}