{"id":6993,"date":"2022-04-29T07:15:53","date_gmt":"2022-04-29T07:15:53","guid":{"rendered":"https:\/\/www.excavatorenginepart.com\/?post_type=product&#038;p=6993"},"modified":"2022-05-06T08:19:58","modified_gmt":"2022-05-06T08:19:58","slug":"4955524-fuel-injector-for-cummins-qsk19-engines","status":"publish","type":"product","link":"https:\/\/www.excavatorenginepart.com\/cs\/product\/4955524-fuel-injector-for-cummins-qsk19-engines\/","title":{"rendered":"4955524 Fuel Injector For Cummins QSK19 Engines"},"content":{"rendered":"<p>4955524 4964171 4964172\u00a0PT System Fuel Injector For Cummins QSK19 KTA19 \u00a0Engines\u00a0<\/p>\n<p><strong>Fuel Injector4955524<\/strong>\u00a0se hod\u00ed na\u00a0<strong>QSK19<\/strong>\u00a0<strong>\u00a0Dieselov\u00e9 motory<\/strong>\u00a0. This engine is used for\u00a0<strong>mining machinery<\/strong>.\u00a0The electronically controlled diesel fuel injector is the most critical and complex component in the common rail fuel system. Its function is to spray the fuel in the high-pressure oil track into the combustion chamber of the diesel engine with the best injection timing, amount and rate by controlling the opening and closing of the solenoid valve according to the control signal sent by the ECU.\u00a0<\/p>\n<p>In the engine high pressure common rail system, separate the function of produce high-pressure jade control injection, common rail cavity accumulator role, only in the common rail fuel pressure can be controlled by ECU with pressure regulator, is not affected by the rotation speed of diesel engine, under the low speed can guarantee good spray, high speed can achieve flexible control, thus increasing the regulating freedom and to improve the control precision<\/p>\n<p>Fuel Injector 4955524 Specifications\u00a0<\/p>\n<p>&nbsp;<\/p>\n<table class=\"aliDataTable\" border=\"1\">\n<tbody>\n<tr>\n<td valign=\"center\">\n<p>Part\u00a0Name<\/p>\n<\/td>\n<td valign=\"center\">\n<p>Fuel Injector Kit<\/p>\n<\/td>\n<\/tr>\n<tr>\n<td valign=\"center\">\n<p>\u010c\u00edslo d\u00edlu<\/p>\n<\/td>\n<td valign=\"center\">4955524<\/td>\n<\/tr>\n<tr>\n<td valign=\"center\">\n<p>Brand<\/p>\n<\/td>\n<td valign=\"center\"><strong>Cummins Original<\/strong><\/td>\n<\/tr>\n<tr>\n<td valign=\"center\">\n<p>Engine\u00a0Type<\/p>\n<\/td>\n<td valign=\"center\">\n<p>QSK19<\/p>\n<\/td>\n<\/tr>\n<tr>\n<td valign=\"center\">\n<p>Z\u00e1ruka<\/p>\n<\/td>\n<td valign=\"center\">\n<p>6 Months<\/p>\n<\/td>\n<\/tr>\n<tr>\n<td valign=\"center\">\n<p>Packing<\/p>\n<\/td>\n<td valign=\"center\"><strong>Carton<\/strong><\/td>\n<\/tr>\n<tr>\n<td valign=\"center\">\n<p>MOQ<\/p>\n<\/td>\n<td valign=\"center\">\n<p>1\u00a0Piece<\/p>\n<\/td>\n<\/tr>\n<tr>\n<td valign=\"center\">\n<p>Injector Model<\/p>\n<\/td>\n<td valign=\"center\">\n<p>High Pressure Injecting\u00a0<\/p>\n<\/td>\n<\/tr>\n<tr>\n<td valign=\"center\">\n<p>Aplikace<\/p>\n<\/td>\n<td valign=\"center\">\n<p>Cummins Diesle Engines For Mining<\/p>\n<\/td>\n<\/tr>\n<\/tbody>\n<\/table>\n<p><img fetchpriority=\"high\" decoding=\"async\" class=\"alignnone wp-image-6995 size-full\" src=\"https:\/\/www.excavatorenginepart.com\/wp-content\/uploads\/2022\/04\/4955524-Fuel-Injector-For-Cummins-QSK19-Engines-01.jpg\" alt=\"\" width=\"536\" height=\"338\" srcset=\"https:\/\/www.excavatorenginepart.com\/wp-content\/uploads\/2022\/04\/4955524-Fuel-Injector-For-Cummins-QSK19-Engines-01.jpg 536w, https:\/\/www.excavatorenginepart.com\/wp-content\/uploads\/2022\/04\/4955524-Fuel-Injector-For-Cummins-QSK19-Engines-01-300x189.jpg 300w\" sizes=\"(max-width: 536px) 100vw, 536px\" \/><\/p>\n<p><strong>QSK19 Engine Parts 4964170 INJECTOR ASSEMBLY 4955524 4918073<\/strong><\/p>\n<p>Cummins engine B\/QSB3.3, ISF2.8\/3.8, ISG, ISB\/QSB4.5, ISB\/QSB6.7, QSL9, QSM\/ISM\/M11, NTA855, QSX15, QSK19, QSK23, VTA28, QST30, KTA19, KTA38, KAT50, QSK60; Also suppling genuine parts from Inner Mongolia NHL, who is the joint venture with TEREX, such as parts for 3305, 3306, 3307, TR50, TR60, TR100, and MT3600, MT3700, NTE150, NTE200, NTE240, NTE260; Many Consturction machinery spare parts we can supplied, such as\u00a0SANY, XCMG, LIUGONG, CHENGGONG, SDLG, ZOOMLION \u00a0brand of excavator and loader spare parts.<\/p>\n<p>Profil spole\u010dnosti\u00a0<\/p>\n<p>Jining Kunpeng Construction Machinery Equipment Co., Ltd. byla zalo\u017eena v roce 2013 se z\u00e1kladn\u00edm kapit\u00e1lem 200 milion\u016f juan\u016f, st\u00e1vaj\u00edc\u00ed zam\u011bstnanci 36 lid\u00ed, se zab\u00fdv\u00e1 stroj\u00edrensk\u00fdch v\u00fdrobk\u016f a p\u0159\u00edslu\u0161enstv\u00ed, specializovan\u00e9 spole\u010dnosti, s independentimport a export pr\u00e1v. Hlavn\u00edm z\u00e1stupcem bagr\u016f a buldozer\u016f Komatsu , elektrick\u00fdch v\u00fdrobk\u016f buldozer\u016f Shantui, v\u00fdrobk\u016f vzduchov\u00fdch filtr\u016f Donaldson; japonsk\u00fdch (Mitshubishi, Komatsu, Isuzu, Kubota, Yanmar ) motorov\u00fdch stroj\u016f a n\u00e1hradn\u00edch d\u00edl\u016f; n\u00e1hradn\u00edch d\u00edl\u016f pro dieselov\u00e9 motory Cummins, Deutz, n\u00e1hradn\u00edch d\u00edl\u016f pro n\u00e1mo\u0159n\u00ed a gener\u00e1torov\u00e9 dieselov\u00e9 motory, p\u0159\u00edslu\u0161enstv\u00ed On firewood, Weichai, velk\u00fdch dieselov\u00fdch motor\u016f; prodej hydraulick\u00fdch \u010derpadel, motor\u016f, hydraulick\u00fdch ventil\u016f zn\u00e1m\u00fdch zna\u010dek. Spole\u010dnosti a dom\u00e1c\u00ed v\u00fdrobn\u00ed z\u00e1vod na v\u00fdrobu bagr\u016f (Sany, Lianzhong Branch, Hill redevelopment machine, SDLG, Strong Construction Machinery Co., Ltd., Foton Lovol, Shandong liShide) v \u00fazk\u00e9 spolupr\u00e1ci, \u00fasp\u011b\u0161n\u011b podporujeJaponsk\u00e9 elektronick\u00e9 v\u00fdrobky, vzduchov\u00fd filtr Donaldson, kabinu bagru, tlumi\u010de v\u00fdfuku, produkty Danfoss Auto, DSE, COMAP, WOODWARD CONTROLLER a dal\u0161\u00ed produkty, s vysokou kvalitou v\u00fdrobk\u016f a perfektn\u00edm poprodejn\u00edm servisem, z\u00edskaly v\u00fdrobci vysok\u00e9 hodnocen\u00ed.<\/p>\n<p>V\u00fdhody produkt\u016f na\u0161\u00ed spole\u010dnosti<\/p>\n<p>We Can Supplied Engine Parts :<br \/>\nKomatsu Engine Parts, Disel Engine Parts , Cummins Diesel Engine parts, DSE Controller, SDLG Loader Parts, Shantui Bulldozer Parts\u00a0<br \/>\nCummins A1700, 2300, B3.3, 4B3.9, 6BTA5.9, 6CTA8.3,M11, NTA855, KTA19, KTA38, KTAA50, QSK60 Diesel Engine Parts<br \/>\nDeutz \/ Volvo Diesel Engine Parts<br \/>\nIsuzu, Mitsubishi, Yanmar, Kubota \u00a0 Engine Parts<br \/>\nWeichai Diesel Engine Parts<br \/>\nShangchai\/ Caterpillar Diesel Engine Parts<\/p>\n<p>Our Large \u00a0Warehouse\u00a0<\/p>\n<p>In order to better serve customers, We have sufficient inventory, Bulldozer spare parts , Track link, Ider, Track Roller, Carrier Roller, Hydraulic Pump, Hydraulic Valve, Cylinder for Bulldozer , Cummins diesel engine and weichai diesel engine. So we can provide quickly delivery and made our clients to pleased with our service .\u00a0<\/p>\n<p><img decoding=\"async\" class=\"alignnone wp-image-6996 size-full\" src=\"https:\/\/www.excavatorenginepart.com\/wp-content\/uploads\/2022\/04\/4955524-Fuel-Injector-For-Cummins-QSK19-Engines-02.jpg\" alt=\"\" width=\"534\" height=\"491\" srcset=\"https:\/\/www.excavatorenginepart.com\/wp-content\/uploads\/2022\/04\/4955524-Fuel-Injector-For-Cummins-QSK19-Engines-02.jpg 534w, https:\/\/www.excavatorenginepart.com\/wp-content\/uploads\/2022\/04\/4955524-Fuel-Injector-For-Cummins-QSK19-Engines-02-300x276.jpg 300w\" sizes=\"(max-width: 534px) 100vw, 534px\" \/><\/p>\n<p>Feedback From Far Away Clients<\/p>\n<p><img decoding=\"async\" class=\"alignnone wp-image-6997 size-full\" src=\"https:\/\/www.excavatorenginepart.com\/wp-content\/uploads\/2022\/04\/4955524-Fuel-Injector-For-Cummins-QSK19-Engines-03.jpg\" alt=\"\" width=\"534\" height=\"493\" srcset=\"https:\/\/www.excavatorenginepart.com\/wp-content\/uploads\/2022\/04\/4955524-Fuel-Injector-For-Cummins-QSK19-Engines-03.jpg 534w, https:\/\/www.excavatorenginepart.com\/wp-content\/uploads\/2022\/04\/4955524-Fuel-Injector-For-Cummins-QSK19-Engines-03-300x277.jpg 300w\" sizes=\"(max-width: 534px) 100vw, 534px\" \/><\/p>","protected":false},"excerpt":{"rendered":"<p>4955524 4964171 4964172\u00a0PT System Fuel Injector For Cummins QSK19 KTA19 \u00a0Engines\u00a0 Fuel Injector4955524\u00a0is fitting on\u00a0QSK19\u00a0\u00a0Diesel Engines\u00a0. This engine is used for\u00a0mining machinery.\u00a0The electronically controlled diesel fuel injector is the most critical and complex component in the common rail fuel system. Its function is to spray the fuel in the high-pressure oil track into the combustion [&hellip;]<\/p>","protected":false},"featured_media":6994,"menu_order":0,"comment_status":"closed","ping_status":"closed","template":"","meta":{"_seopress_robots_primary_cat":"","_seopress_titles_title":"","_seopress_titles_desc":"","_seopress_robots_index":"","om_disable_all_campaigns":false,"_mi_skip_tracking":false,"_monsterinsights_sitenote_active":false,"_monsterinsights_sitenote_note":"","_monsterinsights_sitenote_category":0},"product_cat":[],"product_tag":[],"product_category":[115],"class_list":{"0":"post-6993","1":"product","2":"type-product","3":"status-publish","4":"has-post-thumbnail","6":"product_category-cummins-engine-part","8":"first","9":"instock","10":"shipping-taxable","11":"product-type-simple"},"acf":[],"_links":{"self":[{"href":"https:\/\/www.excavatorenginepart.com\/cs\/wp-json\/wp\/v2\/product\/6993","targetHints":{"allow":["GET"]}}],"collection":[{"href":"https:\/\/www.excavatorenginepart.com\/cs\/wp-json\/wp\/v2\/product"}],"about":[{"href":"https:\/\/www.excavatorenginepart.com\/cs\/wp-json\/wp\/v2\/types\/product"}],"replies":[{"embeddable":true,"href":"https:\/\/www.excavatorenginepart.com\/cs\/wp-json\/wp\/v2\/comments?post=6993"}],"wp:featuredmedia":[{"embeddable":true,"href":"https:\/\/www.excavatorenginepart.com\/cs\/wp-json\/wp\/v2\/media\/6994"}],"wp:attachment":[{"href":"https:\/\/www.excavatorenginepart.com\/cs\/wp-json\/wp\/v2\/media?parent=6993"}],"wp:term":[{"taxonomy":"product_cat","embeddable":true,"href":"https:\/\/www.excavatorenginepart.com\/cs\/wp-json\/wp\/v2\/product_cat?post=6993"},{"taxonomy":"product_tag","embeddable":true,"href":"https:\/\/www.excavatorenginepart.com\/cs\/wp-json\/wp\/v2\/product_tag?post=6993"},{"taxonomy":"product_category","embeddable":true,"href":"https:\/\/www.excavatorenginepart.com\/cs\/wp-json\/wp\/v2\/product_category?post=6993"}],"curies":[{"name":"wp","href":"https:\/\/api.w.org\/{rel}","templated":true}]}}