{"id":6920,"date":"2022-04-29T02:32:54","date_gmt":"2022-04-29T02:32:54","guid":{"rendered":"https:\/\/www.excavatorenginepart.com\/?post_type=product&#038;p=6920"},"modified":"2022-05-06T08:22:59","modified_gmt":"2022-05-06T08:22:59","slug":"hitach-wheel-excavator-original-hydraulic-pump-9275116","status":"publish","type":"product","link":"https:\/\/www.excavatorenginepart.com\/cs\/product\/hitach-kolovy-bagr-originalni-hydraulicke-cerpadlo-9275116\/","title":{"rendered":"Origin\u00e1ln\u00ed hydraulick\u00e9 \u010derpadlo pro kolov\u00e1 rypadla Hitach 9275116"},"content":{"rendered":"<p>Origin\u00e1ln\u00ed hydraulick\u00e9 \u010derpadlo pro kolov\u00e1 rypadla Hitach 9275116,<\/p>\n<p>Origin\u00e1ln\u00ed hydraulick\u00e9 \u010derpadlo s elektronick\u00fdm ovl\u00e1d\u00e1n\u00edm pro r\u00fdpadla Hitachi je ur\u010deno pro kolov\u00e9 r\u00fdpadlo Hitachi zx190w-3f , , model motoru je Isuzu 4HK1 diesel , m\u016f\u017eeme poskytnout.\u00a0<strong>hydraulika bagru<\/strong>\u00a0\u00a0<strong>\u010derpadlo<\/strong>,\u00a0<strong>koncov\u00fd pohon rypadla<\/strong>, hlavn\u00ed ventil a\u00a0<strong>d\u00edly motoru rypadla<\/strong>. Pro ka\u017edodenn\u00ed \u00fadr\u017ebu a \u00fadr\u017eb\u00e1\u0159sk\u00e9 pr\u00e1ce pou\u017e\u00edvejte \u010dist\u00e9 p\u0159\u00edslu\u0161enstv\u00ed Hitachi, abyste stroj udr\u017eeli v dobr\u00e9m provozn\u00edm stavu a maximalizovali jeho funkci. \u010cist\u00e9 regenerovan\u00e9 d\u00edly Hitachi jsou vyr\u00e1b\u011bny podle standardn\u00edch provozn\u00edch specifikac\u00ed a jsou prov\u00e1d\u011bny p\u0159\u00edsn\u00e9 zkou\u0161ky v\u00fdkonu a \u0159\u00edzen\u00ed kvality, aby bylo zaji\u0161t\u011bno, \u017ee kvalita v\u00fdrobk\u016f odpov\u00edd\u00e1 kvalit\u011b nov\u00fdch v\u00fdrobk\u016f, a tak\u00e9 aby byl poskytov\u00e1n dokonal\u00fd poprodejn\u00ed servis a stejn\u00e1 z\u00e1ruka kvality jako u nov\u00fdch v\u00fdrobk\u016f.<br \/>\nPodle popt\u00e1vky trhu spole\u010dnost Hitachi neust\u00e1le upravuje a roz\u0161i\u0159uje typy \u010dist\u011b recyklovan\u00fdch d\u00edl\u016f. V sou\u010dasn\u00e9 dob\u011b se recyklovan\u00e9 d\u00edly vyr\u00e1b\u011bn\u00e9 spole\u010dnost\u00ed Hitachi pod\u00edlej\u00ed na r\u016fzn\u00fdch modelech Hitachi na \u010d\u00ednsk\u00e9m trhu, a to v rozsahu v\u00edce ne\u017e 200 druh\u016f.<\/p>\n<p>Model rypadla Hitachi ZAXIS\u00a0<\/p>\n<p>ZAXIS60 ZAXIS70 ZAXIS120 ZAXIS130 ZAXIS200 ZAXIS200-3 ZAXIS210 ZAXIS210LC ZAXIS210LC-3 ZAXIS210H ZAXIS210H-3 ZAXIS240-3 ZAXIS250 ZAXIS250LC ZAXIS250LC-3 ZAXIS250H ZAXIS250H-3 ZAXIS260LCH-3 ZAXIS270 ZAXIS270-3 ZAXIS330 ZAXIS330-3 ZAXIS360 OSTATN\u00cd<\/p>\n<p>Dal\u0161\u00ed hydraulick\u00e9 v\u00fdrobky pro bagry\u00a0<\/p>\n<p>Koncov\u00fd p\u0159evod (origin\u00e1ln\u00ed, jihokorejsk\u00e1, japonsk\u00e1 zna\u010dka) origin\u00e1ln\u00ed p\u0159estav\u011bn\u00e1 \u0159ada KYB MAG (MAG-18, MAG-26, MAG-33, MAG-85, MAG-170)<br \/>\nNabotsco GM series(GM04,GM06,GM07,GM09,GM10,GM18,GM21,GM35,GM38)<br \/>\n\u0158ada PHV Nachi<br \/>\nKawasaki K3V K5V series<br \/>\n\u0158ada PVD Nachi (PVD-1B,PVD-2B,PVD-3B)<br \/>\nKyvn\u00e9 za\u0159\u00edzen\u00ed, kyvn\u00fd motor, kyvn\u00e1 p\u0159evodovka, kyvn\u00e9 lo\u017eisko<br \/>\nSeznam hlavn\u00edch hydraulick\u00fdch \u010derpadel Kawasaki\u00a0<\/p>\n<table border=\"1\">\n<tbody>\n<tr>\n<td class=\"et7\" width=\"143\" height=\"32\">\u0158ada \u010derpadel<\/td>\n<td class=\"et7\" width=\"186\" height=\"32\">Cotrol Model<\/td>\n<td class=\"et8\" width=\"284\" height=\"32\">\u010cerpadlo pro Exvavator Moldel<\/td>\n<\/tr>\n<tr>\n<td class=\"et8\" rowspan=\"3\" width=\"143\" height=\"99\">K3V63DT<img decoding=\"async\" src=\"file:\/\/\/C:\/Users\/ADMINI~1\/AppData\/Local\/Temp\/ksohtml\/clip_image5137.png@watermark=2&amp;color=I0ZGRkZGRg%3D%3D&amp;type=ZHJvaWRzYW5zZmFsbGJhY2s%3D&amp;size=16&amp;p=5&amp;t=80&amp;text=ZXhjYXZhdG9yZW5naW5lcGFydC5ib3NzZ29vLmNvbQ%3D%3D\" width=\"1\" height=\"1\" \/><\/td>\n<td class=\"et8\" width=\"186\" height=\"33\">9N<\/td>\n<td class=\"et10\" rowspan=\"3\" width=\"284\" height=\"99\">Liugong 13T 15T rypadlo\u00a0<br \/>\nVolvo EC140B<br \/>\nDoosan S130LC-V 150 p\u00e1sov\u00fd<\/td>\n<\/tr>\n<tr>\n<td class=\"et8\" width=\"186\" height=\"33\">9C<\/td>\n<\/tr>\n<tr>\n<td class=\"et8\" width=\"186\" height=\"33\">HN<\/td>\n<\/tr>\n<tr>\n<td class=\"et8\" rowspan=\"3\" width=\"143\" height=\"198\">K3V112DT<\/td>\n<td class=\"et8\" width=\"186\" height=\"33\">9N<\/td>\n<td class=\"et10\" rowspan=\"3\" width=\"284\" height=\"198\">DH225LC-7,S225LC-V,\u00a0<br \/>\nS220LC-V,R215-7C,<br \/>\nR210LC-7, R210LC-7T, R225-7,RMX225, EC210, SE210LC-3, EC210B, MX255, EC240, EC240B<br \/>\nLiugong 20T rypadlo 920\/922 210LV-7G, R2200LC-7,R2200LC-7C,<\/td>\n<\/tr>\n<tr>\n<td class=\"et8\" width=\"186\" height=\"33\">9C<\/td>\n<\/tr>\n<tr>\n<td class=\"et8\" width=\"186\" height=\"132\">HN<\/td>\n<\/tr>\n<tr>\n<td class=\"et8\" rowspan=\"5\" width=\"143\" height=\"165\">K3V112DTP<\/td>\n<td class=\"et8\" width=\"186\" height=\"33\">9N<\/td>\n<td class=\"et12\" rowspan=\"3\" width=\"284\" height=\"99\">Bagr Sanward Liugong 20T (nem\u00e1 v\u00fdvodov\u00fd h\u0159\u00eddel),<br \/>\n\u00a0<\/td>\n<\/tr>\n<tr>\n<td class=\"et8\" width=\"186\" height=\"33\">9C<\/td>\n<\/tr>\n<tr>\n<td class=\"et8\" width=\"186\" height=\"33\">HN<\/td>\n<\/tr>\n<tr>\n<td class=\"et8\" width=\"186\" height=\"33\">9T<\/td>\n<td class=\"et15\" rowspan=\"2\" width=\"284\" height=\"66\">Sany Kobelco 200 210 Rypadla\u00a0<\/td>\n<\/tr>\n<tr>\n<td class=\"et8\" width=\"186\" height=\"33\">YT<\/td>\n<\/tr>\n<tr>\n<td class=\"et8\" width=\"143\" height=\"33\">K3V140DT<\/td>\n<td class=\"et8\" width=\"186\" height=\"33\">9N<\/td>\n<td class=\"et17\" width=\"284\" height=\"33\">Rypadlo Volvo EC290<\/td>\n<\/tr>\n<tr>\n<td class=\"et18\" rowspan=\"3\" width=\"143\" height=\"99\">K3V180DTP<br \/>\n(H)<\/td>\n<td class=\"et8\" width=\"186\" height=\"33\">9N<\/td>\n<td class=\"et17\" width=\"284\" height=\"33\">Rypadlo Volvo EC450 EC460<\/td>\n<\/tr>\n<tr>\n<td class=\"et8\" width=\"186\" height=\"33\">9C<\/td>\n<td class=\"et17\" width=\"284\" height=\"33\">\u00a0<\/td>\n<\/tr>\n<tr>\n<td class=\"et8\" width=\"186\" height=\"33\">HN<\/td>\n<td class=\"et17\" width=\"284\" height=\"33\">\u00a0<\/td>\n<\/tr>\n<tr>\n<td class=\"et8\" width=\"143\" height=\"33\">K5V80DT<\/td>\n<td class=\"et8\" width=\"186\" height=\"33\">9C<\/td>\n<td class=\"et17\" width=\"284\" height=\"33\">Bagr Hyundai 160<\/td>\n<\/tr>\n<tr>\n<td class=\"et8\" width=\"143\" height=\"33\">K5V80DTP<\/td>\n<td class=\"et8\" width=\"186\" height=\"33\">9N<\/td>\n<td class=\"et17\" width=\"284\" height=\"33\">\u00a0<\/td>\n<\/tr>\n<tr>\n<td class=\"et20\" width=\"143\" height=\"33\">K5V200DTH<br \/>\n(P)<\/td>\n<td class=\"et8\" width=\"186\" height=\"33\">9C<\/td>\n<td class=\"et17\" width=\"284\" height=\"33\">Bagr Hyundai 450 485<\/td>\n<\/tr>\n<tr>\n<td class=\"et21\" width=\"143\" height=\"33\">F5X130CHB-10A-13A\/265-129-FRG11D<\/td>\n<td class=\"et8\" width=\"186\" height=\"33\">\u00a0<\/td>\n<td class=\"et12\" rowspan=\"2\" width=\"284\" height=\"66\">\u00a0<\/td>\n<\/tr>\n<tr>\n<td class=\"et22\" width=\"143\" height=\"33\">F5X180CHB-10A\/265-149-FRG14D<\/td>\n<td class=\"et8\" width=\"186\" height=\"33\">\u00a0<\/td>\n<\/tr>\n<\/tbody>\n<\/table>\n<p>Korea Kawasaki Pump Parts List<\/p>\n<table border=\"1\">\n<tbody>\n<tr>\n<td class=\"et2\" width=\"260\" height=\"19\">Model<\/td>\n<td class=\"et2\" width=\"268\" height=\"19\">Parts\u00a0Name<\/td>\n<\/tr>\n<tr>\n<td class=\"et3\" width=\"260\" height=\"19\">ZX10LGRZ1-07A-V<\/td>\n<td class=\"et3\" width=\"268\" height=\"19\">10CC\u00a0Pilot\u00a0Pump<\/td>\n<\/tr>\n<tr>\n<td class=\"et3\" width=\"260\" height=\"19\">ZX15LGRZ2-07A-V<\/td>\n<td class=\"et3\" width=\"268\" height=\"19\">15CC\u00a0Pilot\u00a0Pump<\/td>\n<\/tr>\n<tr>\n<td class=\"et3\" width=\"260\" height=\"19\">ZX10LGRZ1-07A-V<\/td>\n<td class=\"et3\" width=\"268\" height=\"19\">10CC\u00a0Pilot\u00a0Pump<\/td>\n<\/tr>\n<tr>\n<td class=\"et3\" width=\"260\" height=\"19\">K3V63<\/td>\n<td class=\"et3\" width=\"268\" height=\"19\">Nine\u00a0hole\u00a0positioning\u00a0disc<\/td>\n<\/tr>\n<tr>\n<td class=\"et3\" width=\"260\" height=\"19\">K5V80<\/td>\n<td class=\"et3\" width=\"268\" height=\"19\">Nine\u00a0hole\u00a0positioning\u00a0disc<\/td>\n<\/tr>\n<tr>\n<td class=\"et3\" width=\"260\" height=\"19\">K3V112<\/td>\n<td class=\"et3\" width=\"268\" height=\"19\">Nine\u00a0hole\u00a0positioning\u00a0disc<\/td>\n<\/tr>\n<tr>\n<td class=\"et3\" width=\"260\" height=\"19\">K3V140\/180<\/td>\n<td class=\"et3\" width=\"268\" height=\"19\">Nine\u00a0hole\u00a0positioning\u00a0disc<\/td>\n<\/tr>\n<tr>\n<td class=\"et3\" width=\"260\" height=\"19\">K5V200<\/td>\n<td class=\"et3\" width=\"268\" height=\"19\">Nine\u00a0hole\u00a0positioning\u00a0disc<\/td>\n<\/tr>\n<tr>\n<td class=\"et3\" width=\"260\" height=\"19\">K3V63\/K5V80<\/td>\n<td class=\"et3\" width=\"268\" height=\"19\">Swash\u00a0plate\u00a0gasket<\/td>\n<\/tr>\n<tr>\n<td class=\"et3\" width=\"260\" height=\"19\">K3V112<\/td>\n<td class=\"et3\" width=\"268\" height=\"19\">Swash\u00a0plate\u00a0gasket<\/td>\n<\/tr>\n<tr>\n<td class=\"et3\" width=\"260\" height=\"19\">K3V140\/180<\/td>\n<td class=\"et3\" width=\"268\" height=\"19\">Swash\u00a0plate\u00a0gasket<\/td>\n<\/tr>\n<tr>\n<td class=\"et3\" width=\"260\" height=\"19\">K3V63\/K5V80<\/td>\n<td class=\"et3\" width=\"268\" height=\"19\">Spherical\u00a0hinge\u00a0<\/td>\n<\/tr>\n<tr>\n<td class=\"et3\" width=\"260\" height=\"19\">K3V112<\/td>\n<td class=\"et3\" width=\"268\" height=\"19\">Spherical\u00a0hinge\u00a0<\/td>\n<\/tr>\n<tr>\n<td class=\"et3\" width=\"260\" height=\"19\">K3V140<\/td>\n<td class=\"et3\" width=\"268\" height=\"19\">Spherical\u00a0hinge\u00a0<\/td>\n<\/tr>\n<tr>\n<td class=\"et3\" width=\"260\" height=\"19\">K3V180<\/td>\n<td class=\"et3\" width=\"268\" height=\"19\">Spherical\u00a0hinge\u00a0<\/td>\n<\/tr>\n<tr>\n<td class=\"et3\" width=\"260\" height=\"19\">K3V63<\/td>\n<td class=\"et3\" width=\"268\" height=\"19\">Cylinder+Valve\u00a0Plate<\/td>\n<\/tr>\n<tr>\n<td class=\"et3\" width=\"260\" height=\"19\">K3V112<\/td>\n<td class=\"et3\" width=\"268\" height=\"19\">Cylinder+Valve\u00a0Plate<\/td>\n<\/tr>\n<tr>\n<td class=\"et3\" width=\"260\" height=\"19\">K5V140<\/td>\n<td class=\"et3\" width=\"268\" height=\"19\">Cylinder+Valve\u00a0Plate<\/td>\n<\/tr>\n<tr>\n<td class=\"et3\" width=\"260\" height=\"19\">K3V140<\/td>\n<td class=\"et3\" width=\"268\" height=\"19\">Cylinder+Valve\u00a0Plate<\/td>\n<\/tr>\n<tr>\n<td class=\"et3\" width=\"260\" height=\"19\">K3V180\/K5V200<\/td>\n<td class=\"et3\" width=\"268\" height=\"19\">Cylinder+Valve\u00a0Plate<\/td>\n<\/tr>\n<tr>\n<td class=\"et3\" width=\"260\" height=\"19\">K3V63\/K5V80<\/td>\n<td class=\"et3\" width=\"268\" height=\"19\">Plunger<\/td>\n<\/tr>\n<tr>\n<td class=\"et3\" width=\"260\" height=\"19\">K3V112<\/td>\n<td class=\"et3\" width=\"268\" height=\"19\">Plunger<\/td>\n<\/tr>\n<tr>\n<td class=\"et3\" width=\"260\" height=\"19\">K5V140<\/td>\n<td class=\"et3\" width=\"268\" height=\"19\">Plunger<\/td>\n<\/tr>\n<tr>\n<td class=\"et3\" width=\"260\" height=\"19\">K3V140<\/td>\n<td class=\"et3\" width=\"268\" height=\"19\">Plunger<\/td>\n<\/tr>\n<tr>\n<td class=\"et3\" width=\"260\" height=\"19\">K3V180<\/td>\n<td class=\"et3\" width=\"268\" height=\"19\">Plunger<\/td>\n<\/tr>\n<tr>\n<td class=\"et3\" width=\"260\" height=\"19\">K5V200<\/td>\n<td class=\"et3\" width=\"268\" height=\"19\">Plunger<\/td>\n<\/tr>\n<tr>\n<td class=\"et3\" width=\"260\" height=\"19\">K3V63\/K5V80<\/td>\n<td class=\"et3\" width=\"268\" height=\"19\">Swash\u00a0plate+\u00a0Swash\u00a0plate\u00a0seat\u00a0<\/td>\n<\/tr>\n<tr>\n<td class=\"et3\" width=\"260\" height=\"19\">K3V112<\/td>\n<td class=\"et3\" width=\"268\" height=\"19\">Swash\u00a0plate+\u00a0Swash\u00a0plate\u00a0seat\u00a0<\/td>\n<\/tr>\n<tr>\n<td class=\"et3\" width=\"260\" height=\"19\">K5V140<\/td>\n<td class=\"et3\" width=\"268\" height=\"19\">Swash\u00a0plate+\u00a0Swash\u00a0plate\u00a0seat\u00a0<\/td>\n<\/tr>\n<tr>\n<td class=\"et3\" width=\"260\" height=\"19\">K3V140<\/td>\n<td class=\"et3\" width=\"268\" height=\"19\">Swash\u00a0plate+\u00a0Swash\u00a0plate\u00a0seat\u00a0<\/td>\n<\/tr>\n<tr>\n<td class=\"et3\" width=\"260\" height=\"19\">K3V112DT<\/td>\n<td class=\"et3\" width=\"268\" height=\"19\">9N\u00a0Regulating\u00a0Valve<\/td>\n<\/tr>\n<tr>\n<td class=\"et3\" width=\"260\" height=\"19\">K3V112DT<\/td>\n<td class=\"et3\" width=\"268\" height=\"19\">9C\u00a0Regulating\u00a0Valve<\/td>\n<\/tr>\n<tr>\n<td class=\"et3\" width=\"260\" height=\"19\">K3V112DT<\/td>\n<td class=\"et3\" width=\"268\" height=\"19\">HN\u00a0Regulating\u00a0Valve<\/td>\n<\/tr>\n<tr>\n<td class=\"et3\" width=\"260\" height=\"19\">K3V140DT<\/td>\n<td class=\"et3\" width=\"268\" height=\"19\">9C\u00a0Regulating\u00a0Valve<\/td>\n<\/tr>\n<tr>\n<td class=\"et3\" width=\"260\" height=\"19\">K3V140DT<\/td>\n<td class=\"et3\" width=\"268\" height=\"19\">HN\u00a0Regulating\u00a0Valve<\/td>\n<\/tr>\n<tr>\n<td class=\"et3\" width=\"260\" height=\"19\">K5V80S<\/td>\n<td class=\"et3\" width=\"268\" height=\"19\">0E\u00a0Regulating\u00a0Valve<\/td>\n<\/tr>\n<tr>\n<td class=\"et3\" width=\"260\" height=\"19\">K5V140S<\/td>\n<td class=\"et3\" width=\"268\" height=\"19\">0E\u00a0Regulating\u00a0Valve<\/td>\n<\/tr>\n<tr>\n<td class=\"et3\" width=\"260\" height=\"19\">K5V200S<\/td>\n<td class=\"et3\" width=\"268\" height=\"19\">0E\u00a0Regulating\u00a0Valve<\/td>\n<\/tr>\n<tr>\n<td class=\"et3\" width=\"260\" height=\"19\">K3V112S<\/td>\n<td class=\"et3\" width=\"268\" height=\"19\">0E\u00a0Regulating\u00a0Valve<\/td>\n<\/tr>\n<tr>\n<td class=\"et3\" width=\"260\" height=\"19\">K5V80DT<\/td>\n<td class=\"et3\" width=\"268\" height=\"19\">0E\u00a0Regulating\u00a0Valve<\/td>\n<\/tr>\n<tr>\n<td class=\"et3\" width=\"260\" height=\"19\">K3V112DT<\/td>\n<td class=\"et3\" width=\"268\" height=\"19\">5E\u00a0Regulating\u00a0Valve<\/td>\n<\/tr>\n<tr>\n<td class=\"et3\" width=\"260\" height=\"19\">K5V140DT<\/td>\n<td class=\"et3\" width=\"268\" height=\"19\">5E\u00a0Regulating\u00a0Valve<\/td>\n<\/tr>\n<tr>\n<td class=\"et3\" width=\"260\" height=\"19\">K3V112DT<\/td>\n<td class=\"et3\" width=\"268\" height=\"19\">1E\u00a0Regulating\u00a0Valve<\/td>\n<\/tr>\n<tr>\n<td class=\"et3\" width=\"260\" height=\"19\">K5V140DT<\/td>\n<td class=\"et3\" width=\"268\" height=\"19\">1E\u00a0Regulating\u00a0Valve<\/td>\n<\/tr>\n<tr>\n<td class=\"et3\" width=\"260\" height=\"19\">K3V112DT<\/td>\n<td class=\"et3\" width=\"268\" height=\"19\">9T\u00a0Regulating\u00a0Valve<\/td>\n<\/tr>\n<tr>\n<td class=\"et3\" width=\"260\" height=\"19\">K3V112DT<\/td>\n<td class=\"et3\" width=\"268\" height=\"19\">YT\u00a0Regulating\u00a0Valve<\/td>\n<\/tr>\n<tr>\n<td class=\"et3\" width=\"260\" height=\"19\">K5V140DT<\/td>\n<td class=\"et3\" width=\"268\" height=\"19\">9T\u00a0Regulating\u00a0Valve<\/td>\n<\/tr>\n<tr>\n<td class=\"et3\" width=\"260\" height=\"19\">K5V140DT<\/td>\n<td class=\"et3\" width=\"268\" height=\"19\">YT\u00a0Regulating\u00a0Valve<\/td>\n<\/tr>\n<tr>\n<td class=\"et3\" width=\"260\" height=\"19\">V0009277998KD<\/td>\n<td class=\"et3\" width=\"268\" height=\"19\">Proportioning\u00a0Valve<\/td>\n<\/tr>\n<tr>\n<td class=\"et3\" width=\"260\" height=\"19\">V9406235760KD<\/td>\n<td class=\"et3\" width=\"268\" height=\"19\">Proportioning\u00a0Valve<\/td>\n<\/tr>\n<tr>\n<td class=\"et3\" width=\"260\" height=\"19\">V9406285784KD<\/td>\n<td class=\"et3\" width=\"268\" height=\"19\">Proportioning\u00a0Valve<\/td>\n<\/tr>\n<\/tbody>\n<\/table>\n<p><img fetchpriority=\"high\" decoding=\"async\" class=\"alignnone wp-image-6922 size-full\" src=\"https:\/\/www.excavatorenginepart.com\/wp-content\/uploads\/2022\/04\/Hitach-Wheel-Excavator-Original-Hydraulic-Pump-9275116-02.jpg\" alt=\"\" width=\"537\" height=\"384\" srcset=\"https:\/\/www.excavatorenginepart.com\/wp-content\/uploads\/2022\/04\/Hitach-Wheel-Excavator-Original-Hydraulic-Pump-9275116-02.jpg 537w, https:\/\/www.excavatorenginepart.com\/wp-content\/uploads\/2022\/04\/Hitach-Wheel-Excavator-Original-Hydraulic-Pump-9275116-02-300x215.jpg 300w\" sizes=\"(max-width: 537px) 100vw, 537px\" \/><\/p>\n<p>Hitachi Electronic control hydraulic pump made in Japan<\/p>\n<p><img decoding=\"async\" class=\"alignnone wp-image-6923 size-full\" src=\"https:\/\/www.excavatorenginepart.com\/wp-content\/uploads\/2022\/04\/Hitach-Wheel-Excavator-Original-Hydraulic-Pump-9275116-01.jpg\" alt=\"\" width=\"540\" height=\"405\" srcset=\"https:\/\/www.excavatorenginepart.com\/wp-content\/uploads\/2022\/04\/Hitach-Wheel-Excavator-Original-Hydraulic-Pump-9275116-01.jpg 540w, https:\/\/www.excavatorenginepart.com\/wp-content\/uploads\/2022\/04\/Hitach-Wheel-Excavator-Original-Hydraulic-Pump-9275116-01-300x225.jpg 300w\" sizes=\"(max-width: 540px) 100vw, 540px\" \/><\/p>\n<p>Hitach Wheel Excavator HPV118W-21C Hydraulic Pump 9275116<\/p>","protected":false},"excerpt":{"rendered":"<p>Hitach Wheel Excavator Original Hydraulic Pump 9275116, Genuine Hitachi excavator electronic control hydrauclic pump is for hitachi wheel zx190w-3f excavator , , the engine model is Isuzu 4HK1 diesel , We can provide\u00a0excavator hydraulic\u00a0\u00a0pump,\u00a0excavator final drive, main valve and\u00a0excavator engine parts.\u00a0Use Hitachi pure accessories for daily maintenance and maintenance work, in order to keep the [&hellip;]<\/p>","protected":false},"featured_media":6921,"menu_order":0,"comment_status":"closed","ping_status":"closed","template":"","meta":{"_seopress_robots_primary_cat":"","_seopress_titles_title":"","_seopress_titles_desc":"","_seopress_robots_index":"","om_disable_all_campaigns":false,"_mi_skip_tracking":false,"_monsterinsights_sitenote_active":false,"_monsterinsights_sitenote_note":"","_monsterinsights_sitenote_category":0},"product_cat":[],"product_tag":[],"product_category":[111],"class_list":{"0":"post-6920","1":"product","2":"type-product","3":"status-publish","4":"has-post-thumbnail","6":"product_category-excavator-hydraulic-pump","8":"first","9":"instock","10":"shipping-taxable","11":"product-type-simple"},"acf":[],"_links":{"self":[{"href":"https:\/\/www.excavatorenginepart.com\/cs\/wp-json\/wp\/v2\/product\/6920","targetHints":{"allow":["GET"]}}],"collection":[{"href":"https:\/\/www.excavatorenginepart.com\/cs\/wp-json\/wp\/v2\/product"}],"about":[{"href":"https:\/\/www.excavatorenginepart.com\/cs\/wp-json\/wp\/v2\/types\/product"}],"replies":[{"embeddable":true,"href":"https:\/\/www.excavatorenginepart.com\/cs\/wp-json\/wp\/v2\/comments?post=6920"}],"wp:featuredmedia":[{"embeddable":true,"href":"https:\/\/www.excavatorenginepart.com\/cs\/wp-json\/wp\/v2\/media\/6921"}],"wp:attachment":[{"href":"https:\/\/www.excavatorenginepart.com\/cs\/wp-json\/wp\/v2\/media?parent=6920"}],"wp:term":[{"taxonomy":"product_cat","embeddable":true,"href":"https:\/\/www.excavatorenginepart.com\/cs\/wp-json\/wp\/v2\/product_cat?post=6920"},{"taxonomy":"product_tag","embeddable":true,"href":"https:\/\/www.excavatorenginepart.com\/cs\/wp-json\/wp\/v2\/product_tag?post=6920"},{"taxonomy":"product_category","embeddable":true,"href":"https:\/\/www.excavatorenginepart.com\/cs\/wp-json\/wp\/v2\/product_category?post=6920"}],"curies":[{"name":"wp","href":"https:\/\/api.w.org\/{rel}","templated":true}]}}