{"id":6908,"date":"2022-04-29T02:06:30","date_gmt":"2022-04-29T02:06:30","guid":{"rendered":"https:\/\/www.excavatorenginepart.com\/?post_type=product&#038;p=6908"},"modified":"2022-05-06T08:23:28","modified_gmt":"2022-05-06T08:23:28","slug":"kawasaki-k3v112dt-k3v63dt-hydraulic-main-pump","status":"publish","type":"product","link":"https:\/\/www.excavatorenginepart.com\/cs\/product\/kawasaki-k3v112dt-k3v63dt-hydraulic-main-pump\/","title":{"rendered":"Hlavn\u00ed hydraulick\u00e9 \u010derpadlo Kawasaki K3V112DT K3V63DT"},"content":{"rendered":"<p>Hlavn\u00ed hydraulick\u00e9 \u010derpadlo Kawasaki K3V112DT K3V63DT\u00a0<\/p>\n<p>K3V112DT K3V63DT Hydraulic Main Pump Excavator EC210B E320C EX200 SK200 Main Pump<\/p>\n<p><strong><span id=\"__kindeditor_bookmark_start_18__\"><\/span>K3V112DT K3V63DT Hydraulic Main Pump\u00a0<\/strong>\u00a0<span id=\"__kindeditor_bookmark_end_19__\"><\/span>is used for EC210B E320C EX200 SK200\u00a0 Excavators.\u00a0Construction machinery, hydraulic motor according to its rated speed is divided into high speed and low speed hydraulic motor.The hydraulic motor manufactured \u00a0is a kind of high-speed hydraulic motor. Its motor structure is inclined disk axial plunger type. The hydraulic motor has a high volume efficiency, which is up to 95% and higher than the output efficiency of the motor.In addition, the motor has the function of bivariate, which can adapt to different working conditions of construction machinery, output different torques and improve the working efficiency.Therefore, hydraulic motor with its small size, high power density, compact structure and high efficiency, widely used in construction machinery.<\/p>\n<p>Excavator Model and Hydraulic Pump List\u00a0<\/p>\n<table border=\"1\" cellspacing=\"0\" cellpadding=\"0\">\n<tbody>\n<tr>\n<td>\n<p>Model<\/p>\n<\/td>\n<td>\n<p>Application Machine<\/p>\n<\/td>\n<\/tr>\n<tr>\n<td>\n<p>TM07VA<\/p>\n<\/td>\n<td>\n<p>DH55,DH60-7 \u00a0 ,R55,R60,DH60-5<\/p>\n<\/td>\n<\/tr>\n<tr>\n<td>\n<p>GM09<\/p>\n<\/td>\n<td>\n<p>DH80-7,PC60-5\/-6\/-7,PC75,SK60,SH60,YC85,C-A-T307,HD250-7,R80,SY75<\/p>\n<\/td>\n<\/tr>\n<tr>\n<td>\n<p>GM18<\/p>\n<\/td>\n<td>\n<p>DH150,DH130,PC100,PC120-5\/-6,PC130-5\/-7,SK100,SK120-5\/-6,SH120,HD512,HD450<\/p>\n<\/td>\n<\/tr>\n<tr>\n<td>\n<p>GM35VA<\/p>\n<\/td>\n<td>\n<p>DH220-3,R220,R210,R200,HD800,HD900,HD1250-5<\/p>\n<\/td>\n<\/tr>\n<tr>\n<td>\n<p>EM140<\/p>\n<\/td>\n<td>\n<p>VOLVO210<\/p>\n<\/td>\n<\/tr>\n<tr>\n<td>\n<p>GM35VL<\/p>\n<\/td>\n<td>\n<p>DH220-V,R260-V,PC200-6,SK200-6E,EC210<\/p>\n<\/td>\n<\/tr>\n<tr>\n<td>\n<p>TM40VC<\/p>\n<\/td>\n<td>\n<p>DH220-7,DH225-7,R220-7,R225-7<\/p>\n<\/td>\n<\/tr>\n<tr>\n<td>\n<p>TM50VA\/60VA<\/p>\n<\/td>\n<td>\n<p>DH280,DH300-V,R300<\/p>\n<\/td>\n<\/tr>\n<\/tbody>\n<\/table>\n<p>Other Hydraulic Main Pump List\u00a0<\/p>\n<table style=\"width: 78.0522%; height: 884px;\" border=\"1\">\n<tbody>\n<tr style=\"height: 32px;\">\n<td class=\"et7\" style=\"height: 32px;\" width=\"143\" height=\"32\">\u0158ada \u010derpadel<\/td>\n<td class=\"et7\" style=\"height: 32px;\" width=\"186\" height=\"32\">Cotrol Model<\/td>\n<td class=\"et8\" style=\"height: 32px;\" width=\"284\" height=\"32\">\u010cerpadlo pro Exvavator Moldel<\/td>\n<\/tr>\n<tr style=\"height: 33px;\">\n<td class=\"et8\" style=\"height: 99px;\" rowspan=\"3\" width=\"143\" height=\"99\">K3V63DT<img decoding=\"async\" src=\"file:\/\/\/C:\/Users\/ADMINI~1\/AppData\/Local\/Temp\/ksohtml\/clip_image5137.png@watermark=2&amp;color=I0ZGRkZGRg%3D%3D&amp;type=ZHJvaWRzYW5zZmFsbGJhY2s%3D&amp;size=16&amp;p=5&amp;t=80&amp;text=ZXhjYXZhdG9yZW5naW5lcGFydC5ib3NzZ29vLmNvbQ%3D%3D\" width=\"1\" height=\"1\" \/><\/td>\n<td class=\"et8\" style=\"height: 33px;\" width=\"186\" height=\"33\">9N<\/td>\n<td class=\"et10\" style=\"height: 99px;\" rowspan=\"3\" width=\"284\" height=\"99\">Liugong 13T 15T rypadlo\u00a0<br \/>\nVolvo EC140B<br \/>\nDoosan S130LC-V 150 p\u00e1sov\u00fd<\/td>\n<\/tr>\n<tr style=\"height: 33px;\">\n<td class=\"et8\" style=\"height: 33px;\" width=\"186\" height=\"33\">9C<\/td>\n<\/tr>\n<tr style=\"height: 33px;\">\n<td class=\"et8\" style=\"height: 33px;\" width=\"186\" height=\"33\">HN<\/td>\n<\/tr>\n<tr style=\"height: 33px;\">\n<td class=\"et8\" style=\"height: 198px;\" rowspan=\"3\" width=\"143\" height=\"198\">K3V112DT<\/td>\n<td class=\"et8\" style=\"height: 33px;\" width=\"186\" height=\"33\">9N<\/td>\n<td class=\"et10\" style=\"height: 198px;\" rowspan=\"3\" width=\"284\" height=\"198\">DH225LC-7,S225LC-V,\u00a0<br \/>\nS220LC-V,R215-7C,<br \/>\nR210LC-7, R210LC-7T, R225-7,RMX225, EC210, SE210LC-3, EC210B, MX255, EC240, EC240B<br \/>\nLiugong 20T rypadlo 920\/922 210LV-7G, R2200LC-7,R2200LC-7C,<\/td>\n<\/tr>\n<tr style=\"height: 33px;\">\n<td class=\"et8\" style=\"height: 33px;\" width=\"186\" height=\"33\">9C<\/td>\n<\/tr>\n<tr style=\"height: 132px;\">\n<td class=\"et8\" style=\"height: 132px;\" width=\"186\" height=\"132\">HN<\/td>\n<\/tr>\n<tr style=\"height: 33px;\">\n<td class=\"et8\" style=\"height: 165px;\" rowspan=\"5\" width=\"143\" height=\"165\">K3V112DTP<\/td>\n<td class=\"et8\" style=\"height: 33px;\" width=\"186\" height=\"33\">9N<\/td>\n<td class=\"et12\" style=\"height: 99px;\" rowspan=\"3\" width=\"284\" height=\"99\">Bagr Sanward Liugong 20T (nem\u00e1 v\u00fdvodov\u00fd h\u0159\u00eddel),<br \/>\n\u00a0<\/td>\n<\/tr>\n<tr style=\"height: 33px;\">\n<td class=\"et8\" style=\"height: 33px;\" width=\"186\" height=\"33\">9C<\/td>\n<\/tr>\n<tr style=\"height: 33px;\">\n<td class=\"et8\" style=\"height: 33px;\" width=\"186\" height=\"33\">HN<\/td>\n<\/tr>\n<tr style=\"height: 33px;\">\n<td class=\"et8\" style=\"height: 33px;\" width=\"186\" height=\"33\">9T<\/td>\n<td class=\"et15\" style=\"height: 66px;\" rowspan=\"2\" width=\"284\" height=\"66\">Sany Kobelco 200 210 Rypadla\u00a0<\/td>\n<\/tr>\n<tr style=\"height: 33px;\">\n<td class=\"et8\" style=\"height: 33px;\" width=\"186\" height=\"33\">YT<\/td>\n<\/tr>\n<tr style=\"height: 33px;\">\n<td class=\"et8\" style=\"height: 33px;\" width=\"143\" height=\"33\">K3V140DT<\/td>\n<td class=\"et8\" style=\"height: 33px;\" width=\"186\" height=\"33\">9N<\/td>\n<td class=\"et17\" style=\"height: 33px;\" width=\"284\" height=\"33\">Rypadlo Volvo EC290<\/td>\n<\/tr>\n<tr style=\"height: 33px;\">\n<td class=\"et18\" style=\"height: 99px;\" rowspan=\"3\" width=\"143\" height=\"99\">K3V180DTP<br \/>\n(H)<\/td>\n<td class=\"et8\" style=\"height: 33px;\" width=\"186\" height=\"33\">9N<\/td>\n<td class=\"et17\" style=\"height: 33px;\" width=\"284\" height=\"33\">Rypadlo Volvo EC450 EC460<\/td>\n<\/tr>\n<tr style=\"height: 33px;\">\n<td class=\"et8\" style=\"height: 33px;\" width=\"186\" height=\"33\">9C<\/td>\n<td class=\"et17\" style=\"height: 33px;\" width=\"284\" height=\"33\">\u00a0<\/td>\n<\/tr>\n<tr style=\"height: 33px;\">\n<td class=\"et8\" style=\"height: 33px;\" width=\"186\" height=\"33\">HN<\/td>\n<td class=\"et17\" style=\"height: 33px;\" width=\"284\" height=\"33\">\u00a0<\/td>\n<\/tr>\n<tr style=\"height: 33px;\">\n<td class=\"et8\" style=\"height: 33px;\" width=\"143\" height=\"33\">K5V80DT<\/td>\n<td class=\"et8\" style=\"height: 33px;\" width=\"186\" height=\"33\">9C<\/td>\n<td class=\"et17\" style=\"height: 33px;\" width=\"284\" height=\"33\">Bagr Hyundai 160<\/td>\n<\/tr>\n<tr style=\"height: 33px;\">\n<td class=\"et8\" style=\"height: 33px;\" width=\"143\" height=\"33\">K5V80DTP<\/td>\n<td class=\"et8\" style=\"height: 33px;\" width=\"186\" height=\"33\">9N<\/td>\n<td class=\"et17\" style=\"height: 33px;\" width=\"284\" height=\"33\">\u00a0<\/td>\n<\/tr>\n<tr style=\"height: 48px;\">\n<td class=\"et20\" style=\"height: 48px;\" width=\"143\" height=\"33\">K5V200DTH<br \/>\n(P)<\/td>\n<td class=\"et8\" style=\"height: 48px;\" width=\"186\" height=\"33\">9C<\/td>\n<td class=\"et17\" style=\"height: 48px;\" width=\"284\" height=\"33\">Bagr Hyundai 450 485<\/td>\n<\/tr>\n<tr style=\"height: 72px;\">\n<td class=\"et21\" style=\"height: 72px;\" width=\"143\" height=\"33\">F5X130CHB-10A-13A\/265-129-FRG11D<\/td>\n<td class=\"et8\" style=\"height: 72px;\" width=\"186\" height=\"33\">\u00a0<\/td>\n<td class=\"et12\" style=\"height: 144px;\" rowspan=\"2\" width=\"284\" height=\"66\">\u00a0<\/td>\n<\/tr>\n<tr style=\"height: 72px;\">\n<td class=\"et22\" style=\"height: 72px;\" width=\"143\" height=\"33\">F5X180CHB-10A\/265-149-FRG14D<\/td>\n<td class=\"et8\" style=\"height: 72px;\" width=\"186\" height=\"33\">\u00a0<\/td>\n<\/tr>\n<\/tbody>\n<\/table>\n<p>Korea Kawasaki Pump Parts List<\/p>\n<table border=\"1\">\n<tbody>\n<tr>\n<td class=\"et2\" width=\"260\" height=\"19\">Model<\/td>\n<td class=\"et2\" width=\"268\" height=\"19\">Parts\u00a0Name<\/td>\n<\/tr>\n<tr>\n<td class=\"et3\" width=\"260\" height=\"19\">ZX10LGRZ1-07A-V<\/td>\n<td class=\"et3\" width=\"268\" height=\"19\">10CC\u00a0Pilot\u00a0Pump<\/td>\n<\/tr>\n<tr>\n<td class=\"et3\" width=\"260\" height=\"19\">ZX15LGRZ2-07A-V<\/td>\n<td class=\"et3\" width=\"268\" height=\"19\">15CC\u00a0Pilot\u00a0Pump<\/td>\n<\/tr>\n<tr>\n<td class=\"et3\" width=\"260\" height=\"19\">ZX10LGRZ1-07A-V<\/td>\n<td class=\"et3\" width=\"268\" height=\"19\">10CC\u00a0Pilot\u00a0Pump<\/td>\n<\/tr>\n<tr>\n<td class=\"et3\" width=\"260\" height=\"19\">K3V63<\/td>\n<td class=\"et3\" width=\"268\" height=\"19\">Nine\u00a0hole\u00a0positioning\u00a0disc<\/td>\n<\/tr>\n<tr>\n<td class=\"et3\" width=\"260\" height=\"19\">K5V80<\/td>\n<td class=\"et3\" width=\"268\" height=\"19\">Nine\u00a0hole\u00a0positioning\u00a0disc<\/td>\n<\/tr>\n<tr>\n<td class=\"et3\" width=\"260\" height=\"19\">K3V112<\/td>\n<td class=\"et3\" width=\"268\" height=\"19\">Nine\u00a0hole\u00a0positioning\u00a0disc<\/td>\n<\/tr>\n<tr>\n<td class=\"et3\" width=\"260\" height=\"19\">K3V140\/180<\/td>\n<td class=\"et3\" width=\"268\" height=\"19\">Nine\u00a0hole\u00a0positioning\u00a0disc<\/td>\n<\/tr>\n<tr>\n<td class=\"et3\" width=\"260\" height=\"19\">K5V200<\/td>\n<td class=\"et3\" width=\"268\" height=\"19\">Nine\u00a0hole\u00a0positioning\u00a0disc<\/td>\n<\/tr>\n<tr>\n<td class=\"et3\" width=\"260\" height=\"19\">K3V63\/K5V80<\/td>\n<td class=\"et3\" width=\"268\" height=\"19\">Swash\u00a0plate\u00a0gasket<\/td>\n<\/tr>\n<tr>\n<td class=\"et3\" width=\"260\" height=\"19\">K3V112<\/td>\n<td class=\"et3\" width=\"268\" height=\"19\">Swash\u00a0plate\u00a0gasket<\/td>\n<\/tr>\n<tr>\n<td class=\"et3\" width=\"260\" height=\"19\">K3V140\/180<\/td>\n<td class=\"et3\" width=\"268\" height=\"19\">Swash\u00a0plate\u00a0gasket<\/td>\n<\/tr>\n<tr>\n<td class=\"et3\" width=\"260\" height=\"19\">K3V63\/K5V80<\/td>\n<td class=\"et3\" width=\"268\" height=\"19\">Spherical\u00a0hinge\u00a0<\/td>\n<\/tr>\n<tr>\n<td class=\"et3\" width=\"260\" height=\"19\">K3V112<\/td>\n<td class=\"et3\" width=\"268\" height=\"19\">Spherical\u00a0hinge\u00a0<\/td>\n<\/tr>\n<tr>\n<td class=\"et3\" width=\"260\" height=\"19\">K3V140<\/td>\n<td class=\"et3\" width=\"268\" height=\"19\">Spherical\u00a0hinge\u00a0<\/td>\n<\/tr>\n<tr>\n<td class=\"et3\" width=\"260\" height=\"19\">K3V180<\/td>\n<td class=\"et3\" width=\"268\" height=\"19\">Spherical\u00a0hinge\u00a0<\/td>\n<\/tr>\n<tr>\n<td class=\"et3\" width=\"260\" height=\"19\">K3V63<\/td>\n<td class=\"et3\" width=\"268\" height=\"19\">Cylinder+Valve\u00a0Plate<\/td>\n<\/tr>\n<tr>\n<td class=\"et3\" width=\"260\" height=\"19\">K3V112<\/td>\n<td class=\"et3\" width=\"268\" height=\"19\">Cylinder+Valve\u00a0Plate<\/td>\n<\/tr>\n<tr>\n<td class=\"et3\" width=\"260\" height=\"19\">K5V140<\/td>\n<td class=\"et3\" width=\"268\" height=\"19\">Cylinder+Valve\u00a0Plate<\/td>\n<\/tr>\n<tr>\n<td class=\"et3\" width=\"260\" height=\"19\">K3V140<\/td>\n<td class=\"et3\" width=\"268\" height=\"19\">Cylinder+Valve\u00a0Plate<\/td>\n<\/tr>\n<tr>\n<td class=\"et3\" width=\"260\" height=\"19\">K3V180\/K5V200<\/td>\n<td class=\"et3\" width=\"268\" height=\"19\">Cylinder+Valve\u00a0Plate<\/td>\n<\/tr>\n<tr>\n<td class=\"et3\" width=\"260\" height=\"19\">K3V63\/K5V80<\/td>\n<td class=\"et3\" width=\"268\" height=\"19\">Plunger<\/td>\n<\/tr>\n<tr>\n<td class=\"et3\" width=\"260\" height=\"19\">K3V112<\/td>\n<td class=\"et3\" width=\"268\" height=\"19\">Plunger<\/td>\n<\/tr>\n<tr>\n<td class=\"et3\" width=\"260\" height=\"19\">K5V140<\/td>\n<td class=\"et3\" width=\"268\" height=\"19\">Plunger<\/td>\n<\/tr>\n<tr>\n<td class=\"et3\" width=\"260\" height=\"19\">K3V140<\/td>\n<td class=\"et3\" width=\"268\" height=\"19\">Plunger<\/td>\n<\/tr>\n<tr>\n<td class=\"et3\" width=\"260\" height=\"19\">K3V180<\/td>\n<td class=\"et3\" width=\"268\" height=\"19\">Plunger<\/td>\n<\/tr>\n<tr>\n<td class=\"et3\" width=\"260\" height=\"19\">K5V200<\/td>\n<td class=\"et3\" width=\"268\" height=\"19\">Plunger<\/td>\n<\/tr>\n<tr>\n<td class=\"et3\" width=\"260\" height=\"19\">K3V63\/K5V80<\/td>\n<td class=\"et3\" width=\"268\" height=\"19\">Swash\u00a0plate+\u00a0Swash\u00a0plate\u00a0seat\u00a0<\/td>\n<\/tr>\n<tr>\n<td class=\"et3\" width=\"260\" height=\"19\">K3V112<\/td>\n<td class=\"et3\" width=\"268\" height=\"19\">Swash\u00a0plate+\u00a0Swash\u00a0plate\u00a0seat\u00a0<\/td>\n<\/tr>\n<tr>\n<td class=\"et3\" width=\"260\" height=\"19\">K5V140<\/td>\n<td class=\"et3\" width=\"268\" height=\"19\">Swash\u00a0plate+\u00a0Swash\u00a0plate\u00a0seat\u00a0<\/td>\n<\/tr>\n<tr>\n<td class=\"et3\" width=\"260\" height=\"19\">K3V140<\/td>\n<td class=\"et3\" width=\"268\" height=\"19\">Swash\u00a0plate+\u00a0Swash\u00a0plate\u00a0seat\u00a0<\/td>\n<\/tr>\n<tr>\n<td class=\"et3\" width=\"260\" height=\"19\">K3V112DT<\/td>\n<td class=\"et3\" width=\"268\" height=\"19\">9N\u00a0Regulating\u00a0Valve<\/td>\n<\/tr>\n<tr>\n<td class=\"et3\" width=\"260\" height=\"19\">K3V112DT<\/td>\n<td class=\"et3\" width=\"268\" height=\"19\">9C\u00a0Regulating\u00a0Valve<\/td>\n<\/tr>\n<tr>\n<td class=\"et3\" width=\"260\" height=\"19\">K3V112DT<\/td>\n<td class=\"et3\" width=\"268\" height=\"19\">HN\u00a0Regulating\u00a0Valve<\/td>\n<\/tr>\n<tr>\n<td class=\"et3\" width=\"260\" height=\"19\">K3V140DT<\/td>\n<td class=\"et3\" width=\"268\" height=\"19\">9C\u00a0Regulating\u00a0Valve<\/td>\n<\/tr>\n<tr>\n<td class=\"et3\" width=\"260\" height=\"19\">K3V140DT<\/td>\n<td class=\"et3\" width=\"268\" height=\"19\">HN\u00a0Regulating\u00a0Valve<\/td>\n<\/tr>\n<tr>\n<td class=\"et3\" width=\"260\" height=\"19\">K5V80S<\/td>\n<td class=\"et3\" width=\"268\" height=\"19\">0E\u00a0Regulating\u00a0Valve<\/td>\n<\/tr>\n<tr>\n<td class=\"et3\" width=\"260\" height=\"19\">K5V140S<\/td>\n<td class=\"et3\" width=\"268\" height=\"19\">0E\u00a0Regulating\u00a0Valve<\/td>\n<\/tr>\n<tr>\n<td class=\"et3\" width=\"260\" height=\"19\">K5V200S<\/td>\n<td class=\"et3\" width=\"268\" height=\"19\">0E\u00a0Regulating\u00a0Valve<\/td>\n<\/tr>\n<tr>\n<td class=\"et3\" width=\"260\" height=\"19\">K3V112S<\/td>\n<td class=\"et3\" width=\"268\" height=\"19\">0E\u00a0Regulating\u00a0Valve<\/td>\n<\/tr>\n<tr>\n<td class=\"et3\" width=\"260\" height=\"19\">K5V80DT<\/td>\n<td class=\"et3\" width=\"268\" height=\"19\">0E\u00a0Regulating\u00a0Valve<\/td>\n<\/tr>\n<tr>\n<td class=\"et3\" width=\"260\" height=\"19\">K3V112DT<\/td>\n<td class=\"et3\" width=\"268\" height=\"19\">5E\u00a0Regulating\u00a0Valve<\/td>\n<\/tr>\n<tr>\n<td class=\"et3\" width=\"260\" height=\"19\">K5V140DT<\/td>\n<td class=\"et3\" width=\"268\" height=\"19\">5E\u00a0Regulating\u00a0Valve<\/td>\n<\/tr>\n<tr>\n<td class=\"et3\" width=\"260\" height=\"19\">K3V112DT<\/td>\n<td class=\"et3\" width=\"268\" height=\"19\">1E\u00a0Regulating\u00a0Valve<\/td>\n<\/tr>\n<tr>\n<td class=\"et3\" width=\"260\" height=\"19\">K5V140DT<\/td>\n<td class=\"et3\" width=\"268\" height=\"19\">1E\u00a0Regulating\u00a0Valve<\/td>\n<\/tr>\n<tr>\n<td class=\"et3\" width=\"260\" height=\"19\">K3V112DT<\/td>\n<td class=\"et3\" width=\"268\" height=\"19\">9T\u00a0Regulating\u00a0Valve<\/td>\n<\/tr>\n<tr>\n<td class=\"et3\" width=\"260\" height=\"19\">K3V112DT<\/td>\n<td class=\"et3\" width=\"268\" height=\"19\">YT\u00a0Regulating\u00a0Valve<\/td>\n<\/tr>\n<tr>\n<td class=\"et3\" width=\"260\" height=\"19\">K5V140DT<\/td>\n<td class=\"et3\" width=\"268\" height=\"19\">9T\u00a0Regulating\u00a0Valve<\/td>\n<\/tr>\n<tr>\n<td class=\"et3\" width=\"260\" height=\"19\">K5V140DT<\/td>\n<td class=\"et3\" width=\"268\" height=\"19\">YT\u00a0Regulating\u00a0Valve<\/td>\n<\/tr>\n<tr>\n<td class=\"et3\" width=\"260\" height=\"19\">V0009277998KD<\/td>\n<td class=\"et3\" width=\"268\" height=\"19\">Proportioning\u00a0Valve<\/td>\n<\/tr>\n<tr>\n<td class=\"et3\" width=\"260\" height=\"19\">V9406235760KD<\/td>\n<td class=\"et3\" width=\"268\" height=\"19\">Proportioning\u00a0Valve<\/td>\n<\/tr>\n<tr>\n<td class=\"et3\" width=\"260\" height=\"19\">V9406285784KD<\/td>\n<td class=\"et3\" width=\"268\" height=\"19\">Proportioning\u00a0Valve<\/td>\n<\/tr>\n<\/tbody>\n<\/table>\n<p><img fetchpriority=\"high\" decoding=\"async\" class=\"alignnone wp-image-6910 size-full\" src=\"https:\/\/www.excavatorenginepart.com\/wp-content\/uploads\/2022\/04\/Kawasaki-K3V112DT-K3V63DT-Hydraulic-Main-Pump-01.jpg\" alt=\"\" width=\"591\" height=\"568\" srcset=\"https:\/\/www.excavatorenginepart.com\/wp-content\/uploads\/2022\/04\/Kawasaki-K3V112DT-K3V63DT-Hydraulic-Main-Pump-01.jpg 591w, https:\/\/www.excavatorenginepart.com\/wp-content\/uploads\/2022\/04\/Kawasaki-K3V112DT-K3V63DT-Hydraulic-Main-Pump-01-300x288.jpg 300w\" sizes=\"(max-width: 591px) 100vw, 591px\" \/><\/p>\n<p>R210LC-7 Excavator part miro ram radial axial mini concrete high pressure K3V112 K3V112DT main hydraulic piston pump<\/p>\n<p><img decoding=\"async\" class=\"alignnone wp-image-6907 size-full\" src=\"https:\/\/www.excavatorenginepart.com\/wp-content\/uploads\/2022\/04\/Hitachi-Ex200-Hydraulic-Pump-Excavator-Pump-02.jpg\" alt=\"\" width=\"579\" height=\"545\" srcset=\"https:\/\/www.excavatorenginepart.com\/wp-content\/uploads\/2022\/04\/Hitachi-Ex200-Hydraulic-Pump-Excavator-Pump-02.jpg 579w, https:\/\/www.excavatorenginepart.com\/wp-content\/uploads\/2022\/04\/Hitachi-Ex200-Hydraulic-Pump-Excavator-Pump-02-300x282.jpg 300w\" sizes=\"(max-width: 579px) 100vw, 579px\" \/><\/p>\n<p>Excavator Hydraulic Piston Pump Spare Parts<\/p>","protected":false},"excerpt":{"rendered":"<p>Kawasaki K3V112DT K3V63DT Hydraulic Main Pump\u00a0 K3V112DT K3V63DT Hydraulic Main Pump Excavator EC210B E320C EX200 SK200 Main Pump K3V112DT K3V63DT Hydraulic Main Pump\u00a0\u00a0is used for EC210B E320C EX200 SK200\u00a0 Excavators.\u00a0Construction machinery, hydraulic motor according to its rated speed is divided into high speed and low speed hydraulic motor.The hydraulic motor manufactured \u00a0is a kind of [&hellip;]<\/p>","protected":false},"featured_media":6909,"menu_order":0,"comment_status":"closed","ping_status":"closed","template":"","meta":{"_seopress_robots_primary_cat":"","_seopress_titles_title":"","_seopress_titles_desc":"","_seopress_robots_index":"","om_disable_all_campaigns":false,"_mi_skip_tracking":false,"_monsterinsights_sitenote_active":false,"_monsterinsights_sitenote_note":"","_monsterinsights_sitenote_category":0},"product_cat":[],"product_tag":[],"product_category":[111],"class_list":{"0":"post-6908","1":"product","2":"type-product","3":"status-publish","4":"has-post-thumbnail","6":"product_category-excavator-hydraulic-pump","8":"first","9":"instock","10":"shipping-taxable","11":"product-type-simple"},"acf":[],"_links":{"self":[{"href":"https:\/\/www.excavatorenginepart.com\/cs\/wp-json\/wp\/v2\/product\/6908","targetHints":{"allow":["GET"]}}],"collection":[{"href":"https:\/\/www.excavatorenginepart.com\/cs\/wp-json\/wp\/v2\/product"}],"about":[{"href":"https:\/\/www.excavatorenginepart.com\/cs\/wp-json\/wp\/v2\/types\/product"}],"replies":[{"embeddable":true,"href":"https:\/\/www.excavatorenginepart.com\/cs\/wp-json\/wp\/v2\/comments?post=6908"}],"wp:featuredmedia":[{"embeddable":true,"href":"https:\/\/www.excavatorenginepart.com\/cs\/wp-json\/wp\/v2\/media\/6909"}],"wp:attachment":[{"href":"https:\/\/www.excavatorenginepart.com\/cs\/wp-json\/wp\/v2\/media?parent=6908"}],"wp:term":[{"taxonomy":"product_cat","embeddable":true,"href":"https:\/\/www.excavatorenginepart.com\/cs\/wp-json\/wp\/v2\/product_cat?post=6908"},{"taxonomy":"product_tag","embeddable":true,"href":"https:\/\/www.excavatorenginepart.com\/cs\/wp-json\/wp\/v2\/product_tag?post=6908"},{"taxonomy":"product_category","embeddable":true,"href":"https:\/\/www.excavatorenginepart.com\/cs\/wp-json\/wp\/v2\/product_category?post=6908"}],"curies":[{"name":"wp","href":"https:\/\/api.w.org\/{rel}","templated":true}]}}