{"id":6875,"date":"2022-04-22T07:02:47","date_gmt":"2022-04-22T07:02:47","guid":{"rendered":"https:\/\/www.excavatorenginepart.com\/?post_type=product&#038;p=6875"},"modified":"2022-04-22T07:02:47","modified_gmt":"2022-04-22T07:02:47","slug":"cummins-generator-engine-speed-controller-4914090","status":"publish","type":"product","link":"https:\/\/www.excavatorenginepart.com\/cs\/product\/cummins-generator-engine-speed-controller-4914090\/","title":{"rendered":"Regul\u00e1tor ot\u00e1\u010dek motoru gener\u00e1toru Cummins 4914090"},"content":{"rendered":"<p>Regul\u00e1tor ot\u00e1\u010dek motoru gener\u00e1toru Cummins 4914090\u00a0<\/p>\n<p>Speed Controller 4914090\u00a0is used for Cummins Generator engines . The cummins diesel engine model is NTA855 KTA19 M11 KTA38 Series . \u00a0Governor well solved N14, K19 engine in cold area (below 15 \u2103) to start the difficult problems; And can be used in some areas with higher environmental protection requirements (less smoke emission). The 3044196 produced by us is installed in Beijing cummins engine plant alone, with nearly 1,000 pieces, stable and reliable quality.The quantity of actuator production and sales is nearly ten thousand. Now the products have been exported to southeast Asia, America, Africa, west Asia and other places. It should be said that the quality, appearance and price have been appreciated and recognized by customers.\u00a0Our company product quality is reliable, the price is preferential, welcome to inquire the discussion.<\/p>\n<p>Speed Controller 4914090\u00a0Specifications\u00a0<\/p>\n<p>Supply: 12 or 24V DC Battery Systems\u00a0<\/p>\n<p>Actuator Current Range: Min. 2.5 Amps, Max. 10 Amps continuous \u00a0<br \/>\nSpeed Sensor Signal: 0.5~120 V RMS\u00a0<br \/>\nOperating Ambient Temperature Range: -40\u00b0C ~ 85\u00b0C\u00a0<br \/>\nRelative Humidity: up to 95% \u00a0<br \/>\nSpeed Range: 1K-7.5K Hz continuous\u00a0<br \/>\nSpeed Trim Range: \u00b1 200Hz\u00a0<br \/>\nGross Weight: 0.85KG\u00a0<br \/>\nPACKAGE SIZE: 155mm*155mm*55mm \u00a0<\/p>\n<p><img fetchpriority=\"high\" decoding=\"async\" class=\"alignnone wp-image-6877 size-full\" src=\"https:\/\/www.excavatorenginepart.com\/wp-content\/uploads\/2022\/04\/Cummins-Generator-Engine-Speed-Controller-4914090-01.jpg\" alt=\"\" width=\"579\" height=\"554\" srcset=\"https:\/\/www.excavatorenginepart.com\/wp-content\/uploads\/2022\/04\/Cummins-Generator-Engine-Speed-Controller-4914090-01.jpg 579w, https:\/\/www.excavatorenginepart.com\/wp-content\/uploads\/2022\/04\/Cummins-Generator-Engine-Speed-Controller-4914090-01-300x287.jpg 300w\" sizes=\"(max-width: 579px) 100vw, 579px\" \/><\/p>\n<p><strong>Engine Speed Control Unit Controller ESD5500E<\/strong><\/p>","protected":false},"excerpt":{"rendered":"<p>Cummins Generator Engine Speed Controller 4914090\u00a0 Speed Controller 4914090\u00a0is used for Cummins Generator engines . The cummins diesel engine model is NTA855 KTA19 M11 KTA38 Series . \u00a0Governor well solved N14, K19 engine in cold area (below 15 \u2103) to start the difficult problems; And can be used in some areas with higher environmental protection [&hellip;]<\/p>","protected":false},"featured_media":6876,"menu_order":0,"comment_status":"closed","ping_status":"closed","template":"","meta":{"_seopress_robots_primary_cat":"","_seopress_titles_title":"","_seopress_titles_desc":"","_seopress_robots_index":"","om_disable_all_campaigns":false,"_mi_skip_tracking":false,"_monsterinsights_sitenote_active":false,"_monsterinsights_sitenote_note":"","_monsterinsights_sitenote_category":0},"product_cat":[],"product_tag":[],"product_category":[130],"class_list":{"0":"post-6875","1":"product","2":"type-product","3":"status-publish","4":"has-post-thumbnail","6":"product_category-cummins-speed-controller","8":"first","9":"instock","10":"shipping-taxable","11":"product-type-simple"},"acf":[],"_links":{"self":[{"href":"https:\/\/www.excavatorenginepart.com\/cs\/wp-json\/wp\/v2\/product\/6875","targetHints":{"allow":["GET"]}}],"collection":[{"href":"https:\/\/www.excavatorenginepart.com\/cs\/wp-json\/wp\/v2\/product"}],"about":[{"href":"https:\/\/www.excavatorenginepart.com\/cs\/wp-json\/wp\/v2\/types\/product"}],"replies":[{"embeddable":true,"href":"https:\/\/www.excavatorenginepart.com\/cs\/wp-json\/wp\/v2\/comments?post=6875"}],"wp:featuredmedia":[{"embeddable":true,"href":"https:\/\/www.excavatorenginepart.com\/cs\/wp-json\/wp\/v2\/media\/6876"}],"wp:attachment":[{"href":"https:\/\/www.excavatorenginepart.com\/cs\/wp-json\/wp\/v2\/media?parent=6875"}],"wp:term":[{"taxonomy":"product_cat","embeddable":true,"href":"https:\/\/www.excavatorenginepart.com\/cs\/wp-json\/wp\/v2\/product_cat?post=6875"},{"taxonomy":"product_tag","embeddable":true,"href":"https:\/\/www.excavatorenginepart.com\/cs\/wp-json\/wp\/v2\/product_tag?post=6875"},{"taxonomy":"product_category","embeddable":true,"href":"https:\/\/www.excavatorenginepart.com\/cs\/wp-json\/wp\/v2\/product_category?post=6875"}],"curies":[{"name":"wp","href":"https:\/\/api.w.org\/{rel}","templated":true}]}}