{"id":6715,"date":"2022-04-21T06:33:55","date_gmt":"2022-04-21T06:33:55","guid":{"rendered":"https:\/\/www.excavatorenginepart.com\/?post_type=product&#038;p=6715"},"modified":"2022-04-21T06:33:55","modified_gmt":"2022-04-21T06:33:55","slug":"qsx15-cummins-engine-parts-cylinder-head-5413782","status":"publish","type":"product","link":"https:\/\/www.excavatorenginepart.com\/cs\/product\/qsx15-cummins-engine-parts-cylinder-head-5413782\/","title":{"rendered":"QSX15 Cummins Engine Parts Cylinder Head 5413782"},"content":{"rendered":"<p>QSX15 Cummins Engine Parts Cylinder\u00a0Head Assembly 5413782 5413784<\/p>\n<p><strong>\u00a0Cylinder Head Assembly\u00a0 5413782\u00a0\u00a0\u00a0<span id=\"__kindeditor_bookmark_end_8__\"><\/span><\/strong>se hod\u00ed na<strong>\u00a0Cummins QSX15 ISX15 X15 Diesel Engines\u00a0<\/strong>.\u00a0\u00a0\u00a0Cylinder Head Assembly\u00a0 5413782\u00a0 including valve intake, exhaust intake, cylinder head, spring, etc .\u00a0<\/p>\n<p>Cummins QSX15 ISX15 X15 Diesel Engines\u00a0\u00a0Specifications\u00a0<\/p>\n<p>M\u00edsto p\u016fvodu: \u010c\u00edna\u00a0<br \/>\nBrand Name:\u00a0Cummins DCEC\u00a0<br \/>\nEngine Type:\u00a0Diesel<br \/>\nType:\u00a0Cylinder Head Assembly<br \/>\nTitle:\u00a0QSX15 Cummins Engine Parts Cylinder Head Assembly<br \/>\nPart Name:\u00a0Cummins Engine Parts Cylinder Head Assembly<br \/>\nPart Number:\u00a05413782 5413784<br \/>\nApplication:\u00a0Cummins QSX15 ISX15 X15 Diesel Engines<br \/>\nEngine Model:\u00a0\u00a0QSX15 ISX15 X15\u00a0<br \/>\nQuality:\u00a0Original Genuine<br \/>\nWarranty:\u00a06 months<\/p>\n<p>QSL9 Cummins Engine\u00a0Parts List\u00a0<\/p>\n<table border=\"1\">\n<tbody>\n<tr>\n<td class=\"et3\" width=\"101\" height=\"19\">Engine\u00a0Brand\u00a0<\/td>\n<td class=\"et4\" width=\"114\" height=\"19\">Cummins\u00a0PN<\/td>\n<td class=\"et4\" width=\"208\" height=\"19\">Description<\/td>\n<\/tr>\n<tr>\n<td class=\"et5\" width=\"101\" height=\"19\">CUMMINS<\/td>\n<td class=\"et6\" width=\"114\" height=\"19\">3966430<\/td>\n<td class=\"et7\" width=\"208\" height=\"19\">Camshaft<\/td>\n<\/tr>\n<tr>\n<td class=\"et5\" width=\"101\" height=\"19\">Cummins<\/td>\n<td class=\"et6\" width=\"114\" height=\"19\">5284141<\/td>\n<td class=\"et7\" width=\"208\" height=\"19\">Camshaft Gear<\/td>\n<\/tr>\n<tr>\n<td class=\"et5\" width=\"101\" height=\"19\">Cummins<\/td>\n<td class=\"et6\" width=\"114\" height=\"19\">5263308<\/td>\n<td class=\"et7\" width=\"208\" height=\"19\">Injector<\/td>\n<\/tr>\n<tr>\n<td class=\"et5\" width=\"101\" height=\"19\">Cummins<\/td>\n<td class=\"et6\" width=\"114\" height=\"19\">3950549<\/td>\n<td class=\"et7\" width=\"208\" height=\"19\">Piston Pin<\/td>\n<\/tr>\n<tr>\n<td class=\"et10\" width=\"101\" height=\"19\">Cummins<\/td>\n<td class=\"et11\" width=\"114\" height=\"19\">3950661\/3966244<\/td>\n<td class=\"et7\" width=\"208\" height=\"19\">Connecting Rod Bearing<\/td>\n<\/tr>\n<tr>\n<td class=\"et10\" width=\"101\" height=\"19\">Cummins<\/td>\n<td class=\"et11\" width=\"114\" height=\"19\">4089963<\/td>\n<td class=\"et7\" width=\"208\" height=\"19\">Piston<\/td>\n<\/tr>\n<tr>\n<td class=\"et10\" width=\"101\" height=\"19\">Cummins<\/td>\n<td class=\"et11\" width=\"114\" height=\"19\">3966721<\/td>\n<td class=\"et7\" width=\"208\" height=\"19\">Skirt Piston<\/td>\n<\/tr>\n<tr>\n<td class=\"et10\" width=\"101\" height=\"19\">Cummins<\/td>\n<td class=\"et11\" width=\"114\" height=\"19\">3974404<\/td>\n<td class=\"et7\" width=\"208\" height=\"19\">Top Piston<\/td>\n<\/tr>\n<tr>\n<td class=\"et10\" width=\"101\" height=\"19\">Cummins<\/td>\n<td class=\"et11\" width=\"114\" height=\"19\">4089644<\/td>\n<td class=\"et7\" width=\"208\" height=\"19\">Piston Ring\u00a0<\/td>\n<\/tr>\n<tr>\n<td class=\"et5\" width=\"101\" height=\"19\">Cummins<\/td>\n<td class=\"et6\" width=\"114\" height=\"19\">4941323<\/td>\n<td class=\"et7\" width=\"208\" height=\"19\">Rod Connecting\u00a0<\/td>\n<\/tr>\n<tr>\n<td class=\"et5\" width=\"101\" height=\"19\">Cummins<\/td>\n<td class=\"et6\" width=\"114\" height=\"19\">3970751<\/td>\n<td class=\"et7\" width=\"208\" height=\"19\">Bushing\u00a0<\/td>\n<\/tr>\n<tr>\n<td class=\"et5\" width=\"101\" height=\"19\">Cummins<\/td>\n<td class=\"et6\" width=\"114\" height=\"19\">2839422<\/td>\n<td class=\"et7\" width=\"208\" height=\"19\">Turbocharger<\/td>\n<\/tr>\n<tr>\n<td class=\"et5\" width=\"101\" height=\"19\">cummins<\/td>\n<td class=\"et6\" width=\"114\" height=\"19\">4068308<\/td>\n<td class=\"et7\" width=\"208\" height=\"19\">Oil\u00a0Cooler\u00a0assembly(Steel)<\/td>\n<\/tr>\n<tr>\n<td class=\"et5\" width=\"101\" height=\"19\">cummins<\/td>\n<td class=\"et12\" width=\"114\" height=\"19\">3918176<\/td>\n<td class=\"et7\" width=\"208\" height=\"19\">Oil\u00a0Cooler\u00a0assembly(Steel)<\/td>\n<\/tr>\n<tr>\n<td class=\"et5\" width=\"101\" height=\"19\">cummins<\/td>\n<td class=\"et12\" width=\"114\" height=\"19\">3023079<\/td>\n<td class=\"et7\" width=\"208\" height=\"19\">Oil\u00a0Cooler\u00a0assembly(Steel)<\/td>\n<\/tr>\n<tr>\n<td class=\"et5\" width=\"101\" height=\"19\">cummins<\/td>\n<td class=\"et12\" width=\"114\" height=\"19\">3804935\/3023078<\/td>\n<td class=\"et7\" width=\"208\" height=\"19\">Oil\u00a0Cooler\u00a0assembly(Steel)<\/td>\n<\/tr>\n<\/tbody>\n<\/table>\n<p><img fetchpriority=\"high\" decoding=\"async\" class=\"alignnone wp-image-6718 size-full\" src=\"https:\/\/www.excavatorenginepart.com\/wp-content\/uploads\/2022\/04\/QSX15-Cummins-Engine-Parts-Cylinder-Head-5413782-01-1.jpg\" alt=\"\" width=\"595\" height=\"445\" srcset=\"https:\/\/www.excavatorenginepart.com\/wp-content\/uploads\/2022\/04\/QSX15-Cummins-Engine-Parts-Cylinder-Head-5413782-01-1.jpg 595w, https:\/\/www.excavatorenginepart.com\/wp-content\/uploads\/2022\/04\/QSX15-Cummins-Engine-Parts-Cylinder-Head-5413782-01-1-300x224.jpg 300w\" sizes=\"(max-width: 595px) 100vw, 595px\" \/><\/p>\n<p>Heavy Duty Truck ISX QSX Engine Cylinder Head Assembly Kit 3682863 3683002 3683986 4962732 4331387 5413782<\/p>\n<p><img decoding=\"async\" class=\"alignnone wp-image-6719 size-full\" src=\"https:\/\/www.excavatorenginepart.com\/wp-content\/uploads\/2022\/04\/QSX15-Cummins-Engine-Parts-Cylinder-Head-5413782-02.jpg\" alt=\"\" width=\"595\" height=\"447\" srcset=\"https:\/\/www.excavatorenginepart.com\/wp-content\/uploads\/2022\/04\/QSX15-Cummins-Engine-Parts-Cylinder-Head-5413782-02.jpg 595w, https:\/\/www.excavatorenginepart.com\/wp-content\/uploads\/2022\/04\/QSX15-Cummins-Engine-Parts-Cylinder-Head-5413782-02-300x225.jpg 300w\" sizes=\"(max-width: 595px) 100vw, 595px\" \/><\/p>\n<p>QSX15 Diesel Engine Cylinder Head Assy 5413782<\/p>\n<p><img decoding=\"async\" class=\"alignnone wp-image-6720 size-full\" src=\"https:\/\/www.excavatorenginepart.com\/wp-content\/uploads\/2022\/04\/QSX15-Cummins-Engine-Parts-Cylinder-Head-5413782-03.jpg\" alt=\"\" width=\"738\" height=\"570\" srcset=\"https:\/\/www.excavatorenginepart.com\/wp-content\/uploads\/2022\/04\/QSX15-Cummins-Engine-Parts-Cylinder-Head-5413782-03.jpg 738w, https:\/\/www.excavatorenginepart.com\/wp-content\/uploads\/2022\/04\/QSX15-Cummins-Engine-Parts-Cylinder-Head-5413782-03-300x232.jpg 300w\" sizes=\"(max-width: 738px) 100vw, 738px\" \/><\/p>\n<p>QSX15 Cylinder Head Assy 4962731 4962732 4331387 5413782 for cummins<\/p>","protected":false},"excerpt":{"rendered":"<p>QSX15 Cummins Engine Parts Cylinder\u00a0Head Assembly 5413782 5413784 \u00a0Cylinder Head Assembly\u00a0 5413782\u00a0\u00a0\u00a0is fitting on\u00a0Cummins QSX15 ISX15 X15 Diesel Engines\u00a0.\u00a0\u00a0\u00a0Cylinder Head Assembly\u00a0 5413782\u00a0 including valve intake, exhaust intake, cylinder head, spring, etc .\u00a0 Cummins QSX15 ISX15 X15 Diesel Engines\u00a0\u00a0Specifications\u00a0 Place of Origin: China\u00a0 Brand Name:\u00a0Cummins DCEC\u00a0 Engine Type:\u00a0Diesel Type:\u00a0Cylinder Head Assembly Title:\u00a0QSX15 Cummins Engine Parts Cylinder [&hellip;]<\/p>","protected":false},"featured_media":6716,"menu_order":0,"comment_status":"closed","ping_status":"closed","template":"","meta":{"_seopress_robots_primary_cat":"","_seopress_titles_title":"","_seopress_titles_desc":"","_seopress_robots_index":"","om_disable_all_campaigns":false,"_mi_skip_tracking":false,"_monsterinsights_sitenote_active":false,"_monsterinsights_sitenote_note":"","_monsterinsights_sitenote_category":0},"product_cat":[],"product_tag":[],"product_category":[115],"class_list":{"0":"post-6715","1":"product","2":"type-product","3":"status-publish","4":"has-post-thumbnail","6":"product_category-cummins-engine-part","8":"first","9":"instock","10":"shipping-taxable","11":"product-type-simple"},"acf":[],"_links":{"self":[{"href":"https:\/\/www.excavatorenginepart.com\/cs\/wp-json\/wp\/v2\/product\/6715","targetHints":{"allow":["GET"]}}],"collection":[{"href":"https:\/\/www.excavatorenginepart.com\/cs\/wp-json\/wp\/v2\/product"}],"about":[{"href":"https:\/\/www.excavatorenginepart.com\/cs\/wp-json\/wp\/v2\/types\/product"}],"replies":[{"embeddable":true,"href":"https:\/\/www.excavatorenginepart.com\/cs\/wp-json\/wp\/v2\/comments?post=6715"}],"wp:featuredmedia":[{"embeddable":true,"href":"https:\/\/www.excavatorenginepart.com\/cs\/wp-json\/wp\/v2\/media\/6716"}],"wp:attachment":[{"href":"https:\/\/www.excavatorenginepart.com\/cs\/wp-json\/wp\/v2\/media?parent=6715"}],"wp:term":[{"taxonomy":"product_cat","embeddable":true,"href":"https:\/\/www.excavatorenginepart.com\/cs\/wp-json\/wp\/v2\/product_cat?post=6715"},{"taxonomy":"product_tag","embeddable":true,"href":"https:\/\/www.excavatorenginepart.com\/cs\/wp-json\/wp\/v2\/product_tag?post=6715"},{"taxonomy":"product_category","embeddable":true,"href":"https:\/\/www.excavatorenginepart.com\/cs\/wp-json\/wp\/v2\/product_category?post=6715"}],"curies":[{"name":"wp","href":"https:\/\/api.w.org\/{rel}","templated":true}]}}